{"id":12511,"date":"2022-07-01T10:34:02","date_gmt":"2022-07-01T10:34:02","guid":{"rendered":"https:\/\/www.bigtranslation.com\/solucions-de-traduccio-medica"},"modified":"2022-07-04T05:53:41","modified_gmt":"2022-07-04T05:53:41","slug":"solucions-de-traduccio-medica","status":"publish","type":"page","link":"https:\/\/www.bigtranslation.com\/ca\/solucions-de-traduccio-medica","title":{"rendered":"Solucions de traducci\u00f3 m\u00e8dica"},"content":{"rendered":"","protected":false},"excerpt":{"rendered":"","protected":false},"author":1,"featured_media":0,"parent":0,"menu_order":17,"comment_status":"closed","ping_status":"closed","template":"page-templates\/template-landing-translation.php","meta":{"footnotes":""},"yoast_head":"<!-- This site is optimized with the Yoast SEO plugin v21.8.1 - https:\/\/yoast.com\/wordpress\/plugins\/seo\/ -->\n<title>Solucions de traducci\u00f3 m\u00e8dica | BigTranslation<\/title>\n<meta name=\"description\" content=\"Traduccions m\u00e8diques amb traductors nadius especialitzats Internacionalitza el teu comer\u00e7 electr\u00f2nic gr\u00e0cies a traductors nadius, i amb preus competitius. Sol\u00b7licitar pressupost\" \/>\n<meta name=\"robots\" content=\"index, follow, max-snippet:-1, max-image-preview:large, max-video-preview:-1\" \/>\n<link rel=\"canonical\" href=\"https:\/\/www.bigtranslation.com\/ca\/solucions-de-traduccio-medica\" \/>\n<meta property=\"og:locale\" content=\"ca_ES\" \/>\n<meta property=\"og:type\" content=\"article\" \/>\n<meta property=\"og:title\" content=\"Solucions de traducci\u00f3 m\u00e8dica | BigTranslation\" \/>\n<meta property=\"og:description\" content=\"Traduccions m\u00e8diques amb traductors nadius especialitzats Internacionalitza el teu comer\u00e7 electr\u00f2nic gr\u00e0cies a traductors nadius, i amb preus competitius. Sol\u00b7licitar pressupost\" \/>\n<meta property=\"og:url\" content=\"https:\/\/www.bigtranslation.com\/ca\/solucions-de-traduccio-medica\" \/>\n<meta property=\"og:site_name\" content=\"BigTranslation\" \/>\n<meta property=\"article:modified_time\" content=\"2022-07-04T05:53:41+00:00\" \/>\n<meta name=\"twitter:card\" content=\"summary_large_image\" \/>\n<script type=\"application\/ld+json\" class=\"yoast-schema-graph\">{\"@context\":\"https:\/\/schema.org\",\"@graph\":[{\"@type\":\"WebPage\",\"@id\":\"https:\/\/www.bigtranslation.com\/ca\/solucions-de-traduccio-medica\",\"url\":\"https:\/\/www.bigtranslation.com\/ca\/solucions-de-traduccio-medica\",\"name\":\"Solucions de traducci\u00f3 m\u00e8dica | BigTranslation\",\"isPartOf\":{\"@id\":\"https:\/\/www.bigtranslation.com\/ca#website\"},\"datePublished\":\"2022-07-01T10:34:02+00:00\",\"dateModified\":\"2022-07-04T05:53:41+00:00\",\"description\":\"Traduccions m\u00e8diques amb traductors nadius especialitzats Internacionalitza el teu comer\u00e7 electr\u00f2nic gr\u00e0cies a traductors nadius, i amb preus competitius. Sol\u00b7licitar pressupost\",\"breadcrumb\":{\"@id\":\"https:\/\/www.bigtranslation.com\/ca\/solucions-de-traduccio-medica#breadcrumb\"},\"inLanguage\":\"ca\",\"potentialAction\":[{\"@type\":\"ReadAction\",\"target\":[\"https:\/\/www.bigtranslation.com\/ca\/solucions-de-traduccio-medica\"]}]},{\"@type\":\"BreadcrumbList\",\"@id\":\"https:\/\/www.bigtranslation.com\/ca\/solucions-de-traduccio-medica#breadcrumb\",\"itemListElement\":[{\"@type\":\"ListItem\",\"position\":1,\"name\":\"Home\",\"item\":\"https:\/\/www.bigtranslation.com\/ca\"},{\"@type\":\"ListItem\",\"position\":2,\"name\":\"Solucions de traducci\u00f3 m\u00e8dica\"}]},{\"@type\":\"WebSite\",\"@id\":\"https:\/\/www.bigtranslation.com\/ca#website\",\"url\":\"https:\/\/www.bigtranslation.com\/ca\",\"name\":\"BigTranslation\",\"description\":\"Native and Professional translators\",\"potentialAction\":[{\"@type\":\"SearchAction\",\"target\":{\"@type\":\"EntryPoint\",\"urlTemplate\":\"https:\/\/www.bigtranslation.com\/ca?s={search_term_string}\"},\"query-input\":\"required name=search_term_string\"}],\"inLanguage\":\"ca\"}]}<\/script>\n<!-- \/ Yoast SEO plugin. -->","yoast_head_json":{"title":"Solucions de traducci\u00f3 m\u00e8dica | BigTranslation","description":"Traduccions m\u00e8diques amb traductors nadius especialitzats Internacionalitza el teu comer\u00e7 electr\u00f2nic gr\u00e0cies a traductors nadius, i amb preus competitius. Sol\u00b7licitar pressupost","robots":{"index":"index","follow":"follow","max-snippet":"max-snippet:-1","max-image-preview":"max-image-preview:large","max-video-preview":"max-video-preview:-1"},"canonical":"https:\/\/www.bigtranslation.com\/ca\/solucions-de-traduccio-medica","og_locale":"ca_ES","og_type":"article","og_title":"Solucions de traducci\u00f3 m\u00e8dica | BigTranslation","og_description":"Traduccions m\u00e8diques amb traductors nadius especialitzats Internacionalitza el teu comer\u00e7 electr\u00f2nic gr\u00e0cies a traductors nadius, i amb preus competitius. Sol\u00b7licitar pressupost","og_url":"https:\/\/www.bigtranslation.com\/ca\/solucions-de-traduccio-medica","og_site_name":"BigTranslation","article_modified_time":"2022-07-04T05:53:41+00:00","twitter_card":"summary_large_image","schema":{"@context":"https:\/\/schema.org","@graph":[{"@type":"WebPage","@id":"https:\/\/www.bigtranslation.com\/ca\/solucions-de-traduccio-medica","url":"https:\/\/www.bigtranslation.com\/ca\/solucions-de-traduccio-medica","name":"Solucions de traducci\u00f3 m\u00e8dica | BigTranslation","isPartOf":{"@id":"https:\/\/www.bigtranslation.com\/ca#website"},"datePublished":"2022-07-01T10:34:02+00:00","dateModified":"2022-07-04T05:53:41+00:00","description":"Traduccions m\u00e8diques amb traductors nadius especialitzats Internacionalitza el teu comer\u00e7 electr\u00f2nic gr\u00e0cies a traductors nadius, i amb preus competitius. Sol\u00b7licitar pressupost","breadcrumb":{"@id":"https:\/\/www.bigtranslation.com\/ca\/solucions-de-traduccio-medica#breadcrumb"},"inLanguage":"ca","potentialAction":[{"@type":"ReadAction","target":["https:\/\/www.bigtranslation.com\/ca\/solucions-de-traduccio-medica"]}]},{"@type":"BreadcrumbList","@id":"https:\/\/www.bigtranslation.com\/ca\/solucions-de-traduccio-medica#breadcrumb","itemListElement":[{"@type":"ListItem","position":1,"name":"Home","item":"https:\/\/www.bigtranslation.com\/ca"},{"@type":"ListItem","position":2,"name":"Solucions de traducci\u00f3 m\u00e8dica"}]},{"@type":"WebSite","@id":"https:\/\/www.bigtranslation.com\/ca#website","url":"https:\/\/www.bigtranslation.com\/ca","name":"BigTranslation","description":"Native and Professional translators","potentialAction":[{"@type":"SearchAction","target":{"@type":"EntryPoint","urlTemplate":"https:\/\/www.bigtranslation.com\/ca?s={search_term_string}"},"query-input":"required name=search_term_string"}],"inLanguage":"ca"}]}},"acf":[],"amp_enabled":true,"_links":{"self":[{"href":"https:\/\/www.bigtranslation.com\/ca\/wp-json\/wp\/v2\/pages\/12511"}],"collection":[{"href":"https:\/\/www.bigtranslation.com\/ca\/wp-json\/wp\/v2\/pages"}],"about":[{"href":"https:\/\/www.bigtranslation.com\/ca\/wp-json\/wp\/v2\/types\/page"}],"author":[{"embeddable":true,"href":"https:\/\/www.bigtranslation.com\/ca\/wp-json\/wp\/v2\/users\/1"}],"replies":[{"embeddable":true,"href":"https:\/\/www.bigtranslation.com\/ca\/wp-json\/wp\/v2\/comments?post=12511"}],"version-history":[{"count":3,"href":"https:\/\/www.bigtranslation.com\/ca\/wp-json\/wp\/v2\/pages\/12511\/revisions"}],"predecessor-version":[{"id":12540,"href":"https:\/\/www.bigtranslation.com\/ca\/wp-json\/wp\/v2\/pages\/12511\/revisions\/12540"}],"wp:attachment":[{"href":"https:\/\/www.bigtranslation.com\/ca\/wp-json\/wp\/v2\/media?parent=12511"}],"curies":[{"name":"wp","href":"https:\/\/api.w.org\/{rel}","templated":true}]}}