{"id":12630,"date":"2022-07-25T08:39:06","date_gmt":"2022-07-25T08:39:06","guid":{"rendered":"https:\/\/www.bigtranslation.com\/correccio"},"modified":"2022-07-25T08:39:06","modified_gmt":"2022-07-25T08:39:06","slug":"correccio","status":"publish","type":"page","link":"https:\/\/www.bigtranslation.com\/ca\/correccio","title":{"rendered":"Correcci\u00f3"},"content":{"rendered":"","protected":false},"excerpt":{"rendered":"","protected":false},"author":1,"featured_media":0,"parent":0,"menu_order":4,"comment_status":"closed","ping_status":"closed","template":"page-templates\/template-proofreading.php","meta":{"footnotes":""},"yoast_head":"<!-- This site is optimized with the Yoast SEO plugin v21.8.1 - https:\/\/yoast.com\/wordpress\/plugins\/seo\/ -->\n<title>Correcci\u00f3 traductors nadius | Ag\u00e8ncia de traducci\u00f3<\/title>\n<meta name=\"description\" content=\"Oferim el servei de correcci\u00f3 a c\u00e0rrec de traductors amb experi\u00e8ncia per assegurar que els textos s\u00f3n de gran qualitat.\" \/>\n<meta name=\"robots\" content=\"index, follow, max-snippet:-1, max-image-preview:large, max-video-preview:-1\" \/>\n<link rel=\"canonical\" href=\"https:\/\/www.bigtranslation.com\/ca\/correccio\" \/>\n<meta property=\"og:locale\" content=\"ca_ES\" \/>\n<meta property=\"og:type\" content=\"article\" \/>\n<meta property=\"og:title\" content=\"Correcci\u00f3 traductors nadius | Ag\u00e8ncia de traducci\u00f3\" \/>\n<meta property=\"og:description\" content=\"Oferim el servei de correcci\u00f3 a c\u00e0rrec de traductors amb experi\u00e8ncia per assegurar que els textos s\u00f3n de gran qualitat.\" \/>\n<meta property=\"og:url\" content=\"https:\/\/www.bigtranslation.com\/ca\/correccio\" \/>\n<meta property=\"og:site_name\" content=\"BigTranslation\" \/>\n<meta name=\"twitter:card\" content=\"summary_large_image\" \/>\n<script type=\"application\/ld+json\" class=\"yoast-schema-graph\">{\"@context\":\"https:\/\/schema.org\",\"@graph\":[{\"@type\":\"WebPage\",\"@id\":\"https:\/\/www.bigtranslation.com\/ca\/correccio\",\"url\":\"https:\/\/www.bigtranslation.com\/ca\/correccio\",\"name\":\"Correcci\u00f3 traductors nadius | Ag\u00e8ncia de traducci\u00f3\",\"isPartOf\":{\"@id\":\"https:\/\/www.bigtranslation.com\/ca#website\"},\"datePublished\":\"2022-07-25T08:39:06+00:00\",\"dateModified\":\"2022-07-25T08:39:06+00:00\",\"description\":\"Oferim el servei de correcci\u00f3 a c\u00e0rrec de traductors amb experi\u00e8ncia per assegurar que els textos s\u00f3n de gran qualitat.\",\"breadcrumb\":{\"@id\":\"https:\/\/www.bigtranslation.com\/ca\/correccio#breadcrumb\"},\"inLanguage\":\"ca\",\"potentialAction\":[{\"@type\":\"ReadAction\",\"target\":[\"https:\/\/www.bigtranslation.com\/ca\/correccio\"]}]},{\"@type\":\"BreadcrumbList\",\"@id\":\"https:\/\/www.bigtranslation.com\/ca\/correccio#breadcrumb\",\"itemListElement\":[{\"@type\":\"ListItem\",\"position\":1,\"name\":\"Home\",\"item\":\"https:\/\/www.bigtranslation.com\/ca\"},{\"@type\":\"ListItem\",\"position\":2,\"name\":\"Correcci\u00f3\"}]},{\"@type\":\"WebSite\",\"@id\":\"https:\/\/www.bigtranslation.com\/ca#website\",\"url\":\"https:\/\/www.bigtranslation.com\/ca\",\"name\":\"BigTranslation\",\"description\":\"Native and Professional translators\",\"potentialAction\":[{\"@type\":\"SearchAction\",\"target\":{\"@type\":\"EntryPoint\",\"urlTemplate\":\"https:\/\/www.bigtranslation.com\/ca?s={search_term_string}\"},\"query-input\":\"required name=search_term_string\"}],\"inLanguage\":\"ca\"}]}<\/script>\n<!-- \/ Yoast SEO plugin. -->","yoast_head_json":{"title":"Correcci\u00f3 traductors nadius | Ag\u00e8ncia de traducci\u00f3","description":"Oferim el servei de correcci\u00f3 a c\u00e0rrec de traductors amb experi\u00e8ncia per assegurar que els textos s\u00f3n de gran qualitat.","robots":{"index":"index","follow":"follow","max-snippet":"max-snippet:-1","max-image-preview":"max-image-preview:large","max-video-preview":"max-video-preview:-1"},"canonical":"https:\/\/www.bigtranslation.com\/ca\/correccio","og_locale":"ca_ES","og_type":"article","og_title":"Correcci\u00f3 traductors nadius | Ag\u00e8ncia de traducci\u00f3","og_description":"Oferim el servei de correcci\u00f3 a c\u00e0rrec de traductors amb experi\u00e8ncia per assegurar que els textos s\u00f3n de gran qualitat.","og_url":"https:\/\/www.bigtranslation.com\/ca\/correccio","og_site_name":"BigTranslation","twitter_card":"summary_large_image","schema":{"@context":"https:\/\/schema.org","@graph":[{"@type":"WebPage","@id":"https:\/\/www.bigtranslation.com\/ca\/correccio","url":"https:\/\/www.bigtranslation.com\/ca\/correccio","name":"Correcci\u00f3 traductors nadius | Ag\u00e8ncia de traducci\u00f3","isPartOf":{"@id":"https:\/\/www.bigtranslation.com\/ca#website"},"datePublished":"2022-07-25T08:39:06+00:00","dateModified":"2022-07-25T08:39:06+00:00","description":"Oferim el servei de correcci\u00f3 a c\u00e0rrec de traductors amb experi\u00e8ncia per assegurar que els textos s\u00f3n de gran qualitat.","breadcrumb":{"@id":"https:\/\/www.bigtranslation.com\/ca\/correccio#breadcrumb"},"inLanguage":"ca","potentialAction":[{"@type":"ReadAction","target":["https:\/\/www.bigtranslation.com\/ca\/correccio"]}]},{"@type":"BreadcrumbList","@id":"https:\/\/www.bigtranslation.com\/ca\/correccio#breadcrumb","itemListElement":[{"@type":"ListItem","position":1,"name":"Home","item":"https:\/\/www.bigtranslation.com\/ca"},{"@type":"ListItem","position":2,"name":"Correcci\u00f3"}]},{"@type":"WebSite","@id":"https:\/\/www.bigtranslation.com\/ca#website","url":"https:\/\/www.bigtranslation.com\/ca","name":"BigTranslation","description":"Native and Professional translators","potentialAction":[{"@type":"SearchAction","target":{"@type":"EntryPoint","urlTemplate":"https:\/\/www.bigtranslation.com\/ca?s={search_term_string}"},"query-input":"required name=search_term_string"}],"inLanguage":"ca"}]}},"acf":[],"amp_enabled":true,"_links":{"self":[{"href":"https:\/\/www.bigtranslation.com\/ca\/wp-json\/wp\/v2\/pages\/12630"}],"collection":[{"href":"https:\/\/www.bigtranslation.com\/ca\/wp-json\/wp\/v2\/pages"}],"about":[{"href":"https:\/\/www.bigtranslation.com\/ca\/wp-json\/wp\/v2\/types\/page"}],"author":[{"embeddable":true,"href":"https:\/\/www.bigtranslation.com\/ca\/wp-json\/wp\/v2\/users\/1"}],"replies":[{"embeddable":true,"href":"https:\/\/www.bigtranslation.com\/ca\/wp-json\/wp\/v2\/comments?post=12630"}],"version-history":[{"count":0,"href":"https:\/\/www.bigtranslation.com\/ca\/wp-json\/wp\/v2\/pages\/12630\/revisions"}],"wp:attachment":[{"href":"https:\/\/www.bigtranslation.com\/ca\/wp-json\/wp\/v2\/media?parent=12630"}],"curies":[{"name":"wp","href":"https:\/\/api.w.org\/{rel}","templated":true}]}}