{"id":13259,"date":"2022-08-22T08:47:23","date_gmt":"2022-08-22T08:47:23","guid":{"rendered":"https:\/\/www.bigtranslation.com\/cookies-policy"},"modified":"2024-01-08T09:32:03","modified_gmt":"2024-01-08T09:32:03","slug":"cookies-policy","status":"publish","type":"page","link":"https:\/\/www.bigtranslation.com\/ca\/cookies-policy","title":{"rendered":"Pol\u00edtica de cookies"},"content":{"rendered":"\n<h2 class=\"wp-block-heading\">1. Qu\u00e8 s\u00f3n les cookies?<\/h2>\n\n<p>La nostra p\u00e0gina <a href=\"https:\/\/www.bigtranslation.com\/ca\"><u>web www.bigtranslation.com<\/u><\/a>, propietat de BigTranslation Agency SL, utilitza <em>cookies<\/em> i altres fitxers amb funcions similars (en endavant, \u00abcookies\u00bb<em>)<\/em> per millorar la navegaci\u00f3 i obtenir dades estad\u00edstiques sobre les visites obtingudes.<\/p>\n\n<p>Les cookies s\u00f3n petits fitxers de text que s&#8217;instal\u00b7len en el dispositiu des del qual s&#8217;accedeix a la nostra p\u00e0gina web i ens proporcionen autom\u00e0ticament informaci\u00f3, per exemple, per permetre que la p\u00e0gina web funcioni o per con\u00e8ixer els vostres h\u00e0bits de navegaci\u00f3 i millorar la vostra experi\u00e8ncia en futures visites.<\/p>\n\n<p>Els usos espec\u00edfics que fem de les cookies s&#8217;especifiquen a \u00abFinalitats de les cookies i de tercers\/configuraci\u00f3 i rebuig de cookies\u00bb.<\/p>\n\n<p><strong>Les cookies mai no poden ser considerades com un virus inform\u00e0tic.<\/strong> No danyen l&#8217;ordinador ni frenen el seu funcionament de cap manera. Pots eliminar les nostres cookies en qualsevol moment o rebutjar-les configurant el teu navegador web.<\/p>\n\n<p>En aquesta p\u00e0gina web utilitzem cookies de sessi\u00f3 i cookies permanents que, al seu torn, poden ser cookies pr\u00f2pies o de tercers.<\/p>\n\n<p>Les cookies de sessi\u00f3 s\u00f3n cookies dissenyades per recopilar i emmagatzemar dades mentre accedeixes a una p\u00e0gina web. Normalment s&#8217;utilitzen per emmagatzemar informaci\u00f3 que nom\u00e9s es conserva per prestar el servei que tu sol\u00b7licites en una determinada ocasi\u00f3.<\/p>\n\n<p>Les cookies persistents s\u00f3n un tipus de cookie on les dades continuen emmagatzemades en el teu dispositiu i a les quals el responsable de la cookie t\u00e9 acc\u00e9s i pot tractar durant un per\u00edode definit, que pot oscil\u00b7lar entre uns minuts i diversos anys.<\/p>\n\n<h2 class=\"wp-block-heading\">2. Finalitats de les cookies i de tercers\/configuraci\u00f3 i rebuig de les cookies<\/h2>\n\n<p>Les cookies nom\u00e9s s&#8217;associen al navegador d&#8217;un equip espec\u00edfic (un usuari an\u00f2nim) i no proporcionen el nom i cognoms de l&#8217;usuari.<\/p>\n\n<p>Gr\u00e0cies a les cookies, \u00e9s possible reconeixer els navegadors dels usuaris registrats despr\u00e9s que s&#8217;hagen registrat per primera vegada, sense que hagen de registrar-se cada vegada que visiten per poder accedir a les \u00e0rees i serveis reservats exclusivament per a ells.<\/p>\n\n<p>A m\u00e9s, utilitzem cookies pr\u00f2pies i de tercers per a les finalitats que s&#8217;indiquen a continuaci\u00f3. Si no acceptes cap d&#8217;elles, la teva experi\u00e8ncia a la nostra p\u00e0gina web es veur\u00e0 afectada en relaci\u00f3 amb les finalitats especificades en aquest apartat, per\u00f2 volem donar-te el control total perqu\u00e8 puguis prendre les teves pr\u00f2pies decisions en tot moment.<\/p>\n\n<p><em><strong>COOKIES<\/strong><\/em> <strong>PR\u00d2PIES<\/strong><strong>:<\/strong> s\u00f3n aquelles de les quals \u00e9s responsable BigTranslation Agency SL pel que fa a la informaci\u00f3 tractada. En aquesta p\u00e0gina web utilitzem <em>cookies<\/em> pr\u00f2pies per a les seg\u00fcents finalitats:<\/p>\n\n<p><strong>Cookie d&#8217;autenticaci\u00f3\/sessi\u00f3:<\/strong> s&#8217;utilitza per recon\u00e8ixer els usuaris registrats que han iniciat sessi\u00f3 a la nostra p\u00e0gina web. Amb aquestes cookies es pot accedir a les \u00e0rees d&#8217;acc\u00e9s restringit de la p\u00e0gina web. Si rebutjes o elimines aquestes cookies, les dades d&#8217;inici de sessi\u00f3 de la nostra p\u00e0gina web no funcionaran correctament.<\/p>\n\n<p><strong>Cookie de personalitzaci\u00f3:<\/strong> s&#8217;utilitza per facilitar la navegaci\u00f3 per la nostra p\u00e0gina web. Permeten recordar autom\u00e0ticament alguns aspectes gr\u00e0fics de la nostra p\u00e0gina web, a m\u00e9s de personalitzar algunes de les caracter\u00edstiques de la p\u00e0gina per diferenciar l&#8217;experi\u00e8ncia d&#8217;un usuari d&#8217;un altre. Si rebutjes o elimines aquestes cookies, la navegaci\u00f3 per la nostra p\u00e0gina web no funcionar\u00e0 tan f\u00e0cilment.<\/p>\n\n<p><strong>Cookies anal\u00edtiques: <\/strong>recopilen informaci\u00f3 sobre el comportament dels usuaris durant la navegaci\u00f3 (p\u00e0gines m\u00e9s visitades, temps de perman\u00e8ncia en la p\u00e0gina, etc.) per millorar els continguts i serveis oferts mitjan\u00e7ant l&#8217;an\u00e0lisi d&#8217;aquesta informaci\u00f3 (per exemple, per optimitzar els temps de resposta dels espais m\u00e9s visitats a www.bigtranslation.com)<\/p>\n\n<p>Si tens qualsevol dubte sobre la nostra pol\u00edtica d&#8217;\u00fas de cookies, pots posar-te en contacte amb nosaltres a la seg\u00fcent adre\u00e7a de correu electr\u00f2nic: info@bigtranslation.com<\/p>\n\n<p>Aquestes cookies s&#8217;enumeren a continuaci\u00f3:<\/p>\n\n<ul>\n<li>wp-wpml_current_language<\/li>\n\n\n\n<li>currency<\/li>\n\n\n\n<li>currency-symbol<\/li>\n\n\n\n<li>moove_gdpr_popup<\/li>\n\n\n\n<li>bt_creload<\/li>\n<\/ul>\n\n<p><em><strong>COOKIES<\/strong><\/em> <strong>DE TERCERS:<\/strong> s\u00f3n aquelles de les quals s\u00f3n responsables de la informaci\u00f3 tractada tercers no relacionats amb BigTranslation Agency SL.<\/p>\n\n<p>A continuaci\u00f3 es detallen els tercers i les finalitats per a les quals s&#8217;utilitza la informaci\u00f3 que tracten:<\/p>\n\n<p><strong>COOKIES ANAL\u00cdTIQUES:<\/strong><\/p>\n\n<p>Recopilen informaci\u00f3 sobre el comportament dels usuaris durant la navegaci\u00f3 (p\u00e0gines m\u00e9s visitades, temps de perman\u00e8ncia en la p\u00e0gina, etc.) per millorar els continguts i serveis oferts mitjan\u00e7ant l&#8217;an\u00e0lisi d&#8217;aquesta informaci\u00f3 (per exemple, per optimitzar els temps de resposta dels espais m\u00e9s visitats).<\/p>\n\n<ul>\n<li>Google <a href=\"https:\/\/policies.google.com\/technologies\/cookies?hl=es\"><u>M\u00e9s informaci\u00f3<\/u><\/a><\/li>\n<\/ul>\n\n<ul>\n<li>Facebook <a href=\"https:\/\/www.facebook.com\/help\/1896641480634370\"><u>M\u00e9s informaci\u00f3<\/u><\/a><br\/><br\/><\/li>\n\n\n\n<li>Microsoft <a href=\"https:\/\/privacy.microsoft.com\/es-es\/privacystatement\"><u>M\u00e9s informaci\u00f3<\/u><\/a><\/li>\n<\/ul>\n\n<p><strong>COOKIES CONDUCTUALS<\/strong><\/p>\n\n<p>Emmagatzemen informaci\u00f3 sobre el comportament dels usuaris, obtinguda a trav\u00e9s de l&#8217;observaci\u00f3 dels seus h\u00e0bits de navegaci\u00f3 (per exemple, quines p\u00e0gines visiten), per crear un perfil espec\u00edfic que els permeti mostrar publicitat personalitzada en funci\u00f3 dels seus gustos i interessos.<\/p>\n\n<ul>\n<li>Google. <a href=\"https:\/\/policies.google.com\/technologies\/cookies?hl=es\"><u>M\u00e9s informaci\u00f3<\/u><\/a><br\/><br\/><\/li>\n\n\n\n<li>Fes doble clic per a <a href=\"https:\/\/support.google.com\/admanager\/answer\/2839090?hl=es\"><u>M\u00e9s informaci\u00f3<\/u><\/a><br\/><br\/><\/li>\n\n\n\n<li>Mailjet <a href=\"https:\/\/www.mailjet.com\/es\/legal\/politica-privacidad\/cookies\/\"><u>M\u00e9s informaci\u00f3<\/u><\/a><br\/><br\/><\/li>\n\n\n\n<li>Hubspot <a href=\"https:\/\/knowledge.hubspot.com\/es\/privacy-and-consent\/what-cookies-does-hubspot-set-in-a-visitor-s-browser\"><u>M\u00e9s informaci\u00f3<\/u><\/a><\/li>\n<\/ul>\n\n<ul>\n<li>Facebook. <a href=\"https:\/\/www.facebook.com\/help\/1896641480634370\"><u>M\u00e9s informaci\u00f3<\/u><\/a><\/li>\n<\/ul>\n\n<ul>\n<li>LinkedIn. <a href=\"https:\/\/es.linkedin.com\/legal\/cookie-policy\"><u>M\u00e9s informaci\u00f3<\/u><\/a><\/li>\n<\/ul>\n\n<ul>\n<li>Onesignal <a href=\"https:\/\/onesignal.com\/privacy_policy\"><u>M\u00e9s informaci\u00f3<\/u><\/a><\/li>\n<\/ul>\n\n<ul>\n<li>Tapfiliate <a href=\"https:\/\/tapfiliate.com\/privacy\/gdpr\/#cookies\"><u>M\u00e9s informaci\u00f3<\/u><\/a><br\/><br\/><\/li>\n\n\n\n<li>VWO <a href=\"https:\/\/vwo.com\/compliance\/cookies-notice\/\"><u>M\u00e9s informaci\u00f3<\/u><\/a><\/li>\n<\/ul>\n\n<p>Tingues en compte que, si rebutges les cookies de tercers, no rebr\u00e0s una experi\u00e8ncia de navegaci\u00f3 \u00f2ptima a BigTranslation.<\/p>\n\n<h2 class=\"wp-block-heading\">3. Desactivaci\u00f3 o eliminaci\u00f3 de les cookies<\/h2>\n\n<p>Podeu configurar el vostre navegador perqu\u00e8 no reba aquestes cookies i aquestes seran rebutjades. En cas contrari, entenem que tenim el vostre consentiment per instal\u00b7lar-les.<\/p>\n\n<p>Pots gestionar les teves prefer\u00e8ncies sobre l&#8217;\u00fas de <em>cookies<\/em> en qualsevol moment des de la majoria de navegadors. Pots configurar el teu navegador perqu\u00e8 rebutgi o elimini les cookies instal\u00b7lades al dispositiu. Les cookies estan instal\u00b7lades per a cada navegador i, per tant, hauries d&#8217;eliminar-les del navegador utilitzat per anar a la nostra p\u00e0gina web.<\/p>\n\n<p>Ac\u00ed tens informaci\u00f3 sobre com fer-ho als navegadors principals:<\/p>\n\n<ul>\n<li><a href=\"https:\/\/support.google.com\/chrome\/answer\/95647?hl=es\"><u>Google Chrome<\/u><\/a><\/li>\n\n\n\n<li><a href=\"https:\/\/support.mozilla.org\/es\/kb\/Borrar%20cookies\"><u>Mozilla Firefox<\/u><\/a><\/li>\n\n\n\n<li><a href=\"https:\/\/support.microsoft.com\/es-es\/help\/17442\/windows-internet-explorer-delete-manage-cookies#ie=ie-10\"><u>Internet Explorer<\/u><\/a><\/li>\n\n\n\n<li><a href=\"https:\/\/support.microsoft.com\/es-es\/windows\/microsoft-edge-datos-de-exploraci%C3%B3n-y-privacidad-bb8174ba-9d73-dcf2-9b4a-c582b4e640dd\"><u>Microsoft Edge<\/u><\/a><\/li>\n\n\n\n<li><a href=\"https:\/\/support.apple.com\/es-es\/HT201265\"><u>Safari<\/u><\/a><\/li>\n\n\n\n<li><a href=\"https:\/\/www.opera.com\/help\/tutorials\/security\/privacy\/\"><u>Opera<\/u><\/a><\/li>\n<\/ul>\n\n<p>Tamb\u00e9 pots retirar el consentiment per a l&#8217;\u00fas de cookies al teu navegador mitjan\u00e7ant la instal\u00b7laci\u00f3 d&#8217;un plug-in o mitjan\u00e7ant un sistema opt-out proporcionat per alguns tercers que instal\u00b7len cookies a la nostra p\u00e0gina web:<\/p>\n\n<ul>\n<li><a href=\"https:\/\/myaccount.google.com\/data-and-privacy\"><u>Google (personalitzaci\u00f3)<\/u><\/a> (requereix inici de sessi\u00f3 a Google)<\/li>\n\n\n\n<li><a href=\"https:\/\/myadcenter.google.com\/home?sasb=true&amp;ref=ad-settings\"><u>Google (publicitat)<\/u><\/a><\/li>\n\n\n\n<li><a href=\"https:\/\/www.facebook.com\/settings\/?tab=your_facebook_information\"><u>Facebook<\/u><\/a> (requereix inici de sessi\u00f3 a Facebook).<\/li>\n<\/ul>\n\n<p>Has de tenir en compte que algunes caracter\u00edstiques del contingut de <a href=\"https:\/\/www.bigtranslation.com\/ca\"><u>www.bigtranslation.com<\/u><\/a> nom\u00e9s estan disponibles si habilites la instal\u00b7laci\u00f3 de cookies des del teu navegador. Si decideixes no acceptar o bloquejar determinades cookies, en funci\u00f3 de la seva finalitat, aix\u00f2 pot afectar total o parcialment el funcionament normal de la p\u00e0gina o impedir l&#8217;acc\u00e9s a alguns dels seus serveis, ja que algunes cookies, tal com s&#8217;indica a \u00abFinalitats de les cookies i de tercers\/configuraci\u00f3 i rebuig de cookies\u00bb, s\u00f3n per a aquestes finalitats.<\/p>\n\n<h2 class=\"wp-block-heading\">4. Informaci\u00f3 sobre com acceptar, rebutjar o retirar el consentiment<\/h2>\n\n<p>Posem a la teva disposici\u00f3 un sistema de gesti\u00f3 o configuraci\u00f3 de cookies, que podr\u00e0s utilitzar per habilitar o deshabilitar les cookies que consideris oportunes. No es podran desactivar les cookies necess\u00e0ries per al funcionament de la p\u00e0gina web.<\/p>\n\n<p>D&#8217;acord amb la legislaci\u00f3 vigent, excepte les cookies estrictament necess\u00e0ries i les cookies de rendiment\/anal\u00edtiques, <a href=\"https:\/\/www.bigtranslation.com\/ca\"><u>www.bigtranslation.com<\/u><\/a> nom\u00e9s utilitzar\u00e0 cookies amb el consentiment previ i expr\u00e9s del visitant. L&#8217;entitat responsable de la p\u00e0gina web es compromet a utilitzar cookies \u00fanicament per a les finalitats esmentades en aquesta pol\u00edtica de cookies.<\/p>\n\n<p>Tingues en compte que, si acceptes les cookies de tercers, hauries de poder eliminar-les des de les opcions del navegador o des del sistema proporcionat pel propi tercer i tal com hem indicat a l&#8217;apartat \u00abDesactivaci\u00f3 o eliminaci\u00f3 de les cookies\u00bb.<\/p>\n\n<h2 class=\"wp-block-heading\">5. Informaci\u00f3 sobre el tractament de dades.<\/h2>\n\n<h3 class=\"wp-block-heading\">a) Responsable<\/h3>\n\n<p>El responsable del tractament \u00e9s BigTranslation Agency SL<\/p>\n\n<ul>\n<li>BigTranslation Agency SL<\/li>\n\n\n\n<li>CIF: B40532194<\/li>\n\n\n\n<li>Adre\u00e7a: Avinguda Paret del Patriarca 15, 46113 Moncada, Val\u00e8ncia<\/li>\n<\/ul>\n\n<p>Per a determinades activitats de tractament, BigTranslation tractar\u00e0 les seves dades, decidint conjuntament els objectius (\u00abper a qu\u00e8 s&#8217;utilitzen les dades\u00bb) i els mitjans utilitzats (\u00abcom s&#8217;utilitzen les dades\u00bb), i per tant \u00e9s un responsable conjunt d&#8217;aquest tractament.<\/p>\n\n<h3 class=\"wp-block-heading\">b) Base jur\u00eddica del tractament<\/h3>\n\n<p>El consentiment que prestes per a l&#8217;\u00fas de cookies legitima l&#8217;\u00fas de les mateixes amb la finalitat de tractar les teves dades personals.<\/p>\n\n<p>Pots configurar o rebutjar l&#8217;\u00fas de cookies, i per tant exercir el teu dret a retirar el teu consentiment, a \u00abFinalitats de les cookies i de tercers\/configuraci\u00f3 i rebuig de cookies\u00bb. Tamb\u00e9 pots desactivar o eliminar les cookies tal com es descriu a \u00abDesactivaci\u00f3 o eliminaci\u00f3 de les cookies\u00bb.<\/p>\n\n<h3 class=\"wp-block-heading\">c) Dades tractades<\/h3>\n\n<p>Si acceptes l&#8217;\u00fas de cookies, tractarem les dades seg\u00fcents<\/p>\n\n<p>En relaci\u00f3 amb les cookies pr\u00f2pies:<\/p>\n\n<p>Dades de navegaci\u00f3: dades obtingudes de la teva navegaci\u00f3 per la nostra p\u00e0gina o p\u00e0gines web de tercers: historial de navegaci\u00f3 (p\u00e0gines visitades i clics en els continguts), ID del dispositiu, ID de publicitat, adre\u00e7a IP.<\/p>\n\n<p>Pel que fa als tercers identificats en \u00abFinalitats de les cookies i tercers\/configuraci\u00f3 i rebuig de cookies\u00bb, consulta les seves respectives pol\u00edtiques indicades en aquest apartat, per con\u00e8ixer les dades o categories de dades que tracten.<\/p>\n\n<h3 class=\"wp-block-heading\">d) Elaboraci\u00f3 de perfils<\/h3>\n\n<p>Si acceptes l&#8217;\u00fas de cookies de publicitat comportamental, podrem utilitzar les dades que descrivim a \u00abDades tractades\u00bb per a la teva elaboraci\u00f3 de perfils comercials i aix\u00ed oferir-te productes i serveis que creiem que poden ser del teu inter\u00e8s. Per exemple, si est\u00e0s interessat en els nostres serveis de marketplaces, podrem mostrar-te la nostra oferta comercial de connectors.<\/p>\n\n<p>Pel que fa als tercers identificats en \u00abFinalitats de les cookies i tercers\/configuraci\u00f3 i rebuig de cookies\u00bb i que utilitzen cookies de publicitat comportamental, consulta les seves respectives pol\u00edtiques indicades en aquest apartat, per con\u00e8ixer la elaboraci\u00f3 de perfils que realitzen.<\/p>\n\n<h3 class=\"wp-block-heading\">e) Destinataris de les dades<\/h3>\n\n<p>BigTranslation podr\u00e0 comunicar les dades recollides a les autoritats i organismes p\u00fablics, amb la finalitat de donar compliment a una obligaci\u00f3 legal, aix\u00ed com als prestadors de serveis necessaris i a tercers amb la finalitat de gestionar i implementar les cookies.<\/p>\n\n<p>Pel que fa als tercers identificats a \u00abFinalitats de les cookies i tercers\/configuraci\u00f3 i rebuig de cookies\u00bb, consulta les seves respectives pol\u00edtiques indicades en aquest apartat, per con\u00e8ixer els seus destinataris.<\/p>\n\n<h3 class=\"wp-block-heading\">f) Per\u00edode de conservaci\u00f3<\/h3>\n\n<p>Les dades obtingudes mitjan\u00e7ant l&#8217;\u00fas de cookies acceptades per l&#8217;usuari es conservaran durant un per\u00edode de 12 mesos<\/p>\n\n<p>Pel que fa als tercers identificats a \u00abFinalitats de les cookies i tercers\/configuraci\u00f3 i rebuig de cookies\u00bb, consulta les seves respectives pol\u00edtiques indicades en aquest apartat, per con\u00e8ixer els seus destinataris.<\/p>\n\n<h3 class=\"wp-block-heading\">g) Transfer\u00e8ncies a tercers pa\u00efsos<\/h3>\n\n<p>A BigTranslation tractem les teves dades dins de l&#8217;Espai Econ\u00f2mic Europeu i, en general, contractem prove\u00efdors de serveis que tamb\u00e9 es troben dins de l&#8217;Espai Econ\u00f2mic Europeu o en pa\u00efsos que han estat declarats amb nivells de protecci\u00f3 adequats.<\/p>\n\n<p>Si necessitem utilitzar prove\u00efdors de serveis que realitzin tractaments fora de l&#8217;Espai Econ\u00f2mic Europeu o en pa\u00efsos que no han estat declarats amb un nivell de protecci\u00f3 adequat, vetllarem per garantir la seguretat i legitimaci\u00f3 del tractament de les teves dades.<\/p>\n\n<p>Per fer-ho, exigim a aquests prestadors de serveis les garanties adequades d&#8217;acord amb el que estableix el Reglament General de Protecci\u00f3 de Dades per garantir que disposin, per exemple, de normativa corporativa vinculant que garanteixi la protecci\u00f3 de la informaci\u00f3 de manera similar a la que estableix la normativa europea o que subscriguin cl\u00e0usules tipus de la Uni\u00f3 Europea.<\/p>\n\n<p>Pel que fa als tercers identificats en l&#8217;apartat \u00abFinalitats de les cookies i tercers\/configuraci\u00f3 i rebuig de cookies\u00bb, consulta les seves respectives pol\u00edtiques en aquest apartat per con\u00e8ixer les transfer\u00e8ncies a tercers pa\u00efsos que realitzen, si escau.<\/p>\n\n<h3 class=\"wp-block-heading\">h) Informaci\u00f3 addicional sobre el tractament de dades<\/h3>\n\n<p>Pots trobar tota la informaci\u00f3 sobre el tractament de les teves dades a <a href=\"https:\/\/www.bigtranslation.com\/ca\/termes-i-condicions\"><u>https:\/\/www.bigtranslation.com\/terms-and-conditions<\/u><\/a><\/p>\n\n<h3 class=\"wp-block-heading\">i) Revisi\u00f3 de la pol\u00edtica de cookies<\/h3>\n\n<p>Revisarem la pol\u00edtica de cookies anualment, tret que hi hagi requisits normatius o d&#8217;una altra naturalesa que facin necess\u00e0ria l&#8217;adaptaci\u00f3 de la pol\u00edtica en un termini m\u00e9s curt. Per tant, s&#8217;aconsella als usuaris que llegeixin el seu contingut amb regularitat.<\/p>\n\n<p>Quan s&#8217;introdueixin canvis significatius en aquesta pol\u00edtica de cookies, s&#8217;informar\u00e0 a l&#8217;usuari mitjan\u00e7ant un av\u00eds informatiu a la p\u00e0gina web.<\/p>\n","protected":false},"excerpt":{"rendered":"<p>1. Qu\u00e8 s\u00f3n les cookies? La nostra p\u00e0gina web www.bigtranslation.com, propietat de BigTranslation Agency SL, utilitza cookies i altres fitxers amb funcions similars (en endavant, \u00abcookies\u00bb) per millorar la navegaci\u00f3 i obtenir dades estad\u00edstiques sobre les visites obtingudes. Les cookies s\u00f3n petits fitxers de text que s&#8217;instal\u00b7len en el dispositiu des del qual s&#8217;accedeix a [&hellip;]<\/p>\n","protected":false},"author":7,"featured_media":0,"parent":0,"menu_order":38,"comment_status":"closed","ping_status":"closed","template":"","meta":{"footnotes":""},"yoast_head":"<!-- This site is optimized with the Yoast SEO plugin v21.8.1 - https:\/\/yoast.com\/wordpress\/plugins\/seo\/ -->\n<title>Pol\u00edtica de cookies | BigTranslation<\/title>\n<meta name=\"robots\" content=\"index, follow, max-snippet:-1, max-image-preview:large, max-video-preview:-1\" \/>\n<link rel=\"canonical\" href=\"https:\/\/www.bigtranslation.com\/ca\/cookies-policy\" \/>\n<meta property=\"og:locale\" content=\"ca_ES\" \/>\n<meta property=\"og:type\" content=\"article\" \/>\n<meta property=\"og:title\" content=\"Pol\u00edtica de cookies | BigTranslation\" \/>\n<meta property=\"og:description\" content=\"1. Qu\u00e8 s\u00f3n les cookies? La nostra p\u00e0gina web www.bigtranslation.com, propietat de BigTranslation Agency SL, utilitza cookies i altres fitxers amb funcions similars (en endavant, \u00abcookies\u00bb) per millorar la navegaci\u00f3 i obtenir dades estad\u00edstiques sobre les visites obtingudes. Les cookies s\u00f3n petits fitxers de text que s&#8217;instal\u00b7len en el dispositiu des del qual s&#8217;accedeix a [&hellip;]\" \/>\n<meta property=\"og:url\" content=\"https:\/\/www.bigtranslation.com\/ca\/cookies-policy\" \/>\n<meta property=\"og:site_name\" content=\"BigTranslation\" \/>\n<meta property=\"article:modified_time\" content=\"2024-01-08T09:32:03+00:00\" \/>\n<meta name=\"twitter:card\" content=\"summary_large_image\" \/>\n<meta name=\"twitter:label1\" content=\"Est. reading time\" \/>\n\t<meta name=\"twitter:data1\" content=\"11 minuts\" \/>\n<script type=\"application\/ld+json\" class=\"yoast-schema-graph\">{\"@context\":\"https:\/\/schema.org\",\"@graph\":[{\"@type\":\"WebPage\",\"@id\":\"https:\/\/www.bigtranslation.com\/ca\/cookies-policy\",\"url\":\"https:\/\/www.bigtranslation.com\/ca\/cookies-policy\",\"name\":\"Pol\u00edtica de cookies | BigTranslation\",\"isPartOf\":{\"@id\":\"https:\/\/www.bigtranslation.com\/ca#website\"},\"datePublished\":\"2022-08-22T08:47:23+00:00\",\"dateModified\":\"2024-01-08T09:32:03+00:00\",\"breadcrumb\":{\"@id\":\"https:\/\/www.bigtranslation.com\/ca\/cookies-policy#breadcrumb\"},\"inLanguage\":\"ca\",\"potentialAction\":[{\"@type\":\"ReadAction\",\"target\":[\"https:\/\/www.bigtranslation.com\/ca\/cookies-policy\"]}]},{\"@type\":\"BreadcrumbList\",\"@id\":\"https:\/\/www.bigtranslation.com\/ca\/cookies-policy#breadcrumb\",\"itemListElement\":[{\"@type\":\"ListItem\",\"position\":1,\"name\":\"Home\",\"item\":\"https:\/\/www.bigtranslation.com\/ca\"},{\"@type\":\"ListItem\",\"position\":2,\"name\":\"Pol\u00edtica de cookies\"}]},{\"@type\":\"WebSite\",\"@id\":\"https:\/\/www.bigtranslation.com\/ca#website\",\"url\":\"https:\/\/www.bigtranslation.com\/ca\",\"name\":\"BigTranslation\",\"description\":\"Native and Professional translators\",\"potentialAction\":[{\"@type\":\"SearchAction\",\"target\":{\"@type\":\"EntryPoint\",\"urlTemplate\":\"https:\/\/www.bigtranslation.com\/ca?s={search_term_string}\"},\"query-input\":\"required name=search_term_string\"}],\"inLanguage\":\"ca\"}]}<\/script>\n<!-- \/ Yoast SEO plugin. -->","yoast_head_json":{"title":"Pol\u00edtica de cookies | BigTranslation","robots":{"index":"index","follow":"follow","max-snippet":"max-snippet:-1","max-image-preview":"max-image-preview:large","max-video-preview":"max-video-preview:-1"},"canonical":"https:\/\/www.bigtranslation.com\/ca\/cookies-policy","og_locale":"ca_ES","og_type":"article","og_title":"Pol\u00edtica de cookies | BigTranslation","og_description":"1. Qu\u00e8 s\u00f3n les cookies? La nostra p\u00e0gina web www.bigtranslation.com, propietat de BigTranslation Agency SL, utilitza cookies i altres fitxers amb funcions similars (en endavant, \u00abcookies\u00bb) per millorar la navegaci\u00f3 i obtenir dades estad\u00edstiques sobre les visites obtingudes. Les cookies s\u00f3n petits fitxers de text que s&#8217;instal\u00b7len en el dispositiu des del qual s&#8217;accedeix a [&hellip;]","og_url":"https:\/\/www.bigtranslation.com\/ca\/cookies-policy","og_site_name":"BigTranslation","article_modified_time":"2024-01-08T09:32:03+00:00","twitter_card":"summary_large_image","twitter_misc":{"Est. reading time":"11 minuts"},"schema":{"@context":"https:\/\/schema.org","@graph":[{"@type":"WebPage","@id":"https:\/\/www.bigtranslation.com\/ca\/cookies-policy","url":"https:\/\/www.bigtranslation.com\/ca\/cookies-policy","name":"Pol\u00edtica de cookies | BigTranslation","isPartOf":{"@id":"https:\/\/www.bigtranslation.com\/ca#website"},"datePublished":"2022-08-22T08:47:23+00:00","dateModified":"2024-01-08T09:32:03+00:00","breadcrumb":{"@id":"https:\/\/www.bigtranslation.com\/ca\/cookies-policy#breadcrumb"},"inLanguage":"ca","potentialAction":[{"@type":"ReadAction","target":["https:\/\/www.bigtranslation.com\/ca\/cookies-policy"]}]},{"@type":"BreadcrumbList","@id":"https:\/\/www.bigtranslation.com\/ca\/cookies-policy#breadcrumb","itemListElement":[{"@type":"ListItem","position":1,"name":"Home","item":"https:\/\/www.bigtranslation.com\/ca"},{"@type":"ListItem","position":2,"name":"Pol\u00edtica de cookies"}]},{"@type":"WebSite","@id":"https:\/\/www.bigtranslation.com\/ca#website","url":"https:\/\/www.bigtranslation.com\/ca","name":"BigTranslation","description":"Native and Professional translators","potentialAction":[{"@type":"SearchAction","target":{"@type":"EntryPoint","urlTemplate":"https:\/\/www.bigtranslation.com\/ca?s={search_term_string}"},"query-input":"required name=search_term_string"}],"inLanguage":"ca"}]}},"acf":[],"amp_enabled":true,"_links":{"self":[{"href":"https:\/\/www.bigtranslation.com\/ca\/wp-json\/wp\/v2\/pages\/13259"}],"collection":[{"href":"https:\/\/www.bigtranslation.com\/ca\/wp-json\/wp\/v2\/pages"}],"about":[{"href":"https:\/\/www.bigtranslation.com\/ca\/wp-json\/wp\/v2\/types\/page"}],"author":[{"embeddable":true,"href":"https:\/\/www.bigtranslation.com\/ca\/wp-json\/wp\/v2\/users\/7"}],"replies":[{"embeddable":true,"href":"https:\/\/www.bigtranslation.com\/ca\/wp-json\/wp\/v2\/comments?post=13259"}],"version-history":[{"count":3,"href":"https:\/\/www.bigtranslation.com\/ca\/wp-json\/wp\/v2\/pages\/13259\/revisions"}],"predecessor-version":[{"id":18023,"href":"https:\/\/www.bigtranslation.com\/ca\/wp-json\/wp\/v2\/pages\/13259\/revisions\/18023"}],"wp:attachment":[{"href":"https:\/\/www.bigtranslation.com\/ca\/wp-json\/wp\/v2\/media?parent=13259"}],"curies":[{"name":"wp","href":"https:\/\/api.w.org\/{rel}","templated":true}]}}