{"id":12006,"date":"2022-04-13T07:04:59","date_gmt":"2022-04-13T07:04:59","guid":{"rendered":"https:\/\/www.bigtranslation.com\/translation-chatbots"},"modified":"2022-05-11T10:26:03","modified_gmt":"2022-05-11T10:26:03","slug":"preklad-chatbotu","status":"publish","type":"page","link":"https:\/\/www.bigtranslation.com\/cs\/preklad-chatbotu","title":{"rendered":"P\u0159eklad chatbot\u016f"},"content":{"rendered":"","protected":false},"excerpt":{"rendered":"","protected":false},"author":7,"featured_media":0,"parent":0,"menu_order":20,"comment_status":"closed","ping_status":"closed","template":"page-templates\/template-landing-translation.php","meta":{"footnotes":""},"yoast_head":"<!-- This site is optimized with the Yoast SEO plugin v21.8.1 - https:\/\/yoast.com\/wordpress\/plugins\/seo\/ -->\n<title>P\u0159eklad chatbot\u016f za nejlep\u0161\u00ed cenu | BigTranslation<\/title>\n<meta name=\"description\" content=\"P\u0159elo\u017e\u00edme va\u0161e chatboty, abyste mohli oslovit u\u017eivatele ze v\u0161ech zem\u00ed v jejich mate\u0159sk\u00e9m jazyce. Vy\u017e\u00e1dejte si nez\u00e1vaznou cenovou nab\u00eddku online.\" \/>\n<meta name=\"robots\" content=\"index, follow, max-snippet:-1, max-image-preview:large, max-video-preview:-1\" \/>\n<link rel=\"canonical\" href=\"https:\/\/www.bigtranslation.com\/cs\/preklad-chatbotu\" \/>\n<meta property=\"og:locale\" content=\"cs_CZ\" \/>\n<meta property=\"og:type\" content=\"article\" \/>\n<meta property=\"og:title\" content=\"P\u0159eklad chatbot\u016f za nejlep\u0161\u00ed cenu | BigTranslation\" \/>\n<meta property=\"og:description\" content=\"P\u0159elo\u017e\u00edme va\u0161e chatboty, abyste mohli oslovit u\u017eivatele ze v\u0161ech zem\u00ed v jejich mate\u0159sk\u00e9m jazyce. Vy\u017e\u00e1dejte si nez\u00e1vaznou cenovou nab\u00eddku online.\" \/>\n<meta property=\"og:url\" content=\"https:\/\/www.bigtranslation.com\/cs\/preklad-chatbotu\" \/>\n<meta property=\"og:site_name\" content=\"BigTranslation\" \/>\n<meta property=\"article:modified_time\" content=\"2022-05-11T10:26:03+00:00\" \/>\n<meta name=\"twitter:card\" content=\"summary_large_image\" \/>\n<script type=\"application\/ld+json\" class=\"yoast-schema-graph\">{\"@context\":\"https:\/\/schema.org\",\"@graph\":[{\"@type\":\"WebPage\",\"@id\":\"https:\/\/www.bigtranslation.com\/cs\/preklad-chatbotu\",\"url\":\"https:\/\/www.bigtranslation.com\/cs\/preklad-chatbotu\",\"name\":\"P\u0159eklad chatbot\u016f za nejlep\u0161\u00ed cenu | BigTranslation\",\"isPartOf\":{\"@id\":\"https:\/\/www.bigtranslation.com\/cs#website\"},\"datePublished\":\"2022-04-13T07:04:59+00:00\",\"dateModified\":\"2022-05-11T10:26:03+00:00\",\"description\":\"P\u0159elo\u017e\u00edme va\u0161e chatboty, abyste mohli oslovit u\u017eivatele ze v\u0161ech zem\u00ed v jejich mate\u0159sk\u00e9m jazyce. Vy\u017e\u00e1dejte si nez\u00e1vaznou cenovou nab\u00eddku online.\",\"breadcrumb\":{\"@id\":\"https:\/\/www.bigtranslation.com\/cs\/preklad-chatbotu#breadcrumb\"},\"inLanguage\":\"cs\",\"potentialAction\":[{\"@type\":\"ReadAction\",\"target\":[\"https:\/\/www.bigtranslation.com\/cs\/preklad-chatbotu\"]}]},{\"@type\":\"BreadcrumbList\",\"@id\":\"https:\/\/www.bigtranslation.com\/cs\/preklad-chatbotu#breadcrumb\",\"itemListElement\":[{\"@type\":\"ListItem\",\"position\":1,\"name\":\"Home\",\"item\":\"https:\/\/www.bigtranslation.com\/cs\"},{\"@type\":\"ListItem\",\"position\":2,\"name\":\"P\u0159eklad chatbot\u016f\"}]},{\"@type\":\"WebSite\",\"@id\":\"https:\/\/www.bigtranslation.com\/cs#website\",\"url\":\"https:\/\/www.bigtranslation.com\/cs\",\"name\":\"BigTranslation\",\"description\":\"Native and Professional translators\",\"potentialAction\":[{\"@type\":\"SearchAction\",\"target\":{\"@type\":\"EntryPoint\",\"urlTemplate\":\"https:\/\/www.bigtranslation.com\/cs?s={search_term_string}\"},\"query-input\":\"required name=search_term_string\"}],\"inLanguage\":\"cs\"}]}<\/script>\n<!-- \/ Yoast SEO plugin. -->","yoast_head_json":{"title":"P\u0159eklad chatbot\u016f za nejlep\u0161\u00ed cenu | BigTranslation","description":"P\u0159elo\u017e\u00edme va\u0161e chatboty, abyste mohli oslovit u\u017eivatele ze v\u0161ech zem\u00ed v jejich mate\u0159sk\u00e9m jazyce. Vy\u017e\u00e1dejte si nez\u00e1vaznou cenovou nab\u00eddku online.","robots":{"index":"index","follow":"follow","max-snippet":"max-snippet:-1","max-image-preview":"max-image-preview:large","max-video-preview":"max-video-preview:-1"},"canonical":"https:\/\/www.bigtranslation.com\/cs\/preklad-chatbotu","og_locale":"cs_CZ","og_type":"article","og_title":"P\u0159eklad chatbot\u016f za nejlep\u0161\u00ed cenu | BigTranslation","og_description":"P\u0159elo\u017e\u00edme va\u0161e chatboty, abyste mohli oslovit u\u017eivatele ze v\u0161ech zem\u00ed v jejich mate\u0159sk\u00e9m jazyce. Vy\u017e\u00e1dejte si nez\u00e1vaznou cenovou nab\u00eddku online.","og_url":"https:\/\/www.bigtranslation.com\/cs\/preklad-chatbotu","og_site_name":"BigTranslation","article_modified_time":"2022-05-11T10:26:03+00:00","twitter_card":"summary_large_image","schema":{"@context":"https:\/\/schema.org","@graph":[{"@type":"WebPage","@id":"https:\/\/www.bigtranslation.com\/cs\/preklad-chatbotu","url":"https:\/\/www.bigtranslation.com\/cs\/preklad-chatbotu","name":"P\u0159eklad chatbot\u016f za nejlep\u0161\u00ed cenu | BigTranslation","isPartOf":{"@id":"https:\/\/www.bigtranslation.com\/cs#website"},"datePublished":"2022-04-13T07:04:59+00:00","dateModified":"2022-05-11T10:26:03+00:00","description":"P\u0159elo\u017e\u00edme va\u0161e chatboty, abyste mohli oslovit u\u017eivatele ze v\u0161ech zem\u00ed v jejich mate\u0159sk\u00e9m jazyce. Vy\u017e\u00e1dejte si nez\u00e1vaznou cenovou nab\u00eddku online.","breadcrumb":{"@id":"https:\/\/www.bigtranslation.com\/cs\/preklad-chatbotu#breadcrumb"},"inLanguage":"cs","potentialAction":[{"@type":"ReadAction","target":["https:\/\/www.bigtranslation.com\/cs\/preklad-chatbotu"]}]},{"@type":"BreadcrumbList","@id":"https:\/\/www.bigtranslation.com\/cs\/preklad-chatbotu#breadcrumb","itemListElement":[{"@type":"ListItem","position":1,"name":"Home","item":"https:\/\/www.bigtranslation.com\/cs"},{"@type":"ListItem","position":2,"name":"P\u0159eklad chatbot\u016f"}]},{"@type":"WebSite","@id":"https:\/\/www.bigtranslation.com\/cs#website","url":"https:\/\/www.bigtranslation.com\/cs","name":"BigTranslation","description":"Native and Professional translators","potentialAction":[{"@type":"SearchAction","target":{"@type":"EntryPoint","urlTemplate":"https:\/\/www.bigtranslation.com\/cs?s={search_term_string}"},"query-input":"required name=search_term_string"}],"inLanguage":"cs"}]}},"acf":[],"amp_enabled":true,"_links":{"self":[{"href":"https:\/\/www.bigtranslation.com\/cs\/wp-json\/wp\/v2\/pages\/12006"}],"collection":[{"href":"https:\/\/www.bigtranslation.com\/cs\/wp-json\/wp\/v2\/pages"}],"about":[{"href":"https:\/\/www.bigtranslation.com\/cs\/wp-json\/wp\/v2\/types\/page"}],"author":[{"embeddable":true,"href":"https:\/\/www.bigtranslation.com\/cs\/wp-json\/wp\/v2\/users\/7"}],"replies":[{"embeddable":true,"href":"https:\/\/www.bigtranslation.com\/cs\/wp-json\/wp\/v2\/comments?post=12006"}],"version-history":[{"count":2,"href":"https:\/\/www.bigtranslation.com\/cs\/wp-json\/wp\/v2\/pages\/12006\/revisions"}],"predecessor-version":[{"id":12010,"href":"https:\/\/www.bigtranslation.com\/cs\/wp-json\/wp\/v2\/pages\/12006\/revisions\/12010"}],"wp:attachment":[{"href":"https:\/\/www.bigtranslation.com\/cs\/wp-json\/wp\/v2\/media?parent=12006"}],"curies":[{"name":"wp","href":"https:\/\/api.w.org\/{rel}","templated":true}]}}