{"id":4091,"date":"2021-04-16T09:36:36","date_gmt":"2021-04-16T09:36:36","guid":{"rendered":"https:\/\/www.bigtranslation.com\/home\/"},"modified":"2022-08-22T14:39:23","modified_gmt":"2022-08-22T14:39:23","slug":"home","status":"publish","type":"page","link":"https:\/\/www.bigtranslation.com\/cs","title":{"rendered":"P\u0159ekladatelsk\u00e1 agentura"},"content":{"rendered":"","protected":false},"excerpt":{"rendered":"","protected":false},"author":1,"featured_media":0,"parent":0,"menu_order":38,"comment_status":"closed","ping_status":"closed","template":"page-templates\/template-home.php","meta":{"footnotes":""},"yoast_head":"<!-- This site is optimized with the Yoast SEO plugin v21.8.1 - https:\/\/yoast.com\/wordpress\/plugins\/seo\/ -->\n<title>P\u0159ekladatelsk\u00e1 agentura | Rodil\u00ed mluv\u010d\u00ed a profesion\u00e1ln\u00ed p\u0159ekladatel<\/title>\n<meta name=\"description\" content=\"Agentura se zam\u011b\u0159en\u00edm na SEO a p\u0159eklady web str\u00e1nek zaji\u0161\u0165ovan\u00e9 rodil\u00fdmi mluv\u010d\u00edmi. Poskytujeme rychl\u00e9, ekonomick\u00e9 p\u0159eklady a dal\u0161\u00ed druhy p\u0159ekladatelsk\u00fdch slu\u017eeb\" \/>\n<meta name=\"robots\" content=\"index, follow, max-snippet:-1, max-image-preview:large, max-video-preview:-1\" \/>\n<link rel=\"canonical\" href=\"https:\/\/www.bigtranslation.com\/cs\" \/>\n<meta property=\"og:locale\" content=\"cs_CZ\" \/>\n<meta property=\"og:type\" content=\"article\" \/>\n<meta property=\"og:title\" content=\"P\u0159ekladatelsk\u00e1 agentura | Rodil\u00ed mluv\u010d\u00ed a profesion\u00e1ln\u00ed p\u0159ekladatel\" \/>\n<meta property=\"og:description\" content=\"Agentura se zam\u011b\u0159en\u00edm na SEO a p\u0159eklady web str\u00e1nek zaji\u0161\u0165ovan\u00e9 rodil\u00fdmi mluv\u010d\u00edmi. Poskytujeme rychl\u00e9, ekonomick\u00e9 p\u0159eklady a dal\u0161\u00ed druhy p\u0159ekladatelsk\u00fdch slu\u017eeb\" \/>\n<meta property=\"og:url\" content=\"https:\/\/www.bigtranslation.com\/cs\" \/>\n<meta property=\"og:site_name\" content=\"BigTranslation\" \/>\n<meta property=\"article:modified_time\" content=\"2022-08-22T14:39:23+00:00\" \/>\n<meta name=\"twitter:card\" content=\"summary_large_image\" \/>\n<script type=\"application\/ld+json\" class=\"yoast-schema-graph\">{\"@context\":\"https:\/\/schema.org\",\"@graph\":[{\"@type\":\"WebPage\",\"@id\":\"https:\/\/www.bigtranslation.com\/cs\",\"url\":\"https:\/\/www.bigtranslation.com\/cs\",\"name\":\"P\u0159ekladatelsk\u00e1 agentura | Rodil\u00ed mluv\u010d\u00ed a profesion\u00e1ln\u00ed p\u0159ekladatel\",\"isPartOf\":{\"@id\":\"https:\/\/www.bigtranslation.com\/cs#website\"},\"datePublished\":\"2021-04-16T09:36:36+00:00\",\"dateModified\":\"2022-08-22T14:39:23+00:00\",\"description\":\"Agentura se zam\u011b\u0159en\u00edm na SEO a p\u0159eklady web str\u00e1nek zaji\u0161\u0165ovan\u00e9 rodil\u00fdmi mluv\u010d\u00edmi. Poskytujeme rychl\u00e9, ekonomick\u00e9 p\u0159eklady a dal\u0161\u00ed druhy p\u0159ekladatelsk\u00fdch slu\u017eeb\",\"breadcrumb\":{\"@id\":\"https:\/\/www.bigtranslation.com\/cs#breadcrumb\"},\"inLanguage\":\"cs\",\"potentialAction\":[{\"@type\":\"ReadAction\",\"target\":[\"https:\/\/www.bigtranslation.com\/cs\"]}]},{\"@type\":\"BreadcrumbList\",\"@id\":\"https:\/\/www.bigtranslation.com\/cs#breadcrumb\",\"itemListElement\":[{\"@type\":\"ListItem\",\"position\":1,\"name\":\"Home\",\"item\":\"https:\/\/www.bigtranslation.com\/cs\"},{\"@type\":\"ListItem\",\"position\":2,\"name\":\"P\u0159ekladatelsk\u00e1 agentura\"}]},{\"@type\":\"WebSite\",\"@id\":\"https:\/\/www.bigtranslation.com\/cs#website\",\"url\":\"https:\/\/www.bigtranslation.com\/cs\",\"name\":\"BigTranslation\",\"description\":\"Native and Professional translators\",\"potentialAction\":[{\"@type\":\"SearchAction\",\"target\":{\"@type\":\"EntryPoint\",\"urlTemplate\":\"https:\/\/www.bigtranslation.com\/cs?s={search_term_string}\"},\"query-input\":\"required name=search_term_string\"}],\"inLanguage\":\"cs\"}]}<\/script>\n<!-- \/ Yoast SEO plugin. -->","yoast_head_json":{"title":"P\u0159ekladatelsk\u00e1 agentura | Rodil\u00ed mluv\u010d\u00ed a profesion\u00e1ln\u00ed p\u0159ekladatel","description":"Agentura se zam\u011b\u0159en\u00edm na SEO a p\u0159eklady web str\u00e1nek zaji\u0161\u0165ovan\u00e9 rodil\u00fdmi mluv\u010d\u00edmi. Poskytujeme rychl\u00e9, ekonomick\u00e9 p\u0159eklady a dal\u0161\u00ed druhy p\u0159ekladatelsk\u00fdch slu\u017eeb","robots":{"index":"index","follow":"follow","max-snippet":"max-snippet:-1","max-image-preview":"max-image-preview:large","max-video-preview":"max-video-preview:-1"},"canonical":"https:\/\/www.bigtranslation.com\/cs","og_locale":"cs_CZ","og_type":"article","og_title":"P\u0159ekladatelsk\u00e1 agentura | Rodil\u00ed mluv\u010d\u00ed a profesion\u00e1ln\u00ed p\u0159ekladatel","og_description":"Agentura se zam\u011b\u0159en\u00edm na SEO a p\u0159eklady web str\u00e1nek zaji\u0161\u0165ovan\u00e9 rodil\u00fdmi mluv\u010d\u00edmi. Poskytujeme rychl\u00e9, ekonomick\u00e9 p\u0159eklady a dal\u0161\u00ed druhy p\u0159ekladatelsk\u00fdch slu\u017eeb","og_url":"https:\/\/www.bigtranslation.com\/cs","og_site_name":"BigTranslation","article_modified_time":"2022-08-22T14:39:23+00:00","twitter_card":"summary_large_image","schema":{"@context":"https:\/\/schema.org","@graph":[{"@type":"WebPage","@id":"https:\/\/www.bigtranslation.com\/cs","url":"https:\/\/www.bigtranslation.com\/cs","name":"P\u0159ekladatelsk\u00e1 agentura | Rodil\u00ed mluv\u010d\u00ed a profesion\u00e1ln\u00ed p\u0159ekladatel","isPartOf":{"@id":"https:\/\/www.bigtranslation.com\/cs#website"},"datePublished":"2021-04-16T09:36:36+00:00","dateModified":"2022-08-22T14:39:23+00:00","description":"Agentura se zam\u011b\u0159en\u00edm na SEO a p\u0159eklady web str\u00e1nek zaji\u0161\u0165ovan\u00e9 rodil\u00fdmi mluv\u010d\u00edmi. Poskytujeme rychl\u00e9, ekonomick\u00e9 p\u0159eklady a dal\u0161\u00ed druhy p\u0159ekladatelsk\u00fdch slu\u017eeb","breadcrumb":{"@id":"https:\/\/www.bigtranslation.com\/cs#breadcrumb"},"inLanguage":"cs","potentialAction":[{"@type":"ReadAction","target":["https:\/\/www.bigtranslation.com\/cs"]}]},{"@type":"BreadcrumbList","@id":"https:\/\/www.bigtranslation.com\/cs#breadcrumb","itemListElement":[{"@type":"ListItem","position":1,"name":"Home","item":"https:\/\/www.bigtranslation.com\/cs"},{"@type":"ListItem","position":2,"name":"P\u0159ekladatelsk\u00e1 agentura"}]},{"@type":"WebSite","@id":"https:\/\/www.bigtranslation.com\/cs#website","url":"https:\/\/www.bigtranslation.com\/cs","name":"BigTranslation","description":"Native and Professional translators","potentialAction":[{"@type":"SearchAction","target":{"@type":"EntryPoint","urlTemplate":"https:\/\/www.bigtranslation.com\/cs?s={search_term_string}"},"query-input":"required name=search_term_string"}],"inLanguage":"cs"}]}},"acf":[],"amp_enabled":true,"_links":{"self":[{"href":"https:\/\/www.bigtranslation.com\/cs\/wp-json\/wp\/v2\/pages\/4091"}],"collection":[{"href":"https:\/\/www.bigtranslation.com\/cs\/wp-json\/wp\/v2\/pages"}],"about":[{"href":"https:\/\/www.bigtranslation.com\/cs\/wp-json\/wp\/v2\/types\/page"}],"author":[{"embeddable":true,"href":"https:\/\/www.bigtranslation.com\/cs\/wp-json\/wp\/v2\/users\/1"}],"replies":[{"embeddable":true,"href":"https:\/\/www.bigtranslation.com\/cs\/wp-json\/wp\/v2\/comments?post=4091"}],"version-history":[{"count":1,"href":"https:\/\/www.bigtranslation.com\/cs\/wp-json\/wp\/v2\/pages\/4091\/revisions"}],"predecessor-version":[{"id":4098,"href":"https:\/\/www.bigtranslation.com\/cs\/wp-json\/wp\/v2\/pages\/4091\/revisions\/4098"}],"wp:attachment":[{"href":"https:\/\/www.bigtranslation.com\/cs\/wp-json\/wp\/v2\/media?parent=4091"}],"curies":[{"name":"wp","href":"https:\/\/api.w.org\/{rel}","templated":true}]}}