{"id":4128,"date":"2021-08-26T11:45:01","date_gmt":"2021-08-26T11:45:01","guid":{"rendered":"https:\/\/www.bigtranslation.com\/professional-translation-services\/"},"modified":"2021-09-20T09:03:41","modified_gmt":"2021-09-20T09:03:41","slug":"profesionalni-prekladatelske-sluzby","status":"publish","type":"page","link":"https:\/\/www.bigtranslation.com\/cs\/profesionalni-prekladatelske-sluzby","title":{"rendered":"Profesion\u00e1ln\u00ed p\u0159ekladatelsk\u00e9 slu\u017eby"},"content":{"rendered":"","protected":false},"excerpt":{"rendered":"","protected":false},"author":1,"featured_media":0,"parent":0,"menu_order":1,"comment_status":"closed","ping_status":"closed","template":"page-templates\/template-professional-translation-services.php","meta":{"footnotes":""},"yoast_head":"<!-- This site is optimized with the Yoast SEO plugin v21.8.1 - https:\/\/yoast.com\/wordpress\/plugins\/seo\/ -->\n<title>Profesion\u00e1ln\u00ed p\u0159ekladatelsk\u00e9 slu\u017eby |<\/title>\n<meta name=\"description\" content=\"P\u0159ekladatel\u00e9 na\u0161\u00ed profesion\u00e1ln\u00ed p\u0159ekladatelsk\u00e9 agentury p\u0159ekl\u00e1daj\u00ed z a do v\u0161ech evropsk\u00fdch jazyk\u016f. Zjist\u011bte v\u00edce o na\u0161ich p\u0159ekladatelsk\u00fdch slu\u017eb\u00e1ch je\u0161t\u011b dnes.\" \/>\n<meta name=\"robots\" content=\"index, follow, max-snippet:-1, max-image-preview:large, max-video-preview:-1\" \/>\n<link rel=\"canonical\" href=\"https:\/\/www.bigtranslation.com\/cs\/profesionalni-prekladatelske-sluzby\" \/>\n<meta property=\"og:locale\" content=\"cs_CZ\" \/>\n<meta property=\"og:type\" content=\"article\" \/>\n<meta property=\"og:title\" content=\"Profesion\u00e1ln\u00ed p\u0159ekladatelsk\u00e9 slu\u017eby |\" \/>\n<meta property=\"og:description\" content=\"P\u0159ekladatel\u00e9 na\u0161\u00ed profesion\u00e1ln\u00ed p\u0159ekladatelsk\u00e9 agentury p\u0159ekl\u00e1daj\u00ed z a do v\u0161ech evropsk\u00fdch jazyk\u016f. Zjist\u011bte v\u00edce o na\u0161ich p\u0159ekladatelsk\u00fdch slu\u017eb\u00e1ch je\u0161t\u011b dnes.\" \/>\n<meta property=\"og:url\" content=\"https:\/\/www.bigtranslation.com\/cs\/profesionalni-prekladatelske-sluzby\" \/>\n<meta property=\"og:site_name\" content=\"BigTranslation\" \/>\n<meta property=\"article:modified_time\" content=\"2021-09-20T09:03:41+00:00\" \/>\n<meta name=\"twitter:card\" content=\"summary_large_image\" \/>\n<script type=\"application\/ld+json\" class=\"yoast-schema-graph\">{\"@context\":\"https:\/\/schema.org\",\"@graph\":[{\"@type\":\"WebPage\",\"@id\":\"https:\/\/www.bigtranslation.com\/cs\/profesionalni-prekladatelske-sluzby\",\"url\":\"https:\/\/www.bigtranslation.com\/cs\/profesionalni-prekladatelske-sluzby\",\"name\":\"Profesion\u00e1ln\u00ed p\u0159ekladatelsk\u00e9 slu\u017eby |\",\"isPartOf\":{\"@id\":\"https:\/\/www.bigtranslation.com\/cs#website\"},\"datePublished\":\"2021-08-26T11:45:01+00:00\",\"dateModified\":\"2021-09-20T09:03:41+00:00\",\"description\":\"P\u0159ekladatel\u00e9 na\u0161\u00ed profesion\u00e1ln\u00ed p\u0159ekladatelsk\u00e9 agentury p\u0159ekl\u00e1daj\u00ed z a do v\u0161ech evropsk\u00fdch jazyk\u016f. Zjist\u011bte v\u00edce o na\u0161ich p\u0159ekladatelsk\u00fdch slu\u017eb\u00e1ch je\u0161t\u011b dnes.\",\"breadcrumb\":{\"@id\":\"https:\/\/www.bigtranslation.com\/cs\/profesionalni-prekladatelske-sluzby#breadcrumb\"},\"inLanguage\":\"cs\",\"potentialAction\":[{\"@type\":\"ReadAction\",\"target\":[\"https:\/\/www.bigtranslation.com\/cs\/profesionalni-prekladatelske-sluzby\"]}]},{\"@type\":\"BreadcrumbList\",\"@id\":\"https:\/\/www.bigtranslation.com\/cs\/profesionalni-prekladatelske-sluzby#breadcrumb\",\"itemListElement\":[{\"@type\":\"ListItem\",\"position\":1,\"name\":\"Home\",\"item\":\"https:\/\/www.bigtranslation.com\/cs\"},{\"@type\":\"ListItem\",\"position\":2,\"name\":\"Profesion\u00e1ln\u00ed p\u0159ekladatelsk\u00e9 slu\u017eby\"}]},{\"@type\":\"WebSite\",\"@id\":\"https:\/\/www.bigtranslation.com\/cs#website\",\"url\":\"https:\/\/www.bigtranslation.com\/cs\",\"name\":\"BigTranslation\",\"description\":\"Native and Professional translators\",\"potentialAction\":[{\"@type\":\"SearchAction\",\"target\":{\"@type\":\"EntryPoint\",\"urlTemplate\":\"https:\/\/www.bigtranslation.com\/cs?s={search_term_string}\"},\"query-input\":\"required name=search_term_string\"}],\"inLanguage\":\"cs\"}]}<\/script>\n<!-- \/ Yoast SEO plugin. -->","yoast_head_json":{"title":"Profesion\u00e1ln\u00ed p\u0159ekladatelsk\u00e9 slu\u017eby |","description":"P\u0159ekladatel\u00e9 na\u0161\u00ed profesion\u00e1ln\u00ed p\u0159ekladatelsk\u00e9 agentury p\u0159ekl\u00e1daj\u00ed z a do v\u0161ech evropsk\u00fdch jazyk\u016f. Zjist\u011bte v\u00edce o na\u0161ich p\u0159ekladatelsk\u00fdch slu\u017eb\u00e1ch je\u0161t\u011b dnes.","robots":{"index":"index","follow":"follow","max-snippet":"max-snippet:-1","max-image-preview":"max-image-preview:large","max-video-preview":"max-video-preview:-1"},"canonical":"https:\/\/www.bigtranslation.com\/cs\/profesionalni-prekladatelske-sluzby","og_locale":"cs_CZ","og_type":"article","og_title":"Profesion\u00e1ln\u00ed p\u0159ekladatelsk\u00e9 slu\u017eby |","og_description":"P\u0159ekladatel\u00e9 na\u0161\u00ed profesion\u00e1ln\u00ed p\u0159ekladatelsk\u00e9 agentury p\u0159ekl\u00e1daj\u00ed z a do v\u0161ech evropsk\u00fdch jazyk\u016f. Zjist\u011bte v\u00edce o na\u0161ich p\u0159ekladatelsk\u00fdch slu\u017eb\u00e1ch je\u0161t\u011b dnes.","og_url":"https:\/\/www.bigtranslation.com\/cs\/profesionalni-prekladatelske-sluzby","og_site_name":"BigTranslation","article_modified_time":"2021-09-20T09:03:41+00:00","twitter_card":"summary_large_image","schema":{"@context":"https:\/\/schema.org","@graph":[{"@type":"WebPage","@id":"https:\/\/www.bigtranslation.com\/cs\/profesionalni-prekladatelske-sluzby","url":"https:\/\/www.bigtranslation.com\/cs\/profesionalni-prekladatelske-sluzby","name":"Profesion\u00e1ln\u00ed p\u0159ekladatelsk\u00e9 slu\u017eby |","isPartOf":{"@id":"https:\/\/www.bigtranslation.com\/cs#website"},"datePublished":"2021-08-26T11:45:01+00:00","dateModified":"2021-09-20T09:03:41+00:00","description":"P\u0159ekladatel\u00e9 na\u0161\u00ed profesion\u00e1ln\u00ed p\u0159ekladatelsk\u00e9 agentury p\u0159ekl\u00e1daj\u00ed z a do v\u0161ech evropsk\u00fdch jazyk\u016f. Zjist\u011bte v\u00edce o na\u0161ich p\u0159ekladatelsk\u00fdch slu\u017eb\u00e1ch je\u0161t\u011b dnes.","breadcrumb":{"@id":"https:\/\/www.bigtranslation.com\/cs\/profesionalni-prekladatelske-sluzby#breadcrumb"},"inLanguage":"cs","potentialAction":[{"@type":"ReadAction","target":["https:\/\/www.bigtranslation.com\/cs\/profesionalni-prekladatelske-sluzby"]}]},{"@type":"BreadcrumbList","@id":"https:\/\/www.bigtranslation.com\/cs\/profesionalni-prekladatelske-sluzby#breadcrumb","itemListElement":[{"@type":"ListItem","position":1,"name":"Home","item":"https:\/\/www.bigtranslation.com\/cs"},{"@type":"ListItem","position":2,"name":"Profesion\u00e1ln\u00ed p\u0159ekladatelsk\u00e9 slu\u017eby"}]},{"@type":"WebSite","@id":"https:\/\/www.bigtranslation.com\/cs#website","url":"https:\/\/www.bigtranslation.com\/cs","name":"BigTranslation","description":"Native and Professional translators","potentialAction":[{"@type":"SearchAction","target":{"@type":"EntryPoint","urlTemplate":"https:\/\/www.bigtranslation.com\/cs?s={search_term_string}"},"query-input":"required name=search_term_string"}],"inLanguage":"cs"}]}},"acf":[],"amp_enabled":true,"_links":{"self":[{"href":"https:\/\/www.bigtranslation.com\/cs\/wp-json\/wp\/v2\/pages\/4128"}],"collection":[{"href":"https:\/\/www.bigtranslation.com\/cs\/wp-json\/wp\/v2\/pages"}],"about":[{"href":"https:\/\/www.bigtranslation.com\/cs\/wp-json\/wp\/v2\/types\/page"}],"author":[{"embeddable":true,"href":"https:\/\/www.bigtranslation.com\/cs\/wp-json\/wp\/v2\/users\/1"}],"replies":[{"embeddable":true,"href":"https:\/\/www.bigtranslation.com\/cs\/wp-json\/wp\/v2\/comments?post=4128"}],"version-history":[{"count":1,"href":"https:\/\/www.bigtranslation.com\/cs\/wp-json\/wp\/v2\/pages\/4128\/revisions"}],"predecessor-version":[{"id":4139,"href":"https:\/\/www.bigtranslation.com\/cs\/wp-json\/wp\/v2\/pages\/4128\/revisions\/4139"}],"wp:attachment":[{"href":"https:\/\/www.bigtranslation.com\/cs\/wp-json\/wp\/v2\/media?parent=4128"}],"curies":[{"name":"wp","href":"https:\/\/api.w.org\/{rel}","templated":true}]}}