{"id":4161,"date":"2021-06-14T09:08:05","date_gmt":"2021-06-14T09:08:05","guid":{"rendered":"https:\/\/www.bigtranslation.com\/translation-services\/"},"modified":"2021-09-20T09:03:24","modified_gmt":"2021-09-20T09:03:24","slug":"prekladatelske-sluzby","status":"publish","type":"page","link":"https:\/\/www.bigtranslation.com\/cs\/prekladatelske-sluzby","title":{"rendered":"P\u0159ekladatelsk\u00e9 slu\u017eby"},"content":{"rendered":"","protected":false},"excerpt":{"rendered":"","protected":false},"author":1,"featured_media":0,"parent":0,"menu_order":1,"comment_status":"closed","ping_status":"closed","template":"page-templates\/template-translation-services.php","meta":{"footnotes":""},"yoast_head":"<!-- This site is optimized with the Yoast SEO plugin v21.8.1 - https:\/\/yoast.com\/wordpress\/plugins\/seo\/ -->\n<title>P\u0159ekladatelsk\u00e9 slu\u017eby | Slu\u017eby v rukou odborn\u00edk\u016f p\u0159ekl\u00e1daj\u00edc\u00edch do mate\u0159sk\u00e9ho jazyka<\/title>\n<meta name=\"description\" content=\"Profesion\u00e1ln\u00ed p\u0159ekladatelsk\u00e9 slu\u017eby, p\u0159eklady dokument\u016f, p\u0159eklady webov\u00fdch str\u00e1nek, pravopisn\u00e9, gramatick\u00e9 a stylistick\u00e9 korektury.\" \/>\n<meta name=\"robots\" content=\"index, follow, max-snippet:-1, max-image-preview:large, max-video-preview:-1\" \/>\n<link rel=\"canonical\" href=\"https:\/\/www.bigtranslation.com\/cs\/prekladatelske-sluzby\" \/>\n<meta property=\"og:locale\" content=\"cs_CZ\" \/>\n<meta property=\"og:type\" content=\"article\" \/>\n<meta property=\"og:title\" content=\"P\u0159ekladatelsk\u00e9 slu\u017eby | Slu\u017eby v rukou odborn\u00edk\u016f p\u0159ekl\u00e1daj\u00edc\u00edch do mate\u0159sk\u00e9ho jazyka\" \/>\n<meta property=\"og:description\" content=\"Profesion\u00e1ln\u00ed p\u0159ekladatelsk\u00e9 slu\u017eby, p\u0159eklady dokument\u016f, p\u0159eklady webov\u00fdch str\u00e1nek, pravopisn\u00e9, gramatick\u00e9 a stylistick\u00e9 korektury.\" \/>\n<meta property=\"og:url\" content=\"https:\/\/www.bigtranslation.com\/cs\/prekladatelske-sluzby\" \/>\n<meta property=\"og:site_name\" content=\"BigTranslation\" \/>\n<meta property=\"article:modified_time\" content=\"2021-09-20T09:03:24+00:00\" \/>\n<meta name=\"twitter:card\" content=\"summary_large_image\" \/>\n<script type=\"application\/ld+json\" class=\"yoast-schema-graph\">{\"@context\":\"https:\/\/schema.org\",\"@graph\":[{\"@type\":\"WebPage\",\"@id\":\"https:\/\/www.bigtranslation.com\/cs\/prekladatelske-sluzby\",\"url\":\"https:\/\/www.bigtranslation.com\/cs\/prekladatelske-sluzby\",\"name\":\"P\u0159ekladatelsk\u00e9 slu\u017eby | Slu\u017eby v rukou odborn\u00edk\u016f p\u0159ekl\u00e1daj\u00edc\u00edch do mate\u0159sk\u00e9ho jazyka\",\"isPartOf\":{\"@id\":\"https:\/\/www.bigtranslation.com\/cs#website\"},\"datePublished\":\"2021-06-14T09:08:05+00:00\",\"dateModified\":\"2021-09-20T09:03:24+00:00\",\"description\":\"Profesion\u00e1ln\u00ed p\u0159ekladatelsk\u00e9 slu\u017eby, p\u0159eklady dokument\u016f, p\u0159eklady webov\u00fdch str\u00e1nek, pravopisn\u00e9, gramatick\u00e9 a stylistick\u00e9 korektury.\",\"breadcrumb\":{\"@id\":\"https:\/\/www.bigtranslation.com\/cs\/prekladatelske-sluzby#breadcrumb\"},\"inLanguage\":\"cs\",\"potentialAction\":[{\"@type\":\"ReadAction\",\"target\":[\"https:\/\/www.bigtranslation.com\/cs\/prekladatelske-sluzby\"]}]},{\"@type\":\"BreadcrumbList\",\"@id\":\"https:\/\/www.bigtranslation.com\/cs\/prekladatelske-sluzby#breadcrumb\",\"itemListElement\":[{\"@type\":\"ListItem\",\"position\":1,\"name\":\"Home\",\"item\":\"https:\/\/www.bigtranslation.com\/cs\"},{\"@type\":\"ListItem\",\"position\":2,\"name\":\"P\u0159ekladatelsk\u00e9 slu\u017eby\"}]},{\"@type\":\"WebSite\",\"@id\":\"https:\/\/www.bigtranslation.com\/cs#website\",\"url\":\"https:\/\/www.bigtranslation.com\/cs\",\"name\":\"BigTranslation\",\"description\":\"Native and Professional translators\",\"potentialAction\":[{\"@type\":\"SearchAction\",\"target\":{\"@type\":\"EntryPoint\",\"urlTemplate\":\"https:\/\/www.bigtranslation.com\/cs?s={search_term_string}\"},\"query-input\":\"required name=search_term_string\"}],\"inLanguage\":\"cs\"}]}<\/script>\n<!-- \/ Yoast SEO plugin. -->","yoast_head_json":{"title":"P\u0159ekladatelsk\u00e9 slu\u017eby | Slu\u017eby v rukou odborn\u00edk\u016f p\u0159ekl\u00e1daj\u00edc\u00edch do mate\u0159sk\u00e9ho jazyka","description":"Profesion\u00e1ln\u00ed p\u0159ekladatelsk\u00e9 slu\u017eby, p\u0159eklady dokument\u016f, p\u0159eklady webov\u00fdch str\u00e1nek, pravopisn\u00e9, gramatick\u00e9 a stylistick\u00e9 korektury.","robots":{"index":"index","follow":"follow","max-snippet":"max-snippet:-1","max-image-preview":"max-image-preview:large","max-video-preview":"max-video-preview:-1"},"canonical":"https:\/\/www.bigtranslation.com\/cs\/prekladatelske-sluzby","og_locale":"cs_CZ","og_type":"article","og_title":"P\u0159ekladatelsk\u00e9 slu\u017eby | Slu\u017eby v rukou odborn\u00edk\u016f p\u0159ekl\u00e1daj\u00edc\u00edch do mate\u0159sk\u00e9ho jazyka","og_description":"Profesion\u00e1ln\u00ed p\u0159ekladatelsk\u00e9 slu\u017eby, p\u0159eklady dokument\u016f, p\u0159eklady webov\u00fdch str\u00e1nek, pravopisn\u00e9, gramatick\u00e9 a stylistick\u00e9 korektury.","og_url":"https:\/\/www.bigtranslation.com\/cs\/prekladatelske-sluzby","og_site_name":"BigTranslation","article_modified_time":"2021-09-20T09:03:24+00:00","twitter_card":"summary_large_image","schema":{"@context":"https:\/\/schema.org","@graph":[{"@type":"WebPage","@id":"https:\/\/www.bigtranslation.com\/cs\/prekladatelske-sluzby","url":"https:\/\/www.bigtranslation.com\/cs\/prekladatelske-sluzby","name":"P\u0159ekladatelsk\u00e9 slu\u017eby | Slu\u017eby v rukou odborn\u00edk\u016f p\u0159ekl\u00e1daj\u00edc\u00edch do mate\u0159sk\u00e9ho jazyka","isPartOf":{"@id":"https:\/\/www.bigtranslation.com\/cs#website"},"datePublished":"2021-06-14T09:08:05+00:00","dateModified":"2021-09-20T09:03:24+00:00","description":"Profesion\u00e1ln\u00ed p\u0159ekladatelsk\u00e9 slu\u017eby, p\u0159eklady dokument\u016f, p\u0159eklady webov\u00fdch str\u00e1nek, pravopisn\u00e9, gramatick\u00e9 a stylistick\u00e9 korektury.","breadcrumb":{"@id":"https:\/\/www.bigtranslation.com\/cs\/prekladatelske-sluzby#breadcrumb"},"inLanguage":"cs","potentialAction":[{"@type":"ReadAction","target":["https:\/\/www.bigtranslation.com\/cs\/prekladatelske-sluzby"]}]},{"@type":"BreadcrumbList","@id":"https:\/\/www.bigtranslation.com\/cs\/prekladatelske-sluzby#breadcrumb","itemListElement":[{"@type":"ListItem","position":1,"name":"Home","item":"https:\/\/www.bigtranslation.com\/cs"},{"@type":"ListItem","position":2,"name":"P\u0159ekladatelsk\u00e9 slu\u017eby"}]},{"@type":"WebSite","@id":"https:\/\/www.bigtranslation.com\/cs#website","url":"https:\/\/www.bigtranslation.com\/cs","name":"BigTranslation","description":"Native and Professional translators","potentialAction":[{"@type":"SearchAction","target":{"@type":"EntryPoint","urlTemplate":"https:\/\/www.bigtranslation.com\/cs?s={search_term_string}"},"query-input":"required name=search_term_string"}],"inLanguage":"cs"}]}},"acf":[],"amp_enabled":true,"_links":{"self":[{"href":"https:\/\/www.bigtranslation.com\/cs\/wp-json\/wp\/v2\/pages\/4161"}],"collection":[{"href":"https:\/\/www.bigtranslation.com\/cs\/wp-json\/wp\/v2\/pages"}],"about":[{"href":"https:\/\/www.bigtranslation.com\/cs\/wp-json\/wp\/v2\/types\/page"}],"author":[{"embeddable":true,"href":"https:\/\/www.bigtranslation.com\/cs\/wp-json\/wp\/v2\/users\/1"}],"replies":[{"embeddable":true,"href":"https:\/\/www.bigtranslation.com\/cs\/wp-json\/wp\/v2\/comments?post=4161"}],"version-history":[{"count":2,"href":"https:\/\/www.bigtranslation.com\/cs\/wp-json\/wp\/v2\/pages\/4161\/revisions"}],"predecessor-version":[{"id":4166,"href":"https:\/\/www.bigtranslation.com\/cs\/wp-json\/wp\/v2\/pages\/4161\/revisions\/4166"}],"wp:attachment":[{"href":"https:\/\/www.bigtranslation.com\/cs\/wp-json\/wp\/v2\/media?parent=4161"}],"curies":[{"name":"wp","href":"https:\/\/api.w.org\/{rel}","templated":true}]}}