{"id":4204,"date":"2021-07-12T10:39:18","date_gmt":"2021-07-12T10:39:18","guid":{"rendered":"https:\/\/www.bigtranslation.com\/proofreading\/"},"modified":"2021-09-20T09:30:46","modified_gmt":"2021-09-20T09:30:46","slug":"korektury","status":"publish","type":"page","link":"https:\/\/www.bigtranslation.com\/cs\/korektury","title":{"rendered":"Korektury"},"content":{"rendered":"","protected":false},"excerpt":{"rendered":"","protected":false},"author":1,"featured_media":0,"parent":0,"menu_order":4,"comment_status":"closed","ping_status":"closed","template":"page-templates\/template-proofreading.php","meta":{"footnotes":""},"yoast_head":"<!-- This site is optimized with the Yoast SEO plugin v21.8.1 - https:\/\/yoast.com\/wordpress\/plugins\/seo\/ -->\n<title>Korektury | Nab\u00edz\u00edme korektury prov\u00e1d\u011bn\u00e9 rodil\u00fdmi mluv\u010d\u00edmi<\/title>\n<meta name=\"description\" content=\"Korektorsk\u00e9 slu\u017eby jsou z\u00e1kladem profesion\u00e1ln\u00edch p\u0159eklad\u016f. Vyu\u017e\u00edv\u00e1me online p\u0159ekladatelskou platformu s online korekturami. Kontaktujte n\u00e1s pro v\u00edce informac\u00ed\" \/>\n<meta name=\"robots\" content=\"index, follow, max-snippet:-1, max-image-preview:large, max-video-preview:-1\" \/>\n<link rel=\"canonical\" href=\"https:\/\/www.bigtranslation.com\/cs\/korektury\" \/>\n<meta property=\"og:locale\" content=\"cs_CZ\" \/>\n<meta property=\"og:type\" content=\"article\" \/>\n<meta property=\"og:title\" content=\"Korektury | Nab\u00edz\u00edme korektury prov\u00e1d\u011bn\u00e9 rodil\u00fdmi mluv\u010d\u00edmi\" \/>\n<meta property=\"og:description\" content=\"Korektorsk\u00e9 slu\u017eby jsou z\u00e1kladem profesion\u00e1ln\u00edch p\u0159eklad\u016f. Vyu\u017e\u00edv\u00e1me online p\u0159ekladatelskou platformu s online korekturami. Kontaktujte n\u00e1s pro v\u00edce informac\u00ed\" \/>\n<meta property=\"og:url\" content=\"https:\/\/www.bigtranslation.com\/cs\/korektury\" \/>\n<meta property=\"og:site_name\" content=\"BigTranslation\" \/>\n<meta property=\"article:modified_time\" content=\"2021-09-20T09:30:46+00:00\" \/>\n<meta name=\"twitter:card\" content=\"summary_large_image\" \/>\n<script type=\"application\/ld+json\" class=\"yoast-schema-graph\">{\"@context\":\"https:\/\/schema.org\",\"@graph\":[{\"@type\":\"WebPage\",\"@id\":\"https:\/\/www.bigtranslation.com\/cs\/korektury\",\"url\":\"https:\/\/www.bigtranslation.com\/cs\/korektury\",\"name\":\"Korektury | Nab\u00edz\u00edme korektury prov\u00e1d\u011bn\u00e9 rodil\u00fdmi mluv\u010d\u00edmi\",\"isPartOf\":{\"@id\":\"https:\/\/www.bigtranslation.com\/cs#website\"},\"datePublished\":\"2021-07-12T10:39:18+00:00\",\"dateModified\":\"2021-09-20T09:30:46+00:00\",\"description\":\"Korektorsk\u00e9 slu\u017eby jsou z\u00e1kladem profesion\u00e1ln\u00edch p\u0159eklad\u016f. Vyu\u017e\u00edv\u00e1me online p\u0159ekladatelskou platformu s online korekturami. Kontaktujte n\u00e1s pro v\u00edce informac\u00ed\",\"breadcrumb\":{\"@id\":\"https:\/\/www.bigtranslation.com\/cs\/korektury#breadcrumb\"},\"inLanguage\":\"cs\",\"potentialAction\":[{\"@type\":\"ReadAction\",\"target\":[\"https:\/\/www.bigtranslation.com\/cs\/korektury\"]}]},{\"@type\":\"BreadcrumbList\",\"@id\":\"https:\/\/www.bigtranslation.com\/cs\/korektury#breadcrumb\",\"itemListElement\":[{\"@type\":\"ListItem\",\"position\":1,\"name\":\"Home\",\"item\":\"https:\/\/www.bigtranslation.com\/cs\"},{\"@type\":\"ListItem\",\"position\":2,\"name\":\"Korektury\"}]},{\"@type\":\"WebSite\",\"@id\":\"https:\/\/www.bigtranslation.com\/cs#website\",\"url\":\"https:\/\/www.bigtranslation.com\/cs\",\"name\":\"BigTranslation\",\"description\":\"Native and Professional translators\",\"potentialAction\":[{\"@type\":\"SearchAction\",\"target\":{\"@type\":\"EntryPoint\",\"urlTemplate\":\"https:\/\/www.bigtranslation.com\/cs?s={search_term_string}\"},\"query-input\":\"required name=search_term_string\"}],\"inLanguage\":\"cs\"}]}<\/script>\n<!-- \/ Yoast SEO plugin. -->","yoast_head_json":{"title":"Korektury | Nab\u00edz\u00edme korektury prov\u00e1d\u011bn\u00e9 rodil\u00fdmi mluv\u010d\u00edmi","description":"Korektorsk\u00e9 slu\u017eby jsou z\u00e1kladem profesion\u00e1ln\u00edch p\u0159eklad\u016f. Vyu\u017e\u00edv\u00e1me online p\u0159ekladatelskou platformu s online korekturami. Kontaktujte n\u00e1s pro v\u00edce informac\u00ed","robots":{"index":"index","follow":"follow","max-snippet":"max-snippet:-1","max-image-preview":"max-image-preview:large","max-video-preview":"max-video-preview:-1"},"canonical":"https:\/\/www.bigtranslation.com\/cs\/korektury","og_locale":"cs_CZ","og_type":"article","og_title":"Korektury | Nab\u00edz\u00edme korektury prov\u00e1d\u011bn\u00e9 rodil\u00fdmi mluv\u010d\u00edmi","og_description":"Korektorsk\u00e9 slu\u017eby jsou z\u00e1kladem profesion\u00e1ln\u00edch p\u0159eklad\u016f. Vyu\u017e\u00edv\u00e1me online p\u0159ekladatelskou platformu s online korekturami. Kontaktujte n\u00e1s pro v\u00edce informac\u00ed","og_url":"https:\/\/www.bigtranslation.com\/cs\/korektury","og_site_name":"BigTranslation","article_modified_time":"2021-09-20T09:30:46+00:00","twitter_card":"summary_large_image","schema":{"@context":"https:\/\/schema.org","@graph":[{"@type":"WebPage","@id":"https:\/\/www.bigtranslation.com\/cs\/korektury","url":"https:\/\/www.bigtranslation.com\/cs\/korektury","name":"Korektury | Nab\u00edz\u00edme korektury prov\u00e1d\u011bn\u00e9 rodil\u00fdmi mluv\u010d\u00edmi","isPartOf":{"@id":"https:\/\/www.bigtranslation.com\/cs#website"},"datePublished":"2021-07-12T10:39:18+00:00","dateModified":"2021-09-20T09:30:46+00:00","description":"Korektorsk\u00e9 slu\u017eby jsou z\u00e1kladem profesion\u00e1ln\u00edch p\u0159eklad\u016f. Vyu\u017e\u00edv\u00e1me online p\u0159ekladatelskou platformu s online korekturami. Kontaktujte n\u00e1s pro v\u00edce informac\u00ed","breadcrumb":{"@id":"https:\/\/www.bigtranslation.com\/cs\/korektury#breadcrumb"},"inLanguage":"cs","potentialAction":[{"@type":"ReadAction","target":["https:\/\/www.bigtranslation.com\/cs\/korektury"]}]},{"@type":"BreadcrumbList","@id":"https:\/\/www.bigtranslation.com\/cs\/korektury#breadcrumb","itemListElement":[{"@type":"ListItem","position":1,"name":"Home","item":"https:\/\/www.bigtranslation.com\/cs"},{"@type":"ListItem","position":2,"name":"Korektury"}]},{"@type":"WebSite","@id":"https:\/\/www.bigtranslation.com\/cs#website","url":"https:\/\/www.bigtranslation.com\/cs","name":"BigTranslation","description":"Native and Professional translators","potentialAction":[{"@type":"SearchAction","target":{"@type":"EntryPoint","urlTemplate":"https:\/\/www.bigtranslation.com\/cs?s={search_term_string}"},"query-input":"required name=search_term_string"}],"inLanguage":"cs"}]}},"acf":[],"amp_enabled":true,"_links":{"self":[{"href":"https:\/\/www.bigtranslation.com\/cs\/wp-json\/wp\/v2\/pages\/4204"}],"collection":[{"href":"https:\/\/www.bigtranslation.com\/cs\/wp-json\/wp\/v2\/pages"}],"about":[{"href":"https:\/\/www.bigtranslation.com\/cs\/wp-json\/wp\/v2\/types\/page"}],"author":[{"embeddable":true,"href":"https:\/\/www.bigtranslation.com\/cs\/wp-json\/wp\/v2\/users\/1"}],"replies":[{"embeddable":true,"href":"https:\/\/www.bigtranslation.com\/cs\/wp-json\/wp\/v2\/comments?post=4204"}],"version-history":[{"count":2,"href":"https:\/\/www.bigtranslation.com\/cs\/wp-json\/wp\/v2\/pages\/4204\/revisions"}],"predecessor-version":[{"id":4207,"href":"https:\/\/www.bigtranslation.com\/cs\/wp-json\/wp\/v2\/pages\/4204\/revisions\/4207"}],"wp:attachment":[{"href":"https:\/\/www.bigtranslation.com\/cs\/wp-json\/wp\/v2\/media?parent=4204"}],"curies":[{"name":"wp","href":"https:\/\/api.w.org\/{rel}","templated":true}]}}