{"id":4219,"date":"2021-07-12T12:16:20","date_gmt":"2021-07-12T12:16:20","guid":{"rendered":"https:\/\/www.bigtranslation.com\/seo-translation\/"},"modified":"2021-09-20T09:36:24","modified_gmt":"2021-09-20T09:36:24","slug":"seo-preklady","status":"publish","type":"page","link":"https:\/\/www.bigtranslation.com\/cs\/seo-preklady","title":{"rendered":"SEO p\u0159eklady"},"content":{"rendered":"","protected":false},"excerpt":{"rendered":"","protected":false},"author":1,"featured_media":0,"parent":0,"menu_order":5,"comment_status":"closed","ping_status":"closed","template":"page-templates\/template-seo-translation.php","meta":{"footnotes":""},"yoast_head":"<!-- This site is optimized with the Yoast SEO plugin v21.8.1 - https:\/\/yoast.com\/wordpress\/plugins\/seo\/ -->\n<title>SEO p\u0159eklady | Zam\u011b\u0159en\u00e1 na SEO p\u0159eklad<\/title>\n<meta name=\"description\" content=\"Agentura si porad\u00ed se SEO p\u0159eklady, m\u00e1me na to t\u00fdm p\u0159ekladatel\u016f, kte\u0159\u00ed se specializuj\u00ed na web p\u0159eklady, aby je vyhled\u00e1va\u010de zobrazovaly na p\u0159edn\u00edch pozic\u00edch.\" \/>\n<meta name=\"robots\" content=\"index, follow, max-snippet:-1, max-image-preview:large, max-video-preview:-1\" \/>\n<link rel=\"canonical\" href=\"https:\/\/www.bigtranslation.com\/cs\/seo-preklady\" \/>\n<meta property=\"og:locale\" content=\"cs_CZ\" \/>\n<meta property=\"og:type\" content=\"article\" \/>\n<meta property=\"og:title\" content=\"SEO p\u0159eklady | Zam\u011b\u0159en\u00e1 na SEO p\u0159eklad\" \/>\n<meta property=\"og:description\" content=\"Agentura si porad\u00ed se SEO p\u0159eklady, m\u00e1me na to t\u00fdm p\u0159ekladatel\u016f, kte\u0159\u00ed se specializuj\u00ed na web p\u0159eklady, aby je vyhled\u00e1va\u010de zobrazovaly na p\u0159edn\u00edch pozic\u00edch.\" \/>\n<meta property=\"og:url\" content=\"https:\/\/www.bigtranslation.com\/cs\/seo-preklady\" \/>\n<meta property=\"og:site_name\" content=\"BigTranslation\" \/>\n<meta property=\"article:modified_time\" content=\"2021-09-20T09:36:24+00:00\" \/>\n<meta name=\"twitter:card\" content=\"summary_large_image\" \/>\n<script type=\"application\/ld+json\" class=\"yoast-schema-graph\">{\"@context\":\"https:\/\/schema.org\",\"@graph\":[{\"@type\":\"WebPage\",\"@id\":\"https:\/\/www.bigtranslation.com\/cs\/seo-preklady\",\"url\":\"https:\/\/www.bigtranslation.com\/cs\/seo-preklady\",\"name\":\"SEO p\u0159eklady | Zam\u011b\u0159en\u00e1 na SEO p\u0159eklad\",\"isPartOf\":{\"@id\":\"https:\/\/www.bigtranslation.com\/cs#website\"},\"datePublished\":\"2021-07-12T12:16:20+00:00\",\"dateModified\":\"2021-09-20T09:36:24+00:00\",\"description\":\"Agentura si porad\u00ed se SEO p\u0159eklady, m\u00e1me na to t\u00fdm p\u0159ekladatel\u016f, kte\u0159\u00ed se specializuj\u00ed na web p\u0159eklady, aby je vyhled\u00e1va\u010de zobrazovaly na p\u0159edn\u00edch pozic\u00edch.\",\"breadcrumb\":{\"@id\":\"https:\/\/www.bigtranslation.com\/cs\/seo-preklady#breadcrumb\"},\"inLanguage\":\"cs\",\"potentialAction\":[{\"@type\":\"ReadAction\",\"target\":[\"https:\/\/www.bigtranslation.com\/cs\/seo-preklady\"]}]},{\"@type\":\"BreadcrumbList\",\"@id\":\"https:\/\/www.bigtranslation.com\/cs\/seo-preklady#breadcrumb\",\"itemListElement\":[{\"@type\":\"ListItem\",\"position\":1,\"name\":\"Home\",\"item\":\"https:\/\/www.bigtranslation.com\/cs\"},{\"@type\":\"ListItem\",\"position\":2,\"name\":\"SEO p\u0159eklady\"}]},{\"@type\":\"WebSite\",\"@id\":\"https:\/\/www.bigtranslation.com\/cs#website\",\"url\":\"https:\/\/www.bigtranslation.com\/cs\",\"name\":\"BigTranslation\",\"description\":\"Native and Professional translators\",\"potentialAction\":[{\"@type\":\"SearchAction\",\"target\":{\"@type\":\"EntryPoint\",\"urlTemplate\":\"https:\/\/www.bigtranslation.com\/cs?s={search_term_string}\"},\"query-input\":\"required name=search_term_string\"}],\"inLanguage\":\"cs\"}]}<\/script>\n<!-- \/ Yoast SEO plugin. -->","yoast_head_json":{"title":"SEO p\u0159eklady | Zam\u011b\u0159en\u00e1 na SEO p\u0159eklad","description":"Agentura si porad\u00ed se SEO p\u0159eklady, m\u00e1me na to t\u00fdm p\u0159ekladatel\u016f, kte\u0159\u00ed se specializuj\u00ed na web p\u0159eklady, aby je vyhled\u00e1va\u010de zobrazovaly na p\u0159edn\u00edch pozic\u00edch.","robots":{"index":"index","follow":"follow","max-snippet":"max-snippet:-1","max-image-preview":"max-image-preview:large","max-video-preview":"max-video-preview:-1"},"canonical":"https:\/\/www.bigtranslation.com\/cs\/seo-preklady","og_locale":"cs_CZ","og_type":"article","og_title":"SEO p\u0159eklady | Zam\u011b\u0159en\u00e1 na SEO p\u0159eklad","og_description":"Agentura si porad\u00ed se SEO p\u0159eklady, m\u00e1me na to t\u00fdm p\u0159ekladatel\u016f, kte\u0159\u00ed se specializuj\u00ed na web p\u0159eklady, aby je vyhled\u00e1va\u010de zobrazovaly na p\u0159edn\u00edch pozic\u00edch.","og_url":"https:\/\/www.bigtranslation.com\/cs\/seo-preklady","og_site_name":"BigTranslation","article_modified_time":"2021-09-20T09:36:24+00:00","twitter_card":"summary_large_image","schema":{"@context":"https:\/\/schema.org","@graph":[{"@type":"WebPage","@id":"https:\/\/www.bigtranslation.com\/cs\/seo-preklady","url":"https:\/\/www.bigtranslation.com\/cs\/seo-preklady","name":"SEO p\u0159eklady | Zam\u011b\u0159en\u00e1 na SEO p\u0159eklad","isPartOf":{"@id":"https:\/\/www.bigtranslation.com\/cs#website"},"datePublished":"2021-07-12T12:16:20+00:00","dateModified":"2021-09-20T09:36:24+00:00","description":"Agentura si porad\u00ed se SEO p\u0159eklady, m\u00e1me na to t\u00fdm p\u0159ekladatel\u016f, kte\u0159\u00ed se specializuj\u00ed na web p\u0159eklady, aby je vyhled\u00e1va\u010de zobrazovaly na p\u0159edn\u00edch pozic\u00edch.","breadcrumb":{"@id":"https:\/\/www.bigtranslation.com\/cs\/seo-preklady#breadcrumb"},"inLanguage":"cs","potentialAction":[{"@type":"ReadAction","target":["https:\/\/www.bigtranslation.com\/cs\/seo-preklady"]}]},{"@type":"BreadcrumbList","@id":"https:\/\/www.bigtranslation.com\/cs\/seo-preklady#breadcrumb","itemListElement":[{"@type":"ListItem","position":1,"name":"Home","item":"https:\/\/www.bigtranslation.com\/cs"},{"@type":"ListItem","position":2,"name":"SEO p\u0159eklady"}]},{"@type":"WebSite","@id":"https:\/\/www.bigtranslation.com\/cs#website","url":"https:\/\/www.bigtranslation.com\/cs","name":"BigTranslation","description":"Native and Professional translators","potentialAction":[{"@type":"SearchAction","target":{"@type":"EntryPoint","urlTemplate":"https:\/\/www.bigtranslation.com\/cs?s={search_term_string}"},"query-input":"required name=search_term_string"}],"inLanguage":"cs"}]}},"acf":[],"amp_enabled":true,"_links":{"self":[{"href":"https:\/\/www.bigtranslation.com\/cs\/wp-json\/wp\/v2\/pages\/4219"}],"collection":[{"href":"https:\/\/www.bigtranslation.com\/cs\/wp-json\/wp\/v2\/pages"}],"about":[{"href":"https:\/\/www.bigtranslation.com\/cs\/wp-json\/wp\/v2\/types\/page"}],"author":[{"embeddable":true,"href":"https:\/\/www.bigtranslation.com\/cs\/wp-json\/wp\/v2\/users\/1"}],"replies":[{"embeddable":true,"href":"https:\/\/www.bigtranslation.com\/cs\/wp-json\/wp\/v2\/comments?post=4219"}],"version-history":[{"count":2,"href":"https:\/\/www.bigtranslation.com\/cs\/wp-json\/wp\/v2\/pages\/4219\/revisions"}],"predecessor-version":[{"id":4224,"href":"https:\/\/www.bigtranslation.com\/cs\/wp-json\/wp\/v2\/pages\/4219\/revisions\/4224"}],"wp:attachment":[{"href":"https:\/\/www.bigtranslation.com\/cs\/wp-json\/wp\/v2\/media?parent=4219"}],"curies":[{"name":"wp","href":"https:\/\/api.w.org\/{rel}","templated":true}]}}