{"id":4261,"date":"2021-07-01T07:43:26","date_gmt":"2021-07-01T07:43:26","guid":{"rendered":"https:\/\/www.bigtranslation.com\/translate-website\/"},"modified":"2021-10-05T05:52:16","modified_gmt":"2021-10-05T05:52:16","slug":"preklad-webovych-stranek","status":"publish","type":"page","link":"https:\/\/www.bigtranslation.com\/cs\/preklad-webovych-stranek","title":{"rendered":"Tp\u0159eklad webov\u00fdch str\u00e1nek"},"content":{"rendered":"","protected":false},"excerpt":{"rendered":"","protected":false},"author":1,"featured_media":0,"parent":0,"menu_order":6,"comment_status":"closed","ping_status":"closed","template":"page-templates\/template-translate-website.php","meta":{"footnotes":""},"yoast_head":"<!-- This site is optimized with the Yoast SEO plugin v21.8.1 - https:\/\/yoast.com\/wordpress\/plugins\/seo\/ -->\n<title>Tp\u0159eklad webov\u00fdch str\u00e1nek | Specializovan\u00ed na p\u0159eklad webov\u00fdch str\u00e1nek<\/title>\n<meta name=\"description\" content=\"Na\u0161e p\u0159ekladatelsk\u00e1 agentura nab\u00edz\u00ed slu\u017eby z oblasti p\u0159ekladu webov\u00fdch str\u00e1nek a SEO p\u0159eklad\u016f. P\u0159elo\u017ete sv\u00e9 webov\u00e9 str\u00e1nky a z\u00edsk\u00e1te nov\u00e9 z\u00e1kazn\u00edky.\" \/>\n<meta name=\"robots\" content=\"index, follow, max-snippet:-1, max-image-preview:large, max-video-preview:-1\" \/>\n<link rel=\"canonical\" href=\"https:\/\/www.bigtranslation.com\/cs\/preklad-webovych-stranek\" \/>\n<meta property=\"og:locale\" content=\"cs_CZ\" \/>\n<meta property=\"og:type\" content=\"article\" \/>\n<meta property=\"og:title\" content=\"Tp\u0159eklad webov\u00fdch str\u00e1nek | Specializovan\u00ed na p\u0159eklad webov\u00fdch str\u00e1nek\" \/>\n<meta property=\"og:description\" content=\"Na\u0161e p\u0159ekladatelsk\u00e1 agentura nab\u00edz\u00ed slu\u017eby z oblasti p\u0159ekladu webov\u00fdch str\u00e1nek a SEO p\u0159eklad\u016f. P\u0159elo\u017ete sv\u00e9 webov\u00e9 str\u00e1nky a z\u00edsk\u00e1te nov\u00e9 z\u00e1kazn\u00edky.\" \/>\n<meta property=\"og:url\" content=\"https:\/\/www.bigtranslation.com\/cs\/preklad-webovych-stranek\" \/>\n<meta property=\"og:site_name\" content=\"BigTranslation\" \/>\n<meta property=\"article:modified_time\" content=\"2021-10-05T05:52:16+00:00\" \/>\n<meta name=\"twitter:card\" content=\"summary_large_image\" \/>\n<script type=\"application\/ld+json\" class=\"yoast-schema-graph\">{\"@context\":\"https:\/\/schema.org\",\"@graph\":[{\"@type\":\"WebPage\",\"@id\":\"https:\/\/www.bigtranslation.com\/cs\/preklad-webovych-stranek\",\"url\":\"https:\/\/www.bigtranslation.com\/cs\/preklad-webovych-stranek\",\"name\":\"Tp\u0159eklad webov\u00fdch str\u00e1nek | Specializovan\u00ed na p\u0159eklad webov\u00fdch str\u00e1nek\",\"isPartOf\":{\"@id\":\"https:\/\/www.bigtranslation.com\/cs#website\"},\"datePublished\":\"2021-07-01T07:43:26+00:00\",\"dateModified\":\"2021-10-05T05:52:16+00:00\",\"description\":\"Na\u0161e p\u0159ekladatelsk\u00e1 agentura nab\u00edz\u00ed slu\u017eby z oblasti p\u0159ekladu webov\u00fdch str\u00e1nek a SEO p\u0159eklad\u016f. P\u0159elo\u017ete sv\u00e9 webov\u00e9 str\u00e1nky a z\u00edsk\u00e1te nov\u00e9 z\u00e1kazn\u00edky.\",\"breadcrumb\":{\"@id\":\"https:\/\/www.bigtranslation.com\/cs\/preklad-webovych-stranek#breadcrumb\"},\"inLanguage\":\"cs\",\"potentialAction\":[{\"@type\":\"ReadAction\",\"target\":[\"https:\/\/www.bigtranslation.com\/cs\/preklad-webovych-stranek\"]}]},{\"@type\":\"BreadcrumbList\",\"@id\":\"https:\/\/www.bigtranslation.com\/cs\/preklad-webovych-stranek#breadcrumb\",\"itemListElement\":[{\"@type\":\"ListItem\",\"position\":1,\"name\":\"Home\",\"item\":\"https:\/\/www.bigtranslation.com\/cs\"},{\"@type\":\"ListItem\",\"position\":2,\"name\":\"Tp\u0159eklad webov\u00fdch str\u00e1nek\"}]},{\"@type\":\"WebSite\",\"@id\":\"https:\/\/www.bigtranslation.com\/cs#website\",\"url\":\"https:\/\/www.bigtranslation.com\/cs\",\"name\":\"BigTranslation\",\"description\":\"Native and Professional translators\",\"potentialAction\":[{\"@type\":\"SearchAction\",\"target\":{\"@type\":\"EntryPoint\",\"urlTemplate\":\"https:\/\/www.bigtranslation.com\/cs?s={search_term_string}\"},\"query-input\":\"required name=search_term_string\"}],\"inLanguage\":\"cs\"}]}<\/script>\n<!-- \/ Yoast SEO plugin. -->","yoast_head_json":{"title":"Tp\u0159eklad webov\u00fdch str\u00e1nek | Specializovan\u00ed na p\u0159eklad webov\u00fdch str\u00e1nek","description":"Na\u0161e p\u0159ekladatelsk\u00e1 agentura nab\u00edz\u00ed slu\u017eby z oblasti p\u0159ekladu webov\u00fdch str\u00e1nek a SEO p\u0159eklad\u016f. P\u0159elo\u017ete sv\u00e9 webov\u00e9 str\u00e1nky a z\u00edsk\u00e1te nov\u00e9 z\u00e1kazn\u00edky.","robots":{"index":"index","follow":"follow","max-snippet":"max-snippet:-1","max-image-preview":"max-image-preview:large","max-video-preview":"max-video-preview:-1"},"canonical":"https:\/\/www.bigtranslation.com\/cs\/preklad-webovych-stranek","og_locale":"cs_CZ","og_type":"article","og_title":"Tp\u0159eklad webov\u00fdch str\u00e1nek | Specializovan\u00ed na p\u0159eklad webov\u00fdch str\u00e1nek","og_description":"Na\u0161e p\u0159ekladatelsk\u00e1 agentura nab\u00edz\u00ed slu\u017eby z oblasti p\u0159ekladu webov\u00fdch str\u00e1nek a SEO p\u0159eklad\u016f. P\u0159elo\u017ete sv\u00e9 webov\u00e9 str\u00e1nky a z\u00edsk\u00e1te nov\u00e9 z\u00e1kazn\u00edky.","og_url":"https:\/\/www.bigtranslation.com\/cs\/preklad-webovych-stranek","og_site_name":"BigTranslation","article_modified_time":"2021-10-05T05:52:16+00:00","twitter_card":"summary_large_image","schema":{"@context":"https:\/\/schema.org","@graph":[{"@type":"WebPage","@id":"https:\/\/www.bigtranslation.com\/cs\/preklad-webovych-stranek","url":"https:\/\/www.bigtranslation.com\/cs\/preklad-webovych-stranek","name":"Tp\u0159eklad webov\u00fdch str\u00e1nek | Specializovan\u00ed na p\u0159eklad webov\u00fdch str\u00e1nek","isPartOf":{"@id":"https:\/\/www.bigtranslation.com\/cs#website"},"datePublished":"2021-07-01T07:43:26+00:00","dateModified":"2021-10-05T05:52:16+00:00","description":"Na\u0161e p\u0159ekladatelsk\u00e1 agentura nab\u00edz\u00ed slu\u017eby z oblasti p\u0159ekladu webov\u00fdch str\u00e1nek a SEO p\u0159eklad\u016f. P\u0159elo\u017ete sv\u00e9 webov\u00e9 str\u00e1nky a z\u00edsk\u00e1te nov\u00e9 z\u00e1kazn\u00edky.","breadcrumb":{"@id":"https:\/\/www.bigtranslation.com\/cs\/preklad-webovych-stranek#breadcrumb"},"inLanguage":"cs","potentialAction":[{"@type":"ReadAction","target":["https:\/\/www.bigtranslation.com\/cs\/preklad-webovych-stranek"]}]},{"@type":"BreadcrumbList","@id":"https:\/\/www.bigtranslation.com\/cs\/preklad-webovych-stranek#breadcrumb","itemListElement":[{"@type":"ListItem","position":1,"name":"Home","item":"https:\/\/www.bigtranslation.com\/cs"},{"@type":"ListItem","position":2,"name":"Tp\u0159eklad webov\u00fdch str\u00e1nek"}]},{"@type":"WebSite","@id":"https:\/\/www.bigtranslation.com\/cs#website","url":"https:\/\/www.bigtranslation.com\/cs","name":"BigTranslation","description":"Native and Professional translators","potentialAction":[{"@type":"SearchAction","target":{"@type":"EntryPoint","urlTemplate":"https:\/\/www.bigtranslation.com\/cs?s={search_term_string}"},"query-input":"required name=search_term_string"}],"inLanguage":"cs"}]}},"acf":[],"amp_enabled":true,"_links":{"self":[{"href":"https:\/\/www.bigtranslation.com\/cs\/wp-json\/wp\/v2\/pages\/4261"}],"collection":[{"href":"https:\/\/www.bigtranslation.com\/cs\/wp-json\/wp\/v2\/pages"}],"about":[{"href":"https:\/\/www.bigtranslation.com\/cs\/wp-json\/wp\/v2\/types\/page"}],"author":[{"embeddable":true,"href":"https:\/\/www.bigtranslation.com\/cs\/wp-json\/wp\/v2\/users\/1"}],"replies":[{"embeddable":true,"href":"https:\/\/www.bigtranslation.com\/cs\/wp-json\/wp\/v2\/comments?post=4261"}],"version-history":[{"count":1,"href":"https:\/\/www.bigtranslation.com\/cs\/wp-json\/wp\/v2\/pages\/4261\/revisions"}],"predecessor-version":[{"id":4276,"href":"https:\/\/www.bigtranslation.com\/cs\/wp-json\/wp\/v2\/pages\/4261\/revisions\/4276"}],"wp:attachment":[{"href":"https:\/\/www.bigtranslation.com\/cs\/wp-json\/wp\/v2\/media?parent=4261"}],"curies":[{"name":"wp","href":"https:\/\/api.w.org\/{rel}","templated":true}]}}