{"id":4293,"date":"2021-07-01T12:53:45","date_gmt":"2021-07-01T12:53:45","guid":{"rendered":"https:\/\/www.bigtranslation.com\/translate-wordpress\/"},"modified":"2022-02-21T07:34:19","modified_gmt":"2022-02-21T07:34:19","slug":"preklad-wordpress","status":"publish","type":"page","link":"https:\/\/www.bigtranslation.com\/cs\/preklad-wordpress","title":{"rendered":"P\u0159elo\u017ete svou webovou str\u00e1nku WordPress pomoc\u00ed WPML a BigTranslation"},"content":{"rendered":"","protected":false},"excerpt":{"rendered":"","protected":false},"author":1,"featured_media":0,"parent":0,"menu_order":7,"comment_status":"closed","ping_status":"closed","template":"page-templates\/template-translate-wordpress.php","meta":{"footnotes":""},"yoast_head":"<!-- This site is optimized with the Yoast SEO plugin v21.8.1 - https:\/\/yoast.com\/wordpress\/plugins\/seo\/ -->\n<title>P\u0159elo\u017ete svou webovou str\u00e1nku WordPress pomoc\u00ed WPML a BigTranslation | P\u0159ekladatelsk\u00e1 agentura<\/title>\n<meta name=\"description\" content=\"Na\u0161e integrace optimalizuje pracovn\u00ed postupy a umo\u017e\u0148uje V\u00e1m poslat V\u00e1\u0161 obsah k p\u0159ekladu a publikov\u00e1n\u00ed na Va\u0161ich str\u00e1nk\u00e1ch bez toho, ani\u017e byste museli opou\u0161t\u011bt platformu Wordpress!\" \/>\n<meta name=\"robots\" content=\"index, follow, max-snippet:-1, max-image-preview:large, max-video-preview:-1\" \/>\n<link rel=\"canonical\" href=\"https:\/\/www.bigtranslation.com\/cs\/preklad-wordpress\" \/>\n<meta property=\"og:locale\" content=\"cs_CZ\" \/>\n<meta property=\"og:type\" content=\"article\" \/>\n<meta property=\"og:title\" content=\"P\u0159elo\u017ete svou webovou str\u00e1nku WordPress pomoc\u00ed WPML a BigTranslation | P\u0159ekladatelsk\u00e1 agentura\" \/>\n<meta property=\"og:description\" content=\"Na\u0161e integrace optimalizuje pracovn\u00ed postupy a umo\u017e\u0148uje V\u00e1m poslat V\u00e1\u0161 obsah k p\u0159ekladu a publikov\u00e1n\u00ed na Va\u0161ich str\u00e1nk\u00e1ch bez toho, ani\u017e byste museli opou\u0161t\u011bt platformu Wordpress!\" \/>\n<meta property=\"og:url\" content=\"https:\/\/www.bigtranslation.com\/cs\/preklad-wordpress\" \/>\n<meta property=\"og:site_name\" content=\"BigTranslation\" \/>\n<meta property=\"article:modified_time\" content=\"2022-02-21T07:34:19+00:00\" \/>\n<meta name=\"twitter:card\" content=\"summary_large_image\" \/>\n<script type=\"application\/ld+json\" class=\"yoast-schema-graph\">{\"@context\":\"https:\/\/schema.org\",\"@graph\":[{\"@type\":\"WebPage\",\"@id\":\"https:\/\/www.bigtranslation.com\/cs\/preklad-wordpress\",\"url\":\"https:\/\/www.bigtranslation.com\/cs\/preklad-wordpress\",\"name\":\"P\u0159elo\u017ete svou webovou str\u00e1nku WordPress pomoc\u00ed WPML a BigTranslation | P\u0159ekladatelsk\u00e1 agentura\",\"isPartOf\":{\"@id\":\"https:\/\/www.bigtranslation.com\/cs#website\"},\"datePublished\":\"2021-07-01T12:53:45+00:00\",\"dateModified\":\"2022-02-21T07:34:19+00:00\",\"description\":\"Na\u0161e integrace optimalizuje pracovn\u00ed postupy a umo\u017e\u0148uje V\u00e1m poslat V\u00e1\u0161 obsah k p\u0159ekladu a publikov\u00e1n\u00ed na Va\u0161ich str\u00e1nk\u00e1ch bez toho, ani\u017e byste museli opou\u0161t\u011bt platformu Wordpress!\",\"breadcrumb\":{\"@id\":\"https:\/\/www.bigtranslation.com\/cs\/preklad-wordpress#breadcrumb\"},\"inLanguage\":\"cs\",\"potentialAction\":[{\"@type\":\"ReadAction\",\"target\":[\"https:\/\/www.bigtranslation.com\/cs\/preklad-wordpress\"]}]},{\"@type\":\"BreadcrumbList\",\"@id\":\"https:\/\/www.bigtranslation.com\/cs\/preklad-wordpress#breadcrumb\",\"itemListElement\":[{\"@type\":\"ListItem\",\"position\":1,\"name\":\"Home\",\"item\":\"https:\/\/www.bigtranslation.com\/cs\"},{\"@type\":\"ListItem\",\"position\":2,\"name\":\"P\u0159elo\u017ete svou webovou str\u00e1nku WordPress pomoc\u00ed WPML a BigTranslation\"}]},{\"@type\":\"WebSite\",\"@id\":\"https:\/\/www.bigtranslation.com\/cs#website\",\"url\":\"https:\/\/www.bigtranslation.com\/cs\",\"name\":\"BigTranslation\",\"description\":\"Native and Professional translators\",\"potentialAction\":[{\"@type\":\"SearchAction\",\"target\":{\"@type\":\"EntryPoint\",\"urlTemplate\":\"https:\/\/www.bigtranslation.com\/cs?s={search_term_string}\"},\"query-input\":\"required name=search_term_string\"}],\"inLanguage\":\"cs\"}]}<\/script>\n<!-- \/ Yoast SEO plugin. -->","yoast_head_json":{"title":"P\u0159elo\u017ete svou webovou str\u00e1nku WordPress pomoc\u00ed WPML a BigTranslation | P\u0159ekladatelsk\u00e1 agentura","description":"Na\u0161e integrace optimalizuje pracovn\u00ed postupy a umo\u017e\u0148uje V\u00e1m poslat V\u00e1\u0161 obsah k p\u0159ekladu a publikov\u00e1n\u00ed na Va\u0161ich str\u00e1nk\u00e1ch bez toho, ani\u017e byste museli opou\u0161t\u011bt platformu Wordpress!","robots":{"index":"index","follow":"follow","max-snippet":"max-snippet:-1","max-image-preview":"max-image-preview:large","max-video-preview":"max-video-preview:-1"},"canonical":"https:\/\/www.bigtranslation.com\/cs\/preklad-wordpress","og_locale":"cs_CZ","og_type":"article","og_title":"P\u0159elo\u017ete svou webovou str\u00e1nku WordPress pomoc\u00ed WPML a BigTranslation | P\u0159ekladatelsk\u00e1 agentura","og_description":"Na\u0161e integrace optimalizuje pracovn\u00ed postupy a umo\u017e\u0148uje V\u00e1m poslat V\u00e1\u0161 obsah k p\u0159ekladu a publikov\u00e1n\u00ed na Va\u0161ich str\u00e1nk\u00e1ch bez toho, ani\u017e byste museli opou\u0161t\u011bt platformu Wordpress!","og_url":"https:\/\/www.bigtranslation.com\/cs\/preklad-wordpress","og_site_name":"BigTranslation","article_modified_time":"2022-02-21T07:34:19+00:00","twitter_card":"summary_large_image","schema":{"@context":"https:\/\/schema.org","@graph":[{"@type":"WebPage","@id":"https:\/\/www.bigtranslation.com\/cs\/preklad-wordpress","url":"https:\/\/www.bigtranslation.com\/cs\/preklad-wordpress","name":"P\u0159elo\u017ete svou webovou str\u00e1nku WordPress pomoc\u00ed WPML a BigTranslation | P\u0159ekladatelsk\u00e1 agentura","isPartOf":{"@id":"https:\/\/www.bigtranslation.com\/cs#website"},"datePublished":"2021-07-01T12:53:45+00:00","dateModified":"2022-02-21T07:34:19+00:00","description":"Na\u0161e integrace optimalizuje pracovn\u00ed postupy a umo\u017e\u0148uje V\u00e1m poslat V\u00e1\u0161 obsah k p\u0159ekladu a publikov\u00e1n\u00ed na Va\u0161ich str\u00e1nk\u00e1ch bez toho, ani\u017e byste museli opou\u0161t\u011bt platformu Wordpress!","breadcrumb":{"@id":"https:\/\/www.bigtranslation.com\/cs\/preklad-wordpress#breadcrumb"},"inLanguage":"cs","potentialAction":[{"@type":"ReadAction","target":["https:\/\/www.bigtranslation.com\/cs\/preklad-wordpress"]}]},{"@type":"BreadcrumbList","@id":"https:\/\/www.bigtranslation.com\/cs\/preklad-wordpress#breadcrumb","itemListElement":[{"@type":"ListItem","position":1,"name":"Home","item":"https:\/\/www.bigtranslation.com\/cs"},{"@type":"ListItem","position":2,"name":"P\u0159elo\u017ete svou webovou str\u00e1nku WordPress pomoc\u00ed WPML a BigTranslation"}]},{"@type":"WebSite","@id":"https:\/\/www.bigtranslation.com\/cs#website","url":"https:\/\/www.bigtranslation.com\/cs","name":"BigTranslation","description":"Native and Professional translators","potentialAction":[{"@type":"SearchAction","target":{"@type":"EntryPoint","urlTemplate":"https:\/\/www.bigtranslation.com\/cs?s={search_term_string}"},"query-input":"required name=search_term_string"}],"inLanguage":"cs"}]}},"acf":[],"amp_enabled":false,"_links":{"self":[{"href":"https:\/\/www.bigtranslation.com\/cs\/wp-json\/wp\/v2\/pages\/4293"}],"collection":[{"href":"https:\/\/www.bigtranslation.com\/cs\/wp-json\/wp\/v2\/pages"}],"about":[{"href":"https:\/\/www.bigtranslation.com\/cs\/wp-json\/wp\/v2\/types\/page"}],"author":[{"embeddable":true,"href":"https:\/\/www.bigtranslation.com\/cs\/wp-json\/wp\/v2\/users\/1"}],"replies":[{"embeddable":true,"href":"https:\/\/www.bigtranslation.com\/cs\/wp-json\/wp\/v2\/comments?post=4293"}],"version-history":[{"count":2,"href":"https:\/\/www.bigtranslation.com\/cs\/wp-json\/wp\/v2\/pages\/4293\/revisions"}],"predecessor-version":[{"id":4301,"href":"https:\/\/www.bigtranslation.com\/cs\/wp-json\/wp\/v2\/pages\/4293\/revisions\/4301"}],"wp:attachment":[{"href":"https:\/\/www.bigtranslation.com\/cs\/wp-json\/wp\/v2\/media?parent=4293"}],"curies":[{"name":"wp","href":"https:\/\/api.w.org\/{rel}","templated":true}]}}