{"id":4468,"date":"2021-06-17T07:42:20","date_gmt":"2021-06-17T07:42:20","guid":{"rendered":"https:\/\/www.bigtranslation.com\/professional-translators\/"},"modified":"2021-09-20T11:29:00","modified_gmt":"2021-09-20T11:29:00","slug":"prekladatele","status":"publish","type":"page","link":"https:\/\/www.bigtranslation.com\/cs\/prekladatele","title":{"rendered":"Profesion\u00e1ln\u00ed p\u0159ekladatel"},"content":{"rendered":"","protected":false},"excerpt":{"rendered":"","protected":false},"author":1,"featured_media":0,"parent":0,"menu_order":23,"comment_status":"closed","ping_status":"closed","template":"page-templates\/template-professional-translators.php","meta":{"footnotes":""},"yoast_head":"<!-- This site is optimized with the Yoast SEO plugin v21.8.1 - https:\/\/yoast.com\/wordpress\/plugins\/seo\/ -->\n<title>Profesion\u00e1ln\u00ed p\u0159ekladatel | P\u0159ekladatelsk\u00e1 agentura<\/title>\n<meta name=\"description\" content=\"Pokud jste profesion\u00e1ln\u00ed p\u0159ekladatel, za\u010dn\u011bte pracovat u n\u00e1s. Hled\u00e1me p\u0159ekladatele do mate\u0159sk\u00e9ho jazyka se zku\u0161enostmi z oblasti SEO p\u0159eklad\u016f a online korektur.\" \/>\n<meta name=\"robots\" content=\"index, follow, max-snippet:-1, max-image-preview:large, max-video-preview:-1\" \/>\n<link rel=\"canonical\" href=\"https:\/\/www.bigtranslation.com\/cs\/prekladatele\" \/>\n<meta property=\"og:locale\" content=\"cs_CZ\" \/>\n<meta property=\"og:type\" content=\"article\" \/>\n<meta property=\"og:title\" content=\"Profesion\u00e1ln\u00ed p\u0159ekladatel | P\u0159ekladatelsk\u00e1 agentura\" \/>\n<meta property=\"og:description\" content=\"Pokud jste profesion\u00e1ln\u00ed p\u0159ekladatel, za\u010dn\u011bte pracovat u n\u00e1s. Hled\u00e1me p\u0159ekladatele do mate\u0159sk\u00e9ho jazyka se zku\u0161enostmi z oblasti SEO p\u0159eklad\u016f a online korektur.\" \/>\n<meta property=\"og:url\" content=\"https:\/\/www.bigtranslation.com\/cs\/prekladatele\" \/>\n<meta property=\"og:site_name\" content=\"BigTranslation\" \/>\n<meta property=\"article:modified_time\" content=\"2021-09-20T11:29:00+00:00\" \/>\n<meta name=\"twitter:card\" content=\"summary_large_image\" \/>\n<script type=\"application\/ld+json\" class=\"yoast-schema-graph\">{\"@context\":\"https:\/\/schema.org\",\"@graph\":[{\"@type\":\"WebPage\",\"@id\":\"https:\/\/www.bigtranslation.com\/cs\/prekladatele\",\"url\":\"https:\/\/www.bigtranslation.com\/cs\/prekladatele\",\"name\":\"Profesion\u00e1ln\u00ed p\u0159ekladatel | P\u0159ekladatelsk\u00e1 agentura\",\"isPartOf\":{\"@id\":\"https:\/\/www.bigtranslation.com\/cs#website\"},\"datePublished\":\"2021-06-17T07:42:20+00:00\",\"dateModified\":\"2021-09-20T11:29:00+00:00\",\"description\":\"Pokud jste profesion\u00e1ln\u00ed p\u0159ekladatel, za\u010dn\u011bte pracovat u n\u00e1s. Hled\u00e1me p\u0159ekladatele do mate\u0159sk\u00e9ho jazyka se zku\u0161enostmi z oblasti SEO p\u0159eklad\u016f a online korektur.\",\"breadcrumb\":{\"@id\":\"https:\/\/www.bigtranslation.com\/cs\/prekladatele#breadcrumb\"},\"inLanguage\":\"cs\",\"potentialAction\":[{\"@type\":\"ReadAction\",\"target\":[\"https:\/\/www.bigtranslation.com\/cs\/prekladatele\"]}]},{\"@type\":\"BreadcrumbList\",\"@id\":\"https:\/\/www.bigtranslation.com\/cs\/prekladatele#breadcrumb\",\"itemListElement\":[{\"@type\":\"ListItem\",\"position\":1,\"name\":\"Home\",\"item\":\"https:\/\/www.bigtranslation.com\/cs\"},{\"@type\":\"ListItem\",\"position\":2,\"name\":\"Profesion\u00e1ln\u00ed p\u0159ekladatel\"}]},{\"@type\":\"WebSite\",\"@id\":\"https:\/\/www.bigtranslation.com\/cs#website\",\"url\":\"https:\/\/www.bigtranslation.com\/cs\",\"name\":\"BigTranslation\",\"description\":\"Native and Professional translators\",\"potentialAction\":[{\"@type\":\"SearchAction\",\"target\":{\"@type\":\"EntryPoint\",\"urlTemplate\":\"https:\/\/www.bigtranslation.com\/cs?s={search_term_string}\"},\"query-input\":\"required name=search_term_string\"}],\"inLanguage\":\"cs\"}]}<\/script>\n<!-- \/ Yoast SEO plugin. -->","yoast_head_json":{"title":"Profesion\u00e1ln\u00ed p\u0159ekladatel | P\u0159ekladatelsk\u00e1 agentura","description":"Pokud jste profesion\u00e1ln\u00ed p\u0159ekladatel, za\u010dn\u011bte pracovat u n\u00e1s. Hled\u00e1me p\u0159ekladatele do mate\u0159sk\u00e9ho jazyka se zku\u0161enostmi z oblasti SEO p\u0159eklad\u016f a online korektur.","robots":{"index":"index","follow":"follow","max-snippet":"max-snippet:-1","max-image-preview":"max-image-preview:large","max-video-preview":"max-video-preview:-1"},"canonical":"https:\/\/www.bigtranslation.com\/cs\/prekladatele","og_locale":"cs_CZ","og_type":"article","og_title":"Profesion\u00e1ln\u00ed p\u0159ekladatel | P\u0159ekladatelsk\u00e1 agentura","og_description":"Pokud jste profesion\u00e1ln\u00ed p\u0159ekladatel, za\u010dn\u011bte pracovat u n\u00e1s. Hled\u00e1me p\u0159ekladatele do mate\u0159sk\u00e9ho jazyka se zku\u0161enostmi z oblasti SEO p\u0159eklad\u016f a online korektur.","og_url":"https:\/\/www.bigtranslation.com\/cs\/prekladatele","og_site_name":"BigTranslation","article_modified_time":"2021-09-20T11:29:00+00:00","twitter_card":"summary_large_image","schema":{"@context":"https:\/\/schema.org","@graph":[{"@type":"WebPage","@id":"https:\/\/www.bigtranslation.com\/cs\/prekladatele","url":"https:\/\/www.bigtranslation.com\/cs\/prekladatele","name":"Profesion\u00e1ln\u00ed p\u0159ekladatel | P\u0159ekladatelsk\u00e1 agentura","isPartOf":{"@id":"https:\/\/www.bigtranslation.com\/cs#website"},"datePublished":"2021-06-17T07:42:20+00:00","dateModified":"2021-09-20T11:29:00+00:00","description":"Pokud jste profesion\u00e1ln\u00ed p\u0159ekladatel, za\u010dn\u011bte pracovat u n\u00e1s. Hled\u00e1me p\u0159ekladatele do mate\u0159sk\u00e9ho jazyka se zku\u0161enostmi z oblasti SEO p\u0159eklad\u016f a online korektur.","breadcrumb":{"@id":"https:\/\/www.bigtranslation.com\/cs\/prekladatele#breadcrumb"},"inLanguage":"cs","potentialAction":[{"@type":"ReadAction","target":["https:\/\/www.bigtranslation.com\/cs\/prekladatele"]}]},{"@type":"BreadcrumbList","@id":"https:\/\/www.bigtranslation.com\/cs\/prekladatele#breadcrumb","itemListElement":[{"@type":"ListItem","position":1,"name":"Home","item":"https:\/\/www.bigtranslation.com\/cs"},{"@type":"ListItem","position":2,"name":"Profesion\u00e1ln\u00ed p\u0159ekladatel"}]},{"@type":"WebSite","@id":"https:\/\/www.bigtranslation.com\/cs#website","url":"https:\/\/www.bigtranslation.com\/cs","name":"BigTranslation","description":"Native and Professional translators","potentialAction":[{"@type":"SearchAction","target":{"@type":"EntryPoint","urlTemplate":"https:\/\/www.bigtranslation.com\/cs?s={search_term_string}"},"query-input":"required name=search_term_string"}],"inLanguage":"cs"}]}},"acf":[],"amp_enabled":true,"_links":{"self":[{"href":"https:\/\/www.bigtranslation.com\/cs\/wp-json\/wp\/v2\/pages\/4468"}],"collection":[{"href":"https:\/\/www.bigtranslation.com\/cs\/wp-json\/wp\/v2\/pages"}],"about":[{"href":"https:\/\/www.bigtranslation.com\/cs\/wp-json\/wp\/v2\/types\/page"}],"author":[{"embeddable":true,"href":"https:\/\/www.bigtranslation.com\/cs\/wp-json\/wp\/v2\/users\/1"}],"replies":[{"embeddable":true,"href":"https:\/\/www.bigtranslation.com\/cs\/wp-json\/wp\/v2\/comments?post=4468"}],"version-history":[{"count":2,"href":"https:\/\/www.bigtranslation.com\/cs\/wp-json\/wp\/v2\/pages\/4468\/revisions"}],"predecessor-version":[{"id":4470,"href":"https:\/\/www.bigtranslation.com\/cs\/wp-json\/wp\/v2\/pages\/4468\/revisions\/4470"}],"wp:attachment":[{"href":"https:\/\/www.bigtranslation.com\/cs\/wp-json\/wp\/v2\/media?parent=4468"}],"curies":[{"name":"wp","href":"https:\/\/api.w.org\/{rel}","templated":true}]}}