{"id":4577,"date":"2021-07-14T09:46:27","date_gmt":"2021-07-14T09:46:27","guid":{"rendered":"https:\/\/www.bigtranslation.com\/automated-platform\/"},"modified":"2021-09-20T12:34:38","modified_gmt":"2021-09-20T12:34:38","slug":"automatizovany-portal","status":"publish","type":"page","link":"https:\/\/www.bigtranslation.com\/cs\/automatizovany-portal","title":{"rendered":"Automatizovan\u00fd port\u00e1l"},"content":{"rendered":"","protected":false},"excerpt":{"rendered":"","protected":false},"author":1,"featured_media":0,"parent":0,"menu_order":27,"comment_status":"closed","ping_status":"closed","template":"page-templates\/template-order-management.php","meta":{"footnotes":""},"yoast_head":"<!-- This site is optimized with the Yoast SEO plugin v21.8.1 - https:\/\/yoast.com\/wordpress\/plugins\/seo\/ -->\n<title>Automatizovan\u00fd port\u00e1l | P\u0159ekladatelsk\u00e1 agentura<\/title>\n<meta name=\"description\" content=\"Online p\u0159ekladatelsk\u00e9 slu\u017eby z na\u0161\u00ed nab\u00eddky se zpracov\u00e1vaj\u00ed prost\u0159ednictv\u00edm automatizovan\u00e9 p\u0159ekladatelsk\u00e9 platformy, kter\u00e1 usnad\u0148uje cel\u00fd proces p\u0159ekladu.\" \/>\n<meta name=\"robots\" content=\"index, follow, max-snippet:-1, max-image-preview:large, max-video-preview:-1\" \/>\n<link rel=\"canonical\" href=\"https:\/\/www.bigtranslation.com\/cs\/automatizovany-portal\" \/>\n<meta property=\"og:locale\" content=\"cs_CZ\" \/>\n<meta property=\"og:type\" content=\"article\" \/>\n<meta property=\"og:title\" content=\"Automatizovan\u00fd port\u00e1l | P\u0159ekladatelsk\u00e1 agentura\" \/>\n<meta property=\"og:description\" content=\"Online p\u0159ekladatelsk\u00e9 slu\u017eby z na\u0161\u00ed nab\u00eddky se zpracov\u00e1vaj\u00ed prost\u0159ednictv\u00edm automatizovan\u00e9 p\u0159ekladatelsk\u00e9 platformy, kter\u00e1 usnad\u0148uje cel\u00fd proces p\u0159ekladu.\" \/>\n<meta property=\"og:url\" content=\"https:\/\/www.bigtranslation.com\/cs\/automatizovany-portal\" \/>\n<meta property=\"og:site_name\" content=\"BigTranslation\" \/>\n<meta property=\"article:modified_time\" content=\"2021-09-20T12:34:38+00:00\" \/>\n<meta name=\"twitter:card\" content=\"summary_large_image\" \/>\n<script type=\"application\/ld+json\" class=\"yoast-schema-graph\">{\"@context\":\"https:\/\/schema.org\",\"@graph\":[{\"@type\":\"WebPage\",\"@id\":\"https:\/\/www.bigtranslation.com\/cs\/automatizovany-portal\",\"url\":\"https:\/\/www.bigtranslation.com\/cs\/automatizovany-portal\",\"name\":\"Automatizovan\u00fd port\u00e1l | P\u0159ekladatelsk\u00e1 agentura\",\"isPartOf\":{\"@id\":\"https:\/\/www.bigtranslation.com\/cs#website\"},\"datePublished\":\"2021-07-14T09:46:27+00:00\",\"dateModified\":\"2021-09-20T12:34:38+00:00\",\"description\":\"Online p\u0159ekladatelsk\u00e9 slu\u017eby z na\u0161\u00ed nab\u00eddky se zpracov\u00e1vaj\u00ed prost\u0159ednictv\u00edm automatizovan\u00e9 p\u0159ekladatelsk\u00e9 platformy, kter\u00e1 usnad\u0148uje cel\u00fd proces p\u0159ekladu.\",\"breadcrumb\":{\"@id\":\"https:\/\/www.bigtranslation.com\/cs\/automatizovany-portal#breadcrumb\"},\"inLanguage\":\"cs\",\"potentialAction\":[{\"@type\":\"ReadAction\",\"target\":[\"https:\/\/www.bigtranslation.com\/cs\/automatizovany-portal\"]}]},{\"@type\":\"BreadcrumbList\",\"@id\":\"https:\/\/www.bigtranslation.com\/cs\/automatizovany-portal#breadcrumb\",\"itemListElement\":[{\"@type\":\"ListItem\",\"position\":1,\"name\":\"Home\",\"item\":\"https:\/\/www.bigtranslation.com\/cs\"},{\"@type\":\"ListItem\",\"position\":2,\"name\":\"Automatizovan\u00fd port\u00e1l\"}]},{\"@type\":\"WebSite\",\"@id\":\"https:\/\/www.bigtranslation.com\/cs#website\",\"url\":\"https:\/\/www.bigtranslation.com\/cs\",\"name\":\"BigTranslation\",\"description\":\"Native and Professional translators\",\"potentialAction\":[{\"@type\":\"SearchAction\",\"target\":{\"@type\":\"EntryPoint\",\"urlTemplate\":\"https:\/\/www.bigtranslation.com\/cs?s={search_term_string}\"},\"query-input\":\"required name=search_term_string\"}],\"inLanguage\":\"cs\"}]}<\/script>\n<!-- \/ Yoast SEO plugin. -->","yoast_head_json":{"title":"Automatizovan\u00fd port\u00e1l | P\u0159ekladatelsk\u00e1 agentura","description":"Online p\u0159ekladatelsk\u00e9 slu\u017eby z na\u0161\u00ed nab\u00eddky se zpracov\u00e1vaj\u00ed prost\u0159ednictv\u00edm automatizovan\u00e9 p\u0159ekladatelsk\u00e9 platformy, kter\u00e1 usnad\u0148uje cel\u00fd proces p\u0159ekladu.","robots":{"index":"index","follow":"follow","max-snippet":"max-snippet:-1","max-image-preview":"max-image-preview:large","max-video-preview":"max-video-preview:-1"},"canonical":"https:\/\/www.bigtranslation.com\/cs\/automatizovany-portal","og_locale":"cs_CZ","og_type":"article","og_title":"Automatizovan\u00fd port\u00e1l | P\u0159ekladatelsk\u00e1 agentura","og_description":"Online p\u0159ekladatelsk\u00e9 slu\u017eby z na\u0161\u00ed nab\u00eddky se zpracov\u00e1vaj\u00ed prost\u0159ednictv\u00edm automatizovan\u00e9 p\u0159ekladatelsk\u00e9 platformy, kter\u00e1 usnad\u0148uje cel\u00fd proces p\u0159ekladu.","og_url":"https:\/\/www.bigtranslation.com\/cs\/automatizovany-portal","og_site_name":"BigTranslation","article_modified_time":"2021-09-20T12:34:38+00:00","twitter_card":"summary_large_image","schema":{"@context":"https:\/\/schema.org","@graph":[{"@type":"WebPage","@id":"https:\/\/www.bigtranslation.com\/cs\/automatizovany-portal","url":"https:\/\/www.bigtranslation.com\/cs\/automatizovany-portal","name":"Automatizovan\u00fd port\u00e1l | P\u0159ekladatelsk\u00e1 agentura","isPartOf":{"@id":"https:\/\/www.bigtranslation.com\/cs#website"},"datePublished":"2021-07-14T09:46:27+00:00","dateModified":"2021-09-20T12:34:38+00:00","description":"Online p\u0159ekladatelsk\u00e9 slu\u017eby z na\u0161\u00ed nab\u00eddky se zpracov\u00e1vaj\u00ed prost\u0159ednictv\u00edm automatizovan\u00e9 p\u0159ekladatelsk\u00e9 platformy, kter\u00e1 usnad\u0148uje cel\u00fd proces p\u0159ekladu.","breadcrumb":{"@id":"https:\/\/www.bigtranslation.com\/cs\/automatizovany-portal#breadcrumb"},"inLanguage":"cs","potentialAction":[{"@type":"ReadAction","target":["https:\/\/www.bigtranslation.com\/cs\/automatizovany-portal"]}]},{"@type":"BreadcrumbList","@id":"https:\/\/www.bigtranslation.com\/cs\/automatizovany-portal#breadcrumb","itemListElement":[{"@type":"ListItem","position":1,"name":"Home","item":"https:\/\/www.bigtranslation.com\/cs"},{"@type":"ListItem","position":2,"name":"Automatizovan\u00fd port\u00e1l"}]},{"@type":"WebSite","@id":"https:\/\/www.bigtranslation.com\/cs#website","url":"https:\/\/www.bigtranslation.com\/cs","name":"BigTranslation","description":"Native and Professional translators","potentialAction":[{"@type":"SearchAction","target":{"@type":"EntryPoint","urlTemplate":"https:\/\/www.bigtranslation.com\/cs?s={search_term_string}"},"query-input":"required name=search_term_string"}],"inLanguage":"cs"}]}},"acf":[],"amp_enabled":true,"_links":{"self":[{"href":"https:\/\/www.bigtranslation.com\/cs\/wp-json\/wp\/v2\/pages\/4577"}],"collection":[{"href":"https:\/\/www.bigtranslation.com\/cs\/wp-json\/wp\/v2\/pages"}],"about":[{"href":"https:\/\/www.bigtranslation.com\/cs\/wp-json\/wp\/v2\/types\/page"}],"author":[{"embeddable":true,"href":"https:\/\/www.bigtranslation.com\/cs\/wp-json\/wp\/v2\/users\/1"}],"replies":[{"embeddable":true,"href":"https:\/\/www.bigtranslation.com\/cs\/wp-json\/wp\/v2\/comments?post=4577"}],"version-history":[{"count":2,"href":"https:\/\/www.bigtranslation.com\/cs\/wp-json\/wp\/v2\/pages\/4577\/revisions"}],"predecessor-version":[{"id":4588,"href":"https:\/\/www.bigtranslation.com\/cs\/wp-json\/wp\/v2\/pages\/4577\/revisions\/4588"}],"wp:attachment":[{"href":"https:\/\/www.bigtranslation.com\/cs\/wp-json\/wp\/v2\/media?parent=4577"}],"curies":[{"name":"wp","href":"https:\/\/api.w.org\/{rel}","templated":true}]}}