{"id":4790,"date":"2021-07-09T11:57:11","date_gmt":"2021-07-09T11:57:11","guid":{"rendered":"https:\/\/www.bigtranslation.com\/translation\/slovenian"},"modified":"2021-09-21T07:03:35","modified_gmt":"2021-09-21T07:03:35","slug":"slovenian","status":"publish","type":"page","link":"https:\/\/www.bigtranslation.com\/cs\/translation\/slovenian","title":{"rendered":"Slovinsk\u00fd p\u0159eklad"},"content":{"rendered":"","protected":false},"excerpt":{"rendered":"","protected":false},"author":1,"featured_media":0,"parent":4615,"menu_order":100,"comment_status":"closed","ping_status":"closed","template":"page-templates\/template-language.php","meta":{"footnotes":""},"yoast_head":"<!-- This site is optimized with the Yoast SEO plugin v21.8.1 - https:\/\/yoast.com\/wordpress\/plugins\/seo\/ -->\n<title>Slovinsk\u00fd p\u0159eklad | BigTranslation<\/title>\n<meta name=\"description\" content=\"Slovinsk\u00fd p\u0159eklad | Profesion\u00e1ln\u00ed p\u0159eklady v r\u016fzn\u00fdch jazykov\u00fdch kombinac\u00edch\" \/>\n<meta name=\"robots\" content=\"index, follow, max-snippet:-1, max-image-preview:large, max-video-preview:-1\" \/>\n<link rel=\"canonical\" href=\"https:\/\/www.bigtranslation.com\/cs\/translation\/slovenian\" \/>\n<meta property=\"og:locale\" content=\"cs_CZ\" \/>\n<meta property=\"og:type\" content=\"article\" \/>\n<meta property=\"og:title\" content=\"Slovinsk\u00fd p\u0159eklad | BigTranslation\" \/>\n<meta property=\"og:description\" content=\"Slovinsk\u00fd p\u0159eklad | Profesion\u00e1ln\u00ed p\u0159eklady v r\u016fzn\u00fdch jazykov\u00fdch kombinac\u00edch\" \/>\n<meta property=\"og:url\" content=\"https:\/\/www.bigtranslation.com\/cs\/translation\/slovenian\" \/>\n<meta property=\"og:site_name\" content=\"BigTranslation\" \/>\n<meta property=\"article:modified_time\" content=\"2021-09-21T07:03:35+00:00\" \/>\n<meta name=\"twitter:card\" content=\"summary_large_image\" \/>\n<script type=\"application\/ld+json\" class=\"yoast-schema-graph\">{\"@context\":\"https:\/\/schema.org\",\"@graph\":[{\"@type\":\"WebPage\",\"@id\":\"https:\/\/www.bigtranslation.com\/cs\/translation\/slovenian\",\"url\":\"https:\/\/www.bigtranslation.com\/cs\/translation\/slovenian\",\"name\":\"Slovinsk\u00fd p\u0159eklad | BigTranslation\",\"isPartOf\":{\"@id\":\"https:\/\/www.bigtranslation.com\/cs#website\"},\"datePublished\":\"2021-07-09T11:57:11+00:00\",\"dateModified\":\"2021-09-21T07:03:35+00:00\",\"description\":\"Slovinsk\u00fd p\u0159eklad | Profesion\u00e1ln\u00ed p\u0159eklady v r\u016fzn\u00fdch jazykov\u00fdch kombinac\u00edch\",\"breadcrumb\":{\"@id\":\"https:\/\/www.bigtranslation.com\/cs\/translation\/slovenian#breadcrumb\"},\"inLanguage\":\"cs\",\"potentialAction\":[{\"@type\":\"ReadAction\",\"target\":[\"https:\/\/www.bigtranslation.com\/cs\/translation\/slovenian\"]}]},{\"@type\":\"BreadcrumbList\",\"@id\":\"https:\/\/www.bigtranslation.com\/cs\/translation\/slovenian#breadcrumb\",\"itemListElement\":[{\"@type\":\"ListItem\",\"position\":1,\"name\":\"Home\",\"item\":\"https:\/\/www.bigtranslation.com\/cs\"},{\"@type\":\"ListItem\",\"position\":2,\"name\":\"P\u0159eklad\",\"item\":\"https:\/\/www.bigtranslation.com\/cs\/translation\"},{\"@type\":\"ListItem\",\"position\":3,\"name\":\"Slovinsk\u00fd p\u0159eklad\"}]},{\"@type\":\"WebSite\",\"@id\":\"https:\/\/www.bigtranslation.com\/cs#website\",\"url\":\"https:\/\/www.bigtranslation.com\/cs\",\"name\":\"BigTranslation\",\"description\":\"Native and Professional translators\",\"potentialAction\":[{\"@type\":\"SearchAction\",\"target\":{\"@type\":\"EntryPoint\",\"urlTemplate\":\"https:\/\/www.bigtranslation.com\/cs?s={search_term_string}\"},\"query-input\":\"required name=search_term_string\"}],\"inLanguage\":\"cs\"}]}<\/script>\n<!-- \/ Yoast SEO plugin. -->","yoast_head_json":{"title":"Slovinsk\u00fd p\u0159eklad | BigTranslation","description":"Slovinsk\u00fd p\u0159eklad | Profesion\u00e1ln\u00ed p\u0159eklady v r\u016fzn\u00fdch jazykov\u00fdch kombinac\u00edch","robots":{"index":"index","follow":"follow","max-snippet":"max-snippet:-1","max-image-preview":"max-image-preview:large","max-video-preview":"max-video-preview:-1"},"canonical":"https:\/\/www.bigtranslation.com\/cs\/translation\/slovenian","og_locale":"cs_CZ","og_type":"article","og_title":"Slovinsk\u00fd p\u0159eklad | BigTranslation","og_description":"Slovinsk\u00fd p\u0159eklad | Profesion\u00e1ln\u00ed p\u0159eklady v r\u016fzn\u00fdch jazykov\u00fdch kombinac\u00edch","og_url":"https:\/\/www.bigtranslation.com\/cs\/translation\/slovenian","og_site_name":"BigTranslation","article_modified_time":"2021-09-21T07:03:35+00:00","twitter_card":"summary_large_image","schema":{"@context":"https:\/\/schema.org","@graph":[{"@type":"WebPage","@id":"https:\/\/www.bigtranslation.com\/cs\/translation\/slovenian","url":"https:\/\/www.bigtranslation.com\/cs\/translation\/slovenian","name":"Slovinsk\u00fd p\u0159eklad | BigTranslation","isPartOf":{"@id":"https:\/\/www.bigtranslation.com\/cs#website"},"datePublished":"2021-07-09T11:57:11+00:00","dateModified":"2021-09-21T07:03:35+00:00","description":"Slovinsk\u00fd p\u0159eklad | Profesion\u00e1ln\u00ed p\u0159eklady v r\u016fzn\u00fdch jazykov\u00fdch kombinac\u00edch","breadcrumb":{"@id":"https:\/\/www.bigtranslation.com\/cs\/translation\/slovenian#breadcrumb"},"inLanguage":"cs","potentialAction":[{"@type":"ReadAction","target":["https:\/\/www.bigtranslation.com\/cs\/translation\/slovenian"]}]},{"@type":"BreadcrumbList","@id":"https:\/\/www.bigtranslation.com\/cs\/translation\/slovenian#breadcrumb","itemListElement":[{"@type":"ListItem","position":1,"name":"Home","item":"https:\/\/www.bigtranslation.com\/cs"},{"@type":"ListItem","position":2,"name":"P\u0159eklad","item":"https:\/\/www.bigtranslation.com\/cs\/translation"},{"@type":"ListItem","position":3,"name":"Slovinsk\u00fd p\u0159eklad"}]},{"@type":"WebSite","@id":"https:\/\/www.bigtranslation.com\/cs#website","url":"https:\/\/www.bigtranslation.com\/cs","name":"BigTranslation","description":"Native and Professional translators","potentialAction":[{"@type":"SearchAction","target":{"@type":"EntryPoint","urlTemplate":"https:\/\/www.bigtranslation.com\/cs?s={search_term_string}"},"query-input":"required name=search_term_string"}],"inLanguage":"cs"}]}},"acf":[],"amp_enabled":true,"_links":{"self":[{"href":"https:\/\/www.bigtranslation.com\/cs\/wp-json\/wp\/v2\/pages\/4790"}],"collection":[{"href":"https:\/\/www.bigtranslation.com\/cs\/wp-json\/wp\/v2\/pages"}],"about":[{"href":"https:\/\/www.bigtranslation.com\/cs\/wp-json\/wp\/v2\/types\/page"}],"author":[{"embeddable":true,"href":"https:\/\/www.bigtranslation.com\/cs\/wp-json\/wp\/v2\/users\/1"}],"replies":[{"embeddable":true,"href":"https:\/\/www.bigtranslation.com\/cs\/wp-json\/wp\/v2\/comments?post=4790"}],"version-history":[{"count":1,"href":"https:\/\/www.bigtranslation.com\/cs\/wp-json\/wp\/v2\/pages\/4790\/revisions"}],"predecessor-version":[{"id":4792,"href":"https:\/\/www.bigtranslation.com\/cs\/wp-json\/wp\/v2\/pages\/4790\/revisions\/4792"}],"up":[{"embeddable":true,"href":"https:\/\/www.bigtranslation.com\/cs\/wp-json\/wp\/v2\/pages\/4615"}],"wp:attachment":[{"href":"https:\/\/www.bigtranslation.com\/cs\/wp-json\/wp\/v2\/media?parent=4790"}],"curies":[{"name":"wp","href":"https:\/\/api.w.org\/{rel}","templated":true}]}}