{"id":12678,"date":"2022-08-22T10:46:18","date_gmt":"2022-08-22T10:46:18","guid":{"rendered":"https:\/\/www.bigtranslation.com\/?page_id=12678"},"modified":"2024-01-08T09:33:30","modified_gmt":"2024-01-08T09:33:30","slug":"cookie-politik","status":"publish","type":"page","link":"https:\/\/www.bigtranslation.com\/da\/cookie-politik","title":{"rendered":"Politik om cookies"},"content":{"rendered":"\n<h2 class=\"wp-block-heading\">1. Hvad er cookies?\n        <\/h2>\n\n<p>Vores hjemmeside <a href=\"https:\/\/www.bigtranslation.com\/da\"><u>www.bigtranslation.com<\/u><\/a> , der tilh\u00f8rer BigTranslation Agency S.L , bruger <em>cookies <\/em>og andre filer med lignende funktioner (herefter &#8220;cookies&#8221;<em>) <\/em>for at forbedre browsing og for at f\u00e5 statistiske data om opn\u00e5ede bes\u00f8g.\n        <\/p>\n\n<p>Cookies er sm\u00e5 tekstfiler, der installeres p\u00e5 den enhed, hvorfra der er adgang til vores hjemmeside, og som automatisk giver os oplysninger, for eksempel for at hjemmesiden kan fungere, eller for at finde ud af dine browservaner og forbedre din oplevelse ved fremtidige bes\u00f8g.\n        <\/p>\n\n<p>Den specifikke brug, vi g\u00f8r af cookies, er specificeret i &#8220;Form\u00e5l med cookies og tredjeparter\/konfiguration og afvisning af cookies&#8221;.\n        <\/p>\n\n<p><strong>Cookies kan aldrig betragtes som en computervirus.\n        <\/strong> De skader ikke computeren eller g\u00f8r den langsommere p\u00e5 nogen m\u00e5de.\n         Du kan til enhver tid slette vores cookies eller afvise dem ved at konfigurere din webbrowser.\n        <\/p>\n\n<p>P\u00e5 denne hjemmeside bruger vi sessions-cookies og permanente cookies, som igen kan v\u00e6re egne cookies eller tredjepartscookies.\n        <\/p>\n\n<p>Sessions-cookies er cookies, der er designet til at indsamle og gemme data, mens du bes\u00f8ger en hjemmeside.\n         De bruges normalt til at gemme oplysninger, der kun opbevares for at levere den service, du har anmodet om ved en enkelt lejlighed.\n        <\/p>\n\n<p>Permanente cookies er en type cookie, hvor dataene fortsat gemmes p\u00e5 dit terminaludstyr og kan tilg\u00e5s og behandles i en defineret periode af den person, der er ansvarlig for cookien, hvilket kan variere fra et par minutter til flere \u00e5r.\n        <\/p>\n\n<h2 class=\"wp-block-heading\">2. Form\u00e5l med cookies og tredjeparter\/ konfiguration og afvisning af cookies\n        <\/h2>\n\n<p>Cookies er kun forbundet med en bestemt computers browser (en anonym bruger) og giver ikke i sig selv brugerens navn og efternavn.\n        <\/p>\n\n<p>Takket v\u00e6re cookies er det muligt at genkende de registrerede brugeres browsere, n\u00e5r de har registreret sig f\u00f8rste gang, uden at de beh\u00f8ver at registrere sig hver gang, de bes\u00f8ger siden, for at f\u00e5 adgang til de omr\u00e5der og tjenester, der er forbeholdt dem.\n        <\/p>\n\n<p>Desuden bruger vi vores egne og tredjepartscookies til de form\u00e5l, der er angivet nedenfor.\n         Hvis du ikke accepterer nogen af dem, vil din oplevelse p\u00e5 vores hjemmeside blive p\u00e5virket i forhold til de form\u00e5l, der er angivet i dette afsnit, men vi \u00f8nsker at give dig fuld kontrol, s\u00e5 du til enhver tid kan tr\u00e6ffe dine egne beslutninger.\n        <\/p>\n\n<p><strong>EGNE <\/strong><em><strong>COOKIES<\/strong><\/em><strong>: <\/strong>er dem, som BigTranslation Agency S.L. er ansvarlig for med hensyn til de behandlede oplysninger.\n         P\u00e5 denne hjemmeside bruger vi egne <em>cookies <\/em>til f\u00f8lgende form\u00e5l:\n        <\/p>\n\n<p><strong>Godkendelse\/ Session:<\/strong> bruges til at genkende registrerede brugere, der har logget ind p\u00e5 vores hjemmeside.\n         Med disse cookies kan du f\u00e5 adgang til hjemmesidens omr\u00e5der med begr\u00e6nset adgang.\n         Hvis disse cookies afvises eller slettes, vil loginoplysningerne til vores hjemmeside ikke fungere korrekt.\n        <\/p>\n\n<p><strong>Personalisering:<\/strong> bruges til at lette browsing p\u00e5 vores hjemmeside.\n         De g\u00f8r det muligt at huske nogle grafiske aspekter af vores hjemmeside automatisk, ud over at personalisere nogle af hjemmesidens egenskaber for at differentiere oplevelsen for en bruger fra en anden.\n         Hvis disse cookies afvises eller slettes, vil browsing p\u00e5 vores hjemmeside ikke fungere s\u00e5 let.\n        <\/p>\n\n<p><strong>Analytisk:\n         <\/strong>de indsamler oplysninger om brugernes adf\u00e6rd under browsing (mest bes\u00f8gte sider, tid brugt p\u00e5 hjemmesiden osv.) for at forbedre det indhold og de tjenester, der tilbydes ved hj\u00e6lp af analyse af disse oplysninger (for eksempel for at optimere svartiderne for de mest bes\u00f8gte omr\u00e5der p\u00e5 www.bigtranslation.com )\n        <\/p>\n\n<p>Hvis du har sp\u00f8rgsm\u00e5l til vores politik om brug af cookies, kan du kontakte os p\u00e5 f\u00f8lgende e-mailadresse: info@bigtranslation.com\n        <\/p>\n\n<p>Disse cookies er anf\u00f8rt nedenfor:\n        <\/p>\n\n<ul>\n<li>wp-wpml_aktuelt_sprog\n        <\/li>\n\n\n\n<li>valuta\n        <\/li>\n\n\n\n<li>valuta-symbol\n        <\/li>\n\n\n\n<li>moove_gdpr_popup\n        <\/li>\n\n\n\n<li>bt_creload\n        <\/li>\n<\/ul>\n\n<p><strong>TREDJEPARTER <\/strong><em><strong>COOKIES:<\/strong><\/em> er dem, hvor tredjeparter, der ikke er relateret til BigTranslation Agency S.L, er ansvarlige for de behandlede oplysninger.\n        <\/p>\n\n<p>De tredjeparter og form\u00e5l, som de oplysninger, de behandler, bruges til, er beskrevet nedenfor:\n        <\/p>\n\n<p><strong>ANALYTISK:\n        <\/strong><\/p>\n\n<p>De indsamler oplysninger om brugernes adf\u00e6rd under browsing (mest bes\u00f8gte sider, tid brugt p\u00e5 hjemmesiden osv.) for at forbedre det indhold og de tjenester, der tilbydes ved hj\u00e6lp af analysen af disse oplysninger (for eksempel for at forbedre indl\u00e6snings- og adgangstiderne for de mest bes\u00f8gte sider).\n        <\/p>\n\n<ul>\n<li>Google <a href=\"https:\/\/policies.google.com\/technologies\/cookies?hl=es\"><u>Mere information<\/u><\/a><\/li>\n<\/ul>\n\n<ul>\n<li>Facebook <a href=\"https:\/\/www.facebook.com\/help\/1896641480634370\"><u>Mere information<\/u><\/a><br\/><br\/><\/li>\n\n\n\n<li>Microsoft <a href=\"https:\/\/privacy.microsoft.com\/es-es\/privacystatement\"><u>Mere information<\/u><\/a><\/li>\n<\/ul>\n\n<p><strong>ADF\u00c6RD\n        <\/strong><\/p>\n\n<p>De gemmer oplysninger om brugernes adf\u00e6rd, som de f\u00e5r ved at observere deres browsingvaner (f.eks. hvilke sider de bes\u00f8ger), for at skabe en specifik profil, der g\u00f8r det muligt at vise dem personlig reklame baseret p\u00e5 deres smag og interesser.\n        <\/p>\n\n<ul>\n<li>Google.\n         <a href=\"https:\/\/policies.google.com\/technologies\/cookies?hl=es\"><u>Mere information\n        <\/u><\/a><br\/><br\/><\/li>\n\n\n\n<li>Dobbeltklik p\u00e5 <a href=\"https:\/\/support.google.com\/admanager\/answer\/2839090?hl=es\"><u>Mere information<\/u><\/a>.\n        <br\/><br\/><\/li>\n\n\n\n<li>Mailjet <a href=\"https:\/\/www.mailjet.com\/es\/legal\/politica-privacidad\/cookies\/\"><u>Mere information<\/u><\/a><br\/><br\/><\/li>\n\n\n\n<li>Hubspot <a href=\"https:\/\/knowledge.hubspot.com\/es\/privacy-and-consent\/what-cookies-does-hubspot-set-in-a-visitor-s-browser\"><u>Mere information<\/u><\/a><\/li>\n<\/ul>\n\n<ul>\n<li>Facebook.\n         <a href=\"https:\/\/www.facebook.com\/help\/1896641480634370\"><u>Mere information\n        <\/u><\/a><\/li>\n<\/ul>\n\n<ul>\n<li>LinkedIn.\n         <a href=\"https:\/\/es.linkedin.com\/legal\/cookie-policy\"><u>Mere information\n        <\/u><\/a><\/li>\n<\/ul>\n\n<ul>\n<li>Onesignal <a href=\"https:\/\/onesignal.com\/privacy_policy\"><u>Mere information<\/u><\/a><\/li>\n<\/ul>\n\n<ul>\n<li>Tapfiliate <a href=\"https:\/\/tapfiliate.com\/privacy\/gdpr\/#cookies\"><u>Mere information<\/u><\/a><br\/><br\/><\/li>\n\n\n\n<li>VWO <a href=\"https:\/\/vwo.com\/compliance\/cookies-notice\/\"><u>Mere information<\/u><\/a><\/li>\n<\/ul>\n\n<p>Husk, at hvis du afviser tredjepartscookies, vil du ikke f\u00e5 den optimale browseroplevelse p\u00e5 BigTranslation.\n        <\/p>\n\n<h2 class=\"wp-block-heading\">3. Deaktivering eller sletning af cookies\n        <\/h2>\n\n<p>Du vil kunne konfigurere din browser, s\u00e5 den ikke modtager disse cookies, og de vil blive afvist.\n         Ellers forst\u00e5r vi det s\u00e5dan, at vi har dit samtykke til at installere dem.\n        <\/p>\n\n<p>Du kan til enhver tid administrere dine pr\u00e6ferencer for brugen af <em>cookies<\/em> fra de fleste browsere.\n         Du kan justere din browser, s\u00e5 den afviser eller sletter de cookies, der er installeret p\u00e5 enheden.\n         Cookies installeres for hver browser, og derfor b\u00f8r du slette dem fra den browser, der bruges til at g\u00e5 ind p\u00e5 vores hjemmeside.\n        <\/p>\n\n<p>Her er nogle oplysninger om, hvordan du g\u00f8r dette p\u00e5 de vigtigste browsere:\n        <\/p>\n\n<ul>\n<li><a href=\"https:\/\/support.google.com\/chrome\/answer\/95647?hl=es\"><u>Google Chrome\n        <\/u><\/a><\/li>\n\n\n\n<li><a href=\"https:\/\/support.mozilla.org\/es\/kb\/Borrar%20cookies\"><u>Mozilla Firefox\n        <\/u><\/a><\/li>\n\n\n\n<li><a href=\"https:\/\/support.microsoft.com\/es-es\/help\/17442\/windows-internet-explorer-delete-manage-cookies#ie=ie-10\"><u>Internet Explorer\n        <\/u><\/a><\/li>\n\n\n\n<li><a href=\"https:\/\/support.microsoft.com\/es-es\/windows\/microsoft-edge-datos-de-exploraci%C3%B3n-y-privacidad-bb8174ba-9d73-dcf2-9b4a-c582b4e640dd\"><u>Microsoft Edge\n        <\/u><\/a><\/li>\n\n\n\n<li><a href=\"https:\/\/support.apple.com\/es-es\/HT201265\"><u>Safari\n        <\/u><\/a><\/li>\n\n\n\n<li><a href=\"https:\/\/www.opera.com\/help\/tutorials\/security\/privacy\/\"><u>Opera\n        <\/u><\/a><\/li>\n<\/ul>\n\n<p>Du kan ogs\u00e5 tilbagekalde dit samtykke til brugen af cookies i din browser ved at installere et plug-in eller via et opt-out-system, der leveres af nogle tredjeparter, som installerer cookies p\u00e5 vores hjemmeside:\n        <\/p>\n\n<ul>\n<li><a href=\"https:\/\/myaccount.google.com\/data-and-privacy\"><u>Google (personalisering)<\/u><\/a> (kr\u00e6ver Google-login)\n        <\/li>\n\n\n\n<li><a href=\"https:\/\/myadcenter.google.com\/home?sasb=true&amp;ref=ad-settings\"><u>Google (annoncering)\n        <\/u><\/a><\/li>\n\n\n\n<li><a href=\"https:\/\/www.facebook.com\/settings\/?tab=your_facebook_information\"><u>Facebook<\/u><\/a> (kr\u00e6ver Facebook-login).\n        <\/li>\n<\/ul>\n\n<p>Du skal v\u00e6re opm\u00e6rksom p\u00e5, at visse egenskaber ved indholdet p\u00e5 <a href=\"https:\/\/www.bigtranslation.com\/da\"><u>www.bigtranslation.com<\/u><\/a> kun er tilg\u00e6ngelige, hvis du tillader, at der installeres cookies fra din browser.\n         Hvis du beslutter dig for ikke at acceptere eller blokere visse cookies, afh\u00e6ngigt af deres form\u00e5l, kan dette helt eller delvist p\u00e5virke hjemmesidens normale funktion eller forhindre adgang til nogle af dens tjenester, da nogle cookies, som angivet i &#8220;Form\u00e5l med cookies og tredjeparter\/konfiguration og afvisning af cookies&#8221;, er til disse form\u00e5l.\n        <\/p>\n\n<h2 class=\"wp-block-heading\">4. Information om, hvordan man accepterer, afviser eller tr\u00e6kker samtykke tilbage\n        <\/h2>\n\n<p>Vi stiller et system til r\u00e5dighed for dig til at administrere eller konfigurere cookies, som du kan bruge til at aktivere eller deaktivere cookies, som du finder passende.\n         Det vil ikke v\u00e6re muligt at deaktivere de cookies, der er n\u00f8dvendige for, at hjemmesiden kan fungere.\n        <\/p>\n\n<p>I overensstemmelse med g\u00e6ldende lovgivning, med undtagelse af strengt n\u00f8dvendige cookies og pr\u00e6stations-\/analytiske cookies, vil <a href=\"https:\/\/www.bigtranslation.com\/da\"><u>www.bigtranslation.com<\/u><\/a> kun bruge cookies med den bes\u00f8gendes forudg\u00e5ende og udtrykkelige samtykke.\n         Den enhed, der er ansvarlig for hjemmesiden, forpligter sig til udelukkende at bruge cookies til de form\u00e5l, der er n\u00e6vnt i denne cookiepolitik.\n        <\/p>\n\n<p>Husk, at hvis du accepterer tredjepartscookies, skal du kunne slette dem fra browserindstillingerne eller fra det system, der leveres af tredjeparten selv, og som vi har angivet i afsnittet &#8220;Deaktivering eller sletning af cookies&#8221;.\n        <\/p>\n\n<h2 class=\"wp-block-heading\">5. Oplysninger om behandling af data.\n        <\/h2>\n\n<h3 class=\"wp-block-heading\">a) Dataansvarlig\n        <\/h3>\n\n<p>Den dataansvarlige er BigTranslation Agency SL.\n        <\/p>\n\n<ul>\n<li>BigTranslation Agency SL\n        <\/li>\n\n\n\n<li>CIF (skatte-id-nummer): B40532194\n        <\/li>\n\n\n\n<li>Adresse: Avenida Paret del Patriarca 15, 46113 Moncada, Valencia\n        <\/li>\n<\/ul>\n\n<p>For visse behandlingsaktiviteter vil BigTranslation behandle dine data og i f\u00e6llesskab beslutte m\u00e5lene (&#8220;hvad dataene bruges til&#8221;) og de anvendte midler (&#8220;hvordan data bruges&#8221;) og er derfor en f\u00e6lles dataansvarlig for denne behandling.\n        <\/p>\n\n<h3 class=\"wp-block-heading\">b) Retsgrundlaget for behandlingen\n        <\/h3>\n\n<p>Det samtykke, du giver til brugen af cookies, legitimerer brugen af dem til at behandle dine personlige data.\n        <\/p>\n\n<p>Du kan konfigurere eller afvise brugen af cookies, og dermed ud\u00f8ve din ret til at tr\u00e6kke dit samtykke tilbage, i &#8220;Form\u00e5l med cookies og tredjeparter\/ konfiguration og afvisning af cookies&#8221;.\n         Du kan ogs\u00e5 deaktivere eller slette cookies som beskrevet i &#8220;Deaktivering eller sletning af cookies&#8221;.\n        <\/p>\n\n<h3 class=\"wp-block-heading\">c) Behandlede data\n        <\/h3>\n\n<p>Hvis du accepterer brugen af cookies, vil vi behandle f\u00f8lgende data\n        <\/p>\n\n<p>I forhold til egne cookies:\n        <\/p>\n\n<p>Browsingdata: data indhentet fra din browsing p\u00e5 vores hjemmeside eller tredjeparts hjemmesider: browserhistorik (bes\u00f8gte sider og klik p\u00e5 indhold), enheds-ID, reklame-ID, IP-adresse.\n        <\/p>\n\n<p>Med hensyn til tredjeparter, der er identificeret i &#8220;Form\u00e5l med cookies og tredjeparter \/ konfiguration og afvisning af cookies&#8221;, se deres respektive politikker, der er angivet i dette afsnit, for at finde ud af, hvilke data eller kategorier af data de behandler.\n        <\/p>\n\n<h3 class=\"wp-block-heading\">d) Profilering\n        <\/h3>\n\n<p>Hvis du accepterer brugen af adf\u00e6rdsbaserede reklamecookies, vil vi kunne bruge de data, som vi beskriver i Data behandlet til din kommercielle profilering, til at tilbyde dig produkter og tjenester, som vi tror kan v\u00e6re af interesse for dig.\n         Hvis du f.eks. er interesseret i vores markedspladstjenester, vil vi kunne vise dig vores kommercielle tilbud om konnektorer.\n        <\/p>\n\n<p>Med hensyn til tredjeparter, der er identificeret i &#8220;Form\u00e5l med cookies og tredjeparter\/konfiguration og afvisning af cookies&#8221;, og som bruger cookies til adf\u00e6rdsbaseret annoncering, se deres respektive politikker, der er angivet i dette afsnit, for at finde ud af, hvilken profilering de udf\u00f8rer.\n        <\/p>\n\n<h3 class=\"wp-block-heading\">e) Modtagere af data\n        <\/h3>\n\n<p>BigTranslation kan videregive indsamlede data til de offentlige myndigheder og organer for at overholde en juridisk forpligtelse samt til de n\u00f8dvendige tjenesteudbydere og tredjeparter for at administrere og implementere cookies.\n        <\/p>\n\n<p>Med hensyn til tredjeparter, der er identificeret i &#8220;Form\u00e5l med cookies og tredjeparter\/konfiguration og afvisning af cookies&#8221;, se deres respektive politikker, der er angivet i dette afsnit, for at finde ud af, hvem de er modtagere af.\n        <\/p>\n\n<h3 class=\"wp-block-heading\">f) Opbevaringsperiode\n        <\/h3>\n\n<p>Data indhentet ved brug af cookies accepteret af brugeren vil blive opbevaret i en periode p\u00e5 12 m\u00e5neder.\n        <\/p>\n\n<p>Med hensyn til tredjeparter, der er identificeret i &#8220;Form\u00e5l med cookies og tredjeparter\/konfiguration og afvisning af cookies&#8221;, se deres respektive politikker, der er angivet i dette afsnit, for at finde ud af deres opbevaringsperioder.\n        <\/p>\n\n<h3 class=\"wp-block-heading\">g) Overf\u00f8rsler til tredjelande\n        <\/h3>\n\n<p>Hos BigTranslation behandler vi dine data inden for Det Europ\u00e6iske \u00d8konomiske Samarbejdsomr\u00e5de, og generelt indg\u00e5r vi kontrakter med tjenesteudbydere, der ogs\u00e5 befinder sig inden for Det Europ\u00e6iske \u00d8konomiske Samarbejdsomr\u00e5de eller i lande, der er blevet erkl\u00e6ret for at have passende beskyttelsesniveauer.\n        <\/p>\n\n<p>Hvis vi er n\u00f8dt til at bruge tjenesteudbydere, der udf\u00f8rer behandling uden for Det Europ\u00e6iske \u00d8konomiske Samarbejdsomr\u00e5de eller i lande, der ikke er blevet erkl\u00e6ret for at have et passende beskyttelsesniveau, vil vi sikre, at sikkerheden og legitimiteten af behandlingen af dine data er garanteret.\n        <\/p>\n\n<p>For at g\u00f8re dette kr\u00e6ver vi passende sikkerhedsforanstaltninger fra disse tjenesteudbydere i overensstemmelse med bestemmelserne i den generelle databeskyttelsesforordning for at sikre, at de f.eks. har bindende virksomhedsregler, der garanterer beskyttelse af oplysninger p\u00e5 en lignende m\u00e5de som den, der er fastlagt i europ\u00e6iske regler, eller at de abonnerer p\u00e5 EU-standardklausuler.\n        <\/p>\n\n<p>Med hensyn til de tredjeparter, der er identificeret i afsnittet &#8220;Form\u00e5l med cookies og tredjeparter\/konfiguration og afvisning af cookies&#8221;, se deres respektive politikker i dette afsnit for at finde ud af om de overf\u00f8rsler til tredjelande, som de udf\u00f8rer, hvis det er relevant.\n        <\/p>\n\n<h3 class=\"wp-block-heading\">h) Yderligere oplysninger om behandling af data\n        <\/h3>\n\n<p>Du kan finde alle oplysninger om behandlingen af dine data p\u00e5 <a href=\"https:\/\/www.bigtranslation.com\/da\/terms-and-conditions\"><u>https:\/\/www.bigtranslation.com\/terms-and-conditions<\/u><\/a>.\n        <\/p>\n\n<h3 class=\"wp-block-heading\">i) Gennemgang af cookiepolitikken\n        <\/h3>\n\n<p>Vi vil gennemg\u00e5 cookiepolitikken en gang om \u00e5ret, medmindre der er lovkrav eller krav af anden art, der g\u00f8r det n\u00f8dvendigt at tilpasse politikken inden for en kortere periode.\n         Derfor r\u00e5des brugerne til at l\u00e6se dens indhold regelm\u00e6ssigt.\n        <\/p>\n\n<p>N\u00e5r der foretages v\u00e6sentlige \u00e6ndringer i denne cookiepolitik, vil brugeren blive informeret via en informationsmeddelelse p\u00e5 hjemmesiden.\n        <\/p>\n","protected":false},"excerpt":{"rendered":"<p>1. Hvad er cookies? Vores hjemmeside www.bigtranslation.com , der tilh\u00f8rer BigTranslation Agency S.L , bruger cookies og andre filer med lignende funktioner (herefter &#8220;cookies&#8221;) for at forbedre browsing og for at f\u00e5 statistiske data om opn\u00e5ede bes\u00f8g. Cookies er sm\u00e5 tekstfiler, der installeres p\u00e5 den enhed, hvorfra der er adgang til vores hjemmeside, og som [&hellip;]<\/p>\n","protected":false},"author":7,"featured_media":0,"parent":0,"menu_order":38,"comment_status":"closed","ping_status":"closed","template":"","meta":{"footnotes":""},"yoast_head":"<!-- This site is optimized with the Yoast SEO plugin v21.8.1 - https:\/\/yoast.com\/wordpress\/plugins\/seo\/ -->\n<title>Politik om cookies | BigTranslation<\/title>\n<meta name=\"robots\" content=\"index, follow, max-snippet:-1, max-image-preview:large, max-video-preview:-1\" \/>\n<link rel=\"canonical\" href=\"https:\/\/www.bigtranslation.com\/da\/cookie-politik\" \/>\n<meta property=\"og:locale\" content=\"da_DK\" \/>\n<meta property=\"og:type\" content=\"article\" \/>\n<meta property=\"og:title\" content=\"Politik om cookies | BigTranslation\" \/>\n<meta property=\"og:description\" content=\"1. Hvad er cookies? Vores hjemmeside www.bigtranslation.com , der tilh\u00f8rer BigTranslation Agency S.L , bruger cookies og andre filer med lignende funktioner (herefter &#8220;cookies&#8221;) for at forbedre browsing og for at f\u00e5 statistiske data om opn\u00e5ede bes\u00f8g. Cookies er sm\u00e5 tekstfiler, der installeres p\u00e5 den enhed, hvorfra der er adgang til vores hjemmeside, og som [&hellip;]\" \/>\n<meta property=\"og:url\" content=\"https:\/\/www.bigtranslation.com\/da\/cookie-politik\" \/>\n<meta property=\"og:site_name\" content=\"BigTranslation\" \/>\n<meta property=\"article:modified_time\" content=\"2024-01-08T09:33:30+00:00\" \/>\n<meta name=\"twitter:card\" content=\"summary_large_image\" \/>\n<meta name=\"twitter:label1\" content=\"Estimeret l\u00e6setid\" \/>\n\t<meta name=\"twitter:data1\" content=\"3 minutter\" \/>\n<script type=\"application\/ld+json\" class=\"yoast-schema-graph\">{\"@context\":\"https:\/\/schema.org\",\"@graph\":[{\"@type\":\"WebPage\",\"@id\":\"https:\/\/www.bigtranslation.com\/da\/cookie-politik\",\"url\":\"https:\/\/www.bigtranslation.com\/da\/cookie-politik\",\"name\":\"Politik om cookies | BigTranslation\",\"isPartOf\":{\"@id\":\"https:\/\/www.bigtranslation.com\/da#website\"},\"datePublished\":\"2022-08-22T10:46:18+00:00\",\"dateModified\":\"2024-01-08T09:33:30+00:00\",\"breadcrumb\":{\"@id\":\"https:\/\/www.bigtranslation.com\/da\/cookie-politik#breadcrumb\"},\"inLanguage\":\"da-DK\",\"potentialAction\":[{\"@type\":\"ReadAction\",\"target\":[\"https:\/\/www.bigtranslation.com\/da\/cookie-politik\"]}]},{\"@type\":\"BreadcrumbList\",\"@id\":\"https:\/\/www.bigtranslation.com\/da\/cookie-politik#breadcrumb\",\"itemListElement\":[{\"@type\":\"ListItem\",\"position\":1,\"name\":\"Home\",\"item\":\"https:\/\/www.bigtranslation.com\/da\"},{\"@type\":\"ListItem\",\"position\":2,\"name\":\"Politik om cookies\"}]},{\"@type\":\"WebSite\",\"@id\":\"https:\/\/www.bigtranslation.com\/da#website\",\"url\":\"https:\/\/www.bigtranslation.com\/da\",\"name\":\"BigTranslation\",\"description\":\"Native and Professional translators\",\"potentialAction\":[{\"@type\":\"SearchAction\",\"target\":{\"@type\":\"EntryPoint\",\"urlTemplate\":\"https:\/\/www.bigtranslation.com\/da?s={search_term_string}\"},\"query-input\":\"required name=search_term_string\"}],\"inLanguage\":\"da-DK\"}]}<\/script>\n<!-- \/ Yoast SEO plugin. -->","yoast_head_json":{"title":"Politik om cookies | BigTranslation","robots":{"index":"index","follow":"follow","max-snippet":"max-snippet:-1","max-image-preview":"max-image-preview:large","max-video-preview":"max-video-preview:-1"},"canonical":"https:\/\/www.bigtranslation.com\/da\/cookie-politik","og_locale":"da_DK","og_type":"article","og_title":"Politik om cookies | BigTranslation","og_description":"1. Hvad er cookies? Vores hjemmeside www.bigtranslation.com , der tilh\u00f8rer BigTranslation Agency S.L , bruger cookies og andre filer med lignende funktioner (herefter &#8220;cookies&#8221;) for at forbedre browsing og for at f\u00e5 statistiske data om opn\u00e5ede bes\u00f8g. Cookies er sm\u00e5 tekstfiler, der installeres p\u00e5 den enhed, hvorfra der er adgang til vores hjemmeside, og som [&hellip;]","og_url":"https:\/\/www.bigtranslation.com\/da\/cookie-politik","og_site_name":"BigTranslation","article_modified_time":"2024-01-08T09:33:30+00:00","twitter_card":"summary_large_image","twitter_misc":{"Estimeret l\u00e6setid":"3 minutter"},"schema":{"@context":"https:\/\/schema.org","@graph":[{"@type":"WebPage","@id":"https:\/\/www.bigtranslation.com\/da\/cookie-politik","url":"https:\/\/www.bigtranslation.com\/da\/cookie-politik","name":"Politik om cookies | BigTranslation","isPartOf":{"@id":"https:\/\/www.bigtranslation.com\/da#website"},"datePublished":"2022-08-22T10:46:18+00:00","dateModified":"2024-01-08T09:33:30+00:00","breadcrumb":{"@id":"https:\/\/www.bigtranslation.com\/da\/cookie-politik#breadcrumb"},"inLanguage":"da-DK","potentialAction":[{"@type":"ReadAction","target":["https:\/\/www.bigtranslation.com\/da\/cookie-politik"]}]},{"@type":"BreadcrumbList","@id":"https:\/\/www.bigtranslation.com\/da\/cookie-politik#breadcrumb","itemListElement":[{"@type":"ListItem","position":1,"name":"Home","item":"https:\/\/www.bigtranslation.com\/da"},{"@type":"ListItem","position":2,"name":"Politik om cookies"}]},{"@type":"WebSite","@id":"https:\/\/www.bigtranslation.com\/da#website","url":"https:\/\/www.bigtranslation.com\/da","name":"BigTranslation","description":"Native and Professional translators","potentialAction":[{"@type":"SearchAction","target":{"@type":"EntryPoint","urlTemplate":"https:\/\/www.bigtranslation.com\/da?s={search_term_string}"},"query-input":"required name=search_term_string"}],"inLanguage":"da-DK"}]}},"acf":[],"amp_enabled":true,"_links":{"self":[{"href":"https:\/\/www.bigtranslation.com\/da\/wp-json\/wp\/v2\/pages\/12678"}],"collection":[{"href":"https:\/\/www.bigtranslation.com\/da\/wp-json\/wp\/v2\/pages"}],"about":[{"href":"https:\/\/www.bigtranslation.com\/da\/wp-json\/wp\/v2\/types\/page"}],"author":[{"embeddable":true,"href":"https:\/\/www.bigtranslation.com\/da\/wp-json\/wp\/v2\/users\/7"}],"replies":[{"embeddable":true,"href":"https:\/\/www.bigtranslation.com\/da\/wp-json\/wp\/v2\/comments?post=12678"}],"version-history":[{"count":5,"href":"https:\/\/www.bigtranslation.com\/da\/wp-json\/wp\/v2\/pages\/12678\/revisions"}],"predecessor-version":[{"id":18050,"href":"https:\/\/www.bigtranslation.com\/da\/wp-json\/wp\/v2\/pages\/12678\/revisions\/18050"}],"wp:attachment":[{"href":"https:\/\/www.bigtranslation.com\/da\/wp-json\/wp\/v2\/media?parent=12678"}],"curies":[{"name":"wp","href":"https:\/\/api.w.org\/{rel}","templated":true}]}}