{"id":12786,"date":"2022-08-23T06:43:43","date_gmt":"2022-08-23T06:43:43","guid":{"rendered":"https:\/\/www.bigtranslation.com\/?page_id=12786"},"modified":"2022-08-23T06:43:44","modified_gmt":"2022-08-23T06:43:44","slug":"juridisk-meddelelse","status":"publish","type":"page","link":"https:\/\/www.bigtranslation.com\/da\/juridisk-meddelelse","title":{"rendered":"Juridisk meddelelse"},"content":{"rendered":"\n<p>Denne juridiske meddelelse regulerer adgang, navigation og brug af hjemmesiden <a href=\"https:\/\/www.bigtranslation.com\/\">https:\/\/www.bigtranslation.com\/<\/a> (i det f\u00f8lgende ben\u00e6vnt webstedet).<\/p>\n\n\n\n<p>Betingelserne i denne juridiske meddelelse g\u00e6lder i tilf\u00e6lde af, at virksomheden fastl\u00e6gger specifikke betingelser for brug og\/eller indg\u00e5else af specifikke tjenester.<\/p>\n\n\n\n<h2 class=\"wp-block-heading\"><strong>RET TIL INFORMATION<\/strong><\/h2>\n\n\n\n<p>I overensstemmelse med oplysningspligten i artikel 10 i lov 34\/2002 af 11. juli om informationssamfundstjenester og elektronisk handel informerer vi dig om, at webstedet ejes af firmaet <strong>BigTranslation (BigTranslation Agency SL)<\/strong>, et kommercielt selskab stiftet i i overensstemmelse med den spanske lovgivning, med CIF B40532194 og hjemsted hos Av. Paret del Patriarca 15, 46113 Moncada, Valencia, Spanien.<\/p>\n\n\n\n<p>Du kan kontakte os p\u00e5 f\u00f8lgende e-mailadresse <a href=\"mailto:info@bigtranslation.com\">info@bigtranslation.com<\/a>.<\/p>\n\n\n\n<h2 class=\"wp-block-heading\"><strong>BRUGERE<\/strong><\/h2>\n\n\n\n<p>Adgang til og\/eller brug af hjemmesiden giver dig status som bruger, og du accepterer, fra en s\u00e5dan adgang og\/eller brug, denne juridiske meddelelse.<\/p>\n\n\n\n<h2 class=\"wp-block-heading\"><strong>BRUG AF HJEMMESIDEN<\/strong><\/h2>\n\n\n\n<p>Hjemmesiden kan give adgang til en lang r\u00e6kke tekster, grafik, tegninger, design, koder, software, fotografier, musik, videoer, lyde, databaser, billeder, udtryk og information (i det f\u00f8lgende ben\u00e6vnt \u201eIndhold\u201c), der tilh\u00f8rer virksomheden eller tredjeparter, som brugeren kan have adgang til.<\/p>\n\n\n\n<p>Brugeren p\u00e5tager sig ansvaret for brugen af hjemmesiden. Dette ansvar str\u00e6kker sig til den registrering, der, hvor det er relevant, er n\u00f8dvendigt for at f\u00e5 adgang til indhold eller tjenester leveret af webstedet.<\/p>\n\n\n\n<p>Brugeren forpligter sig til at g\u00f8re passende brug af indholdet og de tjenester, der tilbydes via webstedet, og som eksempel, men ikke begr\u00e6nset til, ikke at bruge dem til (i) at engagere sig i ulovlige, ulovlige eller i strid med god tro og offentlig orden aktiviteter; (ii) for\u00e5rsage skade p\u00e5 de fysiske og logiske systemer i ejer af hjemmesiden, dets leverand\u00f8rer eller tredjeparter, (iii) indf\u00f8re eller sprede p\u00e5 netv\u00e6rket computervirus eller andre fysiske eller logiske systemer, der sandsynligvis vil for\u00e5rsage ovenn\u00e6vnte skade.<\/p>\n\n\n\n<h2 class=\"wp-block-heading\"><strong>INTELLEKTUEL EJENDOMSRET<\/strong><\/h2>\n\n\n\n<p>Indholdet af denne hjemmeside, herunder, men ikke begr\u00e6nset til, billeder, logoer, grafik, animationer og tekster, uanset deres format, samt dom\u00e6nenavnet bigtranslation.com tilh\u00f8rer ejeren. I tilf\u00e6lde af tjenester til salg har ejeren opn\u00e5et tilladelse til deres brug. S\u00e5dant indhold er beskyttet af internationale love og traktater om intellektuel og industriel ejendomsret samt af regler, der regulerer dom\u00e6nenavne.<\/p>\n\n\n\n<p>Brug af links til dette websted er tilladt, forudsat at de ikke skader ejerens image og interesser og i alle formater eller medier.<\/p>\n\n\n\n<h2 class=\"wp-block-heading\"><strong>ANSVAR OG GARANTIER<\/strong><\/h2>\n\n\n\n<p>De links, der vises p\u00e5 dette websted, leveres med henblik p\u00e5 yderligere information. Deres optagelse indeb\u00e6rer ikke accept af s\u00e5dant indhold eller ejerens tilknytning til dem, der er ansvarlige for n\u00e6vnte websteder, og afviser derfor alt ansvar i forhold til dem, s\u00e5vel som for enhver skade, der kan v\u00e6re for\u00e5rsaget af en eller anden grund til dets computersystem, dokumenter eller filer.<\/p>\n\n\n\n<p>Ejeren garanterer ikke p\u00e5lideligheden, tilg\u00e6ngeligheden eller kontinuiteten af dette websted eller dets indhold af tekniske, sikkerhedsm\u00e6ssige, kontrol- eller vedligeholdelses\u00e5rsager til tjenesten p\u00e5 grund af fejl p\u00e5 grund af serveren, der er v\u00e6rt for indholdet eller andre formidlere eller udbydere, p\u00e5 grund af angreb mod computersystemet, eller af andre grunde, der opst\u00e5r som f\u00f8lge af \u00e5rsager uden for dens kontrol, og fritager sig derfor for ethvert ansvar, direkte eller indirekte, for dem.<\/p>\n\n\n\n<h2 class=\"wp-block-heading\"><strong>VARIGHED OG \u00c6NDRING<\/strong><\/h2>\n\n\n\n<p>Betingelserne i denne juridiske meddelelse vil v\u00e6re i kraft, indtil de \u00e6ndres, og BigTranslation kan foretage disse \u00e6ndringer, som vil blive meddelt brugeren.<\/p>\n\n\n\n<p>BigTranslation kan slette, tilf\u00f8je eller \u00e6ndre b\u00e5de indholdet og de tjenester, det leverer, samt den m\u00e5de, hvorp\u00e5 de er placeret eller pr\u00e6senteres. De betingelser, der offentligg\u00f8res p\u00e5 det tidspunkt, hvor brugeren f\u00e5r adgang til BigTranslation-webstedet, forst\u00e5s at v\u00e6re g\u00e6ldende.<\/p>\n\n\n\n<p>Adgang og\/eller brug af hjemmesiden skal forst\u00e5s som accept af brugeren af vilk\u00e5rene i denne juridiske meddelelse og, hvor det er relevant, eventuelle \u00e6ndringer heraf.<\/p>\n\n\n\n<h2 class=\"wp-block-heading\"><strong>COOKIES<\/strong><\/h2>\n\n\n\n<p>Til brug af vores hjemmeside, brug af cookies er n\u00f8dvendig. Cookies bruges til forskellige form\u00e5l (m\u00e5ling af tjenesten, sporing af salg, m\u00e5lrettet markedsf\u00f8ring osv.). Hvis du \u00f8nsker det, kan du konfigurere din browser til at blive underrettet p\u00e5 sk\u00e6rmen om modtagelse af cookies og for at forhindre installation af cookies p\u00e5 din harddisk. Se din browsers instruktioner og manualer for at f\u00e5 flere oplysninger.<\/p>\n\n\n\n<p><a href=\"https:\/\/www.bigtranslation.com\/da\/cookie-politik\">MERE INFORMATION OM BRUGEN AF COOKIES<\/a><\/p>\n","protected":false},"excerpt":{"rendered":"<p>Denne juridiske meddelelse regulerer adgang, navigation og brug af hjemmesiden https:\/\/www.bigtranslation.com\/ (i det f\u00f8lgende ben\u00e6vnt webstedet). Betingelserne i denne juridiske meddelelse g\u00e6lder i tilf\u00e6lde af, at virksomheden fastl\u00e6gger specifikke betingelser for brug og\/eller indg\u00e5else af specifikke tjenester. RET TIL INFORMATION I overensstemmelse med oplysningspligten i artikel 10 i lov 34\/2002 af 11. juli om informationssamfundstjenester [&hellip;]<\/p>\n","protected":false},"author":7,"featured_media":0,"parent":0,"menu_order":38,"comment_status":"closed","ping_status":"closed","template":"","meta":{"footnotes":""},"yoast_head":"<!-- This site is optimized with the Yoast SEO plugin v21.8.1 - https:\/\/yoast.com\/wordpress\/plugins\/seo\/ -->\n<title>Juridisk meddelelse | BigTranslation<\/title>\n<meta name=\"robots\" content=\"index, follow, max-snippet:-1, max-image-preview:large, max-video-preview:-1\" \/>\n<link rel=\"canonical\" href=\"https:\/\/www.bigtranslation.com\/da\/juridisk-meddelelse\" \/>\n<meta property=\"og:locale\" content=\"da_DK\" \/>\n<meta property=\"og:type\" content=\"article\" \/>\n<meta property=\"og:title\" content=\"Juridisk meddelelse | BigTranslation\" \/>\n<meta property=\"og:description\" content=\"Denne juridiske meddelelse regulerer adgang, navigation og brug af hjemmesiden https:\/\/www.bigtranslation.com\/ (i det f\u00f8lgende ben\u00e6vnt webstedet). Betingelserne i denne juridiske meddelelse g\u00e6lder i tilf\u00e6lde af, at virksomheden fastl\u00e6gger specifikke betingelser for brug og\/eller indg\u00e5else af specifikke tjenester. RET TIL INFORMATION I overensstemmelse med oplysningspligten i artikel 10 i lov 34\/2002 af 11. juli om informationssamfundstjenester [&hellip;]\" \/>\n<meta property=\"og:url\" content=\"https:\/\/www.bigtranslation.com\/da\/juridisk-meddelelse\" \/>\n<meta property=\"og:site_name\" content=\"BigTranslation\" \/>\n<meta property=\"article:modified_time\" content=\"2022-08-23T06:43:44+00:00\" \/>\n<meta name=\"twitter:card\" content=\"summary_large_image\" \/>\n<meta name=\"twitter:label1\" content=\"Estimeret l\u00e6setid\" \/>\n\t<meta name=\"twitter:data1\" content=\"3 minutter\" \/>\n<script type=\"application\/ld+json\" class=\"yoast-schema-graph\">{\"@context\":\"https:\/\/schema.org\",\"@graph\":[{\"@type\":\"WebPage\",\"@id\":\"https:\/\/www.bigtranslation.com\/da\/juridisk-meddelelse\",\"url\":\"https:\/\/www.bigtranslation.com\/da\/juridisk-meddelelse\",\"name\":\"Juridisk meddelelse | BigTranslation\",\"isPartOf\":{\"@id\":\"https:\/\/www.bigtranslation.com\/da#website\"},\"datePublished\":\"2022-08-23T06:43:43+00:00\",\"dateModified\":\"2022-08-23T06:43:44+00:00\",\"breadcrumb\":{\"@id\":\"https:\/\/www.bigtranslation.com\/da\/juridisk-meddelelse#breadcrumb\"},\"inLanguage\":\"da-DK\",\"potentialAction\":[{\"@type\":\"ReadAction\",\"target\":[\"https:\/\/www.bigtranslation.com\/da\/juridisk-meddelelse\"]}]},{\"@type\":\"BreadcrumbList\",\"@id\":\"https:\/\/www.bigtranslation.com\/da\/juridisk-meddelelse#breadcrumb\",\"itemListElement\":[{\"@type\":\"ListItem\",\"position\":1,\"name\":\"Home\",\"item\":\"https:\/\/www.bigtranslation.com\/da\"},{\"@type\":\"ListItem\",\"position\":2,\"name\":\"Juridisk meddelelse\"}]},{\"@type\":\"WebSite\",\"@id\":\"https:\/\/www.bigtranslation.com\/da#website\",\"url\":\"https:\/\/www.bigtranslation.com\/da\",\"name\":\"BigTranslation\",\"description\":\"Native and Professional translators\",\"potentialAction\":[{\"@type\":\"SearchAction\",\"target\":{\"@type\":\"EntryPoint\",\"urlTemplate\":\"https:\/\/www.bigtranslation.com\/da?s={search_term_string}\"},\"query-input\":\"required name=search_term_string\"}],\"inLanguage\":\"da-DK\"}]}<\/script>\n<!-- \/ Yoast SEO plugin. -->","yoast_head_json":{"title":"Juridisk meddelelse | BigTranslation","robots":{"index":"index","follow":"follow","max-snippet":"max-snippet:-1","max-image-preview":"max-image-preview:large","max-video-preview":"max-video-preview:-1"},"canonical":"https:\/\/www.bigtranslation.com\/da\/juridisk-meddelelse","og_locale":"da_DK","og_type":"article","og_title":"Juridisk meddelelse | BigTranslation","og_description":"Denne juridiske meddelelse regulerer adgang, navigation og brug af hjemmesiden https:\/\/www.bigtranslation.com\/ (i det f\u00f8lgende ben\u00e6vnt webstedet). Betingelserne i denne juridiske meddelelse g\u00e6lder i tilf\u00e6lde af, at virksomheden fastl\u00e6gger specifikke betingelser for brug og\/eller indg\u00e5else af specifikke tjenester. RET TIL INFORMATION I overensstemmelse med oplysningspligten i artikel 10 i lov 34\/2002 af 11. juli om informationssamfundstjenester [&hellip;]","og_url":"https:\/\/www.bigtranslation.com\/da\/juridisk-meddelelse","og_site_name":"BigTranslation","article_modified_time":"2022-08-23T06:43:44+00:00","twitter_card":"summary_large_image","twitter_misc":{"Estimeret l\u00e6setid":"3 minutter"},"schema":{"@context":"https:\/\/schema.org","@graph":[{"@type":"WebPage","@id":"https:\/\/www.bigtranslation.com\/da\/juridisk-meddelelse","url":"https:\/\/www.bigtranslation.com\/da\/juridisk-meddelelse","name":"Juridisk meddelelse | BigTranslation","isPartOf":{"@id":"https:\/\/www.bigtranslation.com\/da#website"},"datePublished":"2022-08-23T06:43:43+00:00","dateModified":"2022-08-23T06:43:44+00:00","breadcrumb":{"@id":"https:\/\/www.bigtranslation.com\/da\/juridisk-meddelelse#breadcrumb"},"inLanguage":"da-DK","potentialAction":[{"@type":"ReadAction","target":["https:\/\/www.bigtranslation.com\/da\/juridisk-meddelelse"]}]},{"@type":"BreadcrumbList","@id":"https:\/\/www.bigtranslation.com\/da\/juridisk-meddelelse#breadcrumb","itemListElement":[{"@type":"ListItem","position":1,"name":"Home","item":"https:\/\/www.bigtranslation.com\/da"},{"@type":"ListItem","position":2,"name":"Juridisk meddelelse"}]},{"@type":"WebSite","@id":"https:\/\/www.bigtranslation.com\/da#website","url":"https:\/\/www.bigtranslation.com\/da","name":"BigTranslation","description":"Native and Professional translators","potentialAction":[{"@type":"SearchAction","target":{"@type":"EntryPoint","urlTemplate":"https:\/\/www.bigtranslation.com\/da?s={search_term_string}"},"query-input":"required name=search_term_string"}],"inLanguage":"da-DK"}]}},"acf":[],"amp_enabled":true,"_links":{"self":[{"href":"https:\/\/www.bigtranslation.com\/da\/wp-json\/wp\/v2\/pages\/12786"}],"collection":[{"href":"https:\/\/www.bigtranslation.com\/da\/wp-json\/wp\/v2\/pages"}],"about":[{"href":"https:\/\/www.bigtranslation.com\/da\/wp-json\/wp\/v2\/types\/page"}],"author":[{"embeddable":true,"href":"https:\/\/www.bigtranslation.com\/da\/wp-json\/wp\/v2\/users\/7"}],"replies":[{"embeddable":true,"href":"https:\/\/www.bigtranslation.com\/da\/wp-json\/wp\/v2\/comments?post=12786"}],"version-history":[{"count":1,"href":"https:\/\/www.bigtranslation.com\/da\/wp-json\/wp\/v2\/pages\/12786\/revisions"}],"predecessor-version":[{"id":12788,"href":"https:\/\/www.bigtranslation.com\/da\/wp-json\/wp\/v2\/pages\/12786\/revisions\/12788"}],"wp:attachment":[{"href":"https:\/\/www.bigtranslation.com\/da\/wp-json\/wp\/v2\/media?parent=12786"}],"curies":[{"name":"wp","href":"https:\/\/api.w.org\/{rel}","templated":true}]}}