{"id":4591,"date":"2021-04-16T09:36:36","date_gmt":"2021-04-16T09:36:36","guid":{"rendered":"https:\/\/www.bigtranslation.com\/home\/"},"modified":"2021-10-05T05:48:23","modified_gmt":"2021-10-05T05:48:23","slug":"home","status":"publish","type":"page","link":"https:\/\/www.bigtranslation.com\/da","title":{"rendered":"Overs\u00e6ttelsesbureau"},"content":{"rendered":"","protected":false},"excerpt":{"rendered":"","protected":false},"author":1,"featured_media":0,"parent":0,"menu_order":0,"comment_status":"closed","ping_status":"closed","template":"page-templates\/template-home.php","meta":{"footnotes":""},"yoast_head":"<!-- This site is optimized with the Yoast SEO plugin v21.8.1 - https:\/\/yoast.com\/wordpress\/plugins\/seo\/ -->\n<title>Overs\u00e6ttelsesbureau | Indf\u00f8dte overs\u00e6ttere &amp; Professionel overs\u00e6ttelse<\/title>\n<meta name=\"description\" content=\"Overs\u00e6ttelsesbureau specialiseret i SEO- og hjemmesideovers\u00e6ttelser. Vi udf\u00f8rer hurtige og billige overs\u00e6ttelser og forskellige slags overs\u00e6ttelsesydelser.\" \/>\n<meta name=\"robots\" content=\"index, follow, max-snippet:-1, max-image-preview:large, max-video-preview:-1\" \/>\n<link rel=\"canonical\" href=\"https:\/\/www.bigtranslation.com\/da\" \/>\n<meta property=\"og:locale\" content=\"da_DK\" \/>\n<meta property=\"og:type\" content=\"article\" \/>\n<meta property=\"og:title\" content=\"Overs\u00e6ttelsesbureau | Indf\u00f8dte overs\u00e6ttere &amp; Professionel overs\u00e6ttelse\" \/>\n<meta property=\"og:description\" content=\"Overs\u00e6ttelsesbureau specialiseret i SEO- og hjemmesideovers\u00e6ttelser. Vi udf\u00f8rer hurtige og billige overs\u00e6ttelser og forskellige slags overs\u00e6ttelsesydelser.\" \/>\n<meta property=\"og:url\" content=\"https:\/\/www.bigtranslation.com\/da\" \/>\n<meta property=\"og:site_name\" content=\"BigTranslation\" \/>\n<meta property=\"article:modified_time\" content=\"2021-10-05T05:48:23+00:00\" \/>\n<meta name=\"twitter:card\" content=\"summary_large_image\" \/>\n<script type=\"application\/ld+json\" class=\"yoast-schema-graph\">{\"@context\":\"https:\/\/schema.org\",\"@graph\":[{\"@type\":\"WebPage\",\"@id\":\"https:\/\/www.bigtranslation.com\/da\",\"url\":\"https:\/\/www.bigtranslation.com\/da\",\"name\":\"Overs\u00e6ttelsesbureau | Indf\u00f8dte overs\u00e6ttere & Professionel overs\u00e6ttelse\",\"isPartOf\":{\"@id\":\"https:\/\/www.bigtranslation.com\/da#website\"},\"datePublished\":\"2021-04-16T09:36:36+00:00\",\"dateModified\":\"2021-10-05T05:48:23+00:00\",\"description\":\"Overs\u00e6ttelsesbureau specialiseret i SEO- og hjemmesideovers\u00e6ttelser. Vi udf\u00f8rer hurtige og billige overs\u00e6ttelser og forskellige slags overs\u00e6ttelsesydelser.\",\"breadcrumb\":{\"@id\":\"https:\/\/www.bigtranslation.com\/da#breadcrumb\"},\"inLanguage\":\"da-DK\",\"potentialAction\":[{\"@type\":\"ReadAction\",\"target\":[\"https:\/\/www.bigtranslation.com\/da\"]}]},{\"@type\":\"BreadcrumbList\",\"@id\":\"https:\/\/www.bigtranslation.com\/da#breadcrumb\",\"itemListElement\":[{\"@type\":\"ListItem\",\"position\":1,\"name\":\"Home\",\"item\":\"https:\/\/www.bigtranslation.com\/da\"},{\"@type\":\"ListItem\",\"position\":2,\"name\":\"Overs\u00e6ttelsesbureau\"}]},{\"@type\":\"WebSite\",\"@id\":\"https:\/\/www.bigtranslation.com\/da#website\",\"url\":\"https:\/\/www.bigtranslation.com\/da\",\"name\":\"BigTranslation\",\"description\":\"Native and Professional translators\",\"potentialAction\":[{\"@type\":\"SearchAction\",\"target\":{\"@type\":\"EntryPoint\",\"urlTemplate\":\"https:\/\/www.bigtranslation.com\/da?s={search_term_string}\"},\"query-input\":\"required name=search_term_string\"}],\"inLanguage\":\"da-DK\"}]}<\/script>\n<!-- \/ Yoast SEO plugin. -->","yoast_head_json":{"title":"Overs\u00e6ttelsesbureau | Indf\u00f8dte overs\u00e6ttere & Professionel overs\u00e6ttelse","description":"Overs\u00e6ttelsesbureau specialiseret i SEO- og hjemmesideovers\u00e6ttelser. Vi udf\u00f8rer hurtige og billige overs\u00e6ttelser og forskellige slags overs\u00e6ttelsesydelser.","robots":{"index":"index","follow":"follow","max-snippet":"max-snippet:-1","max-image-preview":"max-image-preview:large","max-video-preview":"max-video-preview:-1"},"canonical":"https:\/\/www.bigtranslation.com\/da","og_locale":"da_DK","og_type":"article","og_title":"Overs\u00e6ttelsesbureau | Indf\u00f8dte overs\u00e6ttere & Professionel overs\u00e6ttelse","og_description":"Overs\u00e6ttelsesbureau specialiseret i SEO- og hjemmesideovers\u00e6ttelser. Vi udf\u00f8rer hurtige og billige overs\u00e6ttelser og forskellige slags overs\u00e6ttelsesydelser.","og_url":"https:\/\/www.bigtranslation.com\/da","og_site_name":"BigTranslation","article_modified_time":"2021-10-05T05:48:23+00:00","twitter_card":"summary_large_image","schema":{"@context":"https:\/\/schema.org","@graph":[{"@type":"WebPage","@id":"https:\/\/www.bigtranslation.com\/da","url":"https:\/\/www.bigtranslation.com\/da","name":"Overs\u00e6ttelsesbureau | Indf\u00f8dte overs\u00e6ttere & Professionel overs\u00e6ttelse","isPartOf":{"@id":"https:\/\/www.bigtranslation.com\/da#website"},"datePublished":"2021-04-16T09:36:36+00:00","dateModified":"2021-10-05T05:48:23+00:00","description":"Overs\u00e6ttelsesbureau specialiseret i SEO- og hjemmesideovers\u00e6ttelser. Vi udf\u00f8rer hurtige og billige overs\u00e6ttelser og forskellige slags overs\u00e6ttelsesydelser.","breadcrumb":{"@id":"https:\/\/www.bigtranslation.com\/da#breadcrumb"},"inLanguage":"da-DK","potentialAction":[{"@type":"ReadAction","target":["https:\/\/www.bigtranslation.com\/da"]}]},{"@type":"BreadcrumbList","@id":"https:\/\/www.bigtranslation.com\/da#breadcrumb","itemListElement":[{"@type":"ListItem","position":1,"name":"Home","item":"https:\/\/www.bigtranslation.com\/da"},{"@type":"ListItem","position":2,"name":"Overs\u00e6ttelsesbureau"}]},{"@type":"WebSite","@id":"https:\/\/www.bigtranslation.com\/da#website","url":"https:\/\/www.bigtranslation.com\/da","name":"BigTranslation","description":"Native and Professional translators","potentialAction":[{"@type":"SearchAction","target":{"@type":"EntryPoint","urlTemplate":"https:\/\/www.bigtranslation.com\/da?s={search_term_string}"},"query-input":"required name=search_term_string"}],"inLanguage":"da-DK"}]}},"acf":[],"amp_enabled":true,"_links":{"self":[{"href":"https:\/\/www.bigtranslation.com\/da\/wp-json\/wp\/v2\/pages\/4591"}],"collection":[{"href":"https:\/\/www.bigtranslation.com\/da\/wp-json\/wp\/v2\/pages"}],"about":[{"href":"https:\/\/www.bigtranslation.com\/da\/wp-json\/wp\/v2\/types\/page"}],"author":[{"embeddable":true,"href":"https:\/\/www.bigtranslation.com\/da\/wp-json\/wp\/v2\/users\/1"}],"replies":[{"embeddable":true,"href":"https:\/\/www.bigtranslation.com\/da\/wp-json\/wp\/v2\/comments?post=4591"}],"version-history":[{"count":1,"href":"https:\/\/www.bigtranslation.com\/da\/wp-json\/wp\/v2\/pages\/4591\/revisions"}],"predecessor-version":[{"id":4592,"href":"https:\/\/www.bigtranslation.com\/da\/wp-json\/wp\/v2\/pages\/4591\/revisions\/4592"}],"wp:attachment":[{"href":"https:\/\/www.bigtranslation.com\/da\/wp-json\/wp\/v2\/media?parent=4591"}],"curies":[{"name":"wp","href":"https:\/\/api.w.org\/{rel}","templated":true}]}}