{"id":4595,"date":"2021-08-26T11:45:01","date_gmt":"2021-08-26T11:45:01","guid":{"rendered":"https:\/\/www.bigtranslation.com\/professional-translation-services\/"},"modified":"2021-09-20T12:37:58","modified_gmt":"2021-09-20T12:37:58","slug":"professionel-oversaettelsesservice","status":"publish","type":"page","link":"https:\/\/www.bigtranslation.com\/da\/professionel-oversaettelsesservice","title":{"rendered":"Professionel overs\u00e6ttelsesservice"},"content":{"rendered":"","protected":false},"excerpt":{"rendered":"","protected":false},"author":1,"featured_media":0,"parent":0,"menu_order":1,"comment_status":"closed","ping_status":"closed","template":"page-templates\/template-professional-translation-services.php","meta":{"footnotes":""},"yoast_head":"<!-- This site is optimized with the Yoast SEO plugin v21.8.1 - https:\/\/yoast.com\/wordpress\/plugins\/seo\/ -->\n<title>Professionel overs\u00e6ttelsesservice | Professionel overs\u00e6ttelsesbureau med indf\u00f8dte overs\u00e6ttere<\/title>\n<meta name=\"description\" content=\"Overs\u00e6tterne hos vores professionelle overs\u00e6ttelsesbureau overs\u00e6tter fra og til alle de europ\u00e6iske sprog. L\u00e6r mere om vores overs\u00e6ttelsesservice med det samme.\" \/>\n<meta name=\"robots\" content=\"index, follow, max-snippet:-1, max-image-preview:large, max-video-preview:-1\" \/>\n<link rel=\"canonical\" href=\"https:\/\/www.bigtranslation.com\/da\/professionel-oversaettelsesservice\" \/>\n<meta property=\"og:locale\" content=\"da_DK\" \/>\n<meta property=\"og:type\" content=\"article\" \/>\n<meta property=\"og:title\" content=\"Professionel overs\u00e6ttelsesservice | Professionel overs\u00e6ttelsesbureau med indf\u00f8dte overs\u00e6ttere\" \/>\n<meta property=\"og:description\" content=\"Overs\u00e6tterne hos vores professionelle overs\u00e6ttelsesbureau overs\u00e6tter fra og til alle de europ\u00e6iske sprog. L\u00e6r mere om vores overs\u00e6ttelsesservice med det samme.\" \/>\n<meta property=\"og:url\" content=\"https:\/\/www.bigtranslation.com\/da\/professionel-oversaettelsesservice\" \/>\n<meta property=\"og:site_name\" content=\"BigTranslation\" \/>\n<meta property=\"article:modified_time\" content=\"2021-09-20T12:37:58+00:00\" \/>\n<meta name=\"twitter:card\" content=\"summary_large_image\" \/>\n<script type=\"application\/ld+json\" class=\"yoast-schema-graph\">{\"@context\":\"https:\/\/schema.org\",\"@graph\":[{\"@type\":\"WebPage\",\"@id\":\"https:\/\/www.bigtranslation.com\/da\/professionel-oversaettelsesservice\",\"url\":\"https:\/\/www.bigtranslation.com\/da\/professionel-oversaettelsesservice\",\"name\":\"Professionel overs\u00e6ttelsesservice | Professionel overs\u00e6ttelsesbureau med indf\u00f8dte overs\u00e6ttere\",\"isPartOf\":{\"@id\":\"https:\/\/www.bigtranslation.com\/da#website\"},\"datePublished\":\"2021-08-26T11:45:01+00:00\",\"dateModified\":\"2021-09-20T12:37:58+00:00\",\"description\":\"Overs\u00e6tterne hos vores professionelle overs\u00e6ttelsesbureau overs\u00e6tter fra og til alle de europ\u00e6iske sprog. L\u00e6r mere om vores overs\u00e6ttelsesservice med det samme.\",\"breadcrumb\":{\"@id\":\"https:\/\/www.bigtranslation.com\/da\/professionel-oversaettelsesservice#breadcrumb\"},\"inLanguage\":\"da-DK\",\"potentialAction\":[{\"@type\":\"ReadAction\",\"target\":[\"https:\/\/www.bigtranslation.com\/da\/professionel-oversaettelsesservice\"]}]},{\"@type\":\"BreadcrumbList\",\"@id\":\"https:\/\/www.bigtranslation.com\/da\/professionel-oversaettelsesservice#breadcrumb\",\"itemListElement\":[{\"@type\":\"ListItem\",\"position\":1,\"name\":\"Home\",\"item\":\"https:\/\/www.bigtranslation.com\/da\"},{\"@type\":\"ListItem\",\"position\":2,\"name\":\"Professionel overs\u00e6ttelsesservice\"}]},{\"@type\":\"WebSite\",\"@id\":\"https:\/\/www.bigtranslation.com\/da#website\",\"url\":\"https:\/\/www.bigtranslation.com\/da\",\"name\":\"BigTranslation\",\"description\":\"Native and Professional translators\",\"potentialAction\":[{\"@type\":\"SearchAction\",\"target\":{\"@type\":\"EntryPoint\",\"urlTemplate\":\"https:\/\/www.bigtranslation.com\/da?s={search_term_string}\"},\"query-input\":\"required name=search_term_string\"}],\"inLanguage\":\"da-DK\"}]}<\/script>\n<!-- \/ Yoast SEO plugin. -->","yoast_head_json":{"title":"Professionel overs\u00e6ttelsesservice | Professionel overs\u00e6ttelsesbureau med indf\u00f8dte overs\u00e6ttere","description":"Overs\u00e6tterne hos vores professionelle overs\u00e6ttelsesbureau overs\u00e6tter fra og til alle de europ\u00e6iske sprog. L\u00e6r mere om vores overs\u00e6ttelsesservice med det samme.","robots":{"index":"index","follow":"follow","max-snippet":"max-snippet:-1","max-image-preview":"max-image-preview:large","max-video-preview":"max-video-preview:-1"},"canonical":"https:\/\/www.bigtranslation.com\/da\/professionel-oversaettelsesservice","og_locale":"da_DK","og_type":"article","og_title":"Professionel overs\u00e6ttelsesservice | Professionel overs\u00e6ttelsesbureau med indf\u00f8dte overs\u00e6ttere","og_description":"Overs\u00e6tterne hos vores professionelle overs\u00e6ttelsesbureau overs\u00e6tter fra og til alle de europ\u00e6iske sprog. L\u00e6r mere om vores overs\u00e6ttelsesservice med det samme.","og_url":"https:\/\/www.bigtranslation.com\/da\/professionel-oversaettelsesservice","og_site_name":"BigTranslation","article_modified_time":"2021-09-20T12:37:58+00:00","twitter_card":"summary_large_image","schema":{"@context":"https:\/\/schema.org","@graph":[{"@type":"WebPage","@id":"https:\/\/www.bigtranslation.com\/da\/professionel-oversaettelsesservice","url":"https:\/\/www.bigtranslation.com\/da\/professionel-oversaettelsesservice","name":"Professionel overs\u00e6ttelsesservice | Professionel overs\u00e6ttelsesbureau med indf\u00f8dte overs\u00e6ttere","isPartOf":{"@id":"https:\/\/www.bigtranslation.com\/da#website"},"datePublished":"2021-08-26T11:45:01+00:00","dateModified":"2021-09-20T12:37:58+00:00","description":"Overs\u00e6tterne hos vores professionelle overs\u00e6ttelsesbureau overs\u00e6tter fra og til alle de europ\u00e6iske sprog. L\u00e6r mere om vores overs\u00e6ttelsesservice med det samme.","breadcrumb":{"@id":"https:\/\/www.bigtranslation.com\/da\/professionel-oversaettelsesservice#breadcrumb"},"inLanguage":"da-DK","potentialAction":[{"@type":"ReadAction","target":["https:\/\/www.bigtranslation.com\/da\/professionel-oversaettelsesservice"]}]},{"@type":"BreadcrumbList","@id":"https:\/\/www.bigtranslation.com\/da\/professionel-oversaettelsesservice#breadcrumb","itemListElement":[{"@type":"ListItem","position":1,"name":"Home","item":"https:\/\/www.bigtranslation.com\/da"},{"@type":"ListItem","position":2,"name":"Professionel overs\u00e6ttelsesservice"}]},{"@type":"WebSite","@id":"https:\/\/www.bigtranslation.com\/da#website","url":"https:\/\/www.bigtranslation.com\/da","name":"BigTranslation","description":"Native and Professional translators","potentialAction":[{"@type":"SearchAction","target":{"@type":"EntryPoint","urlTemplate":"https:\/\/www.bigtranslation.com\/da?s={search_term_string}"},"query-input":"required name=search_term_string"}],"inLanguage":"da-DK"}]}},"acf":[],"amp_enabled":true,"_links":{"self":[{"href":"https:\/\/www.bigtranslation.com\/da\/wp-json\/wp\/v2\/pages\/4595"}],"collection":[{"href":"https:\/\/www.bigtranslation.com\/da\/wp-json\/wp\/v2\/pages"}],"about":[{"href":"https:\/\/www.bigtranslation.com\/da\/wp-json\/wp\/v2\/types\/page"}],"author":[{"embeddable":true,"href":"https:\/\/www.bigtranslation.com\/da\/wp-json\/wp\/v2\/users\/1"}],"replies":[{"embeddable":true,"href":"https:\/\/www.bigtranslation.com\/da\/wp-json\/wp\/v2\/comments?post=4595"}],"version-history":[{"count":2,"href":"https:\/\/www.bigtranslation.com\/da\/wp-json\/wp\/v2\/pages\/4595\/revisions"}],"predecessor-version":[{"id":4598,"href":"https:\/\/www.bigtranslation.com\/da\/wp-json\/wp\/v2\/pages\/4595\/revisions\/4598"}],"wp:attachment":[{"href":"https:\/\/www.bigtranslation.com\/da\/wp-json\/wp\/v2\/media?parent=4595"}],"curies":[{"name":"wp","href":"https:\/\/api.w.org\/{rel}","templated":true}]}}