{"id":4818,"date":"2021-07-01T07:43:26","date_gmt":"2021-07-01T07:43:26","guid":{"rendered":"https:\/\/www.bigtranslation.com\/translate-website"},"modified":"2021-10-05T05:52:22","modified_gmt":"2021-10-05T05:52:22","slug":"oversaet-hjemmeside","status":"publish","type":"page","link":"https:\/\/www.bigtranslation.com\/da\/oversaet-hjemmeside","title":{"rendered":"Overs\u00e6t webside"},"content":{"rendered":"","protected":false},"excerpt":{"rendered":"","protected":false},"author":1,"featured_media":0,"parent":0,"menu_order":6,"comment_status":"closed","ping_status":"closed","template":"page-templates\/template-translate-website.php","meta":{"footnotes":""},"yoast_head":"<!-- This site is optimized with the Yoast SEO plugin v21.8.1 - https:\/\/yoast.com\/wordpress\/plugins\/seo\/ -->\n<title>Overs\u00e6t webside | Overs\u00e6ttelsesbureau<\/title>\n<meta name=\"description\" content=\"Vores overs\u00e6ttelsesvirksomhed tilbyder hjemmeside- og SEO-overs\u00e6ttelser. Overs\u00e6t din hjemmeside og n\u00e5 ud til nye kunder.\" \/>\n<meta name=\"robots\" content=\"index, follow, max-snippet:-1, max-image-preview:large, max-video-preview:-1\" \/>\n<link rel=\"canonical\" href=\"https:\/\/www.bigtranslation.com\/da\/oversaet-hjemmeside\" \/>\n<meta property=\"og:locale\" content=\"da_DK\" \/>\n<meta property=\"og:type\" content=\"article\" \/>\n<meta property=\"og:title\" content=\"Overs\u00e6t webside | Overs\u00e6ttelsesbureau\" \/>\n<meta property=\"og:description\" content=\"Vores overs\u00e6ttelsesvirksomhed tilbyder hjemmeside- og SEO-overs\u00e6ttelser. Overs\u00e6t din hjemmeside og n\u00e5 ud til nye kunder.\" \/>\n<meta property=\"og:url\" content=\"https:\/\/www.bigtranslation.com\/da\/oversaet-hjemmeside\" \/>\n<meta property=\"og:site_name\" content=\"BigTranslation\" \/>\n<meta property=\"article:modified_time\" content=\"2021-10-05T05:52:22+00:00\" \/>\n<meta name=\"twitter:card\" content=\"summary_large_image\" \/>\n<script type=\"application\/ld+json\" class=\"yoast-schema-graph\">{\"@context\":\"https:\/\/schema.org\",\"@graph\":[{\"@type\":\"WebPage\",\"@id\":\"https:\/\/www.bigtranslation.com\/da\/oversaet-hjemmeside\",\"url\":\"https:\/\/www.bigtranslation.com\/da\/oversaet-hjemmeside\",\"name\":\"Overs\u00e6t webside | Overs\u00e6ttelsesbureau\",\"isPartOf\":{\"@id\":\"https:\/\/www.bigtranslation.com\/da#website\"},\"datePublished\":\"2021-07-01T07:43:26+00:00\",\"dateModified\":\"2021-10-05T05:52:22+00:00\",\"description\":\"Vores overs\u00e6ttelsesvirksomhed tilbyder hjemmeside- og SEO-overs\u00e6ttelser. Overs\u00e6t din hjemmeside og n\u00e5 ud til nye kunder.\",\"breadcrumb\":{\"@id\":\"https:\/\/www.bigtranslation.com\/da\/oversaet-hjemmeside#breadcrumb\"},\"inLanguage\":\"da-DK\",\"potentialAction\":[{\"@type\":\"ReadAction\",\"target\":[\"https:\/\/www.bigtranslation.com\/da\/oversaet-hjemmeside\"]}]},{\"@type\":\"BreadcrumbList\",\"@id\":\"https:\/\/www.bigtranslation.com\/da\/oversaet-hjemmeside#breadcrumb\",\"itemListElement\":[{\"@type\":\"ListItem\",\"position\":1,\"name\":\"Home\",\"item\":\"https:\/\/www.bigtranslation.com\/da\"},{\"@type\":\"ListItem\",\"position\":2,\"name\":\"Overs\u00e6t webside\"}]},{\"@type\":\"WebSite\",\"@id\":\"https:\/\/www.bigtranslation.com\/da#website\",\"url\":\"https:\/\/www.bigtranslation.com\/da\",\"name\":\"BigTranslation\",\"description\":\"Native and Professional translators\",\"potentialAction\":[{\"@type\":\"SearchAction\",\"target\":{\"@type\":\"EntryPoint\",\"urlTemplate\":\"https:\/\/www.bigtranslation.com\/da?s={search_term_string}\"},\"query-input\":\"required name=search_term_string\"}],\"inLanguage\":\"da-DK\"}]}<\/script>\n<!-- \/ Yoast SEO plugin. -->","yoast_head_json":{"title":"Overs\u00e6t webside | Overs\u00e6ttelsesbureau","description":"Vores overs\u00e6ttelsesvirksomhed tilbyder hjemmeside- og SEO-overs\u00e6ttelser. Overs\u00e6t din hjemmeside og n\u00e5 ud til nye kunder.","robots":{"index":"index","follow":"follow","max-snippet":"max-snippet:-1","max-image-preview":"max-image-preview:large","max-video-preview":"max-video-preview:-1"},"canonical":"https:\/\/www.bigtranslation.com\/da\/oversaet-hjemmeside","og_locale":"da_DK","og_type":"article","og_title":"Overs\u00e6t webside | Overs\u00e6ttelsesbureau","og_description":"Vores overs\u00e6ttelsesvirksomhed tilbyder hjemmeside- og SEO-overs\u00e6ttelser. Overs\u00e6t din hjemmeside og n\u00e5 ud til nye kunder.","og_url":"https:\/\/www.bigtranslation.com\/da\/oversaet-hjemmeside","og_site_name":"BigTranslation","article_modified_time":"2021-10-05T05:52:22+00:00","twitter_card":"summary_large_image","schema":{"@context":"https:\/\/schema.org","@graph":[{"@type":"WebPage","@id":"https:\/\/www.bigtranslation.com\/da\/oversaet-hjemmeside","url":"https:\/\/www.bigtranslation.com\/da\/oversaet-hjemmeside","name":"Overs\u00e6t webside | Overs\u00e6ttelsesbureau","isPartOf":{"@id":"https:\/\/www.bigtranslation.com\/da#website"},"datePublished":"2021-07-01T07:43:26+00:00","dateModified":"2021-10-05T05:52:22+00:00","description":"Vores overs\u00e6ttelsesvirksomhed tilbyder hjemmeside- og SEO-overs\u00e6ttelser. Overs\u00e6t din hjemmeside og n\u00e5 ud til nye kunder.","breadcrumb":{"@id":"https:\/\/www.bigtranslation.com\/da\/oversaet-hjemmeside#breadcrumb"},"inLanguage":"da-DK","potentialAction":[{"@type":"ReadAction","target":["https:\/\/www.bigtranslation.com\/da\/oversaet-hjemmeside"]}]},{"@type":"BreadcrumbList","@id":"https:\/\/www.bigtranslation.com\/da\/oversaet-hjemmeside#breadcrumb","itemListElement":[{"@type":"ListItem","position":1,"name":"Home","item":"https:\/\/www.bigtranslation.com\/da"},{"@type":"ListItem","position":2,"name":"Overs\u00e6t webside"}]},{"@type":"WebSite","@id":"https:\/\/www.bigtranslation.com\/da#website","url":"https:\/\/www.bigtranslation.com\/da","name":"BigTranslation","description":"Native and Professional translators","potentialAction":[{"@type":"SearchAction","target":{"@type":"EntryPoint","urlTemplate":"https:\/\/www.bigtranslation.com\/da?s={search_term_string}"},"query-input":"required name=search_term_string"}],"inLanguage":"da-DK"}]}},"acf":[],"amp_enabled":true,"_links":{"self":[{"href":"https:\/\/www.bigtranslation.com\/da\/wp-json\/wp\/v2\/pages\/4818"}],"collection":[{"href":"https:\/\/www.bigtranslation.com\/da\/wp-json\/wp\/v2\/pages"}],"about":[{"href":"https:\/\/www.bigtranslation.com\/da\/wp-json\/wp\/v2\/types\/page"}],"author":[{"embeddable":true,"href":"https:\/\/www.bigtranslation.com\/da\/wp-json\/wp\/v2\/users\/1"}],"replies":[{"embeddable":true,"href":"https:\/\/www.bigtranslation.com\/da\/wp-json\/wp\/v2\/comments?post=4818"}],"version-history":[{"count":1,"href":"https:\/\/www.bigtranslation.com\/da\/wp-json\/wp\/v2\/pages\/4818\/revisions"}],"predecessor-version":[{"id":4822,"href":"https:\/\/www.bigtranslation.com\/da\/wp-json\/wp\/v2\/pages\/4818\/revisions\/4822"}],"wp:attachment":[{"href":"https:\/\/www.bigtranslation.com\/da\/wp-json\/wp\/v2\/media?parent=4818"}],"curies":[{"name":"wp","href":"https:\/\/api.w.org\/{rel}","templated":true}]}}