{"id":4836,"date":"2021-07-01T12:53:45","date_gmt":"2021-07-01T12:53:45","guid":{"rendered":"https:\/\/www.bigtranslation.com\/translate-wordpress"},"modified":"2022-02-21T10:28:38","modified_gmt":"2022-02-21T10:28:38","slug":"oversaet-wordpress","status":"publish","type":"page","link":"https:\/\/www.bigtranslation.com\/da\/oversaet-wordpress","title":{"rendered":"Overs\u00e6t din WordPress-hjemmeside med WPML og BigTranslation"},"content":{"rendered":"","protected":false},"excerpt":{"rendered":"","protected":false},"author":1,"featured_media":0,"parent":0,"menu_order":7,"comment_status":"closed","ping_status":"closed","template":"page-templates\/template-translate-wordpress.php","meta":{"footnotes":""},"yoast_head":"<!-- This site is optimized with the Yoast SEO plugin v21.8.1 - https:\/\/yoast.com\/wordpress\/plugins\/seo\/ -->\n<title>Overs\u00e6t din WordPress-hjemmeside med WPML og BigTranslation | Indf\u00f8dte overs\u00e6ttere &amp; Professionel overs\u00e6ttelse<\/title>\n<meta name=\"description\" content=\"Vores integration optimerer din arbejdsgang og giver dig mulighed for at sende dit indhold til overs\u00e6ttelse og senere at f\u00e5 det offentliggjort p\u00e5 din hjemmeside uden at du beh\u00f8ver at forlade WordPress-platformen!\" \/>\n<meta name=\"robots\" content=\"index, follow, max-snippet:-1, max-image-preview:large, max-video-preview:-1\" \/>\n<link rel=\"canonical\" href=\"https:\/\/www.bigtranslation.com\/da\/oversaet-wordpress\" \/>\n<meta property=\"og:locale\" content=\"da_DK\" \/>\n<meta property=\"og:type\" content=\"article\" \/>\n<meta property=\"og:title\" content=\"Overs\u00e6t din WordPress-hjemmeside med WPML og BigTranslation | Indf\u00f8dte overs\u00e6ttere &amp; Professionel overs\u00e6ttelse\" \/>\n<meta property=\"og:description\" content=\"Vores integration optimerer din arbejdsgang og giver dig mulighed for at sende dit indhold til overs\u00e6ttelse og senere at f\u00e5 det offentliggjort p\u00e5 din hjemmeside uden at du beh\u00f8ver at forlade WordPress-platformen!\" \/>\n<meta property=\"og:url\" content=\"https:\/\/www.bigtranslation.com\/da\/oversaet-wordpress\" \/>\n<meta property=\"og:site_name\" content=\"BigTranslation\" \/>\n<meta property=\"article:modified_time\" content=\"2022-02-21T10:28:38+00:00\" \/>\n<meta name=\"twitter:card\" content=\"summary_large_image\" \/>\n<script type=\"application\/ld+json\" class=\"yoast-schema-graph\">{\"@context\":\"https:\/\/schema.org\",\"@graph\":[{\"@type\":\"WebPage\",\"@id\":\"https:\/\/www.bigtranslation.com\/da\/oversaet-wordpress\",\"url\":\"https:\/\/www.bigtranslation.com\/da\/oversaet-wordpress\",\"name\":\"Overs\u00e6t din WordPress-hjemmeside med WPML og BigTranslation | Indf\u00f8dte overs\u00e6ttere & Professionel overs\u00e6ttelse\",\"isPartOf\":{\"@id\":\"https:\/\/www.bigtranslation.com\/da#website\"},\"datePublished\":\"2021-07-01T12:53:45+00:00\",\"dateModified\":\"2022-02-21T10:28:38+00:00\",\"description\":\"Vores integration optimerer din arbejdsgang og giver dig mulighed for at sende dit indhold til overs\u00e6ttelse og senere at f\u00e5 det offentliggjort p\u00e5 din hjemmeside uden at du beh\u00f8ver at forlade WordPress-platformen!\",\"breadcrumb\":{\"@id\":\"https:\/\/www.bigtranslation.com\/da\/oversaet-wordpress#breadcrumb\"},\"inLanguage\":\"da-DK\",\"potentialAction\":[{\"@type\":\"ReadAction\",\"target\":[\"https:\/\/www.bigtranslation.com\/da\/oversaet-wordpress\"]}]},{\"@type\":\"BreadcrumbList\",\"@id\":\"https:\/\/www.bigtranslation.com\/da\/oversaet-wordpress#breadcrumb\",\"itemListElement\":[{\"@type\":\"ListItem\",\"position\":1,\"name\":\"Home\",\"item\":\"https:\/\/www.bigtranslation.com\/da\"},{\"@type\":\"ListItem\",\"position\":2,\"name\":\"Overs\u00e6t din WordPress-hjemmeside med WPML og BigTranslation\"}]},{\"@type\":\"WebSite\",\"@id\":\"https:\/\/www.bigtranslation.com\/da#website\",\"url\":\"https:\/\/www.bigtranslation.com\/da\",\"name\":\"BigTranslation\",\"description\":\"Native and Professional translators\",\"potentialAction\":[{\"@type\":\"SearchAction\",\"target\":{\"@type\":\"EntryPoint\",\"urlTemplate\":\"https:\/\/www.bigtranslation.com\/da?s={search_term_string}\"},\"query-input\":\"required name=search_term_string\"}],\"inLanguage\":\"da-DK\"}]}<\/script>\n<!-- \/ Yoast SEO plugin. -->","yoast_head_json":{"title":"Overs\u00e6t din WordPress-hjemmeside med WPML og BigTranslation | Indf\u00f8dte overs\u00e6ttere & Professionel overs\u00e6ttelse","description":"Vores integration optimerer din arbejdsgang og giver dig mulighed for at sende dit indhold til overs\u00e6ttelse og senere at f\u00e5 det offentliggjort p\u00e5 din hjemmeside uden at du beh\u00f8ver at forlade WordPress-platformen!","robots":{"index":"index","follow":"follow","max-snippet":"max-snippet:-1","max-image-preview":"max-image-preview:large","max-video-preview":"max-video-preview:-1"},"canonical":"https:\/\/www.bigtranslation.com\/da\/oversaet-wordpress","og_locale":"da_DK","og_type":"article","og_title":"Overs\u00e6t din WordPress-hjemmeside med WPML og BigTranslation | Indf\u00f8dte overs\u00e6ttere & Professionel overs\u00e6ttelse","og_description":"Vores integration optimerer din arbejdsgang og giver dig mulighed for at sende dit indhold til overs\u00e6ttelse og senere at f\u00e5 det offentliggjort p\u00e5 din hjemmeside uden at du beh\u00f8ver at forlade WordPress-platformen!","og_url":"https:\/\/www.bigtranslation.com\/da\/oversaet-wordpress","og_site_name":"BigTranslation","article_modified_time":"2022-02-21T10:28:38+00:00","twitter_card":"summary_large_image","schema":{"@context":"https:\/\/schema.org","@graph":[{"@type":"WebPage","@id":"https:\/\/www.bigtranslation.com\/da\/oversaet-wordpress","url":"https:\/\/www.bigtranslation.com\/da\/oversaet-wordpress","name":"Overs\u00e6t din WordPress-hjemmeside med WPML og BigTranslation | Indf\u00f8dte overs\u00e6ttere & Professionel overs\u00e6ttelse","isPartOf":{"@id":"https:\/\/www.bigtranslation.com\/da#website"},"datePublished":"2021-07-01T12:53:45+00:00","dateModified":"2022-02-21T10:28:38+00:00","description":"Vores integration optimerer din arbejdsgang og giver dig mulighed for at sende dit indhold til overs\u00e6ttelse og senere at f\u00e5 det offentliggjort p\u00e5 din hjemmeside uden at du beh\u00f8ver at forlade WordPress-platformen!","breadcrumb":{"@id":"https:\/\/www.bigtranslation.com\/da\/oversaet-wordpress#breadcrumb"},"inLanguage":"da-DK","potentialAction":[{"@type":"ReadAction","target":["https:\/\/www.bigtranslation.com\/da\/oversaet-wordpress"]}]},{"@type":"BreadcrumbList","@id":"https:\/\/www.bigtranslation.com\/da\/oversaet-wordpress#breadcrumb","itemListElement":[{"@type":"ListItem","position":1,"name":"Home","item":"https:\/\/www.bigtranslation.com\/da"},{"@type":"ListItem","position":2,"name":"Overs\u00e6t din WordPress-hjemmeside med WPML og BigTranslation"}]},{"@type":"WebSite","@id":"https:\/\/www.bigtranslation.com\/da#website","url":"https:\/\/www.bigtranslation.com\/da","name":"BigTranslation","description":"Native and Professional translators","potentialAction":[{"@type":"SearchAction","target":{"@type":"EntryPoint","urlTemplate":"https:\/\/www.bigtranslation.com\/da?s={search_term_string}"},"query-input":"required name=search_term_string"}],"inLanguage":"da-DK"}]}},"acf":[],"amp_enabled":false,"_links":{"self":[{"href":"https:\/\/www.bigtranslation.com\/da\/wp-json\/wp\/v2\/pages\/4836"}],"collection":[{"href":"https:\/\/www.bigtranslation.com\/da\/wp-json\/wp\/v2\/pages"}],"about":[{"href":"https:\/\/www.bigtranslation.com\/da\/wp-json\/wp\/v2\/types\/page"}],"author":[{"embeddable":true,"href":"https:\/\/www.bigtranslation.com\/da\/wp-json\/wp\/v2\/users\/1"}],"replies":[{"embeddable":true,"href":"https:\/\/www.bigtranslation.com\/da\/wp-json\/wp\/v2\/comments?post=4836"}],"version-history":[{"count":1,"href":"https:\/\/www.bigtranslation.com\/da\/wp-json\/wp\/v2\/pages\/4836\/revisions"}],"predecessor-version":[{"id":4840,"href":"https:\/\/www.bigtranslation.com\/da\/wp-json\/wp\/v2\/pages\/4836\/revisions\/4840"}],"wp:attachment":[{"href":"https:\/\/www.bigtranslation.com\/da\/wp-json\/wp\/v2\/media?parent=4836"}],"curies":[{"name":"wp","href":"https:\/\/api.w.org\/{rel}","templated":true}]}}