{"id":4981,"date":"2021-07-13T06:33:52","date_gmt":"2021-07-13T06:33:52","guid":{"rendered":"https:\/\/www.bigtranslation.com\/interpreting"},"modified":"2021-09-21T09:00:40","modified_gmt":"2021-09-21T09:00:40","slug":"tolkning","status":"publish","type":"page","link":"https:\/\/www.bigtranslation.com\/da\/tolkning","title":{"rendered":"Tolkning"},"content":{"rendered":"","protected":false},"excerpt":{"rendered":"","protected":false},"author":1,"featured_media":0,"parent":0,"menu_order":11,"comment_status":"closed","ping_status":"closed","template":"page-templates\/template-interpreting.php","meta":{"footnotes":""},"yoast_head":"<!-- This site is optimized with the Yoast SEO plugin v21.8.1 - https:\/\/yoast.com\/wordpress\/plugins\/seo\/ -->\n<title>Tolkning | Professionelle indf\u00f8dte overs\u00e6ttere<\/title>\n<meta name=\"description\" content=\"Vores overs\u00e6ttelsesbureau, med indf\u00f8dte overs\u00e6ttere tilbyder overs\u00e6ttelser og tolkningsservice af erhvert dokument, som vi modtager.\" \/>\n<meta name=\"robots\" content=\"index, follow, max-snippet:-1, max-image-preview:large, max-video-preview:-1\" \/>\n<link rel=\"canonical\" href=\"https:\/\/www.bigtranslation.com\/da\/tolkning\" \/>\n<meta property=\"og:locale\" content=\"da_DK\" \/>\n<meta property=\"og:type\" content=\"article\" \/>\n<meta property=\"og:title\" content=\"Tolkning | Professionelle indf\u00f8dte overs\u00e6ttere\" \/>\n<meta property=\"og:description\" content=\"Vores overs\u00e6ttelsesbureau, med indf\u00f8dte overs\u00e6ttere tilbyder overs\u00e6ttelser og tolkningsservice af erhvert dokument, som vi modtager.\" \/>\n<meta property=\"og:url\" content=\"https:\/\/www.bigtranslation.com\/da\/tolkning\" \/>\n<meta property=\"og:site_name\" content=\"BigTranslation\" \/>\n<meta property=\"article:modified_time\" content=\"2021-09-21T09:00:40+00:00\" \/>\n<meta name=\"twitter:card\" content=\"summary_large_image\" \/>\n<script type=\"application\/ld+json\" class=\"yoast-schema-graph\">{\"@context\":\"https:\/\/schema.org\",\"@graph\":[{\"@type\":\"WebPage\",\"@id\":\"https:\/\/www.bigtranslation.com\/da\/tolkning\",\"url\":\"https:\/\/www.bigtranslation.com\/da\/tolkning\",\"name\":\"Tolkning | Professionelle indf\u00f8dte overs\u00e6ttere\",\"isPartOf\":{\"@id\":\"https:\/\/www.bigtranslation.com\/da#website\"},\"datePublished\":\"2021-07-13T06:33:52+00:00\",\"dateModified\":\"2021-09-21T09:00:40+00:00\",\"description\":\"Vores overs\u00e6ttelsesbureau, med indf\u00f8dte overs\u00e6ttere tilbyder overs\u00e6ttelser og tolkningsservice af erhvert dokument, som vi modtager.\",\"breadcrumb\":{\"@id\":\"https:\/\/www.bigtranslation.com\/da\/tolkning#breadcrumb\"},\"inLanguage\":\"da-DK\",\"potentialAction\":[{\"@type\":\"ReadAction\",\"target\":[\"https:\/\/www.bigtranslation.com\/da\/tolkning\"]}]},{\"@type\":\"BreadcrumbList\",\"@id\":\"https:\/\/www.bigtranslation.com\/da\/tolkning#breadcrumb\",\"itemListElement\":[{\"@type\":\"ListItem\",\"position\":1,\"name\":\"Home\",\"item\":\"https:\/\/www.bigtranslation.com\/da\"},{\"@type\":\"ListItem\",\"position\":2,\"name\":\"Tolkning\"}]},{\"@type\":\"WebSite\",\"@id\":\"https:\/\/www.bigtranslation.com\/da#website\",\"url\":\"https:\/\/www.bigtranslation.com\/da\",\"name\":\"BigTranslation\",\"description\":\"Native and Professional translators\",\"potentialAction\":[{\"@type\":\"SearchAction\",\"target\":{\"@type\":\"EntryPoint\",\"urlTemplate\":\"https:\/\/www.bigtranslation.com\/da?s={search_term_string}\"},\"query-input\":\"required name=search_term_string\"}],\"inLanguage\":\"da-DK\"}]}<\/script>\n<!-- \/ Yoast SEO plugin. -->","yoast_head_json":{"title":"Tolkning | Professionelle indf\u00f8dte overs\u00e6ttere","description":"Vores overs\u00e6ttelsesbureau, med indf\u00f8dte overs\u00e6ttere tilbyder overs\u00e6ttelser og tolkningsservice af erhvert dokument, som vi modtager.","robots":{"index":"index","follow":"follow","max-snippet":"max-snippet:-1","max-image-preview":"max-image-preview:large","max-video-preview":"max-video-preview:-1"},"canonical":"https:\/\/www.bigtranslation.com\/da\/tolkning","og_locale":"da_DK","og_type":"article","og_title":"Tolkning | Professionelle indf\u00f8dte overs\u00e6ttere","og_description":"Vores overs\u00e6ttelsesbureau, med indf\u00f8dte overs\u00e6ttere tilbyder overs\u00e6ttelser og tolkningsservice af erhvert dokument, som vi modtager.","og_url":"https:\/\/www.bigtranslation.com\/da\/tolkning","og_site_name":"BigTranslation","article_modified_time":"2021-09-21T09:00:40+00:00","twitter_card":"summary_large_image","schema":{"@context":"https:\/\/schema.org","@graph":[{"@type":"WebPage","@id":"https:\/\/www.bigtranslation.com\/da\/tolkning","url":"https:\/\/www.bigtranslation.com\/da\/tolkning","name":"Tolkning | Professionelle indf\u00f8dte overs\u00e6ttere","isPartOf":{"@id":"https:\/\/www.bigtranslation.com\/da#website"},"datePublished":"2021-07-13T06:33:52+00:00","dateModified":"2021-09-21T09:00:40+00:00","description":"Vores overs\u00e6ttelsesbureau, med indf\u00f8dte overs\u00e6ttere tilbyder overs\u00e6ttelser og tolkningsservice af erhvert dokument, som vi modtager.","breadcrumb":{"@id":"https:\/\/www.bigtranslation.com\/da\/tolkning#breadcrumb"},"inLanguage":"da-DK","potentialAction":[{"@type":"ReadAction","target":["https:\/\/www.bigtranslation.com\/da\/tolkning"]}]},{"@type":"BreadcrumbList","@id":"https:\/\/www.bigtranslation.com\/da\/tolkning#breadcrumb","itemListElement":[{"@type":"ListItem","position":1,"name":"Home","item":"https:\/\/www.bigtranslation.com\/da"},{"@type":"ListItem","position":2,"name":"Tolkning"}]},{"@type":"WebSite","@id":"https:\/\/www.bigtranslation.com\/da#website","url":"https:\/\/www.bigtranslation.com\/da","name":"BigTranslation","description":"Native and Professional translators","potentialAction":[{"@type":"SearchAction","target":{"@type":"EntryPoint","urlTemplate":"https:\/\/www.bigtranslation.com\/da?s={search_term_string}"},"query-input":"required name=search_term_string"}],"inLanguage":"da-DK"}]}},"acf":[],"amp_enabled":true,"_links":{"self":[{"href":"https:\/\/www.bigtranslation.com\/da\/wp-json\/wp\/v2\/pages\/4981"}],"collection":[{"href":"https:\/\/www.bigtranslation.com\/da\/wp-json\/wp\/v2\/pages"}],"about":[{"href":"https:\/\/www.bigtranslation.com\/da\/wp-json\/wp\/v2\/types\/page"}],"author":[{"embeddable":true,"href":"https:\/\/www.bigtranslation.com\/da\/wp-json\/wp\/v2\/users\/1"}],"replies":[{"embeddable":true,"href":"https:\/\/www.bigtranslation.com\/da\/wp-json\/wp\/v2\/comments?post=4981"}],"version-history":[{"count":2,"href":"https:\/\/www.bigtranslation.com\/da\/wp-json\/wp\/v2\/pages\/4981\/revisions"}],"predecessor-version":[{"id":4993,"href":"https:\/\/www.bigtranslation.com\/da\/wp-json\/wp\/v2\/pages\/4981\/revisions\/4993"}],"wp:attachment":[{"href":"https:\/\/www.bigtranslation.com\/da\/wp-json\/wp\/v2\/media?parent=4981"}],"curies":[{"name":"wp","href":"https:\/\/api.w.org\/{rel}","templated":true}]}}