{"id":5031,"date":"2021-06-17T07:42:20","date_gmt":"2021-06-17T07:42:20","guid":{"rendered":"https:\/\/www.bigtranslation.com\/professional-translators"},"modified":"2021-09-21T09:21:33","modified_gmt":"2021-09-21T09:21:33","slug":"oversaettere","status":"publish","type":"page","link":"https:\/\/www.bigtranslation.com\/da\/oversaettere","title":{"rendered":"Professionel overs\u00e6tter"},"content":{"rendered":"","protected":false},"excerpt":{"rendered":"","protected":false},"author":1,"featured_media":0,"parent":0,"menu_order":23,"comment_status":"closed","ping_status":"closed","template":"page-templates\/template-professional-translators.php","meta":{"footnotes":""},"yoast_head":"<!-- This site is optimized with the Yoast SEO plugin v21.8.1 - https:\/\/yoast.com\/wordpress\/plugins\/seo\/ -->\n<title>Professionel overs\u00e6tter | Overs\u00e6ttelsesbureau<\/title>\n<meta name=\"description\" content=\"Hvis du er professionel overs\u00e6tter, kan du arbejde med os. Vi leder efter indf\u00f8dte overs\u00e6ttere med kendskab til SEO-overs\u00e6ttelse eller en online korrekturl\u00e6ser.\" \/>\n<meta name=\"robots\" content=\"index, follow, max-snippet:-1, max-image-preview:large, max-video-preview:-1\" \/>\n<link rel=\"canonical\" href=\"https:\/\/www.bigtranslation.com\/da\/oversaettere\" \/>\n<meta property=\"og:locale\" content=\"da_DK\" \/>\n<meta property=\"og:type\" content=\"article\" \/>\n<meta property=\"og:title\" content=\"Professionel overs\u00e6tter | Overs\u00e6ttelsesbureau\" \/>\n<meta property=\"og:description\" content=\"Hvis du er professionel overs\u00e6tter, kan du arbejde med os. Vi leder efter indf\u00f8dte overs\u00e6ttere med kendskab til SEO-overs\u00e6ttelse eller en online korrekturl\u00e6ser.\" \/>\n<meta property=\"og:url\" content=\"https:\/\/www.bigtranslation.com\/da\/oversaettere\" \/>\n<meta property=\"og:site_name\" content=\"BigTranslation\" \/>\n<meta property=\"article:modified_time\" content=\"2021-09-21T09:21:33+00:00\" \/>\n<meta name=\"twitter:card\" content=\"summary_large_image\" \/>\n<script type=\"application\/ld+json\" class=\"yoast-schema-graph\">{\"@context\":\"https:\/\/schema.org\",\"@graph\":[{\"@type\":\"WebPage\",\"@id\":\"https:\/\/www.bigtranslation.com\/da\/oversaettere\",\"url\":\"https:\/\/www.bigtranslation.com\/da\/oversaettere\",\"name\":\"Professionel overs\u00e6tter | Overs\u00e6ttelsesbureau\",\"isPartOf\":{\"@id\":\"https:\/\/www.bigtranslation.com\/da#website\"},\"datePublished\":\"2021-06-17T07:42:20+00:00\",\"dateModified\":\"2021-09-21T09:21:33+00:00\",\"description\":\"Hvis du er professionel overs\u00e6tter, kan du arbejde med os. Vi leder efter indf\u00f8dte overs\u00e6ttere med kendskab til SEO-overs\u00e6ttelse eller en online korrekturl\u00e6ser.\",\"breadcrumb\":{\"@id\":\"https:\/\/www.bigtranslation.com\/da\/oversaettere#breadcrumb\"},\"inLanguage\":\"da-DK\",\"potentialAction\":[{\"@type\":\"ReadAction\",\"target\":[\"https:\/\/www.bigtranslation.com\/da\/oversaettere\"]}]},{\"@type\":\"BreadcrumbList\",\"@id\":\"https:\/\/www.bigtranslation.com\/da\/oversaettere#breadcrumb\",\"itemListElement\":[{\"@type\":\"ListItem\",\"position\":1,\"name\":\"Home\",\"item\":\"https:\/\/www.bigtranslation.com\/da\"},{\"@type\":\"ListItem\",\"position\":2,\"name\":\"Professionel overs\u00e6tter\"}]},{\"@type\":\"WebSite\",\"@id\":\"https:\/\/www.bigtranslation.com\/da#website\",\"url\":\"https:\/\/www.bigtranslation.com\/da\",\"name\":\"BigTranslation\",\"description\":\"Native and Professional translators\",\"potentialAction\":[{\"@type\":\"SearchAction\",\"target\":{\"@type\":\"EntryPoint\",\"urlTemplate\":\"https:\/\/www.bigtranslation.com\/da?s={search_term_string}\"},\"query-input\":\"required name=search_term_string\"}],\"inLanguage\":\"da-DK\"}]}<\/script>\n<!-- \/ Yoast SEO plugin. -->","yoast_head_json":{"title":"Professionel overs\u00e6tter | Overs\u00e6ttelsesbureau","description":"Hvis du er professionel overs\u00e6tter, kan du arbejde med os. Vi leder efter indf\u00f8dte overs\u00e6ttere med kendskab til SEO-overs\u00e6ttelse eller en online korrekturl\u00e6ser.","robots":{"index":"index","follow":"follow","max-snippet":"max-snippet:-1","max-image-preview":"max-image-preview:large","max-video-preview":"max-video-preview:-1"},"canonical":"https:\/\/www.bigtranslation.com\/da\/oversaettere","og_locale":"da_DK","og_type":"article","og_title":"Professionel overs\u00e6tter | Overs\u00e6ttelsesbureau","og_description":"Hvis du er professionel overs\u00e6tter, kan du arbejde med os. Vi leder efter indf\u00f8dte overs\u00e6ttere med kendskab til SEO-overs\u00e6ttelse eller en online korrekturl\u00e6ser.","og_url":"https:\/\/www.bigtranslation.com\/da\/oversaettere","og_site_name":"BigTranslation","article_modified_time":"2021-09-21T09:21:33+00:00","twitter_card":"summary_large_image","schema":{"@context":"https:\/\/schema.org","@graph":[{"@type":"WebPage","@id":"https:\/\/www.bigtranslation.com\/da\/oversaettere","url":"https:\/\/www.bigtranslation.com\/da\/oversaettere","name":"Professionel overs\u00e6tter | Overs\u00e6ttelsesbureau","isPartOf":{"@id":"https:\/\/www.bigtranslation.com\/da#website"},"datePublished":"2021-06-17T07:42:20+00:00","dateModified":"2021-09-21T09:21:33+00:00","description":"Hvis du er professionel overs\u00e6tter, kan du arbejde med os. Vi leder efter indf\u00f8dte overs\u00e6ttere med kendskab til SEO-overs\u00e6ttelse eller en online korrekturl\u00e6ser.","breadcrumb":{"@id":"https:\/\/www.bigtranslation.com\/da\/oversaettere#breadcrumb"},"inLanguage":"da-DK","potentialAction":[{"@type":"ReadAction","target":["https:\/\/www.bigtranslation.com\/da\/oversaettere"]}]},{"@type":"BreadcrumbList","@id":"https:\/\/www.bigtranslation.com\/da\/oversaettere#breadcrumb","itemListElement":[{"@type":"ListItem","position":1,"name":"Home","item":"https:\/\/www.bigtranslation.com\/da"},{"@type":"ListItem","position":2,"name":"Professionel overs\u00e6tter"}]},{"@type":"WebSite","@id":"https:\/\/www.bigtranslation.com\/da#website","url":"https:\/\/www.bigtranslation.com\/da","name":"BigTranslation","description":"Native and Professional translators","potentialAction":[{"@type":"SearchAction","target":{"@type":"EntryPoint","urlTemplate":"https:\/\/www.bigtranslation.com\/da?s={search_term_string}"},"query-input":"required name=search_term_string"}],"inLanguage":"da-DK"}]}},"acf":[],"amp_enabled":true,"_links":{"self":[{"href":"https:\/\/www.bigtranslation.com\/da\/wp-json\/wp\/v2\/pages\/5031"}],"collection":[{"href":"https:\/\/www.bigtranslation.com\/da\/wp-json\/wp\/v2\/pages"}],"about":[{"href":"https:\/\/www.bigtranslation.com\/da\/wp-json\/wp\/v2\/types\/page"}],"author":[{"embeddable":true,"href":"https:\/\/www.bigtranslation.com\/da\/wp-json\/wp\/v2\/users\/1"}],"replies":[{"embeddable":true,"href":"https:\/\/www.bigtranslation.com\/da\/wp-json\/wp\/v2\/comments?post=5031"}],"version-history":[{"count":1,"href":"https:\/\/www.bigtranslation.com\/da\/wp-json\/wp\/v2\/pages\/5031\/revisions"}],"predecessor-version":[{"id":5033,"href":"https:\/\/www.bigtranslation.com\/da\/wp-json\/wp\/v2\/pages\/5031\/revisions\/5033"}],"wp:attachment":[{"href":"https:\/\/www.bigtranslation.com\/da\/wp-json\/wp\/v2\/media?parent=5031"}],"curies":[{"name":"wp","href":"https:\/\/api.w.org\/{rel}","templated":true}]}}