{"id":5114,"date":"2021-07-14T09:46:27","date_gmt":"2021-07-14T09:46:27","guid":{"rendered":"https:\/\/www.bigtranslation.com\/automated-platform"},"modified":"2021-09-21T10:05:12","modified_gmt":"2021-09-21T10:05:12","slug":"automatiseret-platform","status":"publish","type":"page","link":"https:\/\/www.bigtranslation.com\/da\/automatiseret-platform","title":{"rendered":"Automatiseret platform"},"content":{"rendered":"","protected":false},"excerpt":{"rendered":"","protected":false},"author":1,"featured_media":0,"parent":0,"menu_order":27,"comment_status":"closed","ping_status":"closed","template":"page-templates\/template-order-management.php","meta":{"footnotes":""},"yoast_head":"<!-- This site is optimized with the Yoast SEO plugin v21.8.1 - https:\/\/yoast.com\/wordpress\/plugins\/seo\/ -->\n<title>Automatiseret platform | Overs\u00e6ttelsesbureau<\/title>\n<meta name=\"description\" content=\"Vores overs\u00e6ttelsesydelser online inkluderer en automatisk overs\u00e6ttelsesplatform, der g\u00f8r overs\u00e6ttelsesprocessen hurtigere.\" \/>\n<meta name=\"robots\" content=\"index, follow, max-snippet:-1, max-image-preview:large, max-video-preview:-1\" \/>\n<link rel=\"canonical\" href=\"https:\/\/www.bigtranslation.com\/da\/automatiseret-platform\" \/>\n<meta property=\"og:locale\" content=\"da_DK\" \/>\n<meta property=\"og:type\" content=\"article\" \/>\n<meta property=\"og:title\" content=\"Automatiseret platform | Overs\u00e6ttelsesbureau\" \/>\n<meta property=\"og:description\" content=\"Vores overs\u00e6ttelsesydelser online inkluderer en automatisk overs\u00e6ttelsesplatform, der g\u00f8r overs\u00e6ttelsesprocessen hurtigere.\" \/>\n<meta property=\"og:url\" content=\"https:\/\/www.bigtranslation.com\/da\/automatiseret-platform\" \/>\n<meta property=\"og:site_name\" content=\"BigTranslation\" \/>\n<meta property=\"article:modified_time\" content=\"2021-09-21T10:05:12+00:00\" \/>\n<meta name=\"twitter:card\" content=\"summary_large_image\" \/>\n<script type=\"application\/ld+json\" class=\"yoast-schema-graph\">{\"@context\":\"https:\/\/schema.org\",\"@graph\":[{\"@type\":\"WebPage\",\"@id\":\"https:\/\/www.bigtranslation.com\/da\/automatiseret-platform\",\"url\":\"https:\/\/www.bigtranslation.com\/da\/automatiseret-platform\",\"name\":\"Automatiseret platform | Overs\u00e6ttelsesbureau\",\"isPartOf\":{\"@id\":\"https:\/\/www.bigtranslation.com\/da#website\"},\"datePublished\":\"2021-07-14T09:46:27+00:00\",\"dateModified\":\"2021-09-21T10:05:12+00:00\",\"description\":\"Vores overs\u00e6ttelsesydelser online inkluderer en automatisk overs\u00e6ttelsesplatform, der g\u00f8r overs\u00e6ttelsesprocessen hurtigere.\",\"breadcrumb\":{\"@id\":\"https:\/\/www.bigtranslation.com\/da\/automatiseret-platform#breadcrumb\"},\"inLanguage\":\"da-DK\",\"potentialAction\":[{\"@type\":\"ReadAction\",\"target\":[\"https:\/\/www.bigtranslation.com\/da\/automatiseret-platform\"]}]},{\"@type\":\"BreadcrumbList\",\"@id\":\"https:\/\/www.bigtranslation.com\/da\/automatiseret-platform#breadcrumb\",\"itemListElement\":[{\"@type\":\"ListItem\",\"position\":1,\"name\":\"Home\",\"item\":\"https:\/\/www.bigtranslation.com\/da\"},{\"@type\":\"ListItem\",\"position\":2,\"name\":\"Automatiseret platform\"}]},{\"@type\":\"WebSite\",\"@id\":\"https:\/\/www.bigtranslation.com\/da#website\",\"url\":\"https:\/\/www.bigtranslation.com\/da\",\"name\":\"BigTranslation\",\"description\":\"Native and Professional translators\",\"potentialAction\":[{\"@type\":\"SearchAction\",\"target\":{\"@type\":\"EntryPoint\",\"urlTemplate\":\"https:\/\/www.bigtranslation.com\/da?s={search_term_string}\"},\"query-input\":\"required name=search_term_string\"}],\"inLanguage\":\"da-DK\"}]}<\/script>\n<!-- \/ Yoast SEO plugin. -->","yoast_head_json":{"title":"Automatiseret platform | Overs\u00e6ttelsesbureau","description":"Vores overs\u00e6ttelsesydelser online inkluderer en automatisk overs\u00e6ttelsesplatform, der g\u00f8r overs\u00e6ttelsesprocessen hurtigere.","robots":{"index":"index","follow":"follow","max-snippet":"max-snippet:-1","max-image-preview":"max-image-preview:large","max-video-preview":"max-video-preview:-1"},"canonical":"https:\/\/www.bigtranslation.com\/da\/automatiseret-platform","og_locale":"da_DK","og_type":"article","og_title":"Automatiseret platform | Overs\u00e6ttelsesbureau","og_description":"Vores overs\u00e6ttelsesydelser online inkluderer en automatisk overs\u00e6ttelsesplatform, der g\u00f8r overs\u00e6ttelsesprocessen hurtigere.","og_url":"https:\/\/www.bigtranslation.com\/da\/automatiseret-platform","og_site_name":"BigTranslation","article_modified_time":"2021-09-21T10:05:12+00:00","twitter_card":"summary_large_image","schema":{"@context":"https:\/\/schema.org","@graph":[{"@type":"WebPage","@id":"https:\/\/www.bigtranslation.com\/da\/automatiseret-platform","url":"https:\/\/www.bigtranslation.com\/da\/automatiseret-platform","name":"Automatiseret platform | Overs\u00e6ttelsesbureau","isPartOf":{"@id":"https:\/\/www.bigtranslation.com\/da#website"},"datePublished":"2021-07-14T09:46:27+00:00","dateModified":"2021-09-21T10:05:12+00:00","description":"Vores overs\u00e6ttelsesydelser online inkluderer en automatisk overs\u00e6ttelsesplatform, der g\u00f8r overs\u00e6ttelsesprocessen hurtigere.","breadcrumb":{"@id":"https:\/\/www.bigtranslation.com\/da\/automatiseret-platform#breadcrumb"},"inLanguage":"da-DK","potentialAction":[{"@type":"ReadAction","target":["https:\/\/www.bigtranslation.com\/da\/automatiseret-platform"]}]},{"@type":"BreadcrumbList","@id":"https:\/\/www.bigtranslation.com\/da\/automatiseret-platform#breadcrumb","itemListElement":[{"@type":"ListItem","position":1,"name":"Home","item":"https:\/\/www.bigtranslation.com\/da"},{"@type":"ListItem","position":2,"name":"Automatiseret platform"}]},{"@type":"WebSite","@id":"https:\/\/www.bigtranslation.com\/da#website","url":"https:\/\/www.bigtranslation.com\/da","name":"BigTranslation","description":"Native and Professional translators","potentialAction":[{"@type":"SearchAction","target":{"@type":"EntryPoint","urlTemplate":"https:\/\/www.bigtranslation.com\/da?s={search_term_string}"},"query-input":"required name=search_term_string"}],"inLanguage":"da-DK"}]}},"acf":[],"amp_enabled":true,"_links":{"self":[{"href":"https:\/\/www.bigtranslation.com\/da\/wp-json\/wp\/v2\/pages\/5114"}],"collection":[{"href":"https:\/\/www.bigtranslation.com\/da\/wp-json\/wp\/v2\/pages"}],"about":[{"href":"https:\/\/www.bigtranslation.com\/da\/wp-json\/wp\/v2\/types\/page"}],"author":[{"embeddable":true,"href":"https:\/\/www.bigtranslation.com\/da\/wp-json\/wp\/v2\/users\/1"}],"replies":[{"embeddable":true,"href":"https:\/\/www.bigtranslation.com\/da\/wp-json\/wp\/v2\/comments?post=5114"}],"version-history":[{"count":2,"href":"https:\/\/www.bigtranslation.com\/da\/wp-json\/wp\/v2\/pages\/5114\/revisions"}],"predecessor-version":[{"id":5117,"href":"https:\/\/www.bigtranslation.com\/da\/wp-json\/wp\/v2\/pages\/5114\/revisions\/5117"}],"wp:attachment":[{"href":"https:\/\/www.bigtranslation.com\/da\/wp-json\/wp\/v2\/media?parent=5114"}],"curies":[{"name":"wp","href":"https:\/\/api.w.org\/{rel}","templated":true}]}}