{"id":5196,"date":"2021-07-09T11:44:06","date_gmt":"2021-07-09T11:44:06","guid":{"rendered":"http:\/\/www.bigtranslation.com\/translation\/english"},"modified":"2021-09-21T10:33:46","modified_gmt":"2021-09-21T10:33:46","slug":"english","status":"publish","type":"page","link":"https:\/\/www.bigtranslation.com\/da\/translation\/english","title":{"rendered":"Engelsk Overs\u00e6ttelse"},"content":{"rendered":"","protected":false},"excerpt":{"rendered":"","protected":false},"author":1,"featured_media":0,"parent":5138,"menu_order":100,"comment_status":"closed","ping_status":"closed","template":"page-templates\/template-language.php","meta":{"footnotes":""},"yoast_head":"<!-- This site is optimized with the Yoast SEO plugin v21.8.1 - https:\/\/yoast.com\/wordpress\/plugins\/seo\/ -->\n<title>Engelsk Overs\u00e6ttelse | BigTranslation<\/title>\n<meta name=\"description\" content=\"Engelsk Overs\u00e6ttelse | Professionelle overs\u00e6ttelser i forskellige sprogkombinationer\" \/>\n<meta name=\"robots\" content=\"index, follow, max-snippet:-1, max-image-preview:large, max-video-preview:-1\" \/>\n<link rel=\"canonical\" href=\"https:\/\/www.bigtranslation.com\/da\/translation\/english\" \/>\n<meta property=\"og:locale\" content=\"da_DK\" \/>\n<meta property=\"og:type\" content=\"article\" \/>\n<meta property=\"og:title\" content=\"Engelsk Overs\u00e6ttelse | BigTranslation\" \/>\n<meta property=\"og:description\" content=\"Engelsk Overs\u00e6ttelse | Professionelle overs\u00e6ttelser i forskellige sprogkombinationer\" \/>\n<meta property=\"og:url\" content=\"https:\/\/www.bigtranslation.com\/da\/translation\/english\" \/>\n<meta property=\"og:site_name\" content=\"BigTranslation\" \/>\n<meta property=\"article:modified_time\" content=\"2021-09-21T10:33:46+00:00\" \/>\n<meta name=\"twitter:card\" content=\"summary_large_image\" \/>\n<script type=\"application\/ld+json\" class=\"yoast-schema-graph\">{\"@context\":\"https:\/\/schema.org\",\"@graph\":[{\"@type\":\"WebPage\",\"@id\":\"https:\/\/www.bigtranslation.com\/da\/translation\/english\",\"url\":\"https:\/\/www.bigtranslation.com\/da\/translation\/english\",\"name\":\"Engelsk Overs\u00e6ttelse | BigTranslation\",\"isPartOf\":{\"@id\":\"https:\/\/www.bigtranslation.com\/da#website\"},\"datePublished\":\"2021-07-09T11:44:06+00:00\",\"dateModified\":\"2021-09-21T10:33:46+00:00\",\"description\":\"Engelsk Overs\u00e6ttelse | Professionelle overs\u00e6ttelser i forskellige sprogkombinationer\",\"breadcrumb\":{\"@id\":\"https:\/\/www.bigtranslation.com\/da\/translation\/english#breadcrumb\"},\"inLanguage\":\"da-DK\",\"potentialAction\":[{\"@type\":\"ReadAction\",\"target\":[\"https:\/\/www.bigtranslation.com\/da\/translation\/english\"]}]},{\"@type\":\"BreadcrumbList\",\"@id\":\"https:\/\/www.bigtranslation.com\/da\/translation\/english#breadcrumb\",\"itemListElement\":[{\"@type\":\"ListItem\",\"position\":1,\"name\":\"Home\",\"item\":\"https:\/\/www.bigtranslation.com\/da\"},{\"@type\":\"ListItem\",\"position\":2,\"name\":\"Translation\",\"item\":\"https:\/\/www.bigtranslation.com\/da\/translation\"},{\"@type\":\"ListItem\",\"position\":3,\"name\":\"Engelsk Overs\u00e6ttelse\"}]},{\"@type\":\"WebSite\",\"@id\":\"https:\/\/www.bigtranslation.com\/da#website\",\"url\":\"https:\/\/www.bigtranslation.com\/da\",\"name\":\"BigTranslation\",\"description\":\"Native and Professional translators\",\"potentialAction\":[{\"@type\":\"SearchAction\",\"target\":{\"@type\":\"EntryPoint\",\"urlTemplate\":\"https:\/\/www.bigtranslation.com\/da?s={search_term_string}\"},\"query-input\":\"required name=search_term_string\"}],\"inLanguage\":\"da-DK\"}]}<\/script>\n<!-- \/ Yoast SEO plugin. -->","yoast_head_json":{"title":"Engelsk Overs\u00e6ttelse | BigTranslation","description":"Engelsk Overs\u00e6ttelse | Professionelle overs\u00e6ttelser i forskellige sprogkombinationer","robots":{"index":"index","follow":"follow","max-snippet":"max-snippet:-1","max-image-preview":"max-image-preview:large","max-video-preview":"max-video-preview:-1"},"canonical":"https:\/\/www.bigtranslation.com\/da\/translation\/english","og_locale":"da_DK","og_type":"article","og_title":"Engelsk Overs\u00e6ttelse | BigTranslation","og_description":"Engelsk Overs\u00e6ttelse | Professionelle overs\u00e6ttelser i forskellige sprogkombinationer","og_url":"https:\/\/www.bigtranslation.com\/da\/translation\/english","og_site_name":"BigTranslation","article_modified_time":"2021-09-21T10:33:46+00:00","twitter_card":"summary_large_image","schema":{"@context":"https:\/\/schema.org","@graph":[{"@type":"WebPage","@id":"https:\/\/www.bigtranslation.com\/da\/translation\/english","url":"https:\/\/www.bigtranslation.com\/da\/translation\/english","name":"Engelsk Overs\u00e6ttelse | BigTranslation","isPartOf":{"@id":"https:\/\/www.bigtranslation.com\/da#website"},"datePublished":"2021-07-09T11:44:06+00:00","dateModified":"2021-09-21T10:33:46+00:00","description":"Engelsk Overs\u00e6ttelse | Professionelle overs\u00e6ttelser i forskellige sprogkombinationer","breadcrumb":{"@id":"https:\/\/www.bigtranslation.com\/da\/translation\/english#breadcrumb"},"inLanguage":"da-DK","potentialAction":[{"@type":"ReadAction","target":["https:\/\/www.bigtranslation.com\/da\/translation\/english"]}]},{"@type":"BreadcrumbList","@id":"https:\/\/www.bigtranslation.com\/da\/translation\/english#breadcrumb","itemListElement":[{"@type":"ListItem","position":1,"name":"Home","item":"https:\/\/www.bigtranslation.com\/da"},{"@type":"ListItem","position":2,"name":"Translation","item":"https:\/\/www.bigtranslation.com\/da\/translation"},{"@type":"ListItem","position":3,"name":"Engelsk Overs\u00e6ttelse"}]},{"@type":"WebSite","@id":"https:\/\/www.bigtranslation.com\/da#website","url":"https:\/\/www.bigtranslation.com\/da","name":"BigTranslation","description":"Native and Professional translators","potentialAction":[{"@type":"SearchAction","target":{"@type":"EntryPoint","urlTemplate":"https:\/\/www.bigtranslation.com\/da?s={search_term_string}"},"query-input":"required name=search_term_string"}],"inLanguage":"da-DK"}]}},"acf":[],"amp_enabled":true,"_links":{"self":[{"href":"https:\/\/www.bigtranslation.com\/da\/wp-json\/wp\/v2\/pages\/5196"}],"collection":[{"href":"https:\/\/www.bigtranslation.com\/da\/wp-json\/wp\/v2\/pages"}],"about":[{"href":"https:\/\/www.bigtranslation.com\/da\/wp-json\/wp\/v2\/types\/page"}],"author":[{"embeddable":true,"href":"https:\/\/www.bigtranslation.com\/da\/wp-json\/wp\/v2\/users\/1"}],"replies":[{"embeddable":true,"href":"https:\/\/www.bigtranslation.com\/da\/wp-json\/wp\/v2\/comments?post=5196"}],"version-history":[{"count":1,"href":"https:\/\/www.bigtranslation.com\/da\/wp-json\/wp\/v2\/pages\/5196\/revisions"}],"predecessor-version":[{"id":5197,"href":"https:\/\/www.bigtranslation.com\/da\/wp-json\/wp\/v2\/pages\/5196\/revisions\/5197"}],"up":[{"embeddable":true,"href":"https:\/\/www.bigtranslation.com\/da\/wp-json\/wp\/v2\/pages\/5138"}],"wp:attachment":[{"href":"https:\/\/www.bigtranslation.com\/da\/wp-json\/wp\/v2\/media?parent=5196"}],"curies":[{"name":"wp","href":"https:\/\/api.w.org\/{rel}","templated":true}]}}