{"id":5376,"date":"2021-07-09T11:54:26","date_gmt":"2021-07-09T11:54:26","guid":{"rendered":"http:\/\/www.bigtranslation.com\/translation\/romanian"},"modified":"2021-09-21T11:28:33","modified_gmt":"2021-09-21T11:28:33","slug":"romanian","status":"publish","type":"page","link":"https:\/\/www.bigtranslation.com\/da\/translation\/romanian","title":{"rendered":"Rum\u00e6nsk Overs\u00e6ttelse"},"content":{"rendered":"","protected":false},"excerpt":{"rendered":"","protected":false},"author":1,"featured_media":0,"parent":5138,"menu_order":100,"comment_status":"closed","ping_status":"closed","template":"page-templates\/template-language.php","meta":{"footnotes":""},"yoast_head":"<!-- This site is optimized with the Yoast SEO plugin v21.8.1 - https:\/\/yoast.com\/wordpress\/plugins\/seo\/ -->\n<title>Rum\u00e6nsk Overs\u00e6ttelse | BigTranslation<\/title>\n<meta name=\"description\" content=\"Rum\u00e6nsk Overs\u00e6ttelse | Professionelle overs\u00e6ttelser i forskellige sprogkombinationer\" \/>\n<meta name=\"robots\" content=\"index, follow, max-snippet:-1, max-image-preview:large, max-video-preview:-1\" \/>\n<link rel=\"canonical\" href=\"https:\/\/www.bigtranslation.com\/da\/translation\/romanian\" \/>\n<meta property=\"og:locale\" content=\"da_DK\" \/>\n<meta property=\"og:type\" content=\"article\" \/>\n<meta property=\"og:title\" content=\"Rum\u00e6nsk Overs\u00e6ttelse | BigTranslation\" \/>\n<meta property=\"og:description\" content=\"Rum\u00e6nsk Overs\u00e6ttelse | Professionelle overs\u00e6ttelser i forskellige sprogkombinationer\" \/>\n<meta property=\"og:url\" content=\"https:\/\/www.bigtranslation.com\/da\/translation\/romanian\" \/>\n<meta property=\"og:site_name\" content=\"BigTranslation\" \/>\n<meta property=\"article:modified_time\" content=\"2021-09-21T11:28:33+00:00\" \/>\n<meta name=\"twitter:card\" content=\"summary_large_image\" \/>\n<script type=\"application\/ld+json\" class=\"yoast-schema-graph\">{\"@context\":\"https:\/\/schema.org\",\"@graph\":[{\"@type\":\"WebPage\",\"@id\":\"https:\/\/www.bigtranslation.com\/da\/translation\/romanian\",\"url\":\"https:\/\/www.bigtranslation.com\/da\/translation\/romanian\",\"name\":\"Rum\u00e6nsk Overs\u00e6ttelse | BigTranslation\",\"isPartOf\":{\"@id\":\"https:\/\/www.bigtranslation.com\/da#website\"},\"datePublished\":\"2021-07-09T11:54:26+00:00\",\"dateModified\":\"2021-09-21T11:28:33+00:00\",\"description\":\"Rum\u00e6nsk Overs\u00e6ttelse | Professionelle overs\u00e6ttelser i forskellige sprogkombinationer\",\"breadcrumb\":{\"@id\":\"https:\/\/www.bigtranslation.com\/da\/translation\/romanian#breadcrumb\"},\"inLanguage\":\"da-DK\",\"potentialAction\":[{\"@type\":\"ReadAction\",\"target\":[\"https:\/\/www.bigtranslation.com\/da\/translation\/romanian\"]}]},{\"@type\":\"BreadcrumbList\",\"@id\":\"https:\/\/www.bigtranslation.com\/da\/translation\/romanian#breadcrumb\",\"itemListElement\":[{\"@type\":\"ListItem\",\"position\":1,\"name\":\"Home\",\"item\":\"https:\/\/www.bigtranslation.com\/da\"},{\"@type\":\"ListItem\",\"position\":2,\"name\":\"Translation\",\"item\":\"https:\/\/www.bigtranslation.com\/da\/translation\"},{\"@type\":\"ListItem\",\"position\":3,\"name\":\"Rum\u00e6nsk Overs\u00e6ttelse\"}]},{\"@type\":\"WebSite\",\"@id\":\"https:\/\/www.bigtranslation.com\/da#website\",\"url\":\"https:\/\/www.bigtranslation.com\/da\",\"name\":\"BigTranslation\",\"description\":\"Native and Professional translators\",\"potentialAction\":[{\"@type\":\"SearchAction\",\"target\":{\"@type\":\"EntryPoint\",\"urlTemplate\":\"https:\/\/www.bigtranslation.com\/da?s={search_term_string}\"},\"query-input\":\"required name=search_term_string\"}],\"inLanguage\":\"da-DK\"}]}<\/script>\n<!-- \/ Yoast SEO plugin. -->","yoast_head_json":{"title":"Rum\u00e6nsk Overs\u00e6ttelse | BigTranslation","description":"Rum\u00e6nsk Overs\u00e6ttelse | Professionelle overs\u00e6ttelser i forskellige sprogkombinationer","robots":{"index":"index","follow":"follow","max-snippet":"max-snippet:-1","max-image-preview":"max-image-preview:large","max-video-preview":"max-video-preview:-1"},"canonical":"https:\/\/www.bigtranslation.com\/da\/translation\/romanian","og_locale":"da_DK","og_type":"article","og_title":"Rum\u00e6nsk Overs\u00e6ttelse | BigTranslation","og_description":"Rum\u00e6nsk Overs\u00e6ttelse | Professionelle overs\u00e6ttelser i forskellige sprogkombinationer","og_url":"https:\/\/www.bigtranslation.com\/da\/translation\/romanian","og_site_name":"BigTranslation","article_modified_time":"2021-09-21T11:28:33+00:00","twitter_card":"summary_large_image","schema":{"@context":"https:\/\/schema.org","@graph":[{"@type":"WebPage","@id":"https:\/\/www.bigtranslation.com\/da\/translation\/romanian","url":"https:\/\/www.bigtranslation.com\/da\/translation\/romanian","name":"Rum\u00e6nsk Overs\u00e6ttelse | BigTranslation","isPartOf":{"@id":"https:\/\/www.bigtranslation.com\/da#website"},"datePublished":"2021-07-09T11:54:26+00:00","dateModified":"2021-09-21T11:28:33+00:00","description":"Rum\u00e6nsk Overs\u00e6ttelse | Professionelle overs\u00e6ttelser i forskellige sprogkombinationer","breadcrumb":{"@id":"https:\/\/www.bigtranslation.com\/da\/translation\/romanian#breadcrumb"},"inLanguage":"da-DK","potentialAction":[{"@type":"ReadAction","target":["https:\/\/www.bigtranslation.com\/da\/translation\/romanian"]}]},{"@type":"BreadcrumbList","@id":"https:\/\/www.bigtranslation.com\/da\/translation\/romanian#breadcrumb","itemListElement":[{"@type":"ListItem","position":1,"name":"Home","item":"https:\/\/www.bigtranslation.com\/da"},{"@type":"ListItem","position":2,"name":"Translation","item":"https:\/\/www.bigtranslation.com\/da\/translation"},{"@type":"ListItem","position":3,"name":"Rum\u00e6nsk Overs\u00e6ttelse"}]},{"@type":"WebSite","@id":"https:\/\/www.bigtranslation.com\/da#website","url":"https:\/\/www.bigtranslation.com\/da","name":"BigTranslation","description":"Native and Professional translators","potentialAction":[{"@type":"SearchAction","target":{"@type":"EntryPoint","urlTemplate":"https:\/\/www.bigtranslation.com\/da?s={search_term_string}"},"query-input":"required name=search_term_string"}],"inLanguage":"da-DK"}]}},"acf":[],"amp_enabled":true,"_links":{"self":[{"href":"https:\/\/www.bigtranslation.com\/da\/wp-json\/wp\/v2\/pages\/5376"}],"collection":[{"href":"https:\/\/www.bigtranslation.com\/da\/wp-json\/wp\/v2\/pages"}],"about":[{"href":"https:\/\/www.bigtranslation.com\/da\/wp-json\/wp\/v2\/types\/page"}],"author":[{"embeddable":true,"href":"https:\/\/www.bigtranslation.com\/da\/wp-json\/wp\/v2\/users\/1"}],"replies":[{"embeddable":true,"href":"https:\/\/www.bigtranslation.com\/da\/wp-json\/wp\/v2\/comments?post=5376"}],"version-history":[{"count":1,"href":"https:\/\/www.bigtranslation.com\/da\/wp-json\/wp\/v2\/pages\/5376\/revisions"}],"predecessor-version":[{"id":5377,"href":"https:\/\/www.bigtranslation.com\/da\/wp-json\/wp\/v2\/pages\/5376\/revisions\/5377"}],"up":[{"embeddable":true,"href":"https:\/\/www.bigtranslation.com\/da\/wp-json\/wp\/v2\/pages\/5138"}],"wp:attachment":[{"href":"https:\/\/www.bigtranslation.com\/da\/wp-json\/wp\/v2\/media?parent=5376"}],"curies":[{"name":"wp","href":"https:\/\/api.w.org\/{rel}","templated":true}]}}