{"id":12697,"date":"2022-08-22T11:20:41","date_gmt":"2022-08-22T11:20:41","guid":{"rendered":"https:\/\/www.bigtranslation.com\/?page_id=12697"},"modified":"2024-01-08T09:32:50","modified_gmt":"2024-01-08T09:32:50","slug":"cookie-richtlinie","status":"publish","type":"page","link":"https:\/\/www.bigtranslation.com\/de\/cookie-richtlinie","title":{"rendered":"Cookie-Richtlinie"},"content":{"rendered":"\n<h2 class=\"wp-block-heading\">1. Was sind Cookies?<\/h2>\n\n<p>Unsere Website <a href=\"https:\/\/www.bigtranslation.com\/de\"><u>www.bigtranslation.com<\/u><\/a>, die zu BigTranslation Agency S.L geh\u00f6rt, verwendet <em>Cookies <\/em>und andere Dateien mit \u00e4hnlichen Funktionen (im Folgenden \u201eCookies\u201c<em>)<\/em>, um das Surfen zu verbessern und statistische Daten \u00fcber die erzielten Besuche zu erhalten.<\/p>\n\n<p>Cookies sind kleine Textdateien, die auf dem Ger\u00e4t installiert werden, von dem aus auf unsere Website zugegriffen wird, und uns automatisch Informationen zur Verf\u00fcgung stellen, beispielsweise um das Funktionieren der Website zu erm\u00f6glichen oder um Ihre Surfgewohnheiten herauszufinden und Ihre Erfahrung bei zuk\u00fcnftigen Besuchen zu verbessern.<\/p>\n\n<p>Die spezifischen Verwendungszwecke von Cookies sind in \u201eZwecke von Cookies und Drittanbietern\/ Konfiguration und Ablehnung von Cookies\u201c angegeben.<\/p>\n\n<p><strong>Cookies k\u00f6nnen niemals als Computervirus betrachtet werden.<\/strong> Sie schaden dem Computer nicht und verlangsamen seine Arbeit in keiner Weise. Sie k\u00f6nnen unsere Cookies jederzeit l\u00f6schen oder durch Konfiguration Ihres Webbrowsers ablehnen.<\/p>\n\n<p>Auf dieser Website verwenden wir Session-Cookies und permanente Cookies, bei denen es sich wiederum um eigene Cookies oder Cookies von Drittanbietern handeln kann.<\/p>\n\n<p>Session-Cookies sind Cookies, die dazu dienen, Daten zu sammeln und zu speichern, w\u00e4hrend Sie auf eine Website zugreifen. Sie werden in der Regel verwendet, um Informationen zu speichern, die nur aufbewahrt werden, um die von Ihnen angeforderte Dienstleistung einmalig zu erbringen.<\/p>\n\n<p>Persistente Cookies sind eine Art von Cookie, bei dem die Daten weiterhin auf Ihrem Endger\u00e4t gespeichert werden und w\u00e4hrend eines definierten Zeitraums von der f\u00fcr das Cookie verantwortlichen Person abgerufen und verarbeitet werden k\u00f6nnen, der von wenigen Minuten bis zu mehreren Jahren reichen kann.<\/p>\n\n<h2 class=\"wp-block-heading\">2. Zwecke von Cookies und Dritten\/ Konfiguration und Ablehnung von Cookies<\/h2>\n\n<p>Cookies sind nur mit dem Browser eines bestimmten Computers (einem anonymen Benutzer) verkn\u00fcpft und geben selbst nicht den Vor- und Nachnamen des Benutzers an.<\/p>\n\n<p>Dank Cookies ist es m\u00f6glich, die Browser registrierter Nutzer nach der ersten Registrierung wiederzuerkennen, ohne dass sie sich bei jedem Besuch registrieren m\u00fcssen, um auf die exklusiv f\u00fcr sie reservierten Bereiche und Dienste zugreifen zu k\u00f6nnen<\/p>\n\n<p>Dar\u00fcber hinaus verwenden wir unsere eigenen Cookies und Cookies von Drittanbietern f\u00fcr die unten genannten Zwecke. Wenn Sie eine davon nicht akzeptieren, wird Ihre Erfahrung auf unserer Website in Bezug auf die in diesem Abschnitt angegebenen Zwecke beeintr\u00e4chtigt, aber wir m\u00f6chten Ihnen die volle Kontrolle geben, damit Sie jederzeit Ihre eigenen Entscheidungen treffen k\u00f6nnen.<\/p>\n\n<p><strong>EIGENE <\/strong><em><strong>COOKIES<\/strong><\/em><strong>: <\/strong>sind diejenigen, f\u00fcr die BigTranslation Agency S.L. im Hinblick auf die verarbeiteten Informationen verantwortlich ist. Auf dieser Website verwenden wir eigene <em>Cookies <\/em>f\u00fcr folgende Zwecke:<\/p>\n\n<p><strong>Authentifizierung \/ Session:<\/strong> Wird verwendet, um registrierte Benutzer zu erkennen, die sich auf unserer Website angemeldet haben. Mit diesen Cookies k\u00f6nnen Sie auf die Bereiche der Website mit eingeschr\u00e4nktem Zugriff zugreifen. Wenn diese Cookies abgelehnt oder gel\u00f6scht werden, funktionieren die Anmeldedaten f\u00fcr unsere Website nicht ordnungsgem\u00e4\u00df.<\/p>\n\n<p><strong>Personalisierung:<\/strong> Wird verwendet, um das Surfen auf unserer Website zu erleichtern. Sie erm\u00f6glichen es, einige grafische Aspekte unserer Website automatisch zu speichern und einige der Eigenschaften der Website zu personalisieren, um die Erfahrung eines Benutzers von einem anderen zu unterscheiden. Wenn diese Cookies abgelehnt oder gel\u00f6scht werden, funktioniert das Surfen auf unserer Website nicht so einfach.<\/p>\n\n<p><strong>Analytical: <\/strong>sammeln Informationen \u00fcber das Verhalten der Nutzer beim Surfen (meistbesuchte Seiten, Verweildauer auf der Website usw.), um durch die Analyse dieser Informationen die angebotenen Inhalte und Dienste zu verbessern (z. B. um die Antwortzeiten der meistbesuchten Bereiche auf www.bigtranslation.com zu optimieren )<\/p>\n\n<p>Wenn Sie Fragen zu unseren Richtlinien zur Verwendung von Cookies haben, k\u00f6nnen Sie uns unter der folgenden E-Mail-Adresse kontaktieren: info@bigtranslation.com<\/p>\n\n<p>Diese Cookies sind unten aufgef\u00fchrt:<\/p>\n\n<ul>\n<li>wp-wpml_current_language<\/li>\n\n\n\n<li>W\u00e4hrung<\/li>\n\n\n\n<li>W\u00e4hrungssymbol<\/li>\n\n\n\n<li>moove_gdpr_popup<\/li>\n\n\n\n<li>bt_creload<\/li>\n<\/ul>\n\n<p><strong>COOKIES VON <\/strong><em><strong>DRITTANBIETERN:<\/strong><\/em> sind solche, f\u00fcr die Dritte, die nicht mit BigTranslation Agency S.L. verbunden sind, f\u00fcr die verarbeiteten Informationen verantwortlich sind.<\/p>\n\n<p>Die Dritten und Zwecke, f\u00fcr die die von ihnen verarbeiteten Informationen verwendet werden, sind nachstehend aufgef\u00fchrt:<\/p>\n\n<p><strong>ANALYTICAL:<\/strong><\/p>\n\n<p>sammeln Informationen \u00fcber das Verhalten der Nutzer beim Surfen (meistbesuchte Seiten, Verweildauer auf der Website usw.), um durch die Analyse dieser Informationen die angebotenen Inhalte und Dienste zu verbessern (z. B. um die Antwortzeiten der meistbesuchten Bereiche zu optimieren).<\/p>\n\n<ul>\n<li>Google <a href=\"https:\/\/policies.google.com\/technologies\/cookies?hl=es\"><u>Weitere Informationen<\/u><\/a><\/li>\n<\/ul>\n\n<ul>\n<li>Facebook <a href=\"https:\/\/www.facebook.com\/help\/1896641480634370\"><u>Weitere Informationen<\/u><\/a><br\/><br\/><\/li>\n\n\n\n<li>Microsoft <a href=\"https:\/\/privacy.microsoft.com\/es-es\/privacystatement\"><u>Weitere Informationen<\/u><\/a><\/li>\n<\/ul>\n\n<p><strong>VERHALTENSORIENTIERT<\/strong><\/p>\n\n<p>Sie speichern Informationen \u00fcber das Nutzerverhalten, die sie durch die Beobachtung ihrer Surfgewohnheiten erhalten (z. B. welche Seiten sie besuchen), um ein spezifisches Profil zu erstellen, das es ihnen erm\u00f6glicht, personalisierte Werbung basierend auf ihren Vorlieben und Interessen anzuzeigen.<\/p>\n\n<ul>\n<li>Google. <a href=\"https:\/\/policies.google.com\/technologies\/cookies?hl=es\"><u>Weitere Info<\/u><\/a><br\/><br\/><\/li>\n\n\n\n<li>Doppelklick <a href=\"https:\/\/support.google.com\/admanager\/answer\/2839090?hl=es\"><u>Weitere Informationen<\/u><\/a><br\/><br\/><\/li>\n\n\n\n<li>Mailjet <a href=\"https:\/\/www.mailjet.com\/es\/legal\/politica-privacidad\/cookies\/\"><u>Weitere Informationen<\/u><\/a><br\/><br\/><\/li>\n\n\n\n<li>Hubspot <a href=\"https:\/\/knowledge.hubspot.com\/es\/privacy-and-consent\/what-cookies-does-hubspot-set-in-a-visitor-s-browser\"><u>Weitere Informationen<\/u><\/a><\/li>\n<\/ul>\n\n<ul>\n<li>Facebook. <a href=\"https:\/\/www.facebook.com\/help\/1896641480634370\"><u>Weitere Info<\/u><\/a><\/li>\n<\/ul>\n\n<ul>\n<li>LinkedIn. <a href=\"https:\/\/es.linkedin.com\/legal\/cookie-policy\"><u>Weitere Info<\/u><\/a><\/li>\n<\/ul>\n\n<ul>\n<li>Onesignal <a href=\"https:\/\/onesignal.com\/privacy_policy\"><u>Weitere Informationen<\/u><\/a><\/li>\n<\/ul>\n\n<ul>\n<li>Tapfiliate <a href=\"https:\/\/tapfiliate.com\/privacy\/gdpr\/#cookies\"><u>Weitere Informationen<\/u><\/a><br\/><br\/><\/li>\n\n\n\n<li>VWO <a href=\"https:\/\/vwo.com\/compliance\/cookies-notice\/\"><u>Mehr Informationen<\/u><\/a><\/li>\n<\/ul>\n\n<p>Beachten Sie, dass Sie, wenn Sie Cookies von Drittanbietern ablehnen, nicht die optimale Browser-Erfahrung auf BigTranslation erhalten.<\/p>\n\n<h2 class=\"wp-block-heading\">3. Deaktivieren oder L\u00f6schen von Cookies<\/h2>\n\n<p>Sie k\u00f6nnen Ihren Browser so konfigurieren, dass er diese Cookies nicht empf\u00e4ngt und sie abgelehnt werden. Andernfalls verstehen wir, dass wir Ihre Zustimmung f\u00fcr ihre Installation haben.<\/p>\n\n<p>Sie k\u00f6nnen Ihre Einstellungen zur Verwendung von <em>Cookies<\/em> jederzeit von den meisten Browsern aus verwalten. Sie k\u00f6nnen Ihren Browser so einstellen, dass er die auf dem Ger\u00e4t installierten Cookies ablehnt oder l\u00f6scht. Die Cookies werden f\u00fcr jeden Browser installiert und Sie sollten sie daher aus dem Browser l\u00f6schen, mit dem Sie unsere Website aufgerufen haben.<\/p>\n\n<p>Hier finden Sie einige Informationen dazu, wie Sie dies in den wichtigsten Browsern tun k\u00f6nnen:<\/p>\n\n<ul>\n<li><a href=\"https:\/\/support.google.com\/chrome\/answer\/95647?hl=es\"><u>Google Chrome<\/u><\/a><\/li>\n\n\n\n<li><a href=\"https:\/\/support.mozilla.org\/es\/kb\/Borrar%20cookies\"><u>Mozilla Firefox<\/u><\/a><\/li>\n\n\n\n<li><a href=\"https:\/\/support.microsoft.com\/es-es\/help\/17442\/windows-internet-explorer-delete-manage-cookies#ie=ie-10\"><u>Internet Explorer<\/u><\/a><\/li>\n\n\n\n<li><a href=\"https:\/\/support.microsoft.com\/es-es\/windows\/microsoft-edge-datos-de-exploraci%C3%B3n-y-privacidad-bb8174ba-9d73-dcf2-9b4a-c582b4e640dd\"><u>Microsoft Edge<\/u><\/a><\/li>\n\n\n\n<li><a href=\"https:\/\/support.apple.com\/es-es\/HT201265\"><u>Safari<\/u><\/a><\/li>\n\n\n\n<li><a href=\"https:\/\/www.opera.com\/help\/tutorials\/security\/privacy\/\"><u>Opera<\/u><\/a><\/li>\n<\/ul>\n\n<p>Sie k\u00f6nnen Ihre Einwilligung zur Verwendung von Cookies in Ihrem Browser auch widerrufen, indem Sie ein Plug-in installieren oder \u00fcber ein Opt-out-System, das von einigen Drittanbietern bereitgestellt wird, die Cookies auf unserer Website installieren:<\/p>\n\n<ul>\n<li><a href=\"https:\/\/myaccount.google.com\/data-and-privacy\"><u>Google (Personalisierung)<\/u><\/a> (erfordert Google-Login)<\/li>\n\n\n\n<li><a href=\"https:\/\/myadcenter.google.com\/home?sasb=true&amp;ref=ad-settings\"><u>Google (Advertising)<\/u><\/a><\/li>\n\n\n\n<li><a href=\"https:\/\/www.facebook.com\/settings\/?tab=your_facebook_information\"><u>Facebook<\/u><\/a> (erfordert Facebook-Login).<\/li>\n<\/ul>\n\n<p>Sie sollten bedenken, dass einige Merkmale des Inhalts von www.bigtranslation.com nur <a href=\"https:\/\/www.bigtranslation.com\/de\"><u>verf\u00fcgbar<\/u><\/a> sind, wenn Sie die Installation von Cookies \u00fcber Ihren Browser aktivieren. Wenn Sie sich entscheiden, bestimmte Cookies je nach Zweck nicht zu akzeptieren oder zu blockieren, kann dies das normale Funktionieren der Website ganz oder teilweise beeintr\u00e4chtigen oder den Zugriff auf einige ihrer Dienste verhindern, da einige Cookies, wie in \u201eZwecke von Cookies und Drittanbietern\/ Konfiguration und Ablehnung von Cookies\u201c angegeben, f\u00fcr diese Zwecke bestimmt sind.<\/p>\n\n<h2 class=\"wp-block-heading\">4. Informationen zur Annahme, Ablehnung oder zum Widerruf der Einwilligung<\/h2>\n\n<p>Wir stellen Ihnen ein System zur Verwaltung oder Konfiguration von Cookies zur Verf\u00fcgung, mit dem Sie Cookies nach eigenem Ermessen aktivieren oder deaktivieren k\u00f6nnen. Es ist nicht m\u00f6glich, Cookies zu deaktivieren, die f\u00fcr das Funktionieren der Website erforderlich sind.<\/p>\n\n<p>In \u00dcbereinstimmung mit der geltenden Gesetzgebung, mit Ausnahme der unbedingt erforderlichen Cookies und Leistungs-\/Analyse-Cookies, <a href=\"https:\/\/www.bigtranslation.com\/de\"><u>wird<\/u><\/a> www.bigtranslation.com Cookies nur mit vorheriger und ausdr\u00fccklicher Zustimmung des Besuchers verwenden. Die f\u00fcr die Website verantwortliche Stelle verpflichtet sich, Cookies ausschlie\u00dflich f\u00fcr die in dieser Cookie-Richtlinie genannten Zwecke zu verwenden.<\/p>\n\n<p>Beachten Sie, dass Sie, wenn Sie Cookies von Drittanbietern akzeptieren, in der Lage sein sollten, diese aus den Browseroptionen oder aus dem vom Drittanbieter selbst bereitgestellten System zu l\u00f6schen, wie wir im Abschnitt \u201eCookies deaktivieren oder l\u00f6schen\u201c angegeben haben.<\/p>\n\n<h2 class=\"wp-block-heading\">5. Auskunft \u00fcber die Verarbeitung Ihrer Daten.<\/h2>\n\n<h3 class=\"wp-block-heading\">a) Datenkontrolle<\/h3>\n\n<p>Der Datenverantwortliche ist BigTranslation Agency SL<\/p>\n\n<ul>\n<li>BigTranslation Agency SL<\/li>\n\n\n\n<li>CIF (Steuernummer): B40532194<\/li>\n\n\n\n<li>Adresse: Avenida Paret del Patriarca 15, 46113 Moncada, Valencia<\/li>\n<\/ul>\n\n<p>F\u00fcr bestimmte Verarbeitungst\u00e4tigkeiten verarbeitet BigTranslation Ihre Daten und entscheidet gemeinsam \u00fcber die Ziele (\u201ewof\u00fcr die Daten verwendet werden\u201c) und die verwendeten Mittel (\u201ewie die Daten verwendet werden\u201c) und ist daher ein gemeinsamer Datenverantwortlicher f\u00fcr diese Verarbeitung.<\/p>\n\n<h3 class=\"wp-block-heading\">b) Rechtsgrundlagen der Verarbeitung<\/h3>\n\n<p>Die von Ihnen erteilte Einwilligung zur Verwendung von Cookies legitimiert deren Verwendung zur Verarbeitung Ihrer personenbezogenen Daten.<\/p>\n\n<p>Sie k\u00f6nnen die Verwendung von Cookies konfigurieren oder ablehnen und daher Ihr Recht auf Widerruf Ihrer Einwilligung unter \u201eZwecke von Cookies und Drittanbietern\/ Konfiguration und Ablehnung von Cookies\u201c aus\u00fcben. Sie k\u00f6nnen Cookies auch wie unter \u201eCookies deaktivieren oder l\u00f6schen\u201c beschrieben deaktivieren oder l\u00f6schen.<\/p>\n\n<h3 class=\"wp-block-heading\">c) Verarbeitete Daten<\/h3>\n\n<p>Wenn Sie mit der Verwendung von Cookies einverstanden sind, verarbeiten wir folgende Daten<\/p>\n\n<p>In Bezug auf eigene Cookies:<\/p>\n\n<p>Browserdaten: Daten, die aus Ihrem Besuch unserer Website oder von Websites Dritter gewonnen werden: Browserverlauf (besuchte Seiten und Klicks auf Inhalte), Ger\u00e4te-ID, Werbe-ID, IP-Adresse.<\/p>\n\n<p>In Bezug auf Dritte, die in \u201eZwecke von Cookies und Dritten \/ Konfiguration und Ablehnung von Cookies\u201c angegeben sind, finden Sie in ihren jeweiligen Richtlinien, die in diesem Abschnitt angegeben sind, Informationen \u00fcber die Daten oder Datenkategorien, die sie verarbeiten.<\/p>\n\n<h3 class=\"wp-block-heading\">d) Profilierung<\/h3>\n\n<p>Wenn Sie die Verwendung von verhaltensorientierten Werbe-Cookies akzeptieren, k\u00f6nnen wir die Daten, die wir unter Daten, die f\u00fcr Ihr kommerzielles Profiling verarbeitet werden, skizzieren, verwenden, um Ihnen Produkte und Dienstleistungen anzubieten, von denen wir glauben, dass sie f\u00fcr Sie von Interesse sein k\u00f6nnten. Wenn Sie sich beispielsweise f\u00fcr unsere Marktplatz-Services interessieren, k\u00f6nnen wir Ihnen unser kommerzielles Angebot an Steckverbindern zeigen.<\/p>\n\n<p>In Bezug auf Dritte, die in \u201eZwecke von Cookies und Dritten\/ Konfiguration und Ablehnung von Cookies\u201c genannt werden und die verhaltensorientierte Werbe-Cookies verwenden, siehe ihre jeweiligen Richtlinien, die in diesem Abschnitt angegeben sind, um sich \u00fcber die von ihnen durchgef\u00fchrte Profilerstellung zu informieren.<\/p>\n\n<h3 class=\"wp-block-heading\">e) Empf\u00e4nger der Daten<\/h3>\n\n<p>BigTranslation kann gesammelte Daten an Beh\u00f6rden und Stellen \u00fcbermitteln, um einer gesetzlichen Verpflichtung nachzukommen, sowie an die notwendigen Dienstleister und Dritte, um Cookies zu verwalten und zu implementieren.<\/p>\n\n<p>In Bezug auf Dritte, die in \u201eZwecke von Cookies und Dritten \/ Konfiguration und Ablehnung von Cookies\u201c angegeben sind, finden Sie in ihren jeweiligen Richtlinien, die in diesem Abschnitt angegeben sind, um \u00fcber Empf\u00e4nger zu erfahren.<\/p>\n\n<h3 class=\"wp-block-heading\">f) Haltungszeitraum<\/h3>\n\n<p>Daten, die durch die Verwendung von vom Benutzer akzeptierten Cookies erhalten werden, werden f\u00fcr einen Zeitraum von 12 Monaten aufbewahrt<\/p>\n\n<p>In Bezug auf Dritte, die in \u201eZwecke von Cookies und Dritten \/ Konfiguration und Ablehnung von Cookies\u201c angegeben sind, finden Sie in ihren jeweiligen Richtlinien, die in diesem Abschnitt angegeben sind, um \u00fcber Haltungszeitraum zu erfahren.<\/p>\n\n<h3 class=\"wp-block-heading\">g) \u00dcbertragungen in Drittl\u00e4nder<\/h3>\n\n<p>Bei BigTranslation verarbeiten wir Ihre Daten innerhalb des Europ\u00e4ischen Wirtschaftsraums und beauftragen im Allgemeinen Dienstleister, die sich ebenfalls innerhalb des Europ\u00e4ischen Wirtschaftsraums oder in L\u00e4ndern befinden, f\u00fcr die ein angemessenes Schutzniveau angegeben wurde.<\/p>\n\n<p>Wenn wir Dienstleister einsetzen m\u00fcssen, die eine Verarbeitung au\u00dferhalb des Europ\u00e4ischen Wirtschaftsraums oder in L\u00e4ndern durchf\u00fchren, f\u00fcr die kein angemessenes Schutzniveau angegeben wurde, stellen wir sicher, dass die Sicherheit und Legitimation der Verarbeitung Ihrer Daten gew\u00e4hrleistet ist.<\/p>\n\n<p>Dazu fordern wir von diesen Dienstleistern angemessene Garantien gem\u00e4\u00df den Bestimmungen der Datenschutz-Grundverordnung, um sicherzustellen, dass sie beispielsweise \u00fcber verbindliche Unternehmensvorschriften verf\u00fcgen, die den Schutz von Informationen in \u00e4hnlicher Weise garantieren wie europ\u00e4ische Vorschriften oder dass sie sich den Standardklauseln der Europ\u00e4ischen Union anschlie\u00dfen.<\/p>\n\n<p>In Bezug auf die im Abschnitt \u201eZwecke von Cookies und Drittanbietern\/ Konfiguration und Ablehnung von Cookies\u201c genannten Drittanbieter finden Sie in den jeweiligen Richtlinien in diesem Abschnitt Informationen zu den \u00dcbertragungen in Drittl\u00e4nder, die sie gegebenenfalls durchf\u00fchren.<\/p>\n\n<h3 class=\"wp-block-heading\">h) Erg\u00e4nzende Informationen zur Datenverarbeitung<\/h3>\n\n<p>Alle Informationen zur Verarbeitung Ihrer Daten finden Sie unter <a href=\"https:\/\/www.bigtranslation.com\/de\/terms\"><u>https:\/\/www.bigtranslation.com\/terms-and-conditions<\/u><\/a><\/p>\n\n<h3 class=\"wp-block-heading\">i) \u00dcberpr\u00fcfung der Cookie-Richtlinie<\/h3>\n\n<p>Wir werden die Cookie-Richtlinie j\u00e4hrlich \u00fcberpr\u00fcfen, es sei denn, es gibt regulatorische Anforderungen oder Anforderungen anderer Art, die eine Anpassung der Richtlinie innerhalb eines k\u00fcrzeren Zeitraums erforderlich machen. Daher wird den Nutzern empfohlen, die Inhalte regelm\u00e4\u00dfig zu lesen.<\/p>\n\n<p>Wenn wesentliche \u00c4nderungen an dieser Cookie-Richtlinie vorgenommen werden, wird der Benutzer \u00fcber einen Informationshinweis auf der Website informiert.<\/p>\n","protected":false},"excerpt":{"rendered":"<p>1. Was sind Cookies? Unsere Website www.bigtranslation.com, die zu BigTranslation Agency S.L geh\u00f6rt, verwendet Cookies und andere Dateien mit \u00e4hnlichen Funktionen (im Folgenden \u201eCookies\u201c), um das Surfen zu verbessern und statistische Daten \u00fcber die erzielten Besuche zu erhalten. Cookies sind kleine Textdateien, die auf dem Ger\u00e4t installiert werden, von dem aus auf unsere Website zugegriffen [&hellip;]<\/p>\n","protected":false},"author":7,"featured_media":0,"parent":0,"menu_order":38,"comment_status":"closed","ping_status":"closed","template":"","meta":{"footnotes":""},"yoast_head":"<!-- This site is optimized with the Yoast SEO plugin v21.8.1 - https:\/\/yoast.com\/wordpress\/plugins\/seo\/ -->\n<title>Cookie-Richtlinie | BigTranslation<\/title>\n<meta name=\"robots\" content=\"index, follow, max-snippet:-1, max-image-preview:large, max-video-preview:-1\" \/>\n<link rel=\"canonical\" href=\"https:\/\/www.bigtranslation.com\/de\/cookie-richtlinie\" \/>\n<meta property=\"og:locale\" content=\"de_DE\" \/>\n<meta property=\"og:type\" content=\"article\" \/>\n<meta property=\"og:title\" content=\"Cookie-Richtlinie | BigTranslation\" \/>\n<meta property=\"og:description\" content=\"1. Was sind Cookies? Unsere Website www.bigtranslation.com, die zu BigTranslation Agency S.L geh\u00f6rt, verwendet Cookies und andere Dateien mit \u00e4hnlichen Funktionen (im Folgenden \u201eCookies\u201c), um das Surfen zu verbessern und statistische Daten \u00fcber die erzielten Besuche zu erhalten. Cookies sind kleine Textdateien, die auf dem Ger\u00e4t installiert werden, von dem aus auf unsere Website zugegriffen [&hellip;]\" \/>\n<meta property=\"og:url\" content=\"https:\/\/www.bigtranslation.com\/de\/cookie-richtlinie\" \/>\n<meta property=\"og:site_name\" content=\"BigTranslation\" \/>\n<meta property=\"article:modified_time\" content=\"2024-01-08T09:32:50+00:00\" \/>\n<meta name=\"twitter:card\" content=\"summary_large_image\" \/>\n<meta name=\"twitter:label1\" content=\"Gesch\u00e4tzte Lesezeit\" \/>\n\t<meta name=\"twitter:data1\" content=\"3 Minuten\" \/>\n<script type=\"application\/ld+json\" class=\"yoast-schema-graph\">{\"@context\":\"https:\/\/schema.org\",\"@graph\":[{\"@type\":\"WebPage\",\"@id\":\"https:\/\/www.bigtranslation.com\/de\/cookie-richtlinie\",\"url\":\"https:\/\/www.bigtranslation.com\/de\/cookie-richtlinie\",\"name\":\"Cookie-Richtlinie | BigTranslation\",\"isPartOf\":{\"@id\":\"https:\/\/www.bigtranslation.com\/de#website\"},\"datePublished\":\"2022-08-22T11:20:41+00:00\",\"dateModified\":\"2024-01-08T09:32:50+00:00\",\"breadcrumb\":{\"@id\":\"https:\/\/www.bigtranslation.com\/de\/cookie-richtlinie#breadcrumb\"},\"inLanguage\":\"de-DE\",\"potentialAction\":[{\"@type\":\"ReadAction\",\"target\":[\"https:\/\/www.bigtranslation.com\/de\/cookie-richtlinie\"]}]},{\"@type\":\"BreadcrumbList\",\"@id\":\"https:\/\/www.bigtranslation.com\/de\/cookie-richtlinie#breadcrumb\",\"itemListElement\":[{\"@type\":\"ListItem\",\"position\":1,\"name\":\"Home\",\"item\":\"https:\/\/www.bigtranslation.com\/de\"},{\"@type\":\"ListItem\",\"position\":2,\"name\":\"Cookie-Richtlinie\"}]},{\"@type\":\"WebSite\",\"@id\":\"https:\/\/www.bigtranslation.com\/de#website\",\"url\":\"https:\/\/www.bigtranslation.com\/de\",\"name\":\"BigTranslation\",\"description\":\"Native and Professional translators\",\"potentialAction\":[{\"@type\":\"SearchAction\",\"target\":{\"@type\":\"EntryPoint\",\"urlTemplate\":\"https:\/\/www.bigtranslation.com\/de?s={search_term_string}\"},\"query-input\":\"required name=search_term_string\"}],\"inLanguage\":\"de-DE\"}]}<\/script>\n<!-- \/ Yoast SEO plugin. -->","yoast_head_json":{"title":"Cookie-Richtlinie | BigTranslation","robots":{"index":"index","follow":"follow","max-snippet":"max-snippet:-1","max-image-preview":"max-image-preview:large","max-video-preview":"max-video-preview:-1"},"canonical":"https:\/\/www.bigtranslation.com\/de\/cookie-richtlinie","og_locale":"de_DE","og_type":"article","og_title":"Cookie-Richtlinie | BigTranslation","og_description":"1. Was sind Cookies? Unsere Website www.bigtranslation.com, die zu BigTranslation Agency S.L geh\u00f6rt, verwendet Cookies und andere Dateien mit \u00e4hnlichen Funktionen (im Folgenden \u201eCookies\u201c), um das Surfen zu verbessern und statistische Daten \u00fcber die erzielten Besuche zu erhalten. Cookies sind kleine Textdateien, die auf dem Ger\u00e4t installiert werden, von dem aus auf unsere Website zugegriffen [&hellip;]","og_url":"https:\/\/www.bigtranslation.com\/de\/cookie-richtlinie","og_site_name":"BigTranslation","article_modified_time":"2024-01-08T09:32:50+00:00","twitter_card":"summary_large_image","twitter_misc":{"Gesch\u00e4tzte Lesezeit":"3 Minuten"},"schema":{"@context":"https:\/\/schema.org","@graph":[{"@type":"WebPage","@id":"https:\/\/www.bigtranslation.com\/de\/cookie-richtlinie","url":"https:\/\/www.bigtranslation.com\/de\/cookie-richtlinie","name":"Cookie-Richtlinie | BigTranslation","isPartOf":{"@id":"https:\/\/www.bigtranslation.com\/de#website"},"datePublished":"2022-08-22T11:20:41+00:00","dateModified":"2024-01-08T09:32:50+00:00","breadcrumb":{"@id":"https:\/\/www.bigtranslation.com\/de\/cookie-richtlinie#breadcrumb"},"inLanguage":"de-DE","potentialAction":[{"@type":"ReadAction","target":["https:\/\/www.bigtranslation.com\/de\/cookie-richtlinie"]}]},{"@type":"BreadcrumbList","@id":"https:\/\/www.bigtranslation.com\/de\/cookie-richtlinie#breadcrumb","itemListElement":[{"@type":"ListItem","position":1,"name":"Home","item":"https:\/\/www.bigtranslation.com\/de"},{"@type":"ListItem","position":2,"name":"Cookie-Richtlinie"}]},{"@type":"WebSite","@id":"https:\/\/www.bigtranslation.com\/de#website","url":"https:\/\/www.bigtranslation.com\/de","name":"BigTranslation","description":"Native and Professional translators","potentialAction":[{"@type":"SearchAction","target":{"@type":"EntryPoint","urlTemplate":"https:\/\/www.bigtranslation.com\/de?s={search_term_string}"},"query-input":"required name=search_term_string"}],"inLanguage":"de-DE"}]}},"acf":[],"amp_enabled":true,"_links":{"self":[{"href":"https:\/\/www.bigtranslation.com\/de\/wp-json\/wp\/v2\/pages\/12697"}],"collection":[{"href":"https:\/\/www.bigtranslation.com\/de\/wp-json\/wp\/v2\/pages"}],"about":[{"href":"https:\/\/www.bigtranslation.com\/de\/wp-json\/wp\/v2\/types\/page"}],"author":[{"embeddable":true,"href":"https:\/\/www.bigtranslation.com\/de\/wp-json\/wp\/v2\/users\/7"}],"replies":[{"embeddable":true,"href":"https:\/\/www.bigtranslation.com\/de\/wp-json\/wp\/v2\/comments?post=12697"}],"version-history":[{"count":5,"href":"https:\/\/www.bigtranslation.com\/de\/wp-json\/wp\/v2\/pages\/12697\/revisions"}],"predecessor-version":[{"id":18027,"href":"https:\/\/www.bigtranslation.com\/de\/wp-json\/wp\/v2\/pages\/12697\/revisions\/18027"}],"wp:attachment":[{"href":"https:\/\/www.bigtranslation.com\/de\/wp-json\/wp\/v2\/media?parent=12697"}],"curies":[{"name":"wp","href":"https:\/\/api.w.org\/{rel}","templated":true}]}}