{"id":2012,"date":"2021-06-14T09:08:05","date_gmt":"2021-06-14T09:08:05","guid":{"rendered":"https:\/\/www.bigtranslation.com\/translation-services\/"},"modified":"2022-09-14T08:20:02","modified_gmt":"2022-09-14T08:20:02","slug":"ubersetzungsdienst","status":"publish","type":"page","link":"https:\/\/www.bigtranslation.com\/de\/ubersetzungsdienst","title":{"rendered":"\u00dcbersetzungsleistungen"},"content":{"rendered":"","protected":false},"excerpt":{"rendered":"","protected":false},"author":1,"featured_media":0,"parent":0,"menu_order":1,"comment_status":"closed","ping_status":"closed","template":"page-templates\/template-translation-services.php","meta":{"footnotes":""},"yoast_head":"<!-- This site is optimized with the Yoast SEO plugin v21.8.1 - https:\/\/yoast.com\/wordpress\/plugins\/seo\/ -->\n<title>\u00dcbersetzungsleistungen | Muttersprachliche \u00dcbersetzer<\/title>\n<meta name=\"description\" content=\"Professionelle \u00dcbersetzungsdienstleistungen, Dokument\u00fcbersetzungen, Webseiten\u00fcbersetzungen, Revision und Edition\" \/>\n<meta name=\"robots\" content=\"index, follow, max-snippet:-1, max-image-preview:large, max-video-preview:-1\" \/>\n<link rel=\"canonical\" href=\"https:\/\/www.bigtranslation.com\/de\/ubersetzungsdienst\" \/>\n<meta property=\"og:locale\" content=\"de_DE\" \/>\n<meta property=\"og:type\" content=\"article\" \/>\n<meta property=\"og:title\" content=\"\u00dcbersetzungsleistungen | Muttersprachliche \u00dcbersetzer\" \/>\n<meta property=\"og:description\" content=\"Professionelle \u00dcbersetzungsdienstleistungen, Dokument\u00fcbersetzungen, Webseiten\u00fcbersetzungen, Revision und Edition\" \/>\n<meta property=\"og:url\" content=\"https:\/\/www.bigtranslation.com\/de\/ubersetzungsdienst\" \/>\n<meta property=\"og:site_name\" content=\"BigTranslation\" \/>\n<meta property=\"article:modified_time\" content=\"2022-09-14T08:20:02+00:00\" \/>\n<meta name=\"twitter:card\" content=\"summary_large_image\" \/>\n<script type=\"application\/ld+json\" class=\"yoast-schema-graph\">{\"@context\":\"https:\/\/schema.org\",\"@graph\":[{\"@type\":\"WebPage\",\"@id\":\"https:\/\/www.bigtranslation.com\/de\/ubersetzungsdienst\",\"url\":\"https:\/\/www.bigtranslation.com\/de\/ubersetzungsdienst\",\"name\":\"\u00dcbersetzungsleistungen | Muttersprachliche \u00dcbersetzer\",\"isPartOf\":{\"@id\":\"https:\/\/www.bigtranslation.com\/de#website\"},\"datePublished\":\"2021-06-14T09:08:05+00:00\",\"dateModified\":\"2022-09-14T08:20:02+00:00\",\"description\":\"Professionelle \u00dcbersetzungsdienstleistungen, Dokument\u00fcbersetzungen, Webseiten\u00fcbersetzungen, Revision und Edition\",\"breadcrumb\":{\"@id\":\"https:\/\/www.bigtranslation.com\/de\/ubersetzungsdienst#breadcrumb\"},\"inLanguage\":\"de-DE\",\"potentialAction\":[{\"@type\":\"ReadAction\",\"target\":[\"https:\/\/www.bigtranslation.com\/de\/ubersetzungsdienst\"]}]},{\"@type\":\"BreadcrumbList\",\"@id\":\"https:\/\/www.bigtranslation.com\/de\/ubersetzungsdienst#breadcrumb\",\"itemListElement\":[{\"@type\":\"ListItem\",\"position\":1,\"name\":\"Home\",\"item\":\"https:\/\/www.bigtranslation.com\/de\"},{\"@type\":\"ListItem\",\"position\":2,\"name\":\"\u00dcbersetzungsleistungen\"}]},{\"@type\":\"WebSite\",\"@id\":\"https:\/\/www.bigtranslation.com\/de#website\",\"url\":\"https:\/\/www.bigtranslation.com\/de\",\"name\":\"BigTranslation\",\"description\":\"Native and Professional translators\",\"potentialAction\":[{\"@type\":\"SearchAction\",\"target\":{\"@type\":\"EntryPoint\",\"urlTemplate\":\"https:\/\/www.bigtranslation.com\/de?s={search_term_string}\"},\"query-input\":\"required name=search_term_string\"}],\"inLanguage\":\"de-DE\"}]}<\/script>\n<!-- \/ Yoast SEO plugin. -->","yoast_head_json":{"title":"\u00dcbersetzungsleistungen | Muttersprachliche \u00dcbersetzer","description":"Professionelle \u00dcbersetzungsdienstleistungen, Dokument\u00fcbersetzungen, Webseiten\u00fcbersetzungen, Revision und Edition","robots":{"index":"index","follow":"follow","max-snippet":"max-snippet:-1","max-image-preview":"max-image-preview:large","max-video-preview":"max-video-preview:-1"},"canonical":"https:\/\/www.bigtranslation.com\/de\/ubersetzungsdienst","og_locale":"de_DE","og_type":"article","og_title":"\u00dcbersetzungsleistungen | Muttersprachliche \u00dcbersetzer","og_description":"Professionelle \u00dcbersetzungsdienstleistungen, Dokument\u00fcbersetzungen, Webseiten\u00fcbersetzungen, Revision und Edition","og_url":"https:\/\/www.bigtranslation.com\/de\/ubersetzungsdienst","og_site_name":"BigTranslation","article_modified_time":"2022-09-14T08:20:02+00:00","twitter_card":"summary_large_image","schema":{"@context":"https:\/\/schema.org","@graph":[{"@type":"WebPage","@id":"https:\/\/www.bigtranslation.com\/de\/ubersetzungsdienst","url":"https:\/\/www.bigtranslation.com\/de\/ubersetzungsdienst","name":"\u00dcbersetzungsleistungen | Muttersprachliche \u00dcbersetzer","isPartOf":{"@id":"https:\/\/www.bigtranslation.com\/de#website"},"datePublished":"2021-06-14T09:08:05+00:00","dateModified":"2022-09-14T08:20:02+00:00","description":"Professionelle \u00dcbersetzungsdienstleistungen, Dokument\u00fcbersetzungen, Webseiten\u00fcbersetzungen, Revision und Edition","breadcrumb":{"@id":"https:\/\/www.bigtranslation.com\/de\/ubersetzungsdienst#breadcrumb"},"inLanguage":"de-DE","potentialAction":[{"@type":"ReadAction","target":["https:\/\/www.bigtranslation.com\/de\/ubersetzungsdienst"]}]},{"@type":"BreadcrumbList","@id":"https:\/\/www.bigtranslation.com\/de\/ubersetzungsdienst#breadcrumb","itemListElement":[{"@type":"ListItem","position":1,"name":"Home","item":"https:\/\/www.bigtranslation.com\/de"},{"@type":"ListItem","position":2,"name":"\u00dcbersetzungsleistungen"}]},{"@type":"WebSite","@id":"https:\/\/www.bigtranslation.com\/de#website","url":"https:\/\/www.bigtranslation.com\/de","name":"BigTranslation","description":"Native and Professional translators","potentialAction":[{"@type":"SearchAction","target":{"@type":"EntryPoint","urlTemplate":"https:\/\/www.bigtranslation.com\/de?s={search_term_string}"},"query-input":"required name=search_term_string"}],"inLanguage":"de-DE"}]}},"acf":[],"amp_enabled":true,"_links":{"self":[{"href":"https:\/\/www.bigtranslation.com\/de\/wp-json\/wp\/v2\/pages\/2012"}],"collection":[{"href":"https:\/\/www.bigtranslation.com\/de\/wp-json\/wp\/v2\/pages"}],"about":[{"href":"https:\/\/www.bigtranslation.com\/de\/wp-json\/wp\/v2\/types\/page"}],"author":[{"embeddable":true,"href":"https:\/\/www.bigtranslation.com\/de\/wp-json\/wp\/v2\/users\/1"}],"replies":[{"embeddable":true,"href":"https:\/\/www.bigtranslation.com\/de\/wp-json\/wp\/v2\/comments?post=2012"}],"version-history":[{"count":2,"href":"https:\/\/www.bigtranslation.com\/de\/wp-json\/wp\/v2\/pages\/2012\/revisions"}],"predecessor-version":[{"id":13389,"href":"https:\/\/www.bigtranslation.com\/de\/wp-json\/wp\/v2\/pages\/2012\/revisions\/13389"}],"wp:attachment":[{"href":"https:\/\/www.bigtranslation.com\/de\/wp-json\/wp\/v2\/media?parent=2012"}],"curies":[{"name":"wp","href":"https:\/\/api.w.org\/{rel}","templated":true}]}}