{"id":2022,"date":"2021-07-12T10:39:18","date_gmt":"2021-07-12T10:39:18","guid":{"rendered":"https:\/\/www.bigtranslation.com\/proofreading\/"},"modified":"2022-09-14T09:12:29","modified_gmt":"2022-09-14T09:12:29","slug":"lektorat","status":"publish","type":"page","link":"https:\/\/www.bigtranslation.com\/de\/lektorat","title":{"rendered":"Korrekturen | Lektorat"},"content":{"rendered":"","protected":false},"excerpt":{"rendered":"","protected":false},"author":1,"featured_media":0,"parent":0,"menu_order":4,"comment_status":"closed","ping_status":"closed","template":"page-templates\/template-proofreading.php","meta":{"footnotes":""},"yoast_head":"<!-- This site is optimized with the Yoast SEO plugin v21.8.1 - https:\/\/yoast.com\/wordpress\/plugins\/seo\/ -->\n<title>Revision | \u00dcbersetzungsagentur<\/title>\n<meta name=\"description\" content=\"Zu einer professionellen \u00dcbersetzung geh\u00f6rt auch die Revision. Wenn Sie mehr \u00fcber Revisionsleistungen erfahren wollen, nehmen Sie Kontakt mit uns auf.\" \/>\n<meta name=\"robots\" content=\"index, follow, max-snippet:-1, max-image-preview:large, max-video-preview:-1\" \/>\n<link rel=\"canonical\" href=\"https:\/\/www.bigtranslation.com\/de\/lektorat\" \/>\n<meta property=\"og:locale\" content=\"de_DE\" \/>\n<meta property=\"og:type\" content=\"article\" \/>\n<meta property=\"og:title\" content=\"Revision | \u00dcbersetzungsagentur\" \/>\n<meta property=\"og:description\" content=\"Zu einer professionellen \u00dcbersetzung geh\u00f6rt auch die Revision. Wenn Sie mehr \u00fcber Revisionsleistungen erfahren wollen, nehmen Sie Kontakt mit uns auf.\" \/>\n<meta property=\"og:url\" content=\"https:\/\/www.bigtranslation.com\/de\/lektorat\" \/>\n<meta property=\"og:site_name\" content=\"BigTranslation\" \/>\n<meta property=\"article:modified_time\" content=\"2022-09-14T09:12:29+00:00\" \/>\n<meta name=\"twitter:card\" content=\"summary_large_image\" \/>\n<script type=\"application\/ld+json\" class=\"yoast-schema-graph\">{\"@context\":\"https:\/\/schema.org\",\"@graph\":[{\"@type\":\"WebPage\",\"@id\":\"https:\/\/www.bigtranslation.com\/de\/lektorat\",\"url\":\"https:\/\/www.bigtranslation.com\/de\/lektorat\",\"name\":\"Revision | \u00dcbersetzungsagentur\",\"isPartOf\":{\"@id\":\"https:\/\/www.bigtranslation.com\/de#website\"},\"datePublished\":\"2021-07-12T10:39:18+00:00\",\"dateModified\":\"2022-09-14T09:12:29+00:00\",\"description\":\"Zu einer professionellen \u00dcbersetzung geh\u00f6rt auch die Revision. Wenn Sie mehr \u00fcber Revisionsleistungen erfahren wollen, nehmen Sie Kontakt mit uns auf.\",\"breadcrumb\":{\"@id\":\"https:\/\/www.bigtranslation.com\/de\/lektorat#breadcrumb\"},\"inLanguage\":\"de-DE\",\"potentialAction\":[{\"@type\":\"ReadAction\",\"target\":[\"https:\/\/www.bigtranslation.com\/de\/lektorat\"]}]},{\"@type\":\"BreadcrumbList\",\"@id\":\"https:\/\/www.bigtranslation.com\/de\/lektorat#breadcrumb\",\"itemListElement\":[{\"@type\":\"ListItem\",\"position\":1,\"name\":\"Home\",\"item\":\"https:\/\/www.bigtranslation.com\/de\"},{\"@type\":\"ListItem\",\"position\":2,\"name\":\"Korrekturen | Lektorat\"}]},{\"@type\":\"WebSite\",\"@id\":\"https:\/\/www.bigtranslation.com\/de#website\",\"url\":\"https:\/\/www.bigtranslation.com\/de\",\"name\":\"BigTranslation\",\"description\":\"Native and Professional translators\",\"potentialAction\":[{\"@type\":\"SearchAction\",\"target\":{\"@type\":\"EntryPoint\",\"urlTemplate\":\"https:\/\/www.bigtranslation.com\/de?s={search_term_string}\"},\"query-input\":\"required name=search_term_string\"}],\"inLanguage\":\"de-DE\"}]}<\/script>\n<!-- \/ Yoast SEO plugin. -->","yoast_head_json":{"title":"Revision | \u00dcbersetzungsagentur","description":"Zu einer professionellen \u00dcbersetzung geh\u00f6rt auch die Revision. Wenn Sie mehr \u00fcber Revisionsleistungen erfahren wollen, nehmen Sie Kontakt mit uns auf.","robots":{"index":"index","follow":"follow","max-snippet":"max-snippet:-1","max-image-preview":"max-image-preview:large","max-video-preview":"max-video-preview:-1"},"canonical":"https:\/\/www.bigtranslation.com\/de\/lektorat","og_locale":"de_DE","og_type":"article","og_title":"Revision | \u00dcbersetzungsagentur","og_description":"Zu einer professionellen \u00dcbersetzung geh\u00f6rt auch die Revision. Wenn Sie mehr \u00fcber Revisionsleistungen erfahren wollen, nehmen Sie Kontakt mit uns auf.","og_url":"https:\/\/www.bigtranslation.com\/de\/lektorat","og_site_name":"BigTranslation","article_modified_time":"2022-09-14T09:12:29+00:00","twitter_card":"summary_large_image","schema":{"@context":"https:\/\/schema.org","@graph":[{"@type":"WebPage","@id":"https:\/\/www.bigtranslation.com\/de\/lektorat","url":"https:\/\/www.bigtranslation.com\/de\/lektorat","name":"Revision | \u00dcbersetzungsagentur","isPartOf":{"@id":"https:\/\/www.bigtranslation.com\/de#website"},"datePublished":"2021-07-12T10:39:18+00:00","dateModified":"2022-09-14T09:12:29+00:00","description":"Zu einer professionellen \u00dcbersetzung geh\u00f6rt auch die Revision. Wenn Sie mehr \u00fcber Revisionsleistungen erfahren wollen, nehmen Sie Kontakt mit uns auf.","breadcrumb":{"@id":"https:\/\/www.bigtranslation.com\/de\/lektorat#breadcrumb"},"inLanguage":"de-DE","potentialAction":[{"@type":"ReadAction","target":["https:\/\/www.bigtranslation.com\/de\/lektorat"]}]},{"@type":"BreadcrumbList","@id":"https:\/\/www.bigtranslation.com\/de\/lektorat#breadcrumb","itemListElement":[{"@type":"ListItem","position":1,"name":"Home","item":"https:\/\/www.bigtranslation.com\/de"},{"@type":"ListItem","position":2,"name":"Korrekturen | Lektorat"}]},{"@type":"WebSite","@id":"https:\/\/www.bigtranslation.com\/de#website","url":"https:\/\/www.bigtranslation.com\/de","name":"BigTranslation","description":"Native and Professional translators","potentialAction":[{"@type":"SearchAction","target":{"@type":"EntryPoint","urlTemplate":"https:\/\/www.bigtranslation.com\/de?s={search_term_string}"},"query-input":"required name=search_term_string"}],"inLanguage":"de-DE"}]}},"acf":[],"amp_enabled":true,"_links":{"self":[{"href":"https:\/\/www.bigtranslation.com\/de\/wp-json\/wp\/v2\/pages\/2022"}],"collection":[{"href":"https:\/\/www.bigtranslation.com\/de\/wp-json\/wp\/v2\/pages"}],"about":[{"href":"https:\/\/www.bigtranslation.com\/de\/wp-json\/wp\/v2\/types\/page"}],"author":[{"embeddable":true,"href":"https:\/\/www.bigtranslation.com\/de\/wp-json\/wp\/v2\/users\/1"}],"replies":[{"embeddable":true,"href":"https:\/\/www.bigtranslation.com\/de\/wp-json\/wp\/v2\/comments?post=2022"}],"version-history":[{"count":2,"href":"https:\/\/www.bigtranslation.com\/de\/wp-json\/wp\/v2\/pages\/2022\/revisions"}],"predecessor-version":[{"id":13392,"href":"https:\/\/www.bigtranslation.com\/de\/wp-json\/wp\/v2\/pages\/2022\/revisions\/13392"}],"wp:attachment":[{"href":"https:\/\/www.bigtranslation.com\/de\/wp-json\/wp\/v2\/media?parent=2022"}],"curies":[{"name":"wp","href":"https:\/\/api.w.org\/{rel}","templated":true}]}}