{"id":2055,"date":"2021-06-17T07:42:20","date_gmt":"2021-06-17T07:42:20","guid":{"rendered":"https:\/\/www.bigtranslation.com\/professional-translators\/"},"modified":"2022-09-14T07:27:39","modified_gmt":"2022-09-14T07:27:39","slug":"professionelle-ubersetzer","status":"publish","type":"page","link":"https:\/\/www.bigtranslation.com\/de\/professionelle-ubersetzer","title":{"rendered":"Professionelle \u00dcbersetzer"},"content":{"rendered":"","protected":false},"excerpt":{"rendered":"","protected":false},"author":1,"featured_media":0,"parent":0,"menu_order":23,"comment_status":"closed","ping_status":"closed","template":"page-templates\/template-professional-translators.php","meta":{"footnotes":""},"yoast_head":"<!-- This site is optimized with the Yoast SEO plugin v21.8.1 - https:\/\/yoast.com\/wordpress\/plugins\/seo\/ -->\n<title>Professionellen Muttersprachlern | \u00dcbersetzungsagentur<\/title>\n<meta name=\"description\" content=\"Wenn Sie ein professioneller \u00dcbersetzer sind, k\u00f6nnen Sie mit uns zusammenarbeiten. Wir suchen nach \u00dcbersetzer mit Erfahrung mit SEO oder Online-Revisoren.\" \/>\n<meta name=\"robots\" content=\"index, follow, max-snippet:-1, max-image-preview:large, max-video-preview:-1\" \/>\n<link rel=\"canonical\" href=\"https:\/\/www.bigtranslation.com\/de\/professionelle-ubersetzer\" \/>\n<meta property=\"og:locale\" content=\"de_DE\" \/>\n<meta property=\"og:type\" content=\"article\" \/>\n<meta property=\"og:title\" content=\"Professionellen Muttersprachlern | \u00dcbersetzungsagentur\" \/>\n<meta property=\"og:description\" content=\"Wenn Sie ein professioneller \u00dcbersetzer sind, k\u00f6nnen Sie mit uns zusammenarbeiten. Wir suchen nach \u00dcbersetzer mit Erfahrung mit SEO oder Online-Revisoren.\" \/>\n<meta property=\"og:url\" content=\"https:\/\/www.bigtranslation.com\/de\/professionelle-ubersetzer\" \/>\n<meta property=\"og:site_name\" content=\"BigTranslation\" \/>\n<meta property=\"article:modified_time\" content=\"2022-09-14T07:27:39+00:00\" \/>\n<meta name=\"twitter:card\" content=\"summary_large_image\" \/>\n<script type=\"application\/ld+json\" class=\"yoast-schema-graph\">{\"@context\":\"https:\/\/schema.org\",\"@graph\":[{\"@type\":\"WebPage\",\"@id\":\"https:\/\/www.bigtranslation.com\/de\/professionelle-ubersetzer\",\"url\":\"https:\/\/www.bigtranslation.com\/de\/professionelle-ubersetzer\",\"name\":\"Professionellen Muttersprachlern | \u00dcbersetzungsagentur\",\"isPartOf\":{\"@id\":\"https:\/\/www.bigtranslation.com\/de#website\"},\"datePublished\":\"2021-06-17T07:42:20+00:00\",\"dateModified\":\"2022-09-14T07:27:39+00:00\",\"description\":\"Wenn Sie ein professioneller \u00dcbersetzer sind, k\u00f6nnen Sie mit uns zusammenarbeiten. Wir suchen nach \u00dcbersetzer mit Erfahrung mit SEO oder Online-Revisoren.\",\"breadcrumb\":{\"@id\":\"https:\/\/www.bigtranslation.com\/de\/professionelle-ubersetzer#breadcrumb\"},\"inLanguage\":\"de-DE\",\"potentialAction\":[{\"@type\":\"ReadAction\",\"target\":[\"https:\/\/www.bigtranslation.com\/de\/professionelle-ubersetzer\"]}]},{\"@type\":\"BreadcrumbList\",\"@id\":\"https:\/\/www.bigtranslation.com\/de\/professionelle-ubersetzer#breadcrumb\",\"itemListElement\":[{\"@type\":\"ListItem\",\"position\":1,\"name\":\"Home\",\"item\":\"https:\/\/www.bigtranslation.com\/de\"},{\"@type\":\"ListItem\",\"position\":2,\"name\":\"Professionelle \u00dcbersetzer\"}]},{\"@type\":\"WebSite\",\"@id\":\"https:\/\/www.bigtranslation.com\/de#website\",\"url\":\"https:\/\/www.bigtranslation.com\/de\",\"name\":\"BigTranslation\",\"description\":\"Native and Professional translators\",\"potentialAction\":[{\"@type\":\"SearchAction\",\"target\":{\"@type\":\"EntryPoint\",\"urlTemplate\":\"https:\/\/www.bigtranslation.com\/de?s={search_term_string}\"},\"query-input\":\"required name=search_term_string\"}],\"inLanguage\":\"de-DE\"}]}<\/script>\n<!-- \/ Yoast SEO plugin. -->","yoast_head_json":{"title":"Professionellen Muttersprachlern | \u00dcbersetzungsagentur","description":"Wenn Sie ein professioneller \u00dcbersetzer sind, k\u00f6nnen Sie mit uns zusammenarbeiten. Wir suchen nach \u00dcbersetzer mit Erfahrung mit SEO oder Online-Revisoren.","robots":{"index":"index","follow":"follow","max-snippet":"max-snippet:-1","max-image-preview":"max-image-preview:large","max-video-preview":"max-video-preview:-1"},"canonical":"https:\/\/www.bigtranslation.com\/de\/professionelle-ubersetzer","og_locale":"de_DE","og_type":"article","og_title":"Professionellen Muttersprachlern | \u00dcbersetzungsagentur","og_description":"Wenn Sie ein professioneller \u00dcbersetzer sind, k\u00f6nnen Sie mit uns zusammenarbeiten. Wir suchen nach \u00dcbersetzer mit Erfahrung mit SEO oder Online-Revisoren.","og_url":"https:\/\/www.bigtranslation.com\/de\/professionelle-ubersetzer","og_site_name":"BigTranslation","article_modified_time":"2022-09-14T07:27:39+00:00","twitter_card":"summary_large_image","schema":{"@context":"https:\/\/schema.org","@graph":[{"@type":"WebPage","@id":"https:\/\/www.bigtranslation.com\/de\/professionelle-ubersetzer","url":"https:\/\/www.bigtranslation.com\/de\/professionelle-ubersetzer","name":"Professionellen Muttersprachlern | \u00dcbersetzungsagentur","isPartOf":{"@id":"https:\/\/www.bigtranslation.com\/de#website"},"datePublished":"2021-06-17T07:42:20+00:00","dateModified":"2022-09-14T07:27:39+00:00","description":"Wenn Sie ein professioneller \u00dcbersetzer sind, k\u00f6nnen Sie mit uns zusammenarbeiten. Wir suchen nach \u00dcbersetzer mit Erfahrung mit SEO oder Online-Revisoren.","breadcrumb":{"@id":"https:\/\/www.bigtranslation.com\/de\/professionelle-ubersetzer#breadcrumb"},"inLanguage":"de-DE","potentialAction":[{"@type":"ReadAction","target":["https:\/\/www.bigtranslation.com\/de\/professionelle-ubersetzer"]}]},{"@type":"BreadcrumbList","@id":"https:\/\/www.bigtranslation.com\/de\/professionelle-ubersetzer#breadcrumb","itemListElement":[{"@type":"ListItem","position":1,"name":"Home","item":"https:\/\/www.bigtranslation.com\/de"},{"@type":"ListItem","position":2,"name":"Professionelle \u00dcbersetzer"}]},{"@type":"WebSite","@id":"https:\/\/www.bigtranslation.com\/de#website","url":"https:\/\/www.bigtranslation.com\/de","name":"BigTranslation","description":"Native and Professional translators","potentialAction":[{"@type":"SearchAction","target":{"@type":"EntryPoint","urlTemplate":"https:\/\/www.bigtranslation.com\/de?s={search_term_string}"},"query-input":"required name=search_term_string"}],"inLanguage":"de-DE"}]}},"acf":[],"amp_enabled":true,"_links":{"self":[{"href":"https:\/\/www.bigtranslation.com\/de\/wp-json\/wp\/v2\/pages\/2055"}],"collection":[{"href":"https:\/\/www.bigtranslation.com\/de\/wp-json\/wp\/v2\/pages"}],"about":[{"href":"https:\/\/www.bigtranslation.com\/de\/wp-json\/wp\/v2\/types\/page"}],"author":[{"embeddable":true,"href":"https:\/\/www.bigtranslation.com\/de\/wp-json\/wp\/v2\/users\/1"}],"replies":[{"embeddable":true,"href":"https:\/\/www.bigtranslation.com\/de\/wp-json\/wp\/v2\/comments?post=2055"}],"version-history":[{"count":2,"href":"https:\/\/www.bigtranslation.com\/de\/wp-json\/wp\/v2\/pages\/2055\/revisions"}],"predecessor-version":[{"id":13386,"href":"https:\/\/www.bigtranslation.com\/de\/wp-json\/wp\/v2\/pages\/2055\/revisions\/13386"}],"wp:attachment":[{"href":"https:\/\/www.bigtranslation.com\/de\/wp-json\/wp\/v2\/media?parent=2055"}],"curies":[{"name":"wp","href":"https:\/\/api.w.org\/{rel}","templated":true}]}}