{"id":9165,"date":"2021-05-31T10:59:41","date_gmt":"2021-05-31T10:59:41","guid":{"rendered":"https:\/\/www.bigtranslation.com\/videogames-translation"},"modified":"2022-09-14T10:53:55","modified_gmt":"2022-09-14T10:53:55","slug":"ubersetzung-videospielen","status":"publish","type":"page","link":"https:\/\/www.bigtranslation.com\/de\/ubersetzung-videospielen","title":{"rendered":"\u00dcbersetzung und Lokalisierung von Videospielen"},"content":{"rendered":"","protected":false},"excerpt":{"rendered":"","protected":false},"author":1,"featured_media":0,"parent":0,"menu_order":20,"comment_status":"closed","ping_status":"closed","template":"page-templates\/template-landing-translation.php","meta":{"footnotes":""},"yoast_head":"<!-- This site is optimized with the Yoast SEO plugin v21.8.1 - https:\/\/yoast.com\/wordpress\/plugins\/seo\/ -->\n<title>\u00dcbersetzung und Lokalisierung von Videospielen | BigTranslation<\/title>\n<meta name=\"description\" content=\"Muttersprachliche \u00dcbersetzung und Lokalisierung f\u00fcr die Videospielbranche. Internationalisieren Sie Ihr Unternehmen mit muttersprachlichen \u00dcbersetzern zu wettbewerbsf\u00e4higen Preisen. Fordern Sie jetzt Ihr Angebot an!\" \/>\n<meta name=\"robots\" content=\"index, follow, max-snippet:-1, max-image-preview:large, max-video-preview:-1\" \/>\n<link rel=\"canonical\" href=\"https:\/\/www.bigtranslation.com\/de\/ubersetzung-videospielen\" \/>\n<meta property=\"og:locale\" content=\"de_DE\" \/>\n<meta property=\"og:type\" content=\"article\" \/>\n<meta property=\"og:title\" content=\"\u00dcbersetzung und Lokalisierung von Videospielen | BigTranslation\" \/>\n<meta property=\"og:description\" content=\"Muttersprachliche \u00dcbersetzung und Lokalisierung f\u00fcr die Videospielbranche. Internationalisieren Sie Ihr Unternehmen mit muttersprachlichen \u00dcbersetzern zu wettbewerbsf\u00e4higen Preisen. Fordern Sie jetzt Ihr Angebot an!\" \/>\n<meta property=\"og:url\" content=\"https:\/\/www.bigtranslation.com\/de\/ubersetzung-videospielen\" \/>\n<meta property=\"og:site_name\" content=\"BigTranslation\" \/>\n<meta property=\"article:modified_time\" content=\"2022-09-14T10:53:55+00:00\" \/>\n<meta name=\"twitter:card\" content=\"summary_large_image\" \/>\n<script type=\"application\/ld+json\" class=\"yoast-schema-graph\">{\"@context\":\"https:\/\/schema.org\",\"@graph\":[{\"@type\":\"WebPage\",\"@id\":\"https:\/\/www.bigtranslation.com\/de\/ubersetzung-videospielen\",\"url\":\"https:\/\/www.bigtranslation.com\/de\/ubersetzung-videospielen\",\"name\":\"\u00dcbersetzung und Lokalisierung von Videospielen | BigTranslation\",\"isPartOf\":{\"@id\":\"https:\/\/www.bigtranslation.com\/de#website\"},\"datePublished\":\"2021-05-31T10:59:41+00:00\",\"dateModified\":\"2022-09-14T10:53:55+00:00\",\"description\":\"Muttersprachliche \u00dcbersetzung und Lokalisierung f\u00fcr die Videospielbranche. Internationalisieren Sie Ihr Unternehmen mit muttersprachlichen \u00dcbersetzern zu wettbewerbsf\u00e4higen Preisen. Fordern Sie jetzt Ihr Angebot an!\",\"breadcrumb\":{\"@id\":\"https:\/\/www.bigtranslation.com\/de\/ubersetzung-videospielen#breadcrumb\"},\"inLanguage\":\"de-DE\",\"potentialAction\":[{\"@type\":\"ReadAction\",\"target\":[\"https:\/\/www.bigtranslation.com\/de\/ubersetzung-videospielen\"]}]},{\"@type\":\"BreadcrumbList\",\"@id\":\"https:\/\/www.bigtranslation.com\/de\/ubersetzung-videospielen#breadcrumb\",\"itemListElement\":[{\"@type\":\"ListItem\",\"position\":1,\"name\":\"Home\",\"item\":\"https:\/\/www.bigtranslation.com\/de\"},{\"@type\":\"ListItem\",\"position\":2,\"name\":\"\u00dcbersetzung und Lokalisierung von Videospielen\"}]},{\"@type\":\"WebSite\",\"@id\":\"https:\/\/www.bigtranslation.com\/de#website\",\"url\":\"https:\/\/www.bigtranslation.com\/de\",\"name\":\"BigTranslation\",\"description\":\"Native and Professional translators\",\"potentialAction\":[{\"@type\":\"SearchAction\",\"target\":{\"@type\":\"EntryPoint\",\"urlTemplate\":\"https:\/\/www.bigtranslation.com\/de?s={search_term_string}\"},\"query-input\":\"required name=search_term_string\"}],\"inLanguage\":\"de-DE\"}]}<\/script>\n<!-- \/ Yoast SEO plugin. -->","yoast_head_json":{"title":"\u00dcbersetzung und Lokalisierung von Videospielen | BigTranslation","description":"Muttersprachliche \u00dcbersetzung und Lokalisierung f\u00fcr die Videospielbranche. Internationalisieren Sie Ihr Unternehmen mit muttersprachlichen \u00dcbersetzern zu wettbewerbsf\u00e4higen Preisen. Fordern Sie jetzt Ihr Angebot an!","robots":{"index":"index","follow":"follow","max-snippet":"max-snippet:-1","max-image-preview":"max-image-preview:large","max-video-preview":"max-video-preview:-1"},"canonical":"https:\/\/www.bigtranslation.com\/de\/ubersetzung-videospielen","og_locale":"de_DE","og_type":"article","og_title":"\u00dcbersetzung und Lokalisierung von Videospielen | BigTranslation","og_description":"Muttersprachliche \u00dcbersetzung und Lokalisierung f\u00fcr die Videospielbranche. Internationalisieren Sie Ihr Unternehmen mit muttersprachlichen \u00dcbersetzern zu wettbewerbsf\u00e4higen Preisen. Fordern Sie jetzt Ihr Angebot an!","og_url":"https:\/\/www.bigtranslation.com\/de\/ubersetzung-videospielen","og_site_name":"BigTranslation","article_modified_time":"2022-09-14T10:53:55+00:00","twitter_card":"summary_large_image","schema":{"@context":"https:\/\/schema.org","@graph":[{"@type":"WebPage","@id":"https:\/\/www.bigtranslation.com\/de\/ubersetzung-videospielen","url":"https:\/\/www.bigtranslation.com\/de\/ubersetzung-videospielen","name":"\u00dcbersetzung und Lokalisierung von Videospielen | BigTranslation","isPartOf":{"@id":"https:\/\/www.bigtranslation.com\/de#website"},"datePublished":"2021-05-31T10:59:41+00:00","dateModified":"2022-09-14T10:53:55+00:00","description":"Muttersprachliche \u00dcbersetzung und Lokalisierung f\u00fcr die Videospielbranche. Internationalisieren Sie Ihr Unternehmen mit muttersprachlichen \u00dcbersetzern zu wettbewerbsf\u00e4higen Preisen. Fordern Sie jetzt Ihr Angebot an!","breadcrumb":{"@id":"https:\/\/www.bigtranslation.com\/de\/ubersetzung-videospielen#breadcrumb"},"inLanguage":"de-DE","potentialAction":[{"@type":"ReadAction","target":["https:\/\/www.bigtranslation.com\/de\/ubersetzung-videospielen"]}]},{"@type":"BreadcrumbList","@id":"https:\/\/www.bigtranslation.com\/de\/ubersetzung-videospielen#breadcrumb","itemListElement":[{"@type":"ListItem","position":1,"name":"Home","item":"https:\/\/www.bigtranslation.com\/de"},{"@type":"ListItem","position":2,"name":"\u00dcbersetzung und Lokalisierung von Videospielen"}]},{"@type":"WebSite","@id":"https:\/\/www.bigtranslation.com\/de#website","url":"https:\/\/www.bigtranslation.com\/de","name":"BigTranslation","description":"Native and Professional translators","potentialAction":[{"@type":"SearchAction","target":{"@type":"EntryPoint","urlTemplate":"https:\/\/www.bigtranslation.com\/de?s={search_term_string}"},"query-input":"required name=search_term_string"}],"inLanguage":"de-DE"}]}},"acf":[],"amp_enabled":true,"_links":{"self":[{"href":"https:\/\/www.bigtranslation.com\/de\/wp-json\/wp\/v2\/pages\/9165"}],"collection":[{"href":"https:\/\/www.bigtranslation.com\/de\/wp-json\/wp\/v2\/pages"}],"about":[{"href":"https:\/\/www.bigtranslation.com\/de\/wp-json\/wp\/v2\/types\/page"}],"author":[{"embeddable":true,"href":"https:\/\/www.bigtranslation.com\/de\/wp-json\/wp\/v2\/users\/1"}],"replies":[{"embeddable":true,"href":"https:\/\/www.bigtranslation.com\/de\/wp-json\/wp\/v2\/comments?post=9165"}],"version-history":[{"count":4,"href":"https:\/\/www.bigtranslation.com\/de\/wp-json\/wp\/v2\/pages\/9165\/revisions"}],"predecessor-version":[{"id":13418,"href":"https:\/\/www.bigtranslation.com\/de\/wp-json\/wp\/v2\/pages\/9165\/revisions\/13418"}],"wp:attachment":[{"href":"https:\/\/www.bigtranslation.com\/de\/wp-json\/wp\/v2\/media?parent=9165"}],"curies":[{"name":"wp","href":"https:\/\/api.w.org\/{rel}","templated":true}]}}