{"id":12654,"date":"2022-08-22T08:52:02","date_gmt":"2022-08-22T08:52:02","guid":{"rendered":"https:\/\/www.bigtranslation.com\/?page_id=12654"},"modified":"2024-01-08T11:30:53","modified_gmt":"2024-01-08T11:30:53","slug":"politica-cookies","status":"publish","type":"page","link":"https:\/\/www.bigtranslation.com\/es\/politica-cookies","title":{"rendered":"Pol\u00edtica de cookies"},"content":{"rendered":"\n<h2 class=\"wp-block-heading\">1. \u00bfQu\u00e9 son las cookies?\n        <\/h2>\n\n<p>Nuestra web <a href=\"https:\/\/www.bigtranslation.com\/es\"><u>www.bigtranslation.com<\/u><\/a> ,  perteneciente a BigTranslation Agency S.L , utiliza <em>cookies <\/em> y otros archivos con funciones similares (en adelante, \u00abcookies\u00bb<em>) <\/em> para mejorar la navegaci\u00f3n y obtener datos estad\u00edsticos sobre las visitas obtenidas.\n        <\/p>\n\n<p>Las cookies son peque\u00f1os archivos de texto que se instalan en el dispositivo desde el que se accede a nuestro sitio web y que nos proporcionan informaci\u00f3n de forma autom\u00e1tica, por ejemplo, para que el sitio web funcione o para conocer sus h\u00e1bitos de navegaci\u00f3n y mejorar su experiencia en futuras visitas.\n        <\/p>\n\n<p>Los usos espec\u00edficos que hacemos de las cookies se especifican en \u00abFinalidades de las cookies y terceros\/configuraci\u00f3n y rechazo de cookies\u00bb.\n        <\/p>\n\n<p><strong>Las cookies nunca pueden considerarse un virus inform\u00e1tico.\n        <\/strong> No da\u00f1an el ordenador ni ralentizan su funcionamiento en modo alguno.\n         Puede eliminar nuestras cookies en cualquier momento o rechazarlas configurando su navegador web.\n        <\/p>\n\n<p>En este sitio web utilizamos cookies de sesi\u00f3n y cookies permanentes que, a su vez, pueden ser cookies propias o de terceros.\n        <\/p>\n\n<p>Las cookies de sesi\u00f3n son cookies dise\u00f1adas para recopilar y almacenar datos mientras accede a un sitio web.\n         Suelen utilizarse para almacenar informaci\u00f3n que s\u00f3lo se conserva para prestar el servicio solicitado por usted en una ocasi\u00f3n.\n        <\/p>\n\n<p>Las cookies persistentes son un tipo de cookies en el que los datos siguen almacenados en su equipo terminal y pueden ser accedidos y tratados durante un periodo definido por el responsable de la cookie, y que puede ir de unos minutos a varios a\u00f1os.\n        <\/p>\n\n<h2 class=\"wp-block-heading\">2. Finalidad de las cookies y terceros\/ configuraci\u00f3n y rechazo de las cookies.\n        <\/h2>\n\n<p>Las cookies se asocian \u00fanicamente con el navegador de un ordenador determinado (un usuario an\u00f3nimo), y no proporcionan por s\u00ed el nombre y apellidos del usuario.\n        <\/p>\n\n<p>Gracias a las cookies, resulta posible que reconozca los navegadores de los usuarios registrados despu\u00e9s de que \u00e9stos se hayan registrado por primera vez, sin que tengan que registrarse en cada visita para acceder a las \u00e1reas y servicios reservados exclusivamente a ellos.\n        <\/p>\n\n<p>Adem\u00e1s, utilizamos cookies propias y de terceros para los fines que se indican a continuaci\u00f3n.\n         Si no acepta alguna de ellas, su experiencia en nuestro sitio web se ver\u00e1 afectada en relaci\u00f3n con los fines especificados en esta secci\u00f3n, pero queremos darle pleno control para que pueda tomar sus propias decisiones en todo momento.\n        <\/p>\n\n<p><strong>COOKIES <\/strong><em><strong>PROPIAS<\/strong><\/em><strong>: <\/strong>son aquellas de las que BigTranslation Agency S.L es responsable en relaci\u00f3n con la informaci\u00f3n tratada.\n         En este sitio web, usamos nuestras propias <em>cookies <\/em>para los siguientes fines:\n        <\/p>\n\n<p><strong>Autenticaci\u00f3n \/ Sesi\u00f3n:<\/strong> se utiliza para reconocer a los usuarios registrados que han iniciado sesi\u00f3n en nuestro sitio web.\n         Con estas cookies, puede acceder a las zonas de acceso restringido del sitio web.\n         Si se rechazan o eliminan estas Cookies, los datos de acceso a nuestro sitio web no funcionar\u00e1n correctamente.\n        <\/p>\n\n<p><strong>Personalizaaci\u00f3n:<\/strong> sirve para facilitar la navegaci\u00f3n por nuestra web.\n         Permiten recordar autom\u00e1ticamente algunos aspectos gr\u00e1ficos de nuestro sitio web, adem\u00e1s de personalizar algunas caracter\u00edsticas del mismo para diferenciar la experiencia de un usuario de otro.\n         Si se rechazan o eliminan estas Cookies, la navegaci\u00f3n por nuestro sitio web no funcionar\u00e1 con la misma facilidad.\n        <\/p>\n\n<p><strong>Anal\u00edticas:\n         <\/strong>Recogen informaci\u00f3n sobre el comportamiento de los usuarios durante su navegaci\u00f3n (p\u00e1ginas m\u00e1s visitadas, tiempo de permanencia, etc.) para introducir mejoras en los contenidos y servicios ofrecidos a trav\u00e9s del an\u00e1lisis de dicha informaci\u00f3n (por ejemplo, optimizar los tiempos de respuesta de los espacios m\u00e1s visitados en www.bigtranslation.com ).\n        <\/p>\n\n<p>Si tiene dudas sobre nuestra pol\u00edtica de uso de cookies, puede contactar con nosotros en la siguiente direcci\u00f3n de correo electr\u00f3nico: info@bigtranslation.com\n        <\/p>\n\n<p>Estas cookies se enumeran a continuaci\u00f3n:\n        <\/p>\n\n<ul>\n<li>wp-wpml_current_language\n        <\/li>\n\n\n\n<li>currency\n        <\/li>\n\n\n\n<li>currency-symbol\n        <\/li>\n\n\n\n<li>moove_gdpr_popup\n        <\/li>\n\n\n\n<li>bt_creload\n        <\/li>\n<\/ul>\n\n<p><strong>COOKIES <\/strong><em><strong>DE TERCEROS:<\/strong><\/em> son aquellas de las que son responsables terceros ajenos a BigTranslation Agency S.L por la informaci\u00f3n tratada.\n        <\/p>\n\n<p>A continuaci\u00f3n se detallan los terceros y los fines para los que se utiliza la informaci\u00f3n que tratan:\n        <\/p>\n\n<p><strong>ANAL\u00cdTICAS\n        <\/strong><\/p>\n\n<p>Recopilan informaci\u00f3n sobre el comportamiento de los usuarios durante su navegaci\u00f3n (p\u00e1ginas m\u00e1s visitadas, tiempo de permanencia en el sitio web, etc.) para realizar mejoras en los contenidos y servicios ofrecidos a partir del an\u00e1lisis de dicha informaci\u00f3n (por ejemplo, para mejorar los tiempos de carga y acceso de las p\u00e1ginas m\u00e1s visitadas).\n        <\/p>\n\n<ul>\n<li>Google <a href=\"https:\/\/policies.google.com\/technologies\/cookies?hl=es\"><u>M\u00e1s informaci\u00f3n<\/u><\/a><\/li>\n<\/ul>\n\n<ul>\n<li>Facebook <a href=\"https:\/\/www.facebook.com\/help\/1896641480634370\"><u>M\u00e1s informaci\u00f3n<\/u><\/a><br\/><br\/><\/li>\n\n\n\n<li>Microsoft <a href=\"https:\/\/privacy.microsoft.com\/es-es\/privacystatement\"><u>M\u00e1s informaci\u00f3n<\/u><\/a><\/li>\n<\/ul>\n\n<p><strong>COMPORTAMIENTO\n        <\/strong><\/p>\n\n<p>Almacenan informaci\u00f3n sobre el comportamiento del usuario, obtenida a trav\u00e9s de la observaci\u00f3n de sus h\u00e1bitos de navegaci\u00f3n (por ejemplo, qu\u00e9 p\u00e1ginas visita), para elaborar un perfil espec\u00edfico que permita mostrarle publicidad personalizada en funci\u00f3n de sus gustos e intereses.\n        <\/p>\n\n<ul>\n<li>Google.\n         <a href=\"https:\/\/policies.google.com\/technologies\/cookies?hl=es\"><u>M\u00e1s informaci\u00f3n\n        <\/u><\/a><br\/><br\/><\/li>\n\n\n\n<li>Doubleclick <a href=\"https:\/\/support.google.com\/admanager\/answer\/2839090?hl=es\"><u>M\u00e1s informaci\u00f3n<\/u><\/a><br\/><br\/><\/li>\n\n\n\n<li>Mailjet <a href=\"https:\/\/www.mailjet.com\/es\/legal\/politica-privacidad\/cookies\/\"><u>M\u00e1s informaci\u00f3n<\/u><\/a><br\/><br\/><\/li>\n\n\n\n<li>Hubspot <a href=\"https:\/\/knowledge.hubspot.com\/es\/privacy-and-consent\/what-cookies-does-hubspot-set-in-a-visitor-s-browser\"><u>M\u00e1s informaci\u00f3n<\/u><\/a><\/li>\n<\/ul>\n\n<ul>\n<li>Facebook.\n         <a href=\"https:\/\/www.facebook.com\/help\/1896641480634370\"><u>M\u00e1s informaci\u00f3n\n        <\/u><\/a><\/li>\n<\/ul>\n\n<ul>\n<li>LinkedIn.\n         <a href=\"https:\/\/es.linkedin.com\/legal\/cookie-policy\"><u>M\u00e1s informaci\u00f3n\n        <\/u><\/a><\/li>\n<\/ul>\n\n<ul>\n<li>Onesignal <a href=\"https:\/\/onesignal.com\/privacy_policy\"><u>M\u00e1s informaci\u00f3n<\/u><\/a><\/li>\n<\/ul>\n\n<ul>\n<li>Tapfiliate <a href=\"https:\/\/tapfiliate.com\/privacy\/gdpr\/#cookies\"><u>M\u00e1s informaci\u00f3n<\/u><\/a><br\/><br\/><\/li>\n\n\n\n<li>VWO <a href=\"https:\/\/vwo.com\/compliance\/cookies-notice\/\"><u>M\u00e1s informaci\u00f3n<\/u><\/a><\/li>\n<\/ul>\n\n<p>Tenga en cuenta que, si rechaza las cookies de terceros, no recibir\u00e1 una experiencia de navegaci\u00f3n \u00f3ptima en BigTranslation.\n        <\/p>\n\n<h2 class=\"wp-block-heading\">3. Deshabilitar o eliminar las cookies\n        <\/h2>\n\n<p>Podr\u00e1 configurar su navegador para que no reciba estas cookies y sean rechazadas.\n         En caso contrario, entendemos que contamos con su consentimiento para su instalaci\u00f3n.\n        <\/p>\n\n<p>Puede gestionar sus preferencias sobre el uso de <em>cookies<\/em> en cualquier momento desde la mayor\u00eda de los navegadores.\n         Puede ajustar su navegador para que rechace o elimine las cookies instaladas en el dispositivo.\n         Las cookies se instalan para cada navegador, por lo que deber\u00e1 eliminarlas desde el navegador utilizado para entrar en nuestra web.\n        <\/p>\n\n<p>Aqu\u00ed encontrar\u00e1 informaci\u00f3n sobre c\u00f3mo hacerlo en los principales navegadores:\n        <\/p>\n\n<ul>\n<li><a href=\"https:\/\/support.google.com\/chrome\/answer\/95647?hl=es\"><u>Google Chrome\n        <\/u><\/a><\/li>\n\n\n\n<li><a href=\"https:\/\/support.mozilla.org\/es\/kb\/Borrar%20cookies\"><u>Mozilla Firefox\n        <\/u><\/a><\/li>\n\n\n\n<li><a href=\"https:\/\/support.microsoft.com\/es-es\/help\/17442\/windows-internet-explorer-delete-manage-cookies#ie=ie-10\"><u>Internet Explorer\n        <\/u><\/a><\/li>\n\n\n\n<li><a href=\"https:\/\/support.microsoft.com\/es-es\/windows\/microsoft-edge-datos-de-exploraci%C3%B3n-y-privacidad-bb8174ba-9d73-dcf2-9b4a-c582b4e640dd\"><u>Microsoft Edge\n        <\/u><\/a><\/li>\n\n\n\n<li><a href=\"https:\/\/support.apple.com\/es-es\/HT201265\"><u>Safari\n        <\/u><\/a><\/li>\n\n\n\n<li><a href=\"https:\/\/www.opera.com\/help\/tutorials\/security\/privacy\/\"><u>Opera\n        <\/u><\/a><\/li>\n<\/ul>\n\n<p>Tambi\u00e9n puede retirar su consentimiento para el uso de cookies en su navegador instalando un complemento o a trav\u00e9s de un sistema de exclusi\u00f3n proporcionado por algunos terceros que instalan cookies en nuestro sitio web:\n        <\/p>\n\n<ul>\n<li><a href=\"https:\/\/myaccount.google.com\/data-and-privacy\"><u>Google (personalizaci\u00f3n)<\/u><\/a> (requiere inicio de sesi\u00f3n con Google)\n        <\/li>\n\n\n\n<li><a href=\"https:\/\/myadcenter.google.com\/home?sasb=true&amp;ref=ad-settings\"><u>Google (publicidad)\n        <\/u><\/a><\/li>\n\n\n\n<li><a href=\"https:\/\/www.facebook.com\/settings\/?tab=your_facebook_information\"><u>Facebook<\/u><\/a> (requiere inicio de sesi\u00f3n en Facebook).\n        <\/li>\n<\/ul>\n\n<p>Debe tener en cuenta que algunas caracter\u00edsticas del contenido de <a href=\"https:\/\/www.bigtranslation.com\/es\"><u>www.bigtranslation.com<\/u><\/a> s\u00f3lo est\u00e1n disponibles si permite la instalaci\u00f3n de cookies desde su navegador.\n         Si decide no aceptar o bloquear determinadas cookies, en funci\u00f3n de su finalidad, puede que esto afecte, total o parcialmente, al funcionamiento normal de la p\u00e1gina web o que impida el acceso a algunos de sus servicios, ya que algunas cookies, como se indica en \u00abFinalidades de las cookies y de terceros\/ configuraci\u00f3n y rechazo de cookies\u00bb, tienen estas finalidades.\n        <\/p>\n\n<h2 class=\"wp-block-heading\">4. Informaci\u00f3n sobre c\u00f3mo aceptar, rechazar o retirar el consentimiento\n        <\/h2>\n\n<p>Ponemos a su disposici\u00f3n un sistema de gesti\u00f3n o configuraci\u00f3n de cookies, mediante el cual podr\u00e1 habilitar o deshabilitar las cookies que estime oportunas.\n         No ser\u00e1 posible deshabilitar las cookies necesarias para el funcionamiento del sitio web.\n        <\/p>\n\n<p>De acuerdo con la legislaci\u00f3n vigente, a excepci\u00f3n de las cookies estrictamente necesarias y las cookies de rendimiento\/anal\u00edticas,  <a href=\"https:\/\/www.bigtranslation.com\/es\"><u>www.bigtranslation.com<\/u><\/a> s\u00f3lo utilizar\u00e1 Cookies con el previo y expreso consentimiento del visitante.\n         La entidad responsable del sitio web se compromete a utilizar las Cookies \u00fanicamente para las finalidades mencionadas en la presente pol\u00edtica de cookies.\n        <\/p>\n\n<p>Tenga en cuenta que, en caso de aceptar cookies de terceros, deber\u00e1 poder eliminarlas desde las opciones del navegador o desde el sistema proporcionado por el propio tercero y tal y como hemos indicado en el apartado \u00abDeshabilitar o eliminar cookies\u00bb.\n        <\/p>\n\n<h2 class=\"wp-block-heading\">5. Informaci\u00f3n sobre el tratamiento de datos.\n        <\/h2>\n\n<h3 class=\"wp-block-heading\">a) Responsable del tratamiento\n        <\/h3>\n\n<p>El responsable del tratamiento de los datos es BigTranslation Agency SL\n        <\/p>\n\n<ul>\n<li>BigTranslation Agency SL\n        <\/li>\n\n\n\n<li>CIF: B40532194\n        <\/li>\n\n\n\n<li>Direcci\u00f3n: Avenida Paret del Patriarca 15, 46113 Moncada, Valencia\n        <\/li>\n<\/ul>\n\n<p>Para determinadas actividades de tratamiento, BigTranslation tratar\u00e1 sus datos, decidiendo conjuntamente los objetivos (\u00abpara qu\u00e9 se utilizan los datos\u00bb) y los medios utilizados (\u00abc\u00f3mo se utilizan los datos\u00bb), por lo que es corresponsable del tratamiento.\n        <\/p>\n\n<h3 class=\"wp-block-heading\">b) Base jur\u00eddica del tratamiento\n        <\/h3>\n\n<p>El consentimiento que usted presta para el uso de cookies legitima la utilizaci\u00f3n de las mismas para el tratamiento de sus datos personales.\n        <\/p>\n\n<p>Puede configurar o rechazar el uso de cookies, y por tanto ejercer su derecho a retirar el consentimiento, en \u00abFinalidades de las cookies y terceros\/ configuraci\u00f3n y rechazo de cookies\u00bb.\n         Tambi\u00e9n puede desactivar o eliminar las cookies como se indica en \u00abDesactivaci\u00f3n o eliminaci\u00f3n de cookies\u00bb.\n        <\/p>\n\n<h3 class=\"wp-block-heading\">c) Datos tratados\n        <\/h3>\n\n<p>Si acepta el uso de cookies, trataremos los siguientes datos.\n        <\/p>\n\n<p>En relaci\u00f3n con las cookies propias:\n        <\/p>\n\n<p>Datos de navegaci\u00f3n: datos obtenidos de su navegaci\u00f3n por nuestra web o webs de terceros: historial de navegaci\u00f3n (p\u00e1ginas visitadas y clics en contenidos), ID de dispositivo, ID de publicidad, direcci\u00f3n IP.\n        <\/p>\n\n<p>En relaci\u00f3n con los terceros identificados en \u00abFinalidades de las cookies y terceros \/ configuraci\u00f3n y rechazo de cookies\u00bb, consulte sus respectivas pol\u00edticas, indicadas en este apartado, para conocer los datos o categor\u00edas de datos que tratan.\n        <\/p>\n\n<h3 class=\"wp-block-heading\">d) Elaboraci\u00f3n de perfiles\n        <\/h3>\n\n<p>Si acepta el uso de cookies de publicidad de comportamiento, podremos utilizar los datos que esbozamos en Datos tratados para su elaboraci\u00f3n de perfiles comerciales para ofrecerle productos y servicios que consideremos que pueden ser de su inter\u00e9s.\n         Por ejemplo, si est\u00e1 interesado en nuestros servicios de marketplaces, podremos mostrarle nuestra oferta comercial de conectores.\n        <\/p>\n\n<p>Con respecto a los terceros identificados en \u00abFinalidades de las cookies y terceros\/configuraci\u00f3n y rechazo de cookies\u00bb y que utilizan cookies de publicidad de comportamiento, consulte sus respectivas pol\u00edticas, indicadas en este apartado, para conocer la elaboraci\u00f3n de perfiles que llevan a cabo.\n        <\/p>\n\n<h3 class=\"wp-block-heading\">e) Destinatarios de los datos\n        <\/h3>\n\n<p>BigTranslation podr\u00e1 comunicar los datos recabados a las autoridades y organismos p\u00fablicos, para el cumplimiento de una obligaci\u00f3n legal, as\u00ed como a los proveedores de servicios y terceros necesarios para la gesti\u00f3n e implementaci\u00f3n de las cookies.\n        <\/p>\n\n<p>Con respecto a los terceros identificados en \u00abFinalidades de las cookies y terceros\/ configuraci\u00f3n y rechazo de cookies\u00bb, consulte sus respectivas pol\u00edticas, indicadas en este apartado, para conocer sus destinatarios.\n        <\/p>\n\n<h3 class=\"wp-block-heading\">f) Plazo de conservaci\u00f3n\n        <\/h3>\n\n<p>Los datos obtenidos mediante el uso de cookies aceptadas por el usuario se conservar\u00e1n durante un periodo de 12 meses.\n        <\/p>\n\n<p>Respecto a los terceros identificados en \u00abFinalidades de las cookies y terceros\/ configuraci\u00f3n y rechazo de cookies\u00bb, consulte sus respectivas pol\u00edticas, indicadas en este apartado, para conocer sus plazos de conservaci\u00f3n.\n        <\/p>\n\n<h3 class=\"wp-block-heading\">g) Transferencias a terceros pa\u00edses\n        <\/h3>\n\n<p>En BigTranslation tratamos sus datos dentro del Espacio Econ\u00f3mico Europeo y, en general, contratamos proveedores de servicios que tambi\u00e9n est\u00e1n ubicados dentro del Espacio Econ\u00f3mico Europeo o en pa\u00edses que han sido declarados con niveles de protecci\u00f3n adecuados.\n        <\/p>\n\n<p>En caso de que necesitemos recurrir a proveedores de servicios que realicen tratamientos fuera del Espacio Econ\u00f3mico Europeo o en pa\u00edses que no hayan sido declarados con un nivel de protecci\u00f3n adecuado, nos aseguraremos de que la seguridad y legitimaci\u00f3n del tratamiento de sus datos est\u00e9 garantizada.\n        <\/p>\n\n<p>Para ello, exigimos a estos proveedores de servicios las garant\u00edas adecuadas de acuerdo con lo establecido en el Reglamento General de Protecci\u00f3n de Datos para asegurarnos de que cuentan, por ejemplo, con una normativa corporativa vinculante que garantice la protecci\u00f3n de la informaci\u00f3n de forma similar a lo establecido por la normativa europea o que suscriben cl\u00e1usulas tipo de la Uni\u00f3n Europea.\n        <\/p>\n\n<p>Respecto a los terceros identificados en el apartado \u00abFinalidades de las cookies y terceros\/ configuraci\u00f3n y rechazo de cookies\u00bb, ver sus respectivas pol\u00edticas en este apartado para conocer las transferencias a terceros pa\u00edses que realizan, en su caso.\n        <\/p>\n\n<h3 class=\"wp-block-heading\">h) Informaci\u00f3n adicional sobre el tratamiento de datos\n        <\/h3>\n\n<p>Puede encontrar toda la informaci\u00f3n sobre el tratamiento de sus datos en<a href=\"https:\/\/www.bigtranslation.com\/es\/terms-and-conditions\"><u>https:\/\/www.bigtranslation.com\/terms-and-conditions<\/u><\/a><\/p>\n\n<h3 class=\"wp-block-heading\">i) Revisi\u00f3n de la Pol\u00edtica de Cookies\n        <\/h3>\n\n<p>Revisaremos la Pol\u00edtica de Cookies anualmente, salvo que existan exigencias normativas o de otra \u00edndole que hagan necesario adaptar la Pol\u00edtica en un plazo m\u00e1s breve.\n         Por lo tanto, se aconseja a los usuarios que lean su contenido con regularidad.\n        <\/p>\n\n<p>Cuando se produzcan cambios significativos en esta Pol\u00edtica de Cookies, se informar\u00e1 al usuario a trav\u00e9s de un aviso informativo en el sitio web.\n        <\/p>\n","protected":false},"excerpt":{"rendered":"<p>1. \u00bfQu\u00e9 son las cookies? Nuestra web www.bigtranslation.com , perteneciente a BigTranslation Agency S.L , utiliza cookies y otros archivos con funciones similares (en adelante, \u00abcookies\u00bb) para mejorar la navegaci\u00f3n y obtener datos estad\u00edsticos sobre las visitas obtenidas. Las cookies son peque\u00f1os archivos de texto que se instalan en el dispositivo desde el que se [&hellip;]<\/p>\n","protected":false},"author":7,"featured_media":0,"parent":0,"menu_order":38,"comment_status":"closed","ping_status":"closed","template":"","meta":{"footnotes":""},"yoast_head":"<!-- This site is optimized with the Yoast SEO plugin v21.8.1 - https:\/\/yoast.com\/wordpress\/plugins\/seo\/ -->\n<title>Pol\u00edtica de cookies | BigTranslation<\/title>\n<meta name=\"robots\" content=\"index, follow, max-snippet:-1, max-image-preview:large, max-video-preview:-1\" \/>\n<link rel=\"canonical\" href=\"https:\/\/www.bigtranslation.com\/es\/politica-cookies\" \/>\n<meta property=\"og:locale\" content=\"es_ES\" \/>\n<meta property=\"og:type\" content=\"article\" \/>\n<meta property=\"og:title\" content=\"Pol\u00edtica de cookies | BigTranslation\" \/>\n<meta property=\"og:description\" content=\"1. \u00bfQu\u00e9 son las cookies? Nuestra web www.bigtranslation.com , perteneciente a BigTranslation Agency S.L , utiliza cookies y otros archivos con funciones similares (en adelante, \u00abcookies\u00bb) para mejorar la navegaci\u00f3n y obtener datos estad\u00edsticos sobre las visitas obtenidas. Las cookies son peque\u00f1os archivos de texto que se instalan en el dispositivo desde el que se [&hellip;]\" \/>\n<meta property=\"og:url\" content=\"https:\/\/www.bigtranslation.com\/es\/politica-cookies\" \/>\n<meta property=\"og:site_name\" content=\"BigTranslation\" \/>\n<meta property=\"article:modified_time\" content=\"2024-01-08T11:30:53+00:00\" \/>\n<meta name=\"twitter:card\" content=\"summary_large_image\" \/>\n<meta name=\"twitter:label1\" content=\"Tiempo de lectura\" \/>\n\t<meta name=\"twitter:data1\" content=\"3 minutos\" \/>\n<script type=\"application\/ld+json\" class=\"yoast-schema-graph\">{\"@context\":\"https:\/\/schema.org\",\"@graph\":[{\"@type\":\"WebPage\",\"@id\":\"https:\/\/www.bigtranslation.com\/es\/politica-cookies\",\"url\":\"https:\/\/www.bigtranslation.com\/es\/politica-cookies\",\"name\":\"Pol\u00edtica de cookies | BigTranslation\",\"isPartOf\":{\"@id\":\"https:\/\/www.bigtranslation.com\/es#website\"},\"datePublished\":\"2022-08-22T08:52:02+00:00\",\"dateModified\":\"2024-01-08T11:30:53+00:00\",\"breadcrumb\":{\"@id\":\"https:\/\/www.bigtranslation.com\/es\/politica-cookies#breadcrumb\"},\"inLanguage\":\"es\",\"potentialAction\":[{\"@type\":\"ReadAction\",\"target\":[\"https:\/\/www.bigtranslation.com\/es\/politica-cookies\"]}]},{\"@type\":\"BreadcrumbList\",\"@id\":\"https:\/\/www.bigtranslation.com\/es\/politica-cookies#breadcrumb\",\"itemListElement\":[{\"@type\":\"ListItem\",\"position\":1,\"name\":\"Home\",\"item\":\"https:\/\/www.bigtranslation.com\/es\"},{\"@type\":\"ListItem\",\"position\":2,\"name\":\"Pol\u00edtica de cookies\"}]},{\"@type\":\"WebSite\",\"@id\":\"https:\/\/www.bigtranslation.com\/es#website\",\"url\":\"https:\/\/www.bigtranslation.com\/es\",\"name\":\"BigTranslation\",\"description\":\"Traductores Nativos y Profesionales\",\"potentialAction\":[{\"@type\":\"SearchAction\",\"target\":{\"@type\":\"EntryPoint\",\"urlTemplate\":\"https:\/\/www.bigtranslation.com\/es?s={search_term_string}\"},\"query-input\":\"required name=search_term_string\"}],\"inLanguage\":\"es\"}]}<\/script>\n<!-- \/ Yoast SEO plugin. -->","yoast_head_json":{"title":"Pol\u00edtica de cookies | BigTranslation","robots":{"index":"index","follow":"follow","max-snippet":"max-snippet:-1","max-image-preview":"max-image-preview:large","max-video-preview":"max-video-preview:-1"},"canonical":"https:\/\/www.bigtranslation.com\/es\/politica-cookies","og_locale":"es_ES","og_type":"article","og_title":"Pol\u00edtica de cookies | BigTranslation","og_description":"1. \u00bfQu\u00e9 son las cookies? Nuestra web www.bigtranslation.com , perteneciente a BigTranslation Agency S.L , utiliza cookies y otros archivos con funciones similares (en adelante, \u00abcookies\u00bb) para mejorar la navegaci\u00f3n y obtener datos estad\u00edsticos sobre las visitas obtenidas. Las cookies son peque\u00f1os archivos de texto que se instalan en el dispositivo desde el que se [&hellip;]","og_url":"https:\/\/www.bigtranslation.com\/es\/politica-cookies","og_site_name":"BigTranslation","article_modified_time":"2024-01-08T11:30:53+00:00","twitter_card":"summary_large_image","twitter_misc":{"Tiempo de lectura":"3 minutos"},"schema":{"@context":"https:\/\/schema.org","@graph":[{"@type":"WebPage","@id":"https:\/\/www.bigtranslation.com\/es\/politica-cookies","url":"https:\/\/www.bigtranslation.com\/es\/politica-cookies","name":"Pol\u00edtica de cookies | BigTranslation","isPartOf":{"@id":"https:\/\/www.bigtranslation.com\/es#website"},"datePublished":"2022-08-22T08:52:02+00:00","dateModified":"2024-01-08T11:30:53+00:00","breadcrumb":{"@id":"https:\/\/www.bigtranslation.com\/es\/politica-cookies#breadcrumb"},"inLanguage":"es","potentialAction":[{"@type":"ReadAction","target":["https:\/\/www.bigtranslation.com\/es\/politica-cookies"]}]},{"@type":"BreadcrumbList","@id":"https:\/\/www.bigtranslation.com\/es\/politica-cookies#breadcrumb","itemListElement":[{"@type":"ListItem","position":1,"name":"Home","item":"https:\/\/www.bigtranslation.com\/es"},{"@type":"ListItem","position":2,"name":"Pol\u00edtica de cookies"}]},{"@type":"WebSite","@id":"https:\/\/www.bigtranslation.com\/es#website","url":"https:\/\/www.bigtranslation.com\/es","name":"BigTranslation","description":"Traductores Nativos y Profesionales","potentialAction":[{"@type":"SearchAction","target":{"@type":"EntryPoint","urlTemplate":"https:\/\/www.bigtranslation.com\/es?s={search_term_string}"},"query-input":"required name=search_term_string"}],"inLanguage":"es"}]}},"acf":[],"amp_enabled":true,"_links":{"self":[{"href":"https:\/\/www.bigtranslation.com\/es\/wp-json\/wp\/v2\/pages\/12654"}],"collection":[{"href":"https:\/\/www.bigtranslation.com\/es\/wp-json\/wp\/v2\/pages"}],"about":[{"href":"https:\/\/www.bigtranslation.com\/es\/wp-json\/wp\/v2\/types\/page"}],"author":[{"embeddable":true,"href":"https:\/\/www.bigtranslation.com\/es\/wp-json\/wp\/v2\/users\/7"}],"replies":[{"embeddable":true,"href":"https:\/\/www.bigtranslation.com\/es\/wp-json\/wp\/v2\/comments?post=12654"}],"version-history":[{"count":8,"href":"https:\/\/www.bigtranslation.com\/es\/wp-json\/wp\/v2\/pages\/12654\/revisions"}],"predecessor-version":[{"id":18055,"href":"https:\/\/www.bigtranslation.com\/es\/wp-json\/wp\/v2\/pages\/12654\/revisions\/18055"}],"wp:attachment":[{"href":"https:\/\/www.bigtranslation.com\/es\/wp-json\/wp\/v2\/media?parent=12654"}],"curies":[{"name":"wp","href":"https:\/\/api.w.org\/{rel}","templated":true}]}}