{"id":18302,"date":"2026-02-17T11:59:15","date_gmt":"2026-02-17T11:59:15","guid":{"rendered":"https:\/\/www.bigtranslation.com\/?page_id=18302"},"modified":"2026-02-17T11:59:17","modified_gmt":"2026-02-17T11:59:17","slug":"politica-privacidad","status":"publish","type":"page","link":"https:\/\/www.bigtranslation.com\/es\/politica-privacidad","title":{"rendered":"Pol\u00edtica\u00a0de\u00a0Privacidad"},"content":{"rendered":"\n<p><strong>1. INFORMACI\u00d3N CORPORATIVA<\/strong>&nbsp;<\/p>\n\n\n\n<p>En cumplimiento de la Ley 34\/2002, de 11 de julio, de servicios de la sociedad de la informaci\u00f3n y de comercio electr\u00f3nico y de acuerdo con la exigencia del art\u00edculo 10 de la mencionada Ley,\u00a0<strong>BigTranslation<\/strong>\u00a0notifica los siguientes datos: el titular de la web\u00a0<a href=\"https:\/\/www.bigtranslation.com\/\" target=\"_blank\" rel=\"noreferrer noopener\">www.bigtranslation.com<\/a>\u00a0es Big\u00a0Translation\u00a0Agency S.L.\u00a0con NIF\/CIF:\u00a0B40532194\u00a0y\u00a0domicilio social\u00a0en\u00a0Avenida\u00a0Paret\u00a0del Patriarca 15,\u00a0C\u00f3digo Postal:\u00a046113. Localidad:\u00a0Moncada.\u00a0Provincia: Valencia. La direcci\u00f3n de correo electr\u00f3nico de contacto con la empresa es:\u00a0info@bigtranslation.com\u00a0<\/p>\n\n\n\n<p><strong>2. PROTECCI\u00d3N DE DATOS PERSONALES<\/strong>&nbsp;<\/p>\n\n\n\n<p><strong>BigTranslation\u00a0<\/strong>reconoce la importancia de proteger la privacidad y derechos de sus usuarios y garantiza el correcto tratamiento de sus datos respetando al m\u00e1ximo la legislaci\u00f3n vigente.\u00a0<br>\u00a0<br>A trav\u00e9s de\u00a0<strong>bigtranslation.com, BigTranslation<\/strong>\u00a0proporciona informaci\u00f3n sobre sus\u00a0servicios, y ofrece la posibilidad de su\u00a0contrataci\u00f3n. Debido\u00a0a\u00a0la finalidad de\u00a0bigtranslation.com, las personas que quieran\u00a0contratar\u00a0los\u00a0servicios de BigTranslation\u00a0o colaborar con BigTranslation,\u00a0deben contar con\u00a0una cuenta en la plataforma de\u00a0BigTranslation, la cual se adquiere completando el formulario de\u00a0<strong>REGISTRO<\/strong>.\u00a0<br>\u00a0<br>Por la mera visita a\u00a0<strong>bigtranslation.com<\/strong>,\u00a0los usuarios no facilitan informaci\u00f3n personal ni est\u00e1n obligados a facilitarla.\u00a0<br>\u00a0<br>Los usuarios se comprometen a navegar y a utilizar el contenido de\u00a0<strong>bigtranslation.com\u00a0<\/strong>de buena fe.\u00a0<br>\u00a0<br>En cumplimiento de lo establecido en el\u00a0<strong>Reglamento General de Protecci\u00f3n de Datos-UE-2016\/679, aprobado por el Parlamento y Consejo de Europa de 27 de abril de 2016<\/strong>\u00a0le informamos de que la cumplimentaci\u00f3n de cualquier formulario existente en\u00a0<strong>bigtranslation.com<\/strong>, o la remisi\u00f3n de un correo electr\u00f3nico a cualquiera de los buzones de\u00a0BigTranslation\u00a0implica la aceptaci\u00f3n de su pol\u00edtica de privacidad, as\u00ed como la autorizaci\u00f3n a\u00a0<strong>BigTranslation<\/strong>\u00a0para que trate los datos personales que el usuario facilite, que ser\u00e1n incorporados al fichero, titularidad del Responsable del Tratamiento, inscrito en la Agencia Espa\u00f1ola de Protecci\u00f3n de Datos (AEPD).\u00a0<br>\u00a0<br>Los datos de los usuarios ser\u00e1n utilizados para el env\u00edo a trav\u00e9s de correo electr\u00f3nico de notificaciones informativas que realice\u00a0<strong>BigTranslation<\/strong>, as\u00ed como informaci\u00f3n sobre\u00a0el estado y\u00a0la entrega de las\u00a0traducciones\u00a0del usuario.\u00a0<br>\u00a0<br><strong>BigTranslation<\/strong>\u00a0se compromete a guardar la m\u00e1xima reserva y confidencialidad sobre la informaci\u00f3n que le sea facilitada y a utilizarla \u00fanicamente para los fines indicados.\u00a0<br>\u00a0<br>BigTranslation\u00a0presume que los datos han sido introducidos por su titular o por persona autorizada por \u00e9ste, as\u00ed como que son correctos y exactos.\u00a0<br>\u00a0<br>Estos datos ser\u00e1n introducidos en un fichero automatizado bajo la responsabilidad de\u00a0<strong>BigTranslation<\/strong>,\u00a0con la finalidad de poder facilitar, agilizar y cumplir los compromisos establecidos entre ambas partes. Asimismo,\u00a0<strong>BigTranslation<\/strong>\u00a0informa de la posibilidad de ejercer los derechos de\u00a0<strong>acceso<\/strong>, que permite al usuario conocer qu\u00e9 datos personales tiene\u00a0BigTranslation\u00a0y en tal caso recibir respuesta en un plazo de 30 d\u00edas, siempre que conserve los datos;\u00a0<strong>rectificaci\u00f3n<\/strong>, que permite corregir errores, modificar los datos que sean inexactos o incompletos y garantizar la certeza de la informaci\u00f3n;\u00a0<strong>oposici\u00f3n<\/strong>, que podr\u00e1 solicitar y conseguir que no lleve a cabo el tratamiento de datos;\u00a0<strong>supresi\u00f3n<\/strong>, que permite que se supriman los datos inadecuados o excesivos;\u00a0<strong>limitaci\u00f3n<\/strong>, por el que puede solicitar que se limite el tratamiento de sus datos cuando haya ejercido su derecho a la rectificaci\u00f3n de sus datos personales; y\u00a0<strong>portabilidad<\/strong>, para que el usuario pueda obtener una copia de los datos personales que haya facilitado en la web a fin de poder transmitirlos a otros servicios. Estos derechos se podr\u00e1n ejercer\u00a0contactando a\u00a0info@bigtranslation.com,\u00a0aportando fotocopia del DNI o documentaci\u00f3n alternativa que acredite su identidad.\u00a0<br>\u00a0<br>Mientras el usuario no comunique lo contrario,\u00a0<strong>BigTranslation<\/strong>\u00a0entender\u00e1 que los datos del usuario no han sido modificados, que \u00e9ste se compromete a notificar cualquier variaci\u00f3n y que da consentimiento a\u00a0<strong>BigTranslation<\/strong>\u00a0para utilizarlos a fin de poder fidelizar la relaci\u00f3n entre las partes.\u00a0<br>\u00a0<br>El env\u00edo de los datos del usuario mediante los formularios de\u00a0<strong>bigtranslation.com\u00a0<\/strong>estar\u00e1 supeditado obligatoriamente a que haya le\u00eddo\/aceptado las Condiciones generales y de privacidad.\u00a0<br>\u00a0<br>De acuerdo con lo establecido en la Ley 34\/2002, de Servicios de la Sociedad de la Informaci\u00f3n y el Comercio Electr\u00f3nico en su art\u00edculo 21,\u00a0BigTranslation\u00a0pide consentimiento para poder realizar comunicaciones publicitarias que considere que puedan ser de inter\u00e9s de sus usuarios, por correo electr\u00f3nico o por cualquier otro medio de comunicaci\u00f3n electr\u00f3nica equivalente mediante el\u00a0check\u00a0box de aceptaci\u00f3n de las condiciones Generales y de privacidad.\u00a0Este consentimiento lo puede modificar el usuario en cualquier\u00a0momento\u00a0poni\u00e9ndose\u00a0en contacto con\u00a0info@bigtranslation.com.<br>\u00a0<br>Por lo tanto, el\u00a0<strong>usuario<\/strong>\u00a0es responsable de la veracidad de los datos y\u00a0BigTranslation\u00a0no ser\u00e1 responsable de la inexactitud de los datos personales de sus usuarios. De acuerdo con la legislaci\u00f3n vigente en materia de protecci\u00f3n de datos,\u00a0BigTranslation\u00a0ha adoptado los niveles de seguridad adecuados a los datos facilitados por sus usuarios y, adem\u00e1s, ha instalado todos los medios y medidas a su alcance para evitar la p\u00e9rdida, mal uso, alteraci\u00f3n, acceso no autorizado y extracci\u00f3n de\u00a0los mismos.\u00a0<br>\u00a0<br><strong>BigTranslation<\/strong>\u00a0informa a los usuarios de\u00a0<strong>bigtranslation.com\u00a0<\/strong>que est\u00e1 obligado a guardar secreto\u00a0profesional sobre los datos personales recabados por la empresa mediante los formularios sitos en sus p\u00e1ginas. Esta obligaci\u00f3n continuar\u00e1 incluso despu\u00e9s de haber finalizado la relaci\u00f3n comercial o contractual entre ambas partes, y en ning\u00fan caso podr\u00e1\u00a0BigTranslation\u00a0hacer p\u00fablicos los datos personales de sus usuarios sin su consentimiento.\u00a0<strong>Los menores de 13 a\u00f1os no pueden prestar su consentimiento para que un comercio recoja y trate sus datos personales y por tanto se proh\u00edbe expresamente el registro en\u00a0bigtanslation.com\u00a0a menores de 13 a\u00f1os.<\/strong>\u00a0<br>\u00a0<\/p>\n\n\n\n<p><strong>3. SEGURIDAD<\/strong>\u00a0<\/p>\n\n\n\n<p><strong>BigTranslation<\/strong>\u00a0tiene las m\u00e1ximas medidas de seguridad comercialmente disponibles en el sector. Adem\u00e1s, el proceso de pago funciona sobre un servidor seguro utilizando el protocolo SSL. El servidor seguro establece una conexi\u00f3n de modo que la informaci\u00f3n se transmite cifrada mediante algoritmos de 128 bits, que aseguran que s\u00f3lo sea inteligible y comprensible por el ordenador del usuario, y el de\u00a0<strong>bigtranslation.com<\/strong>, de esta forma, al utilizar el protocolo SSL se garantiza:\u00a0<br>\u00a0<br>1. Que el\u00a0<strong>usuario<\/strong>\u00a0est\u00e1 comunicando sus datos al centro servidor de\u00a0BigTranslation\u00a0y no a cualquier otro que intentara hacerse pasar por \u00e9ste.\u00a0<br>\u00a0<br>2. Que entre el\u00a0<strong>usuario<\/strong>\u00a0y el centro servidor de\u00a0BigTranslation\u00a0los datos se transmiten cifrados, evitando su posible lectura o manipulaci\u00f3n por terceros.\u00a0<br>\u00a0<br>\u00a0<br><strong>4. POL\u00cdTICA DE ENLACES Y EXENCIONES DE RESPONSABILIDAD<\/strong>\u00a0<\/p>\n\n\n\n<p><strong>BigTranslation<\/strong>&nbsp;no se hace responsable del contenido de las p\u00e1ginas web a las que pueda acceder el usuario a trav\u00e9s de los enlaces establecidos en sus sitios web y declara que en ning\u00fan caso examinar\u00e1 ni ejercitar\u00e1 ning\u00fan tipo de control sobre el contenido de otras p\u00e1ginas de la red.&nbsp;<br>&nbsp;<br>Asimismo, tampoco garantiza la disponibilidad t\u00e9cnica, exactitud, veracidad, validez o legalidad de p\u00e1ginas ajenas a su propiedad a las que se pueda acceder a trav\u00e9s de los enlaces.&nbsp;<br>&nbsp;<br><strong>BigTranslation<\/strong>&nbsp;declara que ha adoptado todas las medidas necesarias para evitar cualquier da\u00f1o que pueda derivarse de la navegaci\u00f3n por&nbsp;<strong>bigtranslation.com<\/strong>.&nbsp;En consecuencia,&nbsp;<strong>BigTranslation<\/strong>&nbsp;no se hace responsable, en ning\u00fan caso, de los eventuales da\u00f1os que pueda sufrir el usuario a causa de la navegaci\u00f3n por Internet.&nbsp;<br>&nbsp;<br><strong>BigTranslation&nbsp;<\/strong>no se responsabiliza de los da\u00f1os o perjuicios de cualquier tipo producidos en el usuario que traigan causa de fallos o desconexiones en las redes de telecomunicaciones que produzcan la suspensi\u00f3n, cancelaci\u00f3n, instalaci\u00f3n o interrupci\u00f3n del servicio de la web durante la prestaci\u00f3n&nbsp;del mismo&nbsp;o con car\u00e1cter previo.&nbsp;<br>&nbsp;<br>El acceso a&nbsp;<strong>bigtranslation.com&nbsp;<\/strong>no implica la obligaci\u00f3n por parte de la empresa de controlar la ausencia de virus o cualquier otro elemento inform\u00e1tico da\u00f1ino. Corresponde al Usuario, en todo caso, la disponibilidad de herramientas adecuadas para la detecci\u00f3n y desinfecci\u00f3n de programas inform\u00e1ticos da\u00f1inos.&nbsp;<br>&nbsp;<br><strong>BigTranslation<\/strong>&nbsp;no se responsabiliza de los da\u00f1os producidos en los equipos inform\u00e1ticos, documentos y\/o ficheros de los Usuarios o de terceros durante la prestaci\u00f3n del servicio en&nbsp;la plataforma.&nbsp;<\/p>\n","protected":false},"excerpt":{"rendered":"<p>1. INFORMACI\u00d3N CORPORATIVA&nbsp; En cumplimiento de la Ley 34\/2002, de 11 de julio, de servicios de la sociedad de la informaci\u00f3n y de comercio electr\u00f3nico y de acuerdo con la exigencia del art\u00edculo 10 de la mencionada Ley,\u00a0BigTranslation\u00a0notifica los siguientes datos: el titular de la web\u00a0www.bigtranslation.com\u00a0es Big\u00a0Translation\u00a0Agency S.L.\u00a0con NIF\/CIF:\u00a0B40532194\u00a0y\u00a0domicilio social\u00a0en\u00a0Avenida\u00a0Paret\u00a0del Patriarca 15,\u00a0C\u00f3digo Postal:\u00a046113. Localidad:\u00a0Moncada.\u00a0Provincia: Valencia. [&hellip;]<\/p>\n","protected":false},"author":1,"featured_media":0,"parent":0,"menu_order":0,"comment_status":"closed","ping_status":"closed","template":"","meta":{"footnotes":""},"yoast_head":"<!-- This site is optimized with the Yoast SEO plugin v21.8.1 - https:\/\/yoast.com\/wordpress\/plugins\/seo\/ -->\n<title>Pol\u00edtica\u00a0de\u00a0Privacidad | BigTranslation<\/title>\n<meta name=\"description\" content=\"Pol\u00edtica de privacidad\" \/>\n<meta name=\"robots\" content=\"index, follow, max-snippet:-1, max-image-preview:large, max-video-preview:-1\" \/>\n<link rel=\"canonical\" href=\"https:\/\/www.bigtranslation.com\/es\/politica-privacidad\" \/>\n<meta property=\"og:locale\" content=\"es_ES\" \/>\n<meta property=\"og:type\" content=\"article\" \/>\n<meta property=\"og:title\" content=\"Pol\u00edtica\u00a0de\u00a0Privacidad | BigTranslation\" \/>\n<meta property=\"og:description\" content=\"Pol\u00edtica de privacidad\" \/>\n<meta property=\"og:url\" content=\"https:\/\/www.bigtranslation.com\/es\/politica-privacidad\" \/>\n<meta property=\"og:site_name\" content=\"BigTranslation\" \/>\n<meta property=\"article:modified_time\" content=\"2026-02-17T11:59:17+00:00\" \/>\n<meta name=\"twitter:card\" content=\"summary_large_image\" \/>\n<meta name=\"twitter:label1\" content=\"Tiempo de lectura\" \/>\n\t<meta name=\"twitter:data1\" content=\"7 minutos\" \/>\n<script type=\"application\/ld+json\" class=\"yoast-schema-graph\">{\"@context\":\"https:\/\/schema.org\",\"@graph\":[{\"@type\":\"WebPage\",\"@id\":\"https:\/\/www.bigtranslation.com\/es\/politica-privacidad\",\"url\":\"https:\/\/www.bigtranslation.com\/es\/politica-privacidad\",\"name\":\"Pol\u00edtica\u00a0de\u00a0Privacidad | BigTranslation\",\"isPartOf\":{\"@id\":\"https:\/\/www.bigtranslation.com\/es#website\"},\"datePublished\":\"2026-02-17T11:59:15+00:00\",\"dateModified\":\"2026-02-17T11:59:17+00:00\",\"description\":\"Pol\u00edtica de privacidad\",\"breadcrumb\":{\"@id\":\"https:\/\/www.bigtranslation.com\/es\/politica-privacidad#breadcrumb\"},\"inLanguage\":\"es\",\"potentialAction\":[{\"@type\":\"ReadAction\",\"target\":[\"https:\/\/www.bigtranslation.com\/es\/politica-privacidad\"]}]},{\"@type\":\"BreadcrumbList\",\"@id\":\"https:\/\/www.bigtranslation.com\/es\/politica-privacidad#breadcrumb\",\"itemListElement\":[{\"@type\":\"ListItem\",\"position\":1,\"name\":\"Home\",\"item\":\"https:\/\/www.bigtranslation.com\/es\"},{\"@type\":\"ListItem\",\"position\":2,\"name\":\"Pol\u00edtica\u00a0de\u00a0Privacidad\"}]},{\"@type\":\"WebSite\",\"@id\":\"https:\/\/www.bigtranslation.com\/es#website\",\"url\":\"https:\/\/www.bigtranslation.com\/es\",\"name\":\"BigTranslation\",\"description\":\"Traductores Nativos y Profesionales\",\"potentialAction\":[{\"@type\":\"SearchAction\",\"target\":{\"@type\":\"EntryPoint\",\"urlTemplate\":\"https:\/\/www.bigtranslation.com\/es?s={search_term_string}\"},\"query-input\":\"required name=search_term_string\"}],\"inLanguage\":\"es\"}]}<\/script>\n<!-- \/ Yoast SEO plugin. -->","yoast_head_json":{"title":"Pol\u00edtica\u00a0de\u00a0Privacidad | BigTranslation","description":"Pol\u00edtica de privacidad","robots":{"index":"index","follow":"follow","max-snippet":"max-snippet:-1","max-image-preview":"max-image-preview:large","max-video-preview":"max-video-preview:-1"},"canonical":"https:\/\/www.bigtranslation.com\/es\/politica-privacidad","og_locale":"es_ES","og_type":"article","og_title":"Pol\u00edtica\u00a0de\u00a0Privacidad | BigTranslation","og_description":"Pol\u00edtica de privacidad","og_url":"https:\/\/www.bigtranslation.com\/es\/politica-privacidad","og_site_name":"BigTranslation","article_modified_time":"2026-02-17T11:59:17+00:00","twitter_card":"summary_large_image","twitter_misc":{"Tiempo de lectura":"7 minutos"},"schema":{"@context":"https:\/\/schema.org","@graph":[{"@type":"WebPage","@id":"https:\/\/www.bigtranslation.com\/es\/politica-privacidad","url":"https:\/\/www.bigtranslation.com\/es\/politica-privacidad","name":"Pol\u00edtica\u00a0de\u00a0Privacidad | BigTranslation","isPartOf":{"@id":"https:\/\/www.bigtranslation.com\/es#website"},"datePublished":"2026-02-17T11:59:15+00:00","dateModified":"2026-02-17T11:59:17+00:00","description":"Pol\u00edtica de privacidad","breadcrumb":{"@id":"https:\/\/www.bigtranslation.com\/es\/politica-privacidad#breadcrumb"},"inLanguage":"es","potentialAction":[{"@type":"ReadAction","target":["https:\/\/www.bigtranslation.com\/es\/politica-privacidad"]}]},{"@type":"BreadcrumbList","@id":"https:\/\/www.bigtranslation.com\/es\/politica-privacidad#breadcrumb","itemListElement":[{"@type":"ListItem","position":1,"name":"Home","item":"https:\/\/www.bigtranslation.com\/es"},{"@type":"ListItem","position":2,"name":"Pol\u00edtica\u00a0de\u00a0Privacidad"}]},{"@type":"WebSite","@id":"https:\/\/www.bigtranslation.com\/es#website","url":"https:\/\/www.bigtranslation.com\/es","name":"BigTranslation","description":"Traductores Nativos y Profesionales","potentialAction":[{"@type":"SearchAction","target":{"@type":"EntryPoint","urlTemplate":"https:\/\/www.bigtranslation.com\/es?s={search_term_string}"},"query-input":"required name=search_term_string"}],"inLanguage":"es"}]}},"acf":[],"amp_enabled":true,"_links":{"self":[{"href":"https:\/\/www.bigtranslation.com\/es\/wp-json\/wp\/v2\/pages\/18302"}],"collection":[{"href":"https:\/\/www.bigtranslation.com\/es\/wp-json\/wp\/v2\/pages"}],"about":[{"href":"https:\/\/www.bigtranslation.com\/es\/wp-json\/wp\/v2\/types\/page"}],"author":[{"embeddable":true,"href":"https:\/\/www.bigtranslation.com\/es\/wp-json\/wp\/v2\/users\/1"}],"replies":[{"embeddable":true,"href":"https:\/\/www.bigtranslation.com\/es\/wp-json\/wp\/v2\/comments?post=18302"}],"version-history":[{"count":4,"href":"https:\/\/www.bigtranslation.com\/es\/wp-json\/wp\/v2\/pages\/18302\/revisions"}],"predecessor-version":[{"id":18489,"href":"https:\/\/www.bigtranslation.com\/es\/wp-json\/wp\/v2\/pages\/18302\/revisions\/18489"}],"wp:attachment":[{"href":"https:\/\/www.bigtranslation.com\/es\/wp-json\/wp\/v2\/media?parent=18302"}],"curies":[{"name":"wp","href":"https:\/\/api.w.org\/{rel}","templated":true}]}}