{"id":741,"date":"2021-07-30T08:00:09","date_gmt":"2021-07-30T08:00:09","guid":{"rendered":"https:\/\/www.bigtranslation.com\/servicios-de-traduccion\/"},"modified":"2022-01-03T12:23:06","modified_gmt":"2022-01-03T12:23:06","slug":"servicios-de-traduccion","status":"publish","type":"page","link":"https:\/\/www.bigtranslation.com\/es\/servicios-de-traduccion","title":{"rendered":"Servicios de Traducci\u00f3n"},"content":{"rendered":"","protected":false},"excerpt":{"rendered":"","protected":false},"author":1,"featured_media":0,"parent":0,"menu_order":1,"comment_status":"closed","ping_status":"closed","template":"page-templates\/template-translation-services.php","meta":{"footnotes":""},"yoast_head":"<!-- This site is optimized with the Yoast SEO plugin v21.8.1 - https:\/\/yoast.com\/wordpress\/plugins\/seo\/ -->\n<title>Servicios de Traducci\u00f3n para tu Negocio, al Mejor Precio | BigTranslation<\/title>\n<meta name=\"description\" content=\"Todos los servicios de traducci\u00f3n a tu alcance: traducciones profesionales, proofreading, transcripciones y m\u00e1s. \u00a1Inf\u00f3rmate!\" \/>\n<meta name=\"robots\" content=\"index, follow, max-snippet:-1, max-image-preview:large, max-video-preview:-1\" \/>\n<link rel=\"canonical\" href=\"https:\/\/www.bigtranslation.com\/es\/servicios-de-traduccion\" \/>\n<meta property=\"og:locale\" content=\"es_ES\" \/>\n<meta property=\"og:type\" content=\"article\" \/>\n<meta property=\"og:title\" content=\"Servicios de Traducci\u00f3n para tu Negocio, al Mejor Precio | BigTranslation\" \/>\n<meta property=\"og:description\" content=\"Todos los servicios de traducci\u00f3n a tu alcance: traducciones profesionales, proofreading, transcripciones y m\u00e1s. \u00a1Inf\u00f3rmate!\" \/>\n<meta property=\"og:url\" content=\"https:\/\/www.bigtranslation.com\/es\/servicios-de-traduccion\" \/>\n<meta property=\"og:site_name\" content=\"BigTranslation\" \/>\n<meta property=\"article:modified_time\" content=\"2022-01-03T12:23:06+00:00\" \/>\n<meta name=\"twitter:card\" content=\"summary_large_image\" \/>\n<script type=\"application\/ld+json\" class=\"yoast-schema-graph\">{\"@context\":\"https:\/\/schema.org\",\"@graph\":[{\"@type\":\"WebPage\",\"@id\":\"https:\/\/www.bigtranslation.com\/es\/servicios-de-traduccion\",\"url\":\"https:\/\/www.bigtranslation.com\/es\/servicios-de-traduccion\",\"name\":\"Servicios de Traducci\u00f3n para tu Negocio, al Mejor Precio | BigTranslation\",\"isPartOf\":{\"@id\":\"https:\/\/www.bigtranslation.com\/es#website\"},\"datePublished\":\"2021-07-30T08:00:09+00:00\",\"dateModified\":\"2022-01-03T12:23:06+00:00\",\"description\":\"Todos los servicios de traducci\u00f3n a tu alcance: traducciones profesionales, proofreading, transcripciones y m\u00e1s. \u00a1Inf\u00f3rmate!\",\"breadcrumb\":{\"@id\":\"https:\/\/www.bigtranslation.com\/es\/servicios-de-traduccion#breadcrumb\"},\"inLanguage\":\"es\",\"potentialAction\":[{\"@type\":\"ReadAction\",\"target\":[\"https:\/\/www.bigtranslation.com\/es\/servicios-de-traduccion\"]}]},{\"@type\":\"BreadcrumbList\",\"@id\":\"https:\/\/www.bigtranslation.com\/es\/servicios-de-traduccion#breadcrumb\",\"itemListElement\":[{\"@type\":\"ListItem\",\"position\":1,\"name\":\"Home\",\"item\":\"https:\/\/www.bigtranslation.com\/es\"},{\"@type\":\"ListItem\",\"position\":2,\"name\":\"Servicios de Traducci\u00f3n\"}]},{\"@type\":\"WebSite\",\"@id\":\"https:\/\/www.bigtranslation.com\/es#website\",\"url\":\"https:\/\/www.bigtranslation.com\/es\",\"name\":\"BigTranslation\",\"description\":\"Traductores Nativos y Profesionales\",\"potentialAction\":[{\"@type\":\"SearchAction\",\"target\":{\"@type\":\"EntryPoint\",\"urlTemplate\":\"https:\/\/www.bigtranslation.com\/es?s={search_term_string}\"},\"query-input\":\"required name=search_term_string\"}],\"inLanguage\":\"es\"}]}<\/script>\n<!-- \/ Yoast SEO plugin. -->","yoast_head_json":{"title":"Servicios de Traducci\u00f3n para tu Negocio, al Mejor Precio | BigTranslation","description":"Todos los servicios de traducci\u00f3n a tu alcance: traducciones profesionales, proofreading, transcripciones y m\u00e1s. \u00a1Inf\u00f3rmate!","robots":{"index":"index","follow":"follow","max-snippet":"max-snippet:-1","max-image-preview":"max-image-preview:large","max-video-preview":"max-video-preview:-1"},"canonical":"https:\/\/www.bigtranslation.com\/es\/servicios-de-traduccion","og_locale":"es_ES","og_type":"article","og_title":"Servicios de Traducci\u00f3n para tu Negocio, al Mejor Precio | BigTranslation","og_description":"Todos los servicios de traducci\u00f3n a tu alcance: traducciones profesionales, proofreading, transcripciones y m\u00e1s. \u00a1Inf\u00f3rmate!","og_url":"https:\/\/www.bigtranslation.com\/es\/servicios-de-traduccion","og_site_name":"BigTranslation","article_modified_time":"2022-01-03T12:23:06+00:00","twitter_card":"summary_large_image","schema":{"@context":"https:\/\/schema.org","@graph":[{"@type":"WebPage","@id":"https:\/\/www.bigtranslation.com\/es\/servicios-de-traduccion","url":"https:\/\/www.bigtranslation.com\/es\/servicios-de-traduccion","name":"Servicios de Traducci\u00f3n para tu Negocio, al Mejor Precio | BigTranslation","isPartOf":{"@id":"https:\/\/www.bigtranslation.com\/es#website"},"datePublished":"2021-07-30T08:00:09+00:00","dateModified":"2022-01-03T12:23:06+00:00","description":"Todos los servicios de traducci\u00f3n a tu alcance: traducciones profesionales, proofreading, transcripciones y m\u00e1s. \u00a1Inf\u00f3rmate!","breadcrumb":{"@id":"https:\/\/www.bigtranslation.com\/es\/servicios-de-traduccion#breadcrumb"},"inLanguage":"es","potentialAction":[{"@type":"ReadAction","target":["https:\/\/www.bigtranslation.com\/es\/servicios-de-traduccion"]}]},{"@type":"BreadcrumbList","@id":"https:\/\/www.bigtranslation.com\/es\/servicios-de-traduccion#breadcrumb","itemListElement":[{"@type":"ListItem","position":1,"name":"Home","item":"https:\/\/www.bigtranslation.com\/es"},{"@type":"ListItem","position":2,"name":"Servicios de Traducci\u00f3n"}]},{"@type":"WebSite","@id":"https:\/\/www.bigtranslation.com\/es#website","url":"https:\/\/www.bigtranslation.com\/es","name":"BigTranslation","description":"Traductores Nativos y Profesionales","potentialAction":[{"@type":"SearchAction","target":{"@type":"EntryPoint","urlTemplate":"https:\/\/www.bigtranslation.com\/es?s={search_term_string}"},"query-input":"required name=search_term_string"}],"inLanguage":"es"}]}},"acf":[],"amp_enabled":true,"_links":{"self":[{"href":"https:\/\/www.bigtranslation.com\/es\/wp-json\/wp\/v2\/pages\/741"}],"collection":[{"href":"https:\/\/www.bigtranslation.com\/es\/wp-json\/wp\/v2\/pages"}],"about":[{"href":"https:\/\/www.bigtranslation.com\/es\/wp-json\/wp\/v2\/types\/page"}],"author":[{"embeddable":true,"href":"https:\/\/www.bigtranslation.com\/es\/wp-json\/wp\/v2\/users\/1"}],"replies":[{"embeddable":true,"href":"https:\/\/www.bigtranslation.com\/es\/wp-json\/wp\/v2\/comments?post=741"}],"version-history":[{"count":2,"href":"https:\/\/www.bigtranslation.com\/es\/wp-json\/wp\/v2\/pages\/741\/revisions"}],"predecessor-version":[{"id":747,"href":"https:\/\/www.bigtranslation.com\/es\/wp-json\/wp\/v2\/pages\/741\/revisions\/747"}],"wp:attachment":[{"href":"https:\/\/www.bigtranslation.com\/es\/wp-json\/wp\/v2\/media?parent=741"}],"curies":[{"name":"wp","href":"https:\/\/api.w.org\/{rel}","templated":true}]}}