{"id":750,"date":"2021-07-30T11:22:02","date_gmt":"2021-07-30T11:22:02","guid":{"rendered":"https:\/\/www.bigtranslation.com\/?page_id=750"},"modified":"2021-07-30T11:22:02","modified_gmt":"2021-07-30T11:22:02","slug":"proofreading","status":"publish","type":"page","link":"https:\/\/www.bigtranslation.com\/es\/proofreading","title":{"rendered":"Proofreading"},"content":{"rendered":"","protected":false},"excerpt":{"rendered":"","protected":false},"author":1,"featured_media":0,"parent":0,"menu_order":4,"comment_status":"closed","ping_status":"closed","template":"page-templates\/template-proofreading.php","meta":{"footnotes":""},"yoast_head":"<!-- This site is optimized with the Yoast SEO plugin v21.8.1 - https:\/\/yoast.com\/wordpress\/plugins\/seo\/ -->\n<title>Proofreading por traductores nativos | Agencia de traducci\u00f3n<\/title>\n<meta name=\"description\" content=\"Si buscas una traducci\u00f3n profesional y nativa perfecta, solicita nuestro servicio de proofreading o revisi\u00f3n de textos por parte de un segundo traductor.\" \/>\n<meta name=\"robots\" content=\"index, follow, max-snippet:-1, max-image-preview:large, max-video-preview:-1\" \/>\n<link rel=\"canonical\" href=\"https:\/\/www.bigtranslation.com\/es\/proofreading\" \/>\n<meta property=\"og:locale\" content=\"es_ES\" \/>\n<meta property=\"og:type\" content=\"article\" \/>\n<meta property=\"og:title\" content=\"Proofreading por traductores nativos | Agencia de traducci\u00f3n\" \/>\n<meta property=\"og:description\" content=\"Si buscas una traducci\u00f3n profesional y nativa perfecta, solicita nuestro servicio de proofreading o revisi\u00f3n de textos por parte de un segundo traductor.\" \/>\n<meta property=\"og:url\" content=\"https:\/\/www.bigtranslation.com\/es\/proofreading\" \/>\n<meta property=\"og:site_name\" content=\"BigTranslation\" \/>\n<meta name=\"twitter:card\" content=\"summary_large_image\" \/>\n<script type=\"application\/ld+json\" class=\"yoast-schema-graph\">{\"@context\":\"https:\/\/schema.org\",\"@graph\":[{\"@type\":\"WebPage\",\"@id\":\"https:\/\/www.bigtranslation.com\/es\/proofreading\",\"url\":\"https:\/\/www.bigtranslation.com\/es\/proofreading\",\"name\":\"Proofreading por traductores nativos | Agencia de traducci\u00f3n\",\"isPartOf\":{\"@id\":\"https:\/\/www.bigtranslation.com\/es#website\"},\"datePublished\":\"2021-07-30T11:22:02+00:00\",\"dateModified\":\"2021-07-30T11:22:02+00:00\",\"description\":\"Si buscas una traducci\u00f3n profesional y nativa perfecta, solicita nuestro servicio de proofreading o revisi\u00f3n de textos por parte de un segundo traductor.\",\"breadcrumb\":{\"@id\":\"https:\/\/www.bigtranslation.com\/es\/proofreading#breadcrumb\"},\"inLanguage\":\"es\",\"potentialAction\":[{\"@type\":\"ReadAction\",\"target\":[\"https:\/\/www.bigtranslation.com\/es\/proofreading\"]}]},{\"@type\":\"BreadcrumbList\",\"@id\":\"https:\/\/www.bigtranslation.com\/es\/proofreading#breadcrumb\",\"itemListElement\":[{\"@type\":\"ListItem\",\"position\":1,\"name\":\"Home\",\"item\":\"https:\/\/www.bigtranslation.com\/es\"},{\"@type\":\"ListItem\",\"position\":2,\"name\":\"Proofreading\"}]},{\"@type\":\"WebSite\",\"@id\":\"https:\/\/www.bigtranslation.com\/es#website\",\"url\":\"https:\/\/www.bigtranslation.com\/es\",\"name\":\"BigTranslation\",\"description\":\"Traductores Nativos y Profesionales\",\"potentialAction\":[{\"@type\":\"SearchAction\",\"target\":{\"@type\":\"EntryPoint\",\"urlTemplate\":\"https:\/\/www.bigtranslation.com\/es?s={search_term_string}\"},\"query-input\":\"required name=search_term_string\"}],\"inLanguage\":\"es\"}]}<\/script>\n<!-- \/ Yoast SEO plugin. -->","yoast_head_json":{"title":"Proofreading por traductores nativos | Agencia de traducci\u00f3n","description":"Si buscas una traducci\u00f3n profesional y nativa perfecta, solicita nuestro servicio de proofreading o revisi\u00f3n de textos por parte de un segundo traductor.","robots":{"index":"index","follow":"follow","max-snippet":"max-snippet:-1","max-image-preview":"max-image-preview:large","max-video-preview":"max-video-preview:-1"},"canonical":"https:\/\/www.bigtranslation.com\/es\/proofreading","og_locale":"es_ES","og_type":"article","og_title":"Proofreading por traductores nativos | Agencia de traducci\u00f3n","og_description":"Si buscas una traducci\u00f3n profesional y nativa perfecta, solicita nuestro servicio de proofreading o revisi\u00f3n de textos por parte de un segundo traductor.","og_url":"https:\/\/www.bigtranslation.com\/es\/proofreading","og_site_name":"BigTranslation","twitter_card":"summary_large_image","schema":{"@context":"https:\/\/schema.org","@graph":[{"@type":"WebPage","@id":"https:\/\/www.bigtranslation.com\/es\/proofreading","url":"https:\/\/www.bigtranslation.com\/es\/proofreading","name":"Proofreading por traductores nativos | Agencia de traducci\u00f3n","isPartOf":{"@id":"https:\/\/www.bigtranslation.com\/es#website"},"datePublished":"2021-07-30T11:22:02+00:00","dateModified":"2021-07-30T11:22:02+00:00","description":"Si buscas una traducci\u00f3n profesional y nativa perfecta, solicita nuestro servicio de proofreading o revisi\u00f3n de textos por parte de un segundo traductor.","breadcrumb":{"@id":"https:\/\/www.bigtranslation.com\/es\/proofreading#breadcrumb"},"inLanguage":"es","potentialAction":[{"@type":"ReadAction","target":["https:\/\/www.bigtranslation.com\/es\/proofreading"]}]},{"@type":"BreadcrumbList","@id":"https:\/\/www.bigtranslation.com\/es\/proofreading#breadcrumb","itemListElement":[{"@type":"ListItem","position":1,"name":"Home","item":"https:\/\/www.bigtranslation.com\/es"},{"@type":"ListItem","position":2,"name":"Proofreading"}]},{"@type":"WebSite","@id":"https:\/\/www.bigtranslation.com\/es#website","url":"https:\/\/www.bigtranslation.com\/es","name":"BigTranslation","description":"Traductores Nativos y Profesionales","potentialAction":[{"@type":"SearchAction","target":{"@type":"EntryPoint","urlTemplate":"https:\/\/www.bigtranslation.com\/es?s={search_term_string}"},"query-input":"required name=search_term_string"}],"inLanguage":"es"}]}},"acf":[],"amp_enabled":true,"_links":{"self":[{"href":"https:\/\/www.bigtranslation.com\/es\/wp-json\/wp\/v2\/pages\/750"}],"collection":[{"href":"https:\/\/www.bigtranslation.com\/es\/wp-json\/wp\/v2\/pages"}],"about":[{"href":"https:\/\/www.bigtranslation.com\/es\/wp-json\/wp\/v2\/types\/page"}],"author":[{"embeddable":true,"href":"https:\/\/www.bigtranslation.com\/es\/wp-json\/wp\/v2\/users\/1"}],"replies":[{"embeddable":true,"href":"https:\/\/www.bigtranslation.com\/es\/wp-json\/wp\/v2\/comments?post=750"}],"version-history":[{"count":1,"href":"https:\/\/www.bigtranslation.com\/es\/wp-json\/wp\/v2\/pages\/750\/revisions"}],"predecessor-version":[{"id":751,"href":"https:\/\/www.bigtranslation.com\/es\/wp-json\/wp\/v2\/pages\/750\/revisions\/751"}],"wp:attachment":[{"href":"https:\/\/www.bigtranslation.com\/es\/wp-json\/wp\/v2\/media?parent=750"}],"curies":[{"name":"wp","href":"https:\/\/api.w.org\/{rel}","templated":true}]}}