{"id":774,"date":"2021-08-16T10:46:22","date_gmt":"2021-08-16T10:46:22","guid":{"rendered":"https:\/\/www.bigtranslation.com\/?page_id=774"},"modified":"2022-01-31T14:23:12","modified_gmt":"2022-01-31T14:23:12","slug":"transcribir-video-a-texto","status":"publish","type":"page","link":"https:\/\/www.bigtranslation.com\/es\/transcribir-video-a-texto","title":{"rendered":"Transcripci\u00f3n de v\u00eddeo a texto"},"content":{"rendered":"","protected":false},"excerpt":{"rendered":"","protected":false},"author":1,"featured_media":0,"parent":0,"menu_order":9,"comment_status":"closed","ping_status":"closed","template":"page-templates\/template-transcription-video.php","meta":{"footnotes":""},"yoast_head":"<!-- This site is optimized with the Yoast SEO plugin v21.8.1 - https:\/\/yoast.com\/wordpress\/plugins\/seo\/ -->\n<title>Transcripci\u00f3n de v\u00eddeo a texto | Vis\u00edtanos y descubre todos los servicios<\/title>\n<meta name=\"description\" content=\"\u00bfNecesitas transcribir y traducir un v\u00eddeo? En BigTranslation realizamos transcripciones de v\u00eddeos. Conoce los servicios de nuestros traductores nativos.\" \/>\n<meta name=\"robots\" content=\"index, follow, max-snippet:-1, max-image-preview:large, max-video-preview:-1\" \/>\n<link rel=\"canonical\" href=\"https:\/\/www.bigtranslation.com\/es\/transcribir-video-a-texto\" \/>\n<meta property=\"og:locale\" content=\"es_ES\" \/>\n<meta property=\"og:type\" content=\"article\" \/>\n<meta property=\"og:title\" content=\"Transcripci\u00f3n de v\u00eddeo a texto | Vis\u00edtanos y descubre todos los servicios\" \/>\n<meta property=\"og:description\" content=\"\u00bfNecesitas transcribir y traducir un v\u00eddeo? En BigTranslation realizamos transcripciones de v\u00eddeos. Conoce los servicios de nuestros traductores nativos.\" \/>\n<meta property=\"og:url\" content=\"https:\/\/www.bigtranslation.com\/es\/transcribir-video-a-texto\" \/>\n<meta property=\"og:site_name\" content=\"BigTranslation\" \/>\n<meta property=\"article:modified_time\" content=\"2022-01-31T14:23:12+00:00\" \/>\n<meta name=\"twitter:card\" content=\"summary_large_image\" \/>\n<script type=\"application\/ld+json\" class=\"yoast-schema-graph\">{\"@context\":\"https:\/\/schema.org\",\"@graph\":[{\"@type\":\"WebPage\",\"@id\":\"https:\/\/www.bigtranslation.com\/es\/transcribir-video-a-texto\",\"url\":\"https:\/\/www.bigtranslation.com\/es\/transcribir-video-a-texto\",\"name\":\"Transcripci\u00f3n de v\u00eddeo a texto | Vis\u00edtanos y descubre todos los servicios\",\"isPartOf\":{\"@id\":\"https:\/\/www.bigtranslation.com\/es#website\"},\"datePublished\":\"2021-08-16T10:46:22+00:00\",\"dateModified\":\"2022-01-31T14:23:12+00:00\",\"description\":\"\u00bfNecesitas transcribir y traducir un v\u00eddeo? En BigTranslation realizamos transcripciones de v\u00eddeos. Conoce los servicios de nuestros traductores nativos.\",\"breadcrumb\":{\"@id\":\"https:\/\/www.bigtranslation.com\/es\/transcribir-video-a-texto#breadcrumb\"},\"inLanguage\":\"es\",\"potentialAction\":[{\"@type\":\"ReadAction\",\"target\":[\"https:\/\/www.bigtranslation.com\/es\/transcribir-video-a-texto\"]}]},{\"@type\":\"BreadcrumbList\",\"@id\":\"https:\/\/www.bigtranslation.com\/es\/transcribir-video-a-texto#breadcrumb\",\"itemListElement\":[{\"@type\":\"ListItem\",\"position\":1,\"name\":\"Home\",\"item\":\"https:\/\/www.bigtranslation.com\/es\"},{\"@type\":\"ListItem\",\"position\":2,\"name\":\"Transcripci\u00f3n de v\u00eddeo a texto\"}]},{\"@type\":\"WebSite\",\"@id\":\"https:\/\/www.bigtranslation.com\/es#website\",\"url\":\"https:\/\/www.bigtranslation.com\/es\",\"name\":\"BigTranslation\",\"description\":\"Traductores Nativos y Profesionales\",\"potentialAction\":[{\"@type\":\"SearchAction\",\"target\":{\"@type\":\"EntryPoint\",\"urlTemplate\":\"https:\/\/www.bigtranslation.com\/es?s={search_term_string}\"},\"query-input\":\"required name=search_term_string\"}],\"inLanguage\":\"es\"}]}<\/script>\n<!-- \/ Yoast SEO plugin. -->","yoast_head_json":{"title":"Transcripci\u00f3n de v\u00eddeo a texto | Vis\u00edtanos y descubre todos los servicios","description":"\u00bfNecesitas transcribir y traducir un v\u00eddeo? En BigTranslation realizamos transcripciones de v\u00eddeos. Conoce los servicios de nuestros traductores nativos.","robots":{"index":"index","follow":"follow","max-snippet":"max-snippet:-1","max-image-preview":"max-image-preview:large","max-video-preview":"max-video-preview:-1"},"canonical":"https:\/\/www.bigtranslation.com\/es\/transcribir-video-a-texto","og_locale":"es_ES","og_type":"article","og_title":"Transcripci\u00f3n de v\u00eddeo a texto | Vis\u00edtanos y descubre todos los servicios","og_description":"\u00bfNecesitas transcribir y traducir un v\u00eddeo? En BigTranslation realizamos transcripciones de v\u00eddeos. Conoce los servicios de nuestros traductores nativos.","og_url":"https:\/\/www.bigtranslation.com\/es\/transcribir-video-a-texto","og_site_name":"BigTranslation","article_modified_time":"2022-01-31T14:23:12+00:00","twitter_card":"summary_large_image","schema":{"@context":"https:\/\/schema.org","@graph":[{"@type":"WebPage","@id":"https:\/\/www.bigtranslation.com\/es\/transcribir-video-a-texto","url":"https:\/\/www.bigtranslation.com\/es\/transcribir-video-a-texto","name":"Transcripci\u00f3n de v\u00eddeo a texto | Vis\u00edtanos y descubre todos los servicios","isPartOf":{"@id":"https:\/\/www.bigtranslation.com\/es#website"},"datePublished":"2021-08-16T10:46:22+00:00","dateModified":"2022-01-31T14:23:12+00:00","description":"\u00bfNecesitas transcribir y traducir un v\u00eddeo? En BigTranslation realizamos transcripciones de v\u00eddeos. Conoce los servicios de nuestros traductores nativos.","breadcrumb":{"@id":"https:\/\/www.bigtranslation.com\/es\/transcribir-video-a-texto#breadcrumb"},"inLanguage":"es","potentialAction":[{"@type":"ReadAction","target":["https:\/\/www.bigtranslation.com\/es\/transcribir-video-a-texto"]}]},{"@type":"BreadcrumbList","@id":"https:\/\/www.bigtranslation.com\/es\/transcribir-video-a-texto#breadcrumb","itemListElement":[{"@type":"ListItem","position":1,"name":"Home","item":"https:\/\/www.bigtranslation.com\/es"},{"@type":"ListItem","position":2,"name":"Transcripci\u00f3n de v\u00eddeo a texto"}]},{"@type":"WebSite","@id":"https:\/\/www.bigtranslation.com\/es#website","url":"https:\/\/www.bigtranslation.com\/es","name":"BigTranslation","description":"Traductores Nativos y Profesionales","potentialAction":[{"@type":"SearchAction","target":{"@type":"EntryPoint","urlTemplate":"https:\/\/www.bigtranslation.com\/es?s={search_term_string}"},"query-input":"required name=search_term_string"}],"inLanguage":"es"}]}},"acf":[],"amp_enabled":true,"_links":{"self":[{"href":"https:\/\/www.bigtranslation.com\/es\/wp-json\/wp\/v2\/pages\/774"}],"collection":[{"href":"https:\/\/www.bigtranslation.com\/es\/wp-json\/wp\/v2\/pages"}],"about":[{"href":"https:\/\/www.bigtranslation.com\/es\/wp-json\/wp\/v2\/types\/page"}],"author":[{"embeddable":true,"href":"https:\/\/www.bigtranslation.com\/es\/wp-json\/wp\/v2\/users\/1"}],"replies":[{"embeddable":true,"href":"https:\/\/www.bigtranslation.com\/es\/wp-json\/wp\/v2\/comments?post=774"}],"version-history":[{"count":2,"href":"https:\/\/www.bigtranslation.com\/es\/wp-json\/wp\/v2\/pages\/774\/revisions"}],"predecessor-version":[{"id":9637,"href":"https:\/\/www.bigtranslation.com\/es\/wp-json\/wp\/v2\/pages\/774\/revisions\/9637"}],"wp:attachment":[{"href":"https:\/\/www.bigtranslation.com\/es\/wp-json\/wp\/v2\/media?parent=774"}],"curies":[{"name":"wp","href":"https:\/\/api.w.org\/{rel}","templated":true}]}}