{"id":776,"date":"2021-08-16T11:38:21","date_gmt":"2021-08-16T11:38:21","guid":{"rendered":"https:\/\/www.bigtranslation.com\/?page_id=776"},"modified":"2021-08-16T11:39:01","modified_gmt":"2021-08-16T11:39:01","slug":"transcribir-audio-a-texto","status":"publish","type":"page","link":"https:\/\/www.bigtranslation.com\/es\/transcribir-audio-a-texto","title":{"rendered":"Transcripci\u00f3n de audios"},"content":{"rendered":"","protected":false},"excerpt":{"rendered":"","protected":false},"author":1,"featured_media":0,"parent":0,"menu_order":10,"comment_status":"closed","ping_status":"closed","template":"page-templates\/template-transcription-audio.php","meta":{"footnotes":""},"yoast_head":"<!-- This site is optimized with the Yoast SEO plugin v21.8.1 - https:\/\/yoast.com\/wordpress\/plugins\/seo\/ -->\n<title>Transcribir audio a texto | BigTranslation Solicita tu presupuesto instant\u00e1neo<\/title>\n<meta name=\"description\" content=\"Si necesitas transcribir un audio a texto, inf\u00f3rmate sobre nuestros servicios de transcripci\u00f3n. Realizamos transcripciones de cualquier idioma europeo.\" \/>\n<meta name=\"robots\" content=\"index, follow, max-snippet:-1, max-image-preview:large, max-video-preview:-1\" \/>\n<link rel=\"canonical\" href=\"https:\/\/www.bigtranslation.com\/es\/transcribir-audio-a-texto\" \/>\n<meta property=\"og:locale\" content=\"es_ES\" \/>\n<meta property=\"og:type\" content=\"article\" \/>\n<meta property=\"og:title\" content=\"Transcribir audio a texto | BigTranslation Solicita tu presupuesto instant\u00e1neo\" \/>\n<meta property=\"og:description\" content=\"Si necesitas transcribir un audio a texto, inf\u00f3rmate sobre nuestros servicios de transcripci\u00f3n. Realizamos transcripciones de cualquier idioma europeo.\" \/>\n<meta property=\"og:url\" content=\"https:\/\/www.bigtranslation.com\/es\/transcribir-audio-a-texto\" \/>\n<meta property=\"og:site_name\" content=\"BigTranslation\" \/>\n<meta property=\"article:modified_time\" content=\"2021-08-16T11:39:01+00:00\" \/>\n<meta name=\"twitter:card\" content=\"summary_large_image\" \/>\n<script type=\"application\/ld+json\" class=\"yoast-schema-graph\">{\"@context\":\"https:\/\/schema.org\",\"@graph\":[{\"@type\":\"WebPage\",\"@id\":\"https:\/\/www.bigtranslation.com\/es\/transcribir-audio-a-texto\",\"url\":\"https:\/\/www.bigtranslation.com\/es\/transcribir-audio-a-texto\",\"name\":\"Transcribir audio a texto | BigTranslation Solicita tu presupuesto instant\u00e1neo\",\"isPartOf\":{\"@id\":\"https:\/\/www.bigtranslation.com\/es#website\"},\"datePublished\":\"2021-08-16T11:38:21+00:00\",\"dateModified\":\"2021-08-16T11:39:01+00:00\",\"description\":\"Si necesitas transcribir un audio a texto, inf\u00f3rmate sobre nuestros servicios de transcripci\u00f3n. Realizamos transcripciones de cualquier idioma europeo.\",\"breadcrumb\":{\"@id\":\"https:\/\/www.bigtranslation.com\/es\/transcribir-audio-a-texto#breadcrumb\"},\"inLanguage\":\"es\",\"potentialAction\":[{\"@type\":\"ReadAction\",\"target\":[\"https:\/\/www.bigtranslation.com\/es\/transcribir-audio-a-texto\"]}]},{\"@type\":\"BreadcrumbList\",\"@id\":\"https:\/\/www.bigtranslation.com\/es\/transcribir-audio-a-texto#breadcrumb\",\"itemListElement\":[{\"@type\":\"ListItem\",\"position\":1,\"name\":\"Home\",\"item\":\"https:\/\/www.bigtranslation.com\/es\"},{\"@type\":\"ListItem\",\"position\":2,\"name\":\"Transcripci\u00f3n de audios\"}]},{\"@type\":\"WebSite\",\"@id\":\"https:\/\/www.bigtranslation.com\/es#website\",\"url\":\"https:\/\/www.bigtranslation.com\/es\",\"name\":\"BigTranslation\",\"description\":\"Traductores Nativos y Profesionales\",\"potentialAction\":[{\"@type\":\"SearchAction\",\"target\":{\"@type\":\"EntryPoint\",\"urlTemplate\":\"https:\/\/www.bigtranslation.com\/es?s={search_term_string}\"},\"query-input\":\"required name=search_term_string\"}],\"inLanguage\":\"es\"}]}<\/script>\n<!-- \/ Yoast SEO plugin. -->","yoast_head_json":{"title":"Transcribir audio a texto | BigTranslation Solicita tu presupuesto instant\u00e1neo","description":"Si necesitas transcribir un audio a texto, inf\u00f3rmate sobre nuestros servicios de transcripci\u00f3n. Realizamos transcripciones de cualquier idioma europeo.","robots":{"index":"index","follow":"follow","max-snippet":"max-snippet:-1","max-image-preview":"max-image-preview:large","max-video-preview":"max-video-preview:-1"},"canonical":"https:\/\/www.bigtranslation.com\/es\/transcribir-audio-a-texto","og_locale":"es_ES","og_type":"article","og_title":"Transcribir audio a texto | BigTranslation Solicita tu presupuesto instant\u00e1neo","og_description":"Si necesitas transcribir un audio a texto, inf\u00f3rmate sobre nuestros servicios de transcripci\u00f3n. Realizamos transcripciones de cualquier idioma europeo.","og_url":"https:\/\/www.bigtranslation.com\/es\/transcribir-audio-a-texto","og_site_name":"BigTranslation","article_modified_time":"2021-08-16T11:39:01+00:00","twitter_card":"summary_large_image","schema":{"@context":"https:\/\/schema.org","@graph":[{"@type":"WebPage","@id":"https:\/\/www.bigtranslation.com\/es\/transcribir-audio-a-texto","url":"https:\/\/www.bigtranslation.com\/es\/transcribir-audio-a-texto","name":"Transcribir audio a texto | BigTranslation Solicita tu presupuesto instant\u00e1neo","isPartOf":{"@id":"https:\/\/www.bigtranslation.com\/es#website"},"datePublished":"2021-08-16T11:38:21+00:00","dateModified":"2021-08-16T11:39:01+00:00","description":"Si necesitas transcribir un audio a texto, inf\u00f3rmate sobre nuestros servicios de transcripci\u00f3n. Realizamos transcripciones de cualquier idioma europeo.","breadcrumb":{"@id":"https:\/\/www.bigtranslation.com\/es\/transcribir-audio-a-texto#breadcrumb"},"inLanguage":"es","potentialAction":[{"@type":"ReadAction","target":["https:\/\/www.bigtranslation.com\/es\/transcribir-audio-a-texto"]}]},{"@type":"BreadcrumbList","@id":"https:\/\/www.bigtranslation.com\/es\/transcribir-audio-a-texto#breadcrumb","itemListElement":[{"@type":"ListItem","position":1,"name":"Home","item":"https:\/\/www.bigtranslation.com\/es"},{"@type":"ListItem","position":2,"name":"Transcripci\u00f3n de audios"}]},{"@type":"WebSite","@id":"https:\/\/www.bigtranslation.com\/es#website","url":"https:\/\/www.bigtranslation.com\/es","name":"BigTranslation","description":"Traductores Nativos y Profesionales","potentialAction":[{"@type":"SearchAction","target":{"@type":"EntryPoint","urlTemplate":"https:\/\/www.bigtranslation.com\/es?s={search_term_string}"},"query-input":"required name=search_term_string"}],"inLanguage":"es"}]}},"acf":[],"amp_enabled":true,"_links":{"self":[{"href":"https:\/\/www.bigtranslation.com\/es\/wp-json\/wp\/v2\/pages\/776"}],"collection":[{"href":"https:\/\/www.bigtranslation.com\/es\/wp-json\/wp\/v2\/pages"}],"about":[{"href":"https:\/\/www.bigtranslation.com\/es\/wp-json\/wp\/v2\/types\/page"}],"author":[{"embeddable":true,"href":"https:\/\/www.bigtranslation.com\/es\/wp-json\/wp\/v2\/users\/1"}],"replies":[{"embeddable":true,"href":"https:\/\/www.bigtranslation.com\/es\/wp-json\/wp\/v2\/comments?post=776"}],"version-history":[{"count":2,"href":"https:\/\/www.bigtranslation.com\/es\/wp-json\/wp\/v2\/pages\/776\/revisions"}],"predecessor-version":[{"id":778,"href":"https:\/\/www.bigtranslation.com\/es\/wp-json\/wp\/v2\/pages\/776\/revisions\/778"}],"wp:attachment":[{"href":"https:\/\/www.bigtranslation.com\/es\/wp-json\/wp\/v2\/media?parent=776"}],"curies":[{"name":"wp","href":"https:\/\/api.w.org\/{rel}","templated":true}]}}