{"id":12064,"date":"2022-04-13T07:04:59","date_gmt":"2022-04-13T07:04:59","guid":{"rendered":"https:\/\/www.bigtranslation.com\/translation-chatbots"},"modified":"2022-05-12T06:23:55","modified_gmt":"2022-05-12T06:23:55","slug":"tolked-vestlusrobotid","status":"publish","type":"page","link":"https:\/\/www.bigtranslation.com\/et\/tolked-vestlusrobotid","title":{"rendered":"Vestlusrobotite \u00e4ppi t\u00f5lge"},"content":{"rendered":"","protected":false},"excerpt":{"rendered":"","protected":false},"author":7,"featured_media":0,"parent":0,"menu_order":20,"comment_status":"closed","ping_status":"closed","template":"page-templates\/template-landing-translation.php","meta":{"footnotes":""},"yoast_head":"<!-- This site is optimized with the Yoast SEO plugin v21.8.1 - https:\/\/yoast.com\/wordpress\/plugins\/seo\/ -->\n<title>Vestlusrobotite \u00e4ppide t\u00f5lkimine parima hinnaga | BigTranslation<\/title>\n<meta name=\"description\" content=\"Meie t\u00f5lgime teie vestlusrobotite \u00e4ppid nii, et te saate suhelda k\u00f5igi oma kasutajatega k\u00f5igis riikides nende emakeeles K\u00fcsige oma kohustustevaba hinnapakkumist veebis.\" \/>\n<meta name=\"robots\" content=\"index, follow, max-snippet:-1, max-image-preview:large, max-video-preview:-1\" \/>\n<link rel=\"canonical\" href=\"https:\/\/www.bigtranslation.com\/et\/tolked-vestlusrobotid\" \/>\n<meta property=\"og:locale\" content=\"et_EE\" \/>\n<meta property=\"og:type\" content=\"article\" \/>\n<meta property=\"og:title\" content=\"Vestlusrobotite \u00e4ppide t\u00f5lkimine parima hinnaga | BigTranslation\" \/>\n<meta property=\"og:description\" content=\"Meie t\u00f5lgime teie vestlusrobotite \u00e4ppid nii, et te saate suhelda k\u00f5igi oma kasutajatega k\u00f5igis riikides nende emakeeles K\u00fcsige oma kohustustevaba hinnapakkumist veebis.\" \/>\n<meta property=\"og:url\" content=\"https:\/\/www.bigtranslation.com\/et\/tolked-vestlusrobotid\" \/>\n<meta property=\"og:site_name\" content=\"BigTranslation\" \/>\n<meta property=\"article:modified_time\" content=\"2022-05-12T06:23:55+00:00\" \/>\n<meta name=\"twitter:card\" content=\"summary_large_image\" \/>\n<script type=\"application\/ld+json\" class=\"yoast-schema-graph\">{\"@context\":\"https:\/\/schema.org\",\"@graph\":[{\"@type\":\"WebPage\",\"@id\":\"https:\/\/www.bigtranslation.com\/et\/tolked-vestlusrobotid\",\"url\":\"https:\/\/www.bigtranslation.com\/et\/tolked-vestlusrobotid\",\"name\":\"Vestlusrobotite \u00e4ppide t\u00f5lkimine parima hinnaga | BigTranslation\",\"isPartOf\":{\"@id\":\"https:\/\/www.bigtranslation.com\/et#website\"},\"datePublished\":\"2022-04-13T07:04:59+00:00\",\"dateModified\":\"2022-05-12T06:23:55+00:00\",\"description\":\"Meie t\u00f5lgime teie vestlusrobotite \u00e4ppid nii, et te saate suhelda k\u00f5igi oma kasutajatega k\u00f5igis riikides nende emakeeles K\u00fcsige oma kohustustevaba hinnapakkumist veebis.\",\"breadcrumb\":{\"@id\":\"https:\/\/www.bigtranslation.com\/et\/tolked-vestlusrobotid#breadcrumb\"},\"inLanguage\":\"et\",\"potentialAction\":[{\"@type\":\"ReadAction\",\"target\":[\"https:\/\/www.bigtranslation.com\/et\/tolked-vestlusrobotid\"]}]},{\"@type\":\"BreadcrumbList\",\"@id\":\"https:\/\/www.bigtranslation.com\/et\/tolked-vestlusrobotid#breadcrumb\",\"itemListElement\":[{\"@type\":\"ListItem\",\"position\":1,\"name\":\"Home\",\"item\":\"https:\/\/www.bigtranslation.com\/et\"},{\"@type\":\"ListItem\",\"position\":2,\"name\":\"Vestlusrobotite \u00e4ppi t\u00f5lge\"}]},{\"@type\":\"WebSite\",\"@id\":\"https:\/\/www.bigtranslation.com\/et#website\",\"url\":\"https:\/\/www.bigtranslation.com\/et\",\"name\":\"BigTranslation\",\"description\":\"Native and Professional translators\",\"potentialAction\":[{\"@type\":\"SearchAction\",\"target\":{\"@type\":\"EntryPoint\",\"urlTemplate\":\"https:\/\/www.bigtranslation.com\/et?s={search_term_string}\"},\"query-input\":\"required name=search_term_string\"}],\"inLanguage\":\"et\"}]}<\/script>\n<!-- \/ Yoast SEO plugin. -->","yoast_head_json":{"title":"Vestlusrobotite \u00e4ppide t\u00f5lkimine parima hinnaga | BigTranslation","description":"Meie t\u00f5lgime teie vestlusrobotite \u00e4ppid nii, et te saate suhelda k\u00f5igi oma kasutajatega k\u00f5igis riikides nende emakeeles K\u00fcsige oma kohustustevaba hinnapakkumist veebis.","robots":{"index":"index","follow":"follow","max-snippet":"max-snippet:-1","max-image-preview":"max-image-preview:large","max-video-preview":"max-video-preview:-1"},"canonical":"https:\/\/www.bigtranslation.com\/et\/tolked-vestlusrobotid","og_locale":"et_EE","og_type":"article","og_title":"Vestlusrobotite \u00e4ppide t\u00f5lkimine parima hinnaga | BigTranslation","og_description":"Meie t\u00f5lgime teie vestlusrobotite \u00e4ppid nii, et te saate suhelda k\u00f5igi oma kasutajatega k\u00f5igis riikides nende emakeeles K\u00fcsige oma kohustustevaba hinnapakkumist veebis.","og_url":"https:\/\/www.bigtranslation.com\/et\/tolked-vestlusrobotid","og_site_name":"BigTranslation","article_modified_time":"2022-05-12T06:23:55+00:00","twitter_card":"summary_large_image","schema":{"@context":"https:\/\/schema.org","@graph":[{"@type":"WebPage","@id":"https:\/\/www.bigtranslation.com\/et\/tolked-vestlusrobotid","url":"https:\/\/www.bigtranslation.com\/et\/tolked-vestlusrobotid","name":"Vestlusrobotite \u00e4ppide t\u00f5lkimine parima hinnaga | BigTranslation","isPartOf":{"@id":"https:\/\/www.bigtranslation.com\/et#website"},"datePublished":"2022-04-13T07:04:59+00:00","dateModified":"2022-05-12T06:23:55+00:00","description":"Meie t\u00f5lgime teie vestlusrobotite \u00e4ppid nii, et te saate suhelda k\u00f5igi oma kasutajatega k\u00f5igis riikides nende emakeeles K\u00fcsige oma kohustustevaba hinnapakkumist veebis.","breadcrumb":{"@id":"https:\/\/www.bigtranslation.com\/et\/tolked-vestlusrobotid#breadcrumb"},"inLanguage":"et","potentialAction":[{"@type":"ReadAction","target":["https:\/\/www.bigtranslation.com\/et\/tolked-vestlusrobotid"]}]},{"@type":"BreadcrumbList","@id":"https:\/\/www.bigtranslation.com\/et\/tolked-vestlusrobotid#breadcrumb","itemListElement":[{"@type":"ListItem","position":1,"name":"Home","item":"https:\/\/www.bigtranslation.com\/et"},{"@type":"ListItem","position":2,"name":"Vestlusrobotite \u00e4ppi t\u00f5lge"}]},{"@type":"WebSite","@id":"https:\/\/www.bigtranslation.com\/et#website","url":"https:\/\/www.bigtranslation.com\/et","name":"BigTranslation","description":"Native and Professional translators","potentialAction":[{"@type":"SearchAction","target":{"@type":"EntryPoint","urlTemplate":"https:\/\/www.bigtranslation.com\/et?s={search_term_string}"},"query-input":"required name=search_term_string"}],"inLanguage":"et"}]}},"acf":[],"amp_enabled":true,"_links":{"self":[{"href":"https:\/\/www.bigtranslation.com\/et\/wp-json\/wp\/v2\/pages\/12064"}],"collection":[{"href":"https:\/\/www.bigtranslation.com\/et\/wp-json\/wp\/v2\/pages"}],"about":[{"href":"https:\/\/www.bigtranslation.com\/et\/wp-json\/wp\/v2\/types\/page"}],"author":[{"embeddable":true,"href":"https:\/\/www.bigtranslation.com\/et\/wp-json\/wp\/v2\/users\/7"}],"replies":[{"embeddable":true,"href":"https:\/\/www.bigtranslation.com\/et\/wp-json\/wp\/v2\/comments?post=12064"}],"version-history":[{"count":2,"href":"https:\/\/www.bigtranslation.com\/et\/wp-json\/wp\/v2\/pages\/12064\/revisions"}],"predecessor-version":[{"id":12068,"href":"https:\/\/www.bigtranslation.com\/et\/wp-json\/wp\/v2\/pages\/12064\/revisions\/12068"}],"wp:attachment":[{"href":"https:\/\/www.bigtranslation.com\/et\/wp-json\/wp\/v2\/media?parent=12064"}],"curies":[{"name":"wp","href":"https:\/\/api.w.org\/{rel}","templated":true}]}}