{"id":4603,"date":"2021-04-16T09:36:36","date_gmt":"2021-04-16T09:36:36","guid":{"rendered":"https:\/\/www.bigtranslation.com\/home\/"},"modified":"2021-10-05T05:49:11","modified_gmt":"2021-10-05T05:49:11","slug":"home","status":"publish","type":"page","link":"https:\/\/www.bigtranslation.com\/et","title":{"rendered":"Home"},"content":{"rendered":"","protected":false},"excerpt":{"rendered":"","protected":false},"author":1,"featured_media":0,"parent":0,"menu_order":0,"comment_status":"closed","ping_status":"closed","template":"page-templates\/template-home.php","meta":{"footnotes":""},"yoast_head":"<!-- This site is optimized with the Yoast SEO plugin v21.8.1 - https:\/\/yoast.com\/wordpress\/plugins\/seo\/ -->\n<title>Ford\u00edt\u00f3iroda | Anyanyelvi ford\u00edt\u00f3k &amp; hivat\u00e1sos ford\u00edt\u00f3<\/title>\n<meta name=\"description\" content=\"SEO \u00e9s weboldal ford\u00edt\u00e1sra szakosodott ford\u00edt\u00f3ir\u00f3da. Gyors \u00e9s gazdas\u00e1gos ford\u00edt\u00e1st v\u00e9gz\u00fcnk, valamint k\u00fcl\u00f6nb\u00f6z\u0151 professzion\u00e1lis ford\u00edt\u00e1si szolg\u00e1ltat\u00e1sokat.\" \/>\n<meta name=\"robots\" content=\"index, follow, max-snippet:-1, max-image-preview:large, max-video-preview:-1\" \/>\n<link rel=\"canonical\" href=\"https:\/\/www.bigtranslation.com\/et\" \/>\n<meta property=\"og:locale\" content=\"et_EE\" \/>\n<meta property=\"og:type\" content=\"article\" \/>\n<meta property=\"og:title\" content=\"Ford\u00edt\u00f3iroda | Anyanyelvi ford\u00edt\u00f3k &amp; hivat\u00e1sos ford\u00edt\u00f3\" \/>\n<meta property=\"og:description\" content=\"SEO \u00e9s weboldal ford\u00edt\u00e1sra szakosodott ford\u00edt\u00f3ir\u00f3da. Gyors \u00e9s gazdas\u00e1gos ford\u00edt\u00e1st v\u00e9gz\u00fcnk, valamint k\u00fcl\u00f6nb\u00f6z\u0151 professzion\u00e1lis ford\u00edt\u00e1si szolg\u00e1ltat\u00e1sokat.\" \/>\n<meta property=\"og:url\" content=\"https:\/\/www.bigtranslation.com\/et\" \/>\n<meta property=\"og:site_name\" content=\"BigTranslation\" \/>\n<meta property=\"article:modified_time\" content=\"2021-10-05T05:49:11+00:00\" \/>\n<meta name=\"twitter:card\" content=\"summary_large_image\" \/>\n<script type=\"application\/ld+json\" class=\"yoast-schema-graph\">{\"@context\":\"https:\/\/schema.org\",\"@graph\":[{\"@type\":\"WebPage\",\"@id\":\"https:\/\/www.bigtranslation.com\/et\",\"url\":\"https:\/\/www.bigtranslation.com\/et\",\"name\":\"Ford\u00edt\u00f3iroda | Anyanyelvi ford\u00edt\u00f3k & hivat\u00e1sos ford\u00edt\u00f3\",\"isPartOf\":{\"@id\":\"https:\/\/www.bigtranslation.com\/et#website\"},\"datePublished\":\"2021-04-16T09:36:36+00:00\",\"dateModified\":\"2021-10-05T05:49:11+00:00\",\"description\":\"SEO \u00e9s weboldal ford\u00edt\u00e1sra szakosodott ford\u00edt\u00f3ir\u00f3da. Gyors \u00e9s gazdas\u00e1gos ford\u00edt\u00e1st v\u00e9gz\u00fcnk, valamint k\u00fcl\u00f6nb\u00f6z\u0151 professzion\u00e1lis ford\u00edt\u00e1si szolg\u00e1ltat\u00e1sokat.\",\"breadcrumb\":{\"@id\":\"https:\/\/www.bigtranslation.com\/et#breadcrumb\"},\"inLanguage\":\"et\",\"potentialAction\":[{\"@type\":\"ReadAction\",\"target\":[\"https:\/\/www.bigtranslation.com\/et\"]}]},{\"@type\":\"BreadcrumbList\",\"@id\":\"https:\/\/www.bigtranslation.com\/et#breadcrumb\",\"itemListElement\":[{\"@type\":\"ListItem\",\"position\":1,\"name\":\"Home\",\"item\":\"https:\/\/www.bigtranslation.com\/et\"},{\"@type\":\"ListItem\",\"position\":2,\"name\":\"Home\"}]},{\"@type\":\"WebSite\",\"@id\":\"https:\/\/www.bigtranslation.com\/et#website\",\"url\":\"https:\/\/www.bigtranslation.com\/et\",\"name\":\"BigTranslation\",\"description\":\"Native and Professional translators\",\"potentialAction\":[{\"@type\":\"SearchAction\",\"target\":{\"@type\":\"EntryPoint\",\"urlTemplate\":\"https:\/\/www.bigtranslation.com\/et?s={search_term_string}\"},\"query-input\":\"required name=search_term_string\"}],\"inLanguage\":\"et\"}]}<\/script>\n<!-- \/ Yoast SEO plugin. -->","yoast_head_json":{"title":"Ford\u00edt\u00f3iroda | Anyanyelvi ford\u00edt\u00f3k & hivat\u00e1sos ford\u00edt\u00f3","description":"SEO \u00e9s weboldal ford\u00edt\u00e1sra szakosodott ford\u00edt\u00f3ir\u00f3da. Gyors \u00e9s gazdas\u00e1gos ford\u00edt\u00e1st v\u00e9gz\u00fcnk, valamint k\u00fcl\u00f6nb\u00f6z\u0151 professzion\u00e1lis ford\u00edt\u00e1si szolg\u00e1ltat\u00e1sokat.","robots":{"index":"index","follow":"follow","max-snippet":"max-snippet:-1","max-image-preview":"max-image-preview:large","max-video-preview":"max-video-preview:-1"},"canonical":"https:\/\/www.bigtranslation.com\/et","og_locale":"et_EE","og_type":"article","og_title":"Ford\u00edt\u00f3iroda | Anyanyelvi ford\u00edt\u00f3k & hivat\u00e1sos ford\u00edt\u00f3","og_description":"SEO \u00e9s weboldal ford\u00edt\u00e1sra szakosodott ford\u00edt\u00f3ir\u00f3da. Gyors \u00e9s gazdas\u00e1gos ford\u00edt\u00e1st v\u00e9gz\u00fcnk, valamint k\u00fcl\u00f6nb\u00f6z\u0151 professzion\u00e1lis ford\u00edt\u00e1si szolg\u00e1ltat\u00e1sokat.","og_url":"https:\/\/www.bigtranslation.com\/et","og_site_name":"BigTranslation","article_modified_time":"2021-10-05T05:49:11+00:00","twitter_card":"summary_large_image","schema":{"@context":"https:\/\/schema.org","@graph":[{"@type":"WebPage","@id":"https:\/\/www.bigtranslation.com\/et","url":"https:\/\/www.bigtranslation.com\/et","name":"Ford\u00edt\u00f3iroda | Anyanyelvi ford\u00edt\u00f3k & hivat\u00e1sos ford\u00edt\u00f3","isPartOf":{"@id":"https:\/\/www.bigtranslation.com\/et#website"},"datePublished":"2021-04-16T09:36:36+00:00","dateModified":"2021-10-05T05:49:11+00:00","description":"SEO \u00e9s weboldal ford\u00edt\u00e1sra szakosodott ford\u00edt\u00f3ir\u00f3da. Gyors \u00e9s gazdas\u00e1gos ford\u00edt\u00e1st v\u00e9gz\u00fcnk, valamint k\u00fcl\u00f6nb\u00f6z\u0151 professzion\u00e1lis ford\u00edt\u00e1si szolg\u00e1ltat\u00e1sokat.","breadcrumb":{"@id":"https:\/\/www.bigtranslation.com\/et#breadcrumb"},"inLanguage":"et","potentialAction":[{"@type":"ReadAction","target":["https:\/\/www.bigtranslation.com\/et"]}]},{"@type":"BreadcrumbList","@id":"https:\/\/www.bigtranslation.com\/et#breadcrumb","itemListElement":[{"@type":"ListItem","position":1,"name":"Home","item":"https:\/\/www.bigtranslation.com\/et"},{"@type":"ListItem","position":2,"name":"Home"}]},{"@type":"WebSite","@id":"https:\/\/www.bigtranslation.com\/et#website","url":"https:\/\/www.bigtranslation.com\/et","name":"BigTranslation","description":"Native and Professional translators","potentialAction":[{"@type":"SearchAction","target":{"@type":"EntryPoint","urlTemplate":"https:\/\/www.bigtranslation.com\/et?s={search_term_string}"},"query-input":"required name=search_term_string"}],"inLanguage":"et"}]}},"acf":[],"amp_enabled":true,"_links":{"self":[{"href":"https:\/\/www.bigtranslation.com\/et\/wp-json\/wp\/v2\/pages\/4603"}],"collection":[{"href":"https:\/\/www.bigtranslation.com\/et\/wp-json\/wp\/v2\/pages"}],"about":[{"href":"https:\/\/www.bigtranslation.com\/et\/wp-json\/wp\/v2\/types\/page"}],"author":[{"embeddable":true,"href":"https:\/\/www.bigtranslation.com\/et\/wp-json\/wp\/v2\/users\/1"}],"replies":[{"embeddable":true,"href":"https:\/\/www.bigtranslation.com\/et\/wp-json\/wp\/v2\/comments?post=4603"}],"version-history":[{"count":1,"href":"https:\/\/www.bigtranslation.com\/et\/wp-json\/wp\/v2\/pages\/4603\/revisions"}],"predecessor-version":[{"id":4605,"href":"https:\/\/www.bigtranslation.com\/et\/wp-json\/wp\/v2\/pages\/4603\/revisions\/4605"}],"wp:attachment":[{"href":"https:\/\/www.bigtranslation.com\/et\/wp-json\/wp\/v2\/media?parent=4603"}],"curies":[{"name":"wp","href":"https:\/\/api.w.org\/{rel}","templated":true}]}}