{"id":4610,"date":"2021-08-26T11:45:01","date_gmt":"2021-08-26T11:45:01","guid":{"rendered":"https:\/\/www.bigtranslation.com\/professional-translation-services\/"},"modified":"2021-09-20T12:45:32","modified_gmt":"2021-09-20T12:45:32","slug":"professionaalne-tolketeenus","status":"publish","type":"page","link":"https:\/\/www.bigtranslation.com\/et\/professionaalne-tolketeenus","title":{"rendered":"Professionaalsed T\u00f5lketeenused"},"content":{"rendered":"","protected":false},"excerpt":{"rendered":"","protected":false},"author":1,"featured_media":0,"parent":0,"menu_order":1,"comment_status":"closed","ping_status":"closed","template":"page-templates\/template-professional-translation-services.php","meta":{"footnotes":""},"yoast_head":"<!-- This site is optimized with the Yoast SEO plugin v21.8.1 - https:\/\/yoast.com\/wordpress\/plugins\/seo\/ -->\n<title>Professionaalne t\u00f5lkimise teenus | Professionaalne ja rahvuslik t\u00f5lkeb\u00fcroo<\/title>\n<meta name=\"description\" content=\"Meie professionaalse t\u00f5lkeb\u00fcroo t\u00f5lkijad t\u00f5lgivad k\u00f5iki Euroopa keeli. Uuri l\u00e4hemalt meie t\u00f5lketeenuste kohta.\" \/>\n<meta name=\"robots\" content=\"index, follow, max-snippet:-1, max-image-preview:large, max-video-preview:-1\" \/>\n<link rel=\"canonical\" href=\"https:\/\/www.bigtranslation.com\/et\/professionaalne-tolketeenus\" \/>\n<meta property=\"og:locale\" content=\"et_EE\" \/>\n<meta property=\"og:type\" content=\"article\" \/>\n<meta property=\"og:title\" content=\"Professionaalne t\u00f5lkimise teenus | Professionaalne ja rahvuslik t\u00f5lkeb\u00fcroo\" \/>\n<meta property=\"og:description\" content=\"Meie professionaalse t\u00f5lkeb\u00fcroo t\u00f5lkijad t\u00f5lgivad k\u00f5iki Euroopa keeli. Uuri l\u00e4hemalt meie t\u00f5lketeenuste kohta.\" \/>\n<meta property=\"og:url\" content=\"https:\/\/www.bigtranslation.com\/et\/professionaalne-tolketeenus\" \/>\n<meta property=\"og:site_name\" content=\"BigTranslation\" \/>\n<meta property=\"article:modified_time\" content=\"2021-09-20T12:45:32+00:00\" \/>\n<meta name=\"twitter:card\" content=\"summary_large_image\" \/>\n<script type=\"application\/ld+json\" class=\"yoast-schema-graph\">{\"@context\":\"https:\/\/schema.org\",\"@graph\":[{\"@type\":\"WebPage\",\"@id\":\"https:\/\/www.bigtranslation.com\/et\/professionaalne-tolketeenus\",\"url\":\"https:\/\/www.bigtranslation.com\/et\/professionaalne-tolketeenus\",\"name\":\"Professionaalne t\u00f5lkimise teenus | Professionaalne ja rahvuslik t\u00f5lkeb\u00fcroo\",\"isPartOf\":{\"@id\":\"https:\/\/www.bigtranslation.com\/et#website\"},\"datePublished\":\"2021-08-26T11:45:01+00:00\",\"dateModified\":\"2021-09-20T12:45:32+00:00\",\"description\":\"Meie professionaalse t\u00f5lkeb\u00fcroo t\u00f5lkijad t\u00f5lgivad k\u00f5iki Euroopa keeli. Uuri l\u00e4hemalt meie t\u00f5lketeenuste kohta.\",\"breadcrumb\":{\"@id\":\"https:\/\/www.bigtranslation.com\/et\/professionaalne-tolketeenus#breadcrumb\"},\"inLanguage\":\"et\",\"potentialAction\":[{\"@type\":\"ReadAction\",\"target\":[\"https:\/\/www.bigtranslation.com\/et\/professionaalne-tolketeenus\"]}]},{\"@type\":\"BreadcrumbList\",\"@id\":\"https:\/\/www.bigtranslation.com\/et\/professionaalne-tolketeenus#breadcrumb\",\"itemListElement\":[{\"@type\":\"ListItem\",\"position\":1,\"name\":\"Home\",\"item\":\"https:\/\/www.bigtranslation.com\/et\"},{\"@type\":\"ListItem\",\"position\":2,\"name\":\"Professionaalsed T\u00f5lketeenused\"}]},{\"@type\":\"WebSite\",\"@id\":\"https:\/\/www.bigtranslation.com\/et#website\",\"url\":\"https:\/\/www.bigtranslation.com\/et\",\"name\":\"BigTranslation\",\"description\":\"Native and Professional translators\",\"potentialAction\":[{\"@type\":\"SearchAction\",\"target\":{\"@type\":\"EntryPoint\",\"urlTemplate\":\"https:\/\/www.bigtranslation.com\/et?s={search_term_string}\"},\"query-input\":\"required name=search_term_string\"}],\"inLanguage\":\"et\"}]}<\/script>\n<!-- \/ Yoast SEO plugin. -->","yoast_head_json":{"title":"Professionaalne t\u00f5lkimise teenus | Professionaalne ja rahvuslik t\u00f5lkeb\u00fcroo","description":"Meie professionaalse t\u00f5lkeb\u00fcroo t\u00f5lkijad t\u00f5lgivad k\u00f5iki Euroopa keeli. Uuri l\u00e4hemalt meie t\u00f5lketeenuste kohta.","robots":{"index":"index","follow":"follow","max-snippet":"max-snippet:-1","max-image-preview":"max-image-preview:large","max-video-preview":"max-video-preview:-1"},"canonical":"https:\/\/www.bigtranslation.com\/et\/professionaalne-tolketeenus","og_locale":"et_EE","og_type":"article","og_title":"Professionaalne t\u00f5lkimise teenus | Professionaalne ja rahvuslik t\u00f5lkeb\u00fcroo","og_description":"Meie professionaalse t\u00f5lkeb\u00fcroo t\u00f5lkijad t\u00f5lgivad k\u00f5iki Euroopa keeli. Uuri l\u00e4hemalt meie t\u00f5lketeenuste kohta.","og_url":"https:\/\/www.bigtranslation.com\/et\/professionaalne-tolketeenus","og_site_name":"BigTranslation","article_modified_time":"2021-09-20T12:45:32+00:00","twitter_card":"summary_large_image","schema":{"@context":"https:\/\/schema.org","@graph":[{"@type":"WebPage","@id":"https:\/\/www.bigtranslation.com\/et\/professionaalne-tolketeenus","url":"https:\/\/www.bigtranslation.com\/et\/professionaalne-tolketeenus","name":"Professionaalne t\u00f5lkimise teenus | Professionaalne ja rahvuslik t\u00f5lkeb\u00fcroo","isPartOf":{"@id":"https:\/\/www.bigtranslation.com\/et#website"},"datePublished":"2021-08-26T11:45:01+00:00","dateModified":"2021-09-20T12:45:32+00:00","description":"Meie professionaalse t\u00f5lkeb\u00fcroo t\u00f5lkijad t\u00f5lgivad k\u00f5iki Euroopa keeli. Uuri l\u00e4hemalt meie t\u00f5lketeenuste kohta.","breadcrumb":{"@id":"https:\/\/www.bigtranslation.com\/et\/professionaalne-tolketeenus#breadcrumb"},"inLanguage":"et","potentialAction":[{"@type":"ReadAction","target":["https:\/\/www.bigtranslation.com\/et\/professionaalne-tolketeenus"]}]},{"@type":"BreadcrumbList","@id":"https:\/\/www.bigtranslation.com\/et\/professionaalne-tolketeenus#breadcrumb","itemListElement":[{"@type":"ListItem","position":1,"name":"Home","item":"https:\/\/www.bigtranslation.com\/et"},{"@type":"ListItem","position":2,"name":"Professionaalsed T\u00f5lketeenused"}]},{"@type":"WebSite","@id":"https:\/\/www.bigtranslation.com\/et#website","url":"https:\/\/www.bigtranslation.com\/et","name":"BigTranslation","description":"Native and Professional translators","potentialAction":[{"@type":"SearchAction","target":{"@type":"EntryPoint","urlTemplate":"https:\/\/www.bigtranslation.com\/et?s={search_term_string}"},"query-input":"required name=search_term_string"}],"inLanguage":"et"}]}},"acf":[],"amp_enabled":true,"_links":{"self":[{"href":"https:\/\/www.bigtranslation.com\/et\/wp-json\/wp\/v2\/pages\/4610"}],"collection":[{"href":"https:\/\/www.bigtranslation.com\/et\/wp-json\/wp\/v2\/pages"}],"about":[{"href":"https:\/\/www.bigtranslation.com\/et\/wp-json\/wp\/v2\/types\/page"}],"author":[{"embeddable":true,"href":"https:\/\/www.bigtranslation.com\/et\/wp-json\/wp\/v2\/users\/1"}],"replies":[{"embeddable":true,"href":"https:\/\/www.bigtranslation.com\/et\/wp-json\/wp\/v2\/comments?post=4610"}],"version-history":[{"count":1,"href":"https:\/\/www.bigtranslation.com\/et\/wp-json\/wp\/v2\/pages\/4610\/revisions"}],"predecessor-version":[{"id":4617,"href":"https:\/\/www.bigtranslation.com\/et\/wp-json\/wp\/v2\/pages\/4610\/revisions\/4617"}],"wp:attachment":[{"href":"https:\/\/www.bigtranslation.com\/et\/wp-json\/wp\/v2\/media?parent=4610"}],"curies":[{"name":"wp","href":"https:\/\/api.w.org\/{rel}","templated":true}]}}