{"id":4642,"date":"2021-06-14T09:08:05","date_gmt":"2021-06-14T09:08:05","guid":{"rendered":"https:\/\/www.bigtranslation.com\/translation-services\/"},"modified":"2021-09-20T13:28:01","modified_gmt":"2021-09-20T13:28:01","slug":"tolketeenused","status":"publish","type":"page","link":"https:\/\/www.bigtranslation.com\/et\/tolketeenused","title":{"rendered":"T\u00f5lketeenused"},"content":{"rendered":"","protected":false},"excerpt":{"rendered":"","protected":false},"author":1,"featured_media":0,"parent":0,"menu_order":1,"comment_status":"closed","ping_status":"closed","template":"page-templates\/template-translation-services.php","meta":{"footnotes":""},"yoast_head":"<!-- This site is optimized with the Yoast SEO plugin v21.8.1 - https:\/\/yoast.com\/wordpress\/plugins\/seo\/ -->\n<title>T\u00f5lketeenused | T\u00f5lkeb\u00fcroo<\/title>\n<meta name=\"description\" content=\"Kvaliteetne t\u00f5lketeenus, dokumendit\u00f5lge, veebilehet\u00f5lge, korrektuur ja toimetamine.\" \/>\n<meta name=\"robots\" content=\"index, follow, max-snippet:-1, max-image-preview:large, max-video-preview:-1\" \/>\n<link rel=\"canonical\" href=\"https:\/\/www.bigtranslation.com\/et\/tolketeenused\" \/>\n<meta property=\"og:locale\" content=\"et_EE\" \/>\n<meta property=\"og:type\" content=\"article\" \/>\n<meta property=\"og:title\" content=\"T\u00f5lketeenused | T\u00f5lkeb\u00fcroo\" \/>\n<meta property=\"og:description\" content=\"Kvaliteetne t\u00f5lketeenus, dokumendit\u00f5lge, veebilehet\u00f5lge, korrektuur ja toimetamine.\" \/>\n<meta property=\"og:url\" content=\"https:\/\/www.bigtranslation.com\/et\/tolketeenused\" \/>\n<meta property=\"og:site_name\" content=\"BigTranslation\" \/>\n<meta property=\"article:modified_time\" content=\"2021-09-20T13:28:01+00:00\" \/>\n<meta name=\"twitter:card\" content=\"summary_large_image\" \/>\n<script type=\"application\/ld+json\" class=\"yoast-schema-graph\">{\"@context\":\"https:\/\/schema.org\",\"@graph\":[{\"@type\":\"WebPage\",\"@id\":\"https:\/\/www.bigtranslation.com\/et\/tolketeenused\",\"url\":\"https:\/\/www.bigtranslation.com\/et\/tolketeenused\",\"name\":\"T\u00f5lketeenused | T\u00f5lkeb\u00fcroo\",\"isPartOf\":{\"@id\":\"https:\/\/www.bigtranslation.com\/et#website\"},\"datePublished\":\"2021-06-14T09:08:05+00:00\",\"dateModified\":\"2021-09-20T13:28:01+00:00\",\"description\":\"Kvaliteetne t\u00f5lketeenus, dokumendit\u00f5lge, veebilehet\u00f5lge, korrektuur ja toimetamine.\",\"breadcrumb\":{\"@id\":\"https:\/\/www.bigtranslation.com\/et\/tolketeenused#breadcrumb\"},\"inLanguage\":\"et\",\"potentialAction\":[{\"@type\":\"ReadAction\",\"target\":[\"https:\/\/www.bigtranslation.com\/et\/tolketeenused\"]}]},{\"@type\":\"BreadcrumbList\",\"@id\":\"https:\/\/www.bigtranslation.com\/et\/tolketeenused#breadcrumb\",\"itemListElement\":[{\"@type\":\"ListItem\",\"position\":1,\"name\":\"Home\",\"item\":\"https:\/\/www.bigtranslation.com\/et\"},{\"@type\":\"ListItem\",\"position\":2,\"name\":\"T\u00f5lketeenused\"}]},{\"@type\":\"WebSite\",\"@id\":\"https:\/\/www.bigtranslation.com\/et#website\",\"url\":\"https:\/\/www.bigtranslation.com\/et\",\"name\":\"BigTranslation\",\"description\":\"Native and Professional translators\",\"potentialAction\":[{\"@type\":\"SearchAction\",\"target\":{\"@type\":\"EntryPoint\",\"urlTemplate\":\"https:\/\/www.bigtranslation.com\/et?s={search_term_string}\"},\"query-input\":\"required name=search_term_string\"}],\"inLanguage\":\"et\"}]}<\/script>\n<!-- \/ Yoast SEO plugin. -->","yoast_head_json":{"title":"T\u00f5lketeenused | T\u00f5lkeb\u00fcroo","description":"Kvaliteetne t\u00f5lketeenus, dokumendit\u00f5lge, veebilehet\u00f5lge, korrektuur ja toimetamine.","robots":{"index":"index","follow":"follow","max-snippet":"max-snippet:-1","max-image-preview":"max-image-preview:large","max-video-preview":"max-video-preview:-1"},"canonical":"https:\/\/www.bigtranslation.com\/et\/tolketeenused","og_locale":"et_EE","og_type":"article","og_title":"T\u00f5lketeenused | T\u00f5lkeb\u00fcroo","og_description":"Kvaliteetne t\u00f5lketeenus, dokumendit\u00f5lge, veebilehet\u00f5lge, korrektuur ja toimetamine.","og_url":"https:\/\/www.bigtranslation.com\/et\/tolketeenused","og_site_name":"BigTranslation","article_modified_time":"2021-09-20T13:28:01+00:00","twitter_card":"summary_large_image","schema":{"@context":"https:\/\/schema.org","@graph":[{"@type":"WebPage","@id":"https:\/\/www.bigtranslation.com\/et\/tolketeenused","url":"https:\/\/www.bigtranslation.com\/et\/tolketeenused","name":"T\u00f5lketeenused | T\u00f5lkeb\u00fcroo","isPartOf":{"@id":"https:\/\/www.bigtranslation.com\/et#website"},"datePublished":"2021-06-14T09:08:05+00:00","dateModified":"2021-09-20T13:28:01+00:00","description":"Kvaliteetne t\u00f5lketeenus, dokumendit\u00f5lge, veebilehet\u00f5lge, korrektuur ja toimetamine.","breadcrumb":{"@id":"https:\/\/www.bigtranslation.com\/et\/tolketeenused#breadcrumb"},"inLanguage":"et","potentialAction":[{"@type":"ReadAction","target":["https:\/\/www.bigtranslation.com\/et\/tolketeenused"]}]},{"@type":"BreadcrumbList","@id":"https:\/\/www.bigtranslation.com\/et\/tolketeenused#breadcrumb","itemListElement":[{"@type":"ListItem","position":1,"name":"Home","item":"https:\/\/www.bigtranslation.com\/et"},{"@type":"ListItem","position":2,"name":"T\u00f5lketeenused"}]},{"@type":"WebSite","@id":"https:\/\/www.bigtranslation.com\/et#website","url":"https:\/\/www.bigtranslation.com\/et","name":"BigTranslation","description":"Native and Professional translators","potentialAction":[{"@type":"SearchAction","target":{"@type":"EntryPoint","urlTemplate":"https:\/\/www.bigtranslation.com\/et?s={search_term_string}"},"query-input":"required name=search_term_string"}],"inLanguage":"et"}]}},"acf":[],"amp_enabled":true,"_links":{"self":[{"href":"https:\/\/www.bigtranslation.com\/et\/wp-json\/wp\/v2\/pages\/4642"}],"collection":[{"href":"https:\/\/www.bigtranslation.com\/et\/wp-json\/wp\/v2\/pages"}],"about":[{"href":"https:\/\/www.bigtranslation.com\/et\/wp-json\/wp\/v2\/types\/page"}],"author":[{"embeddable":true,"href":"https:\/\/www.bigtranslation.com\/et\/wp-json\/wp\/v2\/users\/1"}],"replies":[{"embeddable":true,"href":"https:\/\/www.bigtranslation.com\/et\/wp-json\/wp\/v2\/comments?post=4642"}],"version-history":[{"count":1,"href":"https:\/\/www.bigtranslation.com\/et\/wp-json\/wp\/v2\/pages\/4642\/revisions"}],"predecessor-version":[{"id":4645,"href":"https:\/\/www.bigtranslation.com\/et\/wp-json\/wp\/v2\/pages\/4642\/revisions\/4645"}],"wp:attachment":[{"href":"https:\/\/www.bigtranslation.com\/et\/wp-json\/wp\/v2\/media?parent=4642"}],"curies":[{"name":"wp","href":"https:\/\/api.w.org\/{rel}","templated":true}]}}