{"id":4658,"date":"2021-07-01T07:10:11","date_gmt":"2021-07-01T07:10:11","guid":{"rendered":"https:\/\/www.bigtranslation.com\/languages\/"},"modified":"2021-09-20T13:59:35","modified_gmt":"2021-09-20T13:59:35","slug":"keeled","status":"publish","type":"page","link":"https:\/\/www.bigtranslation.com\/et\/keeled","title":{"rendered":"Keeled"},"content":{"rendered":"","protected":false},"excerpt":{"rendered":"","protected":false},"author":1,"featured_media":0,"parent":0,"menu_order":3,"comment_status":"closed","ping_status":"closed","template":"page-templates\/template-language-combinations.php","meta":{"footnotes":""},"yoast_head":"<!-- This site is optimized with the Yoast SEO plugin v21.8.1 - https:\/\/yoast.com\/wordpress\/plugins\/seo\/ -->\n<title>Kohandatud t\u00f5lked erinevatesse keeltesse | T\u00f5lkeb\u00fcroo<\/title>\n<meta name=\"description\" content=\"T\u00f6\u00f6tame professionaalsete t\u00f5lkijatega k\u00f5igis Euroopa keeltes. Kui soovite t\u00f5lget nendesse keeltesse, siis v\u00f5tke meiega \u00fchendust.\" \/>\n<meta name=\"robots\" content=\"index, follow, max-snippet:-1, max-image-preview:large, max-video-preview:-1\" \/>\n<link rel=\"canonical\" href=\"https:\/\/www.bigtranslation.com\/et\/keeled\" \/>\n<meta property=\"og:locale\" content=\"et_EE\" \/>\n<meta property=\"og:type\" content=\"article\" \/>\n<meta property=\"og:title\" content=\"Kohandatud t\u00f5lked erinevatesse keeltesse | T\u00f5lkeb\u00fcroo\" \/>\n<meta property=\"og:description\" content=\"T\u00f6\u00f6tame professionaalsete t\u00f5lkijatega k\u00f5igis Euroopa keeltes. Kui soovite t\u00f5lget nendesse keeltesse, siis v\u00f5tke meiega \u00fchendust.\" \/>\n<meta property=\"og:url\" content=\"https:\/\/www.bigtranslation.com\/et\/keeled\" \/>\n<meta property=\"og:site_name\" content=\"BigTranslation\" \/>\n<meta property=\"article:modified_time\" content=\"2021-09-20T13:59:35+00:00\" \/>\n<meta name=\"twitter:card\" content=\"summary_large_image\" \/>\n<script type=\"application\/ld+json\" class=\"yoast-schema-graph\">{\"@context\":\"https:\/\/schema.org\",\"@graph\":[{\"@type\":\"WebPage\",\"@id\":\"https:\/\/www.bigtranslation.com\/et\/keeled\",\"url\":\"https:\/\/www.bigtranslation.com\/et\/keeled\",\"name\":\"Kohandatud t\u00f5lked erinevatesse keeltesse | T\u00f5lkeb\u00fcroo\",\"isPartOf\":{\"@id\":\"https:\/\/www.bigtranslation.com\/et#website\"},\"datePublished\":\"2021-07-01T07:10:11+00:00\",\"dateModified\":\"2021-09-20T13:59:35+00:00\",\"description\":\"T\u00f6\u00f6tame professionaalsete t\u00f5lkijatega k\u00f5igis Euroopa keeltes. Kui soovite t\u00f5lget nendesse keeltesse, siis v\u00f5tke meiega \u00fchendust.\",\"breadcrumb\":{\"@id\":\"https:\/\/www.bigtranslation.com\/et\/keeled#breadcrumb\"},\"inLanguage\":\"et\",\"potentialAction\":[{\"@type\":\"ReadAction\",\"target\":[\"https:\/\/www.bigtranslation.com\/et\/keeled\"]}]},{\"@type\":\"BreadcrumbList\",\"@id\":\"https:\/\/www.bigtranslation.com\/et\/keeled#breadcrumb\",\"itemListElement\":[{\"@type\":\"ListItem\",\"position\":1,\"name\":\"Home\",\"item\":\"https:\/\/www.bigtranslation.com\/et\"},{\"@type\":\"ListItem\",\"position\":2,\"name\":\"Keeled\"}]},{\"@type\":\"WebSite\",\"@id\":\"https:\/\/www.bigtranslation.com\/et#website\",\"url\":\"https:\/\/www.bigtranslation.com\/et\",\"name\":\"BigTranslation\",\"description\":\"Native and Professional translators\",\"potentialAction\":[{\"@type\":\"SearchAction\",\"target\":{\"@type\":\"EntryPoint\",\"urlTemplate\":\"https:\/\/www.bigtranslation.com\/et?s={search_term_string}\"},\"query-input\":\"required name=search_term_string\"}],\"inLanguage\":\"et\"}]}<\/script>\n<!-- \/ Yoast SEO plugin. -->","yoast_head_json":{"title":"Kohandatud t\u00f5lked erinevatesse keeltesse | T\u00f5lkeb\u00fcroo","description":"T\u00f6\u00f6tame professionaalsete t\u00f5lkijatega k\u00f5igis Euroopa keeltes. Kui soovite t\u00f5lget nendesse keeltesse, siis v\u00f5tke meiega \u00fchendust.","robots":{"index":"index","follow":"follow","max-snippet":"max-snippet:-1","max-image-preview":"max-image-preview:large","max-video-preview":"max-video-preview:-1"},"canonical":"https:\/\/www.bigtranslation.com\/et\/keeled","og_locale":"et_EE","og_type":"article","og_title":"Kohandatud t\u00f5lked erinevatesse keeltesse | T\u00f5lkeb\u00fcroo","og_description":"T\u00f6\u00f6tame professionaalsete t\u00f5lkijatega k\u00f5igis Euroopa keeltes. Kui soovite t\u00f5lget nendesse keeltesse, siis v\u00f5tke meiega \u00fchendust.","og_url":"https:\/\/www.bigtranslation.com\/et\/keeled","og_site_name":"BigTranslation","article_modified_time":"2021-09-20T13:59:35+00:00","twitter_card":"summary_large_image","schema":{"@context":"https:\/\/schema.org","@graph":[{"@type":"WebPage","@id":"https:\/\/www.bigtranslation.com\/et\/keeled","url":"https:\/\/www.bigtranslation.com\/et\/keeled","name":"Kohandatud t\u00f5lked erinevatesse keeltesse | T\u00f5lkeb\u00fcroo","isPartOf":{"@id":"https:\/\/www.bigtranslation.com\/et#website"},"datePublished":"2021-07-01T07:10:11+00:00","dateModified":"2021-09-20T13:59:35+00:00","description":"T\u00f6\u00f6tame professionaalsete t\u00f5lkijatega k\u00f5igis Euroopa keeltes. Kui soovite t\u00f5lget nendesse keeltesse, siis v\u00f5tke meiega \u00fchendust.","breadcrumb":{"@id":"https:\/\/www.bigtranslation.com\/et\/keeled#breadcrumb"},"inLanguage":"et","potentialAction":[{"@type":"ReadAction","target":["https:\/\/www.bigtranslation.com\/et\/keeled"]}]},{"@type":"BreadcrumbList","@id":"https:\/\/www.bigtranslation.com\/et\/keeled#breadcrumb","itemListElement":[{"@type":"ListItem","position":1,"name":"Home","item":"https:\/\/www.bigtranslation.com\/et"},{"@type":"ListItem","position":2,"name":"Keeled"}]},{"@type":"WebSite","@id":"https:\/\/www.bigtranslation.com\/et#website","url":"https:\/\/www.bigtranslation.com\/et","name":"BigTranslation","description":"Native and Professional translators","potentialAction":[{"@type":"SearchAction","target":{"@type":"EntryPoint","urlTemplate":"https:\/\/www.bigtranslation.com\/et?s={search_term_string}"},"query-input":"required name=search_term_string"}],"inLanguage":"et"}]}},"acf":[],"amp_enabled":true,"_links":{"self":[{"href":"https:\/\/www.bigtranslation.com\/et\/wp-json\/wp\/v2\/pages\/4658"}],"collection":[{"href":"https:\/\/www.bigtranslation.com\/et\/wp-json\/wp\/v2\/pages"}],"about":[{"href":"https:\/\/www.bigtranslation.com\/et\/wp-json\/wp\/v2\/types\/page"}],"author":[{"embeddable":true,"href":"https:\/\/www.bigtranslation.com\/et\/wp-json\/wp\/v2\/users\/1"}],"replies":[{"embeddable":true,"href":"https:\/\/www.bigtranslation.com\/et\/wp-json\/wp\/v2\/comments?post=4658"}],"version-history":[{"count":1,"href":"https:\/\/www.bigtranslation.com\/et\/wp-json\/wp\/v2\/pages\/4658\/revisions"}],"predecessor-version":[{"id":4663,"href":"https:\/\/www.bigtranslation.com\/et\/wp-json\/wp\/v2\/pages\/4658\/revisions\/4663"}],"wp:attachment":[{"href":"https:\/\/www.bigtranslation.com\/et\/wp-json\/wp\/v2\/media?parent=4658"}],"curies":[{"name":"wp","href":"https:\/\/api.w.org\/{rel}","templated":true}]}}