{"id":4709,"date":"2021-07-12T12:16:20","date_gmt":"2021-07-12T12:16:20","guid":{"rendered":"https:\/\/www.bigtranslation.com\/seo-translation"},"modified":"2021-09-21T06:42:39","modified_gmt":"2021-09-21T06:42:39","slug":"seo-tolge","status":"publish","type":"page","link":"https:\/\/www.bigtranslation.com\/et\/seo-tolge","title":{"rendered":"Mitmekeelne"},"content":{"rendered":"","protected":false},"excerpt":{"rendered":"","protected":false},"author":1,"featured_media":0,"parent":0,"menu_order":5,"comment_status":"closed","ping_status":"closed","template":"page-templates\/template-seo-translation.php","meta":{"footnotes":""},"yoast_head":"<!-- This site is optimized with the Yoast SEO plugin v21.8.1 - https:\/\/yoast.com\/wordpress\/plugins\/seo\/ -->\n<title>T\u00f5lkeb\u00fcroo | Mis on spetsialiseerunud SEO t\u00f5lkimisele<\/title>\n<meta name=\"description\" content=\"BigTranslation pakub SEO-t\u00f5lkimist hoolikalt valitud professionaalsete t\u00f5lkijate abil, kes omavad kogemust SEO-positsioneerimises.\" \/>\n<meta name=\"robots\" content=\"index, follow, max-snippet:-1, max-image-preview:large, max-video-preview:-1\" \/>\n<link rel=\"canonical\" href=\"https:\/\/www.bigtranslation.com\/et\/seo-tolge\" \/>\n<meta property=\"og:locale\" content=\"et_EE\" \/>\n<meta property=\"og:type\" content=\"article\" \/>\n<meta property=\"og:title\" content=\"T\u00f5lkeb\u00fcroo | Mis on spetsialiseerunud SEO t\u00f5lkimisele\" \/>\n<meta property=\"og:description\" content=\"BigTranslation pakub SEO-t\u00f5lkimist hoolikalt valitud professionaalsete t\u00f5lkijate abil, kes omavad kogemust SEO-positsioneerimises.\" \/>\n<meta property=\"og:url\" content=\"https:\/\/www.bigtranslation.com\/et\/seo-tolge\" \/>\n<meta property=\"og:site_name\" content=\"BigTranslation\" \/>\n<meta property=\"article:modified_time\" content=\"2021-09-21T06:42:39+00:00\" \/>\n<meta name=\"twitter:card\" content=\"summary_large_image\" \/>\n<script type=\"application\/ld+json\" class=\"yoast-schema-graph\">{\"@context\":\"https:\/\/schema.org\",\"@graph\":[{\"@type\":\"WebPage\",\"@id\":\"https:\/\/www.bigtranslation.com\/et\/seo-tolge\",\"url\":\"https:\/\/www.bigtranslation.com\/et\/seo-tolge\",\"name\":\"T\u00f5lkeb\u00fcroo | Mis on spetsialiseerunud SEO t\u00f5lkimisele\",\"isPartOf\":{\"@id\":\"https:\/\/www.bigtranslation.com\/et#website\"},\"datePublished\":\"2021-07-12T12:16:20+00:00\",\"dateModified\":\"2021-09-21T06:42:39+00:00\",\"description\":\"BigTranslation pakub SEO-t\u00f5lkimist hoolikalt valitud professionaalsete t\u00f5lkijate abil, kes omavad kogemust SEO-positsioneerimises.\",\"breadcrumb\":{\"@id\":\"https:\/\/www.bigtranslation.com\/et\/seo-tolge#breadcrumb\"},\"inLanguage\":\"et\",\"potentialAction\":[{\"@type\":\"ReadAction\",\"target\":[\"https:\/\/www.bigtranslation.com\/et\/seo-tolge\"]}]},{\"@type\":\"BreadcrumbList\",\"@id\":\"https:\/\/www.bigtranslation.com\/et\/seo-tolge#breadcrumb\",\"itemListElement\":[{\"@type\":\"ListItem\",\"position\":1,\"name\":\"Home\",\"item\":\"https:\/\/www.bigtranslation.com\/et\"},{\"@type\":\"ListItem\",\"position\":2,\"name\":\"Mitmekeelne\"}]},{\"@type\":\"WebSite\",\"@id\":\"https:\/\/www.bigtranslation.com\/et#website\",\"url\":\"https:\/\/www.bigtranslation.com\/et\",\"name\":\"BigTranslation\",\"description\":\"Native and Professional translators\",\"potentialAction\":[{\"@type\":\"SearchAction\",\"target\":{\"@type\":\"EntryPoint\",\"urlTemplate\":\"https:\/\/www.bigtranslation.com\/et?s={search_term_string}\"},\"query-input\":\"required name=search_term_string\"}],\"inLanguage\":\"et\"}]}<\/script>\n<!-- \/ Yoast SEO plugin. -->","yoast_head_json":{"title":"T\u00f5lkeb\u00fcroo | Mis on spetsialiseerunud SEO t\u00f5lkimisele","description":"BigTranslation pakub SEO-t\u00f5lkimist hoolikalt valitud professionaalsete t\u00f5lkijate abil, kes omavad kogemust SEO-positsioneerimises.","robots":{"index":"index","follow":"follow","max-snippet":"max-snippet:-1","max-image-preview":"max-image-preview:large","max-video-preview":"max-video-preview:-1"},"canonical":"https:\/\/www.bigtranslation.com\/et\/seo-tolge","og_locale":"et_EE","og_type":"article","og_title":"T\u00f5lkeb\u00fcroo | Mis on spetsialiseerunud SEO t\u00f5lkimisele","og_description":"BigTranslation pakub SEO-t\u00f5lkimist hoolikalt valitud professionaalsete t\u00f5lkijate abil, kes omavad kogemust SEO-positsioneerimises.","og_url":"https:\/\/www.bigtranslation.com\/et\/seo-tolge","og_site_name":"BigTranslation","article_modified_time":"2021-09-21T06:42:39+00:00","twitter_card":"summary_large_image","schema":{"@context":"https:\/\/schema.org","@graph":[{"@type":"WebPage","@id":"https:\/\/www.bigtranslation.com\/et\/seo-tolge","url":"https:\/\/www.bigtranslation.com\/et\/seo-tolge","name":"T\u00f5lkeb\u00fcroo | Mis on spetsialiseerunud SEO t\u00f5lkimisele","isPartOf":{"@id":"https:\/\/www.bigtranslation.com\/et#website"},"datePublished":"2021-07-12T12:16:20+00:00","dateModified":"2021-09-21T06:42:39+00:00","description":"BigTranslation pakub SEO-t\u00f5lkimist hoolikalt valitud professionaalsete t\u00f5lkijate abil, kes omavad kogemust SEO-positsioneerimises.","breadcrumb":{"@id":"https:\/\/www.bigtranslation.com\/et\/seo-tolge#breadcrumb"},"inLanguage":"et","potentialAction":[{"@type":"ReadAction","target":["https:\/\/www.bigtranslation.com\/et\/seo-tolge"]}]},{"@type":"BreadcrumbList","@id":"https:\/\/www.bigtranslation.com\/et\/seo-tolge#breadcrumb","itemListElement":[{"@type":"ListItem","position":1,"name":"Home","item":"https:\/\/www.bigtranslation.com\/et"},{"@type":"ListItem","position":2,"name":"Mitmekeelne"}]},{"@type":"WebSite","@id":"https:\/\/www.bigtranslation.com\/et#website","url":"https:\/\/www.bigtranslation.com\/et","name":"BigTranslation","description":"Native and Professional translators","potentialAction":[{"@type":"SearchAction","target":{"@type":"EntryPoint","urlTemplate":"https:\/\/www.bigtranslation.com\/et?s={search_term_string}"},"query-input":"required name=search_term_string"}],"inLanguage":"et"}]}},"acf":[],"amp_enabled":true,"_links":{"self":[{"href":"https:\/\/www.bigtranslation.com\/et\/wp-json\/wp\/v2\/pages\/4709"}],"collection":[{"href":"https:\/\/www.bigtranslation.com\/et\/wp-json\/wp\/v2\/pages"}],"about":[{"href":"https:\/\/www.bigtranslation.com\/et\/wp-json\/wp\/v2\/types\/page"}],"author":[{"embeddable":true,"href":"https:\/\/www.bigtranslation.com\/et\/wp-json\/wp\/v2\/users\/1"}],"replies":[{"embeddable":true,"href":"https:\/\/www.bigtranslation.com\/et\/wp-json\/wp\/v2\/comments?post=4709"}],"version-history":[{"count":1,"href":"https:\/\/www.bigtranslation.com\/et\/wp-json\/wp\/v2\/pages\/4709\/revisions"}],"predecessor-version":[{"id":4715,"href":"https:\/\/www.bigtranslation.com\/et\/wp-json\/wp\/v2\/pages\/4709\/revisions\/4715"}],"wp:attachment":[{"href":"https:\/\/www.bigtranslation.com\/et\/wp-json\/wp\/v2\/media?parent=4709"}],"curies":[{"name":"wp","href":"https:\/\/api.w.org\/{rel}","templated":true}]}}