{"id":4828,"date":"2021-07-01T07:43:26","date_gmt":"2021-07-01T07:43:26","guid":{"rendered":"https:\/\/www.bigtranslation.com\/translate-website"},"modified":"2021-10-05T05:52:33","modified_gmt":"2021-10-05T05:52:33","slug":"veebisaidi-tolkimine","status":"publish","type":"page","link":"https:\/\/www.bigtranslation.com\/et\/veebisaidi-tolkimine","title":{"rendered":"Veebisaidi"},"content":{"rendered":"","protected":false},"excerpt":{"rendered":"","protected":false},"author":1,"featured_media":0,"parent":0,"menu_order":6,"comment_status":"closed","ping_status":"closed","template":"page-templates\/template-translate-website.php","meta":{"footnotes":""},"yoast_head":"<!-- This site is optimized with the Yoast SEO plugin v21.8.1 - https:\/\/yoast.com\/wordpress\/plugins\/seo\/ -->\n<title>Veebisaidi T\u00f5lkimine | T\u00f5lkeb\u00fcroo<\/title>\n<meta name=\"description\" content=\"Meie t\u00f5lkeb\u00fcroo pakub veebilehe ja SEO t\u00f5lketeenust. Laske oma veebileht t\u00f5lkida ja v\u00f5itke uusi kliente.\" \/>\n<meta name=\"robots\" content=\"index, follow, max-snippet:-1, max-image-preview:large, max-video-preview:-1\" \/>\n<link rel=\"canonical\" href=\"https:\/\/www.bigtranslation.com\/et\/veebisaidi-tolkimine\" \/>\n<meta property=\"og:locale\" content=\"et_EE\" \/>\n<meta property=\"og:type\" content=\"article\" \/>\n<meta property=\"og:title\" content=\"Veebisaidi T\u00f5lkimine | T\u00f5lkeb\u00fcroo\" \/>\n<meta property=\"og:description\" content=\"Meie t\u00f5lkeb\u00fcroo pakub veebilehe ja SEO t\u00f5lketeenust. Laske oma veebileht t\u00f5lkida ja v\u00f5itke uusi kliente.\" \/>\n<meta property=\"og:url\" content=\"https:\/\/www.bigtranslation.com\/et\/veebisaidi-tolkimine\" \/>\n<meta property=\"og:site_name\" content=\"BigTranslation\" \/>\n<meta property=\"article:modified_time\" content=\"2021-10-05T05:52:33+00:00\" \/>\n<meta name=\"twitter:card\" content=\"summary_large_image\" \/>\n<script type=\"application\/ld+json\" class=\"yoast-schema-graph\">{\"@context\":\"https:\/\/schema.org\",\"@graph\":[{\"@type\":\"WebPage\",\"@id\":\"https:\/\/www.bigtranslation.com\/et\/veebisaidi-tolkimine\",\"url\":\"https:\/\/www.bigtranslation.com\/et\/veebisaidi-tolkimine\",\"name\":\"Veebisaidi T\u00f5lkimine | T\u00f5lkeb\u00fcroo\",\"isPartOf\":{\"@id\":\"https:\/\/www.bigtranslation.com\/et#website\"},\"datePublished\":\"2021-07-01T07:43:26+00:00\",\"dateModified\":\"2021-10-05T05:52:33+00:00\",\"description\":\"Meie t\u00f5lkeb\u00fcroo pakub veebilehe ja SEO t\u00f5lketeenust. Laske oma veebileht t\u00f5lkida ja v\u00f5itke uusi kliente.\",\"breadcrumb\":{\"@id\":\"https:\/\/www.bigtranslation.com\/et\/veebisaidi-tolkimine#breadcrumb\"},\"inLanguage\":\"et\",\"potentialAction\":[{\"@type\":\"ReadAction\",\"target\":[\"https:\/\/www.bigtranslation.com\/et\/veebisaidi-tolkimine\"]}]},{\"@type\":\"BreadcrumbList\",\"@id\":\"https:\/\/www.bigtranslation.com\/et\/veebisaidi-tolkimine#breadcrumb\",\"itemListElement\":[{\"@type\":\"ListItem\",\"position\":1,\"name\":\"Home\",\"item\":\"https:\/\/www.bigtranslation.com\/et\"},{\"@type\":\"ListItem\",\"position\":2,\"name\":\"Veebisaidi\"}]},{\"@type\":\"WebSite\",\"@id\":\"https:\/\/www.bigtranslation.com\/et#website\",\"url\":\"https:\/\/www.bigtranslation.com\/et\",\"name\":\"BigTranslation\",\"description\":\"Native and Professional translators\",\"potentialAction\":[{\"@type\":\"SearchAction\",\"target\":{\"@type\":\"EntryPoint\",\"urlTemplate\":\"https:\/\/www.bigtranslation.com\/et?s={search_term_string}\"},\"query-input\":\"required name=search_term_string\"}],\"inLanguage\":\"et\"}]}<\/script>\n<!-- \/ Yoast SEO plugin. -->","yoast_head_json":{"title":"Veebisaidi T\u00f5lkimine | T\u00f5lkeb\u00fcroo","description":"Meie t\u00f5lkeb\u00fcroo pakub veebilehe ja SEO t\u00f5lketeenust. Laske oma veebileht t\u00f5lkida ja v\u00f5itke uusi kliente.","robots":{"index":"index","follow":"follow","max-snippet":"max-snippet:-1","max-image-preview":"max-image-preview:large","max-video-preview":"max-video-preview:-1"},"canonical":"https:\/\/www.bigtranslation.com\/et\/veebisaidi-tolkimine","og_locale":"et_EE","og_type":"article","og_title":"Veebisaidi T\u00f5lkimine | T\u00f5lkeb\u00fcroo","og_description":"Meie t\u00f5lkeb\u00fcroo pakub veebilehe ja SEO t\u00f5lketeenust. Laske oma veebileht t\u00f5lkida ja v\u00f5itke uusi kliente.","og_url":"https:\/\/www.bigtranslation.com\/et\/veebisaidi-tolkimine","og_site_name":"BigTranslation","article_modified_time":"2021-10-05T05:52:33+00:00","twitter_card":"summary_large_image","schema":{"@context":"https:\/\/schema.org","@graph":[{"@type":"WebPage","@id":"https:\/\/www.bigtranslation.com\/et\/veebisaidi-tolkimine","url":"https:\/\/www.bigtranslation.com\/et\/veebisaidi-tolkimine","name":"Veebisaidi T\u00f5lkimine | T\u00f5lkeb\u00fcroo","isPartOf":{"@id":"https:\/\/www.bigtranslation.com\/et#website"},"datePublished":"2021-07-01T07:43:26+00:00","dateModified":"2021-10-05T05:52:33+00:00","description":"Meie t\u00f5lkeb\u00fcroo pakub veebilehe ja SEO t\u00f5lketeenust. Laske oma veebileht t\u00f5lkida ja v\u00f5itke uusi kliente.","breadcrumb":{"@id":"https:\/\/www.bigtranslation.com\/et\/veebisaidi-tolkimine#breadcrumb"},"inLanguage":"et","potentialAction":[{"@type":"ReadAction","target":["https:\/\/www.bigtranslation.com\/et\/veebisaidi-tolkimine"]}]},{"@type":"BreadcrumbList","@id":"https:\/\/www.bigtranslation.com\/et\/veebisaidi-tolkimine#breadcrumb","itemListElement":[{"@type":"ListItem","position":1,"name":"Home","item":"https:\/\/www.bigtranslation.com\/et"},{"@type":"ListItem","position":2,"name":"Veebisaidi"}]},{"@type":"WebSite","@id":"https:\/\/www.bigtranslation.com\/et#website","url":"https:\/\/www.bigtranslation.com\/et","name":"BigTranslation","description":"Native and Professional translators","potentialAction":[{"@type":"SearchAction","target":{"@type":"EntryPoint","urlTemplate":"https:\/\/www.bigtranslation.com\/et?s={search_term_string}"},"query-input":"required name=search_term_string"}],"inLanguage":"et"}]}},"acf":[],"amp_enabled":true,"_links":{"self":[{"href":"https:\/\/www.bigtranslation.com\/et\/wp-json\/wp\/v2\/pages\/4828"}],"collection":[{"href":"https:\/\/www.bigtranslation.com\/et\/wp-json\/wp\/v2\/pages"}],"about":[{"href":"https:\/\/www.bigtranslation.com\/et\/wp-json\/wp\/v2\/types\/page"}],"author":[{"embeddable":true,"href":"https:\/\/www.bigtranslation.com\/et\/wp-json\/wp\/v2\/users\/1"}],"replies":[{"embeddable":true,"href":"https:\/\/www.bigtranslation.com\/et\/wp-json\/wp\/v2\/comments?post=4828"}],"version-history":[{"count":1,"href":"https:\/\/www.bigtranslation.com\/et\/wp-json\/wp\/v2\/pages\/4828\/revisions"}],"predecessor-version":[{"id":4842,"href":"https:\/\/www.bigtranslation.com\/et\/wp-json\/wp\/v2\/pages\/4828\/revisions\/4842"}],"wp:attachment":[{"href":"https:\/\/www.bigtranslation.com\/et\/wp-json\/wp\/v2\/media?parent=4828"}],"curies":[{"name":"wp","href":"https:\/\/api.w.org\/{rel}","templated":true}]}}