{"id":4883,"date":"2021-07-01T12:53:45","date_gmt":"2021-07-01T12:53:45","guid":{"rendered":"https:\/\/www.bigtranslation.com\/translate-wordpress"},"modified":"2022-02-21T11:04:32","modified_gmt":"2022-02-21T11:04:32","slug":"traducir-wordpress","status":"publish","type":"page","link":"https:\/\/www.bigtranslation.com\/et\/traducir-wordpress","title":{"rendered":"T\u00f5lkige oma WordPress veebileht WPML ja BigTranslationi abil"},"content":{"rendered":"","protected":false},"excerpt":{"rendered":"","protected":false},"author":1,"featured_media":0,"parent":0,"menu_order":7,"comment_status":"closed","ping_status":"closed","template":"page-templates\/template-translate-wordpress.php","meta":{"footnotes":""},"yoast_head":"<!-- This site is optimized with the Yoast SEO plugin v21.8.1 - https:\/\/yoast.com\/wordpress\/plugins\/seo\/ -->\n<title>Kohandatud t\u00f5lked - emakeelena k\u00f5nelevatelt t\u00f5lkijatelt<\/title>\n<meta name=\"description\" content=\"Meie integreerimine optimeerib t\u00f6\u00f6voo ning v\u00f5imaldab Teil oma sisu saata t\u00f5lkimisse ja avaldada oma veeblehel kordagi WordPressi platvormilt lahkumata!\" \/>\n<meta name=\"robots\" content=\"index, follow, max-snippet:-1, max-image-preview:large, max-video-preview:-1\" \/>\n<link rel=\"canonical\" href=\"https:\/\/www.bigtranslation.com\/et\/traducir-wordpress\" \/>\n<meta property=\"og:locale\" content=\"et_EE\" \/>\n<meta property=\"og:type\" content=\"article\" \/>\n<meta property=\"og:title\" content=\"Kohandatud t\u00f5lked - emakeelena k\u00f5nelevatelt t\u00f5lkijatelt\" \/>\n<meta property=\"og:description\" content=\"Meie integreerimine optimeerib t\u00f6\u00f6voo ning v\u00f5imaldab Teil oma sisu saata t\u00f5lkimisse ja avaldada oma veeblehel kordagi WordPressi platvormilt lahkumata!\" \/>\n<meta property=\"og:url\" content=\"https:\/\/www.bigtranslation.com\/et\/traducir-wordpress\" \/>\n<meta property=\"og:site_name\" content=\"BigTranslation\" \/>\n<meta property=\"article:modified_time\" content=\"2022-02-21T11:04:32+00:00\" \/>\n<meta name=\"twitter:card\" content=\"summary_large_image\" \/>\n<script type=\"application\/ld+json\" class=\"yoast-schema-graph\">{\"@context\":\"https:\/\/schema.org\",\"@graph\":[{\"@type\":\"WebPage\",\"@id\":\"https:\/\/www.bigtranslation.com\/et\/traducir-wordpress\",\"url\":\"https:\/\/www.bigtranslation.com\/et\/traducir-wordpress\",\"name\":\"Kohandatud t\u00f5lked - emakeelena k\u00f5nelevatelt t\u00f5lkijatelt\",\"isPartOf\":{\"@id\":\"https:\/\/www.bigtranslation.com\/et#website\"},\"datePublished\":\"2021-07-01T12:53:45+00:00\",\"dateModified\":\"2022-02-21T11:04:32+00:00\",\"description\":\"Meie integreerimine optimeerib t\u00f6\u00f6voo ning v\u00f5imaldab Teil oma sisu saata t\u00f5lkimisse ja avaldada oma veeblehel kordagi WordPressi platvormilt lahkumata!\",\"breadcrumb\":{\"@id\":\"https:\/\/www.bigtranslation.com\/et\/traducir-wordpress#breadcrumb\"},\"inLanguage\":\"et\",\"potentialAction\":[{\"@type\":\"ReadAction\",\"target\":[\"https:\/\/www.bigtranslation.com\/et\/traducir-wordpress\"]}]},{\"@type\":\"BreadcrumbList\",\"@id\":\"https:\/\/www.bigtranslation.com\/et\/traducir-wordpress#breadcrumb\",\"itemListElement\":[{\"@type\":\"ListItem\",\"position\":1,\"name\":\"Home\",\"item\":\"https:\/\/www.bigtranslation.com\/et\"},{\"@type\":\"ListItem\",\"position\":2,\"name\":\"T\u00f5lkige oma WordPress veebileht WPML ja BigTranslationi abil\"}]},{\"@type\":\"WebSite\",\"@id\":\"https:\/\/www.bigtranslation.com\/et#website\",\"url\":\"https:\/\/www.bigtranslation.com\/et\",\"name\":\"BigTranslation\",\"description\":\"Native and Professional translators\",\"potentialAction\":[{\"@type\":\"SearchAction\",\"target\":{\"@type\":\"EntryPoint\",\"urlTemplate\":\"https:\/\/www.bigtranslation.com\/et?s={search_term_string}\"},\"query-input\":\"required name=search_term_string\"}],\"inLanguage\":\"et\"}]}<\/script>\n<!-- \/ Yoast SEO plugin. -->","yoast_head_json":{"title":"Kohandatud t\u00f5lked - emakeelena k\u00f5nelevatelt t\u00f5lkijatelt","description":"Meie integreerimine optimeerib t\u00f6\u00f6voo ning v\u00f5imaldab Teil oma sisu saata t\u00f5lkimisse ja avaldada oma veeblehel kordagi WordPressi platvormilt lahkumata!","robots":{"index":"index","follow":"follow","max-snippet":"max-snippet:-1","max-image-preview":"max-image-preview:large","max-video-preview":"max-video-preview:-1"},"canonical":"https:\/\/www.bigtranslation.com\/et\/traducir-wordpress","og_locale":"et_EE","og_type":"article","og_title":"Kohandatud t\u00f5lked - emakeelena k\u00f5nelevatelt t\u00f5lkijatelt","og_description":"Meie integreerimine optimeerib t\u00f6\u00f6voo ning v\u00f5imaldab Teil oma sisu saata t\u00f5lkimisse ja avaldada oma veeblehel kordagi WordPressi platvormilt lahkumata!","og_url":"https:\/\/www.bigtranslation.com\/et\/traducir-wordpress","og_site_name":"BigTranslation","article_modified_time":"2022-02-21T11:04:32+00:00","twitter_card":"summary_large_image","schema":{"@context":"https:\/\/schema.org","@graph":[{"@type":"WebPage","@id":"https:\/\/www.bigtranslation.com\/et\/traducir-wordpress","url":"https:\/\/www.bigtranslation.com\/et\/traducir-wordpress","name":"Kohandatud t\u00f5lked - emakeelena k\u00f5nelevatelt t\u00f5lkijatelt","isPartOf":{"@id":"https:\/\/www.bigtranslation.com\/et#website"},"datePublished":"2021-07-01T12:53:45+00:00","dateModified":"2022-02-21T11:04:32+00:00","description":"Meie integreerimine optimeerib t\u00f6\u00f6voo ning v\u00f5imaldab Teil oma sisu saata t\u00f5lkimisse ja avaldada oma veeblehel kordagi WordPressi platvormilt lahkumata!","breadcrumb":{"@id":"https:\/\/www.bigtranslation.com\/et\/traducir-wordpress#breadcrumb"},"inLanguage":"et","potentialAction":[{"@type":"ReadAction","target":["https:\/\/www.bigtranslation.com\/et\/traducir-wordpress"]}]},{"@type":"BreadcrumbList","@id":"https:\/\/www.bigtranslation.com\/et\/traducir-wordpress#breadcrumb","itemListElement":[{"@type":"ListItem","position":1,"name":"Home","item":"https:\/\/www.bigtranslation.com\/et"},{"@type":"ListItem","position":2,"name":"T\u00f5lkige oma WordPress veebileht WPML ja BigTranslationi abil"}]},{"@type":"WebSite","@id":"https:\/\/www.bigtranslation.com\/et#website","url":"https:\/\/www.bigtranslation.com\/et","name":"BigTranslation","description":"Native and Professional translators","potentialAction":[{"@type":"SearchAction","target":{"@type":"EntryPoint","urlTemplate":"https:\/\/www.bigtranslation.com\/et?s={search_term_string}"},"query-input":"required name=search_term_string"}],"inLanguage":"et"}]}},"acf":[],"amp_enabled":false,"_links":{"self":[{"href":"https:\/\/www.bigtranslation.com\/et\/wp-json\/wp\/v2\/pages\/4883"}],"collection":[{"href":"https:\/\/www.bigtranslation.com\/et\/wp-json\/wp\/v2\/pages"}],"about":[{"href":"https:\/\/www.bigtranslation.com\/et\/wp-json\/wp\/v2\/types\/page"}],"author":[{"embeddable":true,"href":"https:\/\/www.bigtranslation.com\/et\/wp-json\/wp\/v2\/users\/1"}],"replies":[{"embeddable":true,"href":"https:\/\/www.bigtranslation.com\/et\/wp-json\/wp\/v2\/comments?post=4883"}],"version-history":[{"count":1,"href":"https:\/\/www.bigtranslation.com\/et\/wp-json\/wp\/v2\/pages\/4883\/revisions"}],"predecessor-version":[{"id":4897,"href":"https:\/\/www.bigtranslation.com\/et\/wp-json\/wp\/v2\/pages\/4883\/revisions\/4897"}],"wp:attachment":[{"href":"https:\/\/www.bigtranslation.com\/et\/wp-json\/wp\/v2\/media?parent=4883"}],"curies":[{"name":"wp","href":"https:\/\/api.w.org\/{rel}","templated":true}]}}