{"id":4946,"date":"2021-07-05T06:29:36","date_gmt":"2021-07-05T06:29:36","guid":{"rendered":"https:\/\/www.bigtranslation.com\/transcription"},"modified":"2021-09-21T08:33:04","modified_gmt":"2021-09-21T08:33:04","slug":"transkriptsioon","status":"publish","type":"page","link":"https:\/\/www.bigtranslation.com\/et\/transkriptsioon","title":{"rendered":"Transkriptsioon"},"content":{"rendered":"","protected":false},"excerpt":{"rendered":"","protected":false},"author":1,"featured_media":0,"parent":0,"menu_order":8,"comment_status":"closed","ping_status":"closed","template":"page-templates\/template-transcription.php","meta":{"footnotes":""},"yoast_head":"<!-- This site is optimized with the Yoast SEO plugin v21.8.1 - https:\/\/yoast.com\/wordpress\/plugins\/seo\/ -->\n<title>Transkriptsioon ja dokumendit\u00f5lge | Professionaalne t\u00f5lkimine<\/title>\n<meta name=\"description\" content=\"Meie ettev\u00f5te teostab erinevate dokumentide t\u00f5lkimist ja transkriptsiooniteenust. Uuri l\u00e4hemalt meie professionaalsete ja kvaliteetsete t\u00f5lketeenuste kohta.\" \/>\n<meta name=\"robots\" content=\"index, follow, max-snippet:-1, max-image-preview:large, max-video-preview:-1\" \/>\n<link rel=\"canonical\" href=\"https:\/\/www.bigtranslation.com\/et\/transkriptsioon\" \/>\n<meta property=\"og:locale\" content=\"et_EE\" \/>\n<meta property=\"og:type\" content=\"article\" \/>\n<meta property=\"og:title\" content=\"Transkriptsioon ja dokumendit\u00f5lge | Professionaalne t\u00f5lkimine\" \/>\n<meta property=\"og:description\" content=\"Meie ettev\u00f5te teostab erinevate dokumentide t\u00f5lkimist ja transkriptsiooniteenust. Uuri l\u00e4hemalt meie professionaalsete ja kvaliteetsete t\u00f5lketeenuste kohta.\" \/>\n<meta property=\"og:url\" content=\"https:\/\/www.bigtranslation.com\/et\/transkriptsioon\" \/>\n<meta property=\"og:site_name\" content=\"BigTranslation\" \/>\n<meta property=\"article:modified_time\" content=\"2021-09-21T08:33:04+00:00\" \/>\n<meta name=\"twitter:card\" content=\"summary_large_image\" \/>\n<script type=\"application\/ld+json\" class=\"yoast-schema-graph\">{\"@context\":\"https:\/\/schema.org\",\"@graph\":[{\"@type\":\"WebPage\",\"@id\":\"https:\/\/www.bigtranslation.com\/et\/transkriptsioon\",\"url\":\"https:\/\/www.bigtranslation.com\/et\/transkriptsioon\",\"name\":\"Transkriptsioon ja dokumendit\u00f5lge | Professionaalne t\u00f5lkimine\",\"isPartOf\":{\"@id\":\"https:\/\/www.bigtranslation.com\/et#website\"},\"datePublished\":\"2021-07-05T06:29:36+00:00\",\"dateModified\":\"2021-09-21T08:33:04+00:00\",\"description\":\"Meie ettev\u00f5te teostab erinevate dokumentide t\u00f5lkimist ja transkriptsiooniteenust. Uuri l\u00e4hemalt meie professionaalsete ja kvaliteetsete t\u00f5lketeenuste kohta.\",\"breadcrumb\":{\"@id\":\"https:\/\/www.bigtranslation.com\/et\/transkriptsioon#breadcrumb\"},\"inLanguage\":\"et\",\"potentialAction\":[{\"@type\":\"ReadAction\",\"target\":[\"https:\/\/www.bigtranslation.com\/et\/transkriptsioon\"]}]},{\"@type\":\"BreadcrumbList\",\"@id\":\"https:\/\/www.bigtranslation.com\/et\/transkriptsioon#breadcrumb\",\"itemListElement\":[{\"@type\":\"ListItem\",\"position\":1,\"name\":\"Home\",\"item\":\"https:\/\/www.bigtranslation.com\/et\"},{\"@type\":\"ListItem\",\"position\":2,\"name\":\"Transkriptsioon\"}]},{\"@type\":\"WebSite\",\"@id\":\"https:\/\/www.bigtranslation.com\/et#website\",\"url\":\"https:\/\/www.bigtranslation.com\/et\",\"name\":\"BigTranslation\",\"description\":\"Native and Professional translators\",\"potentialAction\":[{\"@type\":\"SearchAction\",\"target\":{\"@type\":\"EntryPoint\",\"urlTemplate\":\"https:\/\/www.bigtranslation.com\/et?s={search_term_string}\"},\"query-input\":\"required name=search_term_string\"}],\"inLanguage\":\"et\"}]}<\/script>\n<!-- \/ Yoast SEO plugin. -->","yoast_head_json":{"title":"Transkriptsioon ja dokumendit\u00f5lge | Professionaalne t\u00f5lkimine","description":"Meie ettev\u00f5te teostab erinevate dokumentide t\u00f5lkimist ja transkriptsiooniteenust. Uuri l\u00e4hemalt meie professionaalsete ja kvaliteetsete t\u00f5lketeenuste kohta.","robots":{"index":"index","follow":"follow","max-snippet":"max-snippet:-1","max-image-preview":"max-image-preview:large","max-video-preview":"max-video-preview:-1"},"canonical":"https:\/\/www.bigtranslation.com\/et\/transkriptsioon","og_locale":"et_EE","og_type":"article","og_title":"Transkriptsioon ja dokumendit\u00f5lge | Professionaalne t\u00f5lkimine","og_description":"Meie ettev\u00f5te teostab erinevate dokumentide t\u00f5lkimist ja transkriptsiooniteenust. Uuri l\u00e4hemalt meie professionaalsete ja kvaliteetsete t\u00f5lketeenuste kohta.","og_url":"https:\/\/www.bigtranslation.com\/et\/transkriptsioon","og_site_name":"BigTranslation","article_modified_time":"2021-09-21T08:33:04+00:00","twitter_card":"summary_large_image","schema":{"@context":"https:\/\/schema.org","@graph":[{"@type":"WebPage","@id":"https:\/\/www.bigtranslation.com\/et\/transkriptsioon","url":"https:\/\/www.bigtranslation.com\/et\/transkriptsioon","name":"Transkriptsioon ja dokumendit\u00f5lge | Professionaalne t\u00f5lkimine","isPartOf":{"@id":"https:\/\/www.bigtranslation.com\/et#website"},"datePublished":"2021-07-05T06:29:36+00:00","dateModified":"2021-09-21T08:33:04+00:00","description":"Meie ettev\u00f5te teostab erinevate dokumentide t\u00f5lkimist ja transkriptsiooniteenust. Uuri l\u00e4hemalt meie professionaalsete ja kvaliteetsete t\u00f5lketeenuste kohta.","breadcrumb":{"@id":"https:\/\/www.bigtranslation.com\/et\/transkriptsioon#breadcrumb"},"inLanguage":"et","potentialAction":[{"@type":"ReadAction","target":["https:\/\/www.bigtranslation.com\/et\/transkriptsioon"]}]},{"@type":"BreadcrumbList","@id":"https:\/\/www.bigtranslation.com\/et\/transkriptsioon#breadcrumb","itemListElement":[{"@type":"ListItem","position":1,"name":"Home","item":"https:\/\/www.bigtranslation.com\/et"},{"@type":"ListItem","position":2,"name":"Transkriptsioon"}]},{"@type":"WebSite","@id":"https:\/\/www.bigtranslation.com\/et#website","url":"https:\/\/www.bigtranslation.com\/et","name":"BigTranslation","description":"Native and Professional translators","potentialAction":[{"@type":"SearchAction","target":{"@type":"EntryPoint","urlTemplate":"https:\/\/www.bigtranslation.com\/et?s={search_term_string}"},"query-input":"required name=search_term_string"}],"inLanguage":"et"}]}},"acf":[],"amp_enabled":true,"_links":{"self":[{"href":"https:\/\/www.bigtranslation.com\/et\/wp-json\/wp\/v2\/pages\/4946"}],"collection":[{"href":"https:\/\/www.bigtranslation.com\/et\/wp-json\/wp\/v2\/pages"}],"about":[{"href":"https:\/\/www.bigtranslation.com\/et\/wp-json\/wp\/v2\/types\/page"}],"author":[{"embeddable":true,"href":"https:\/\/www.bigtranslation.com\/et\/wp-json\/wp\/v2\/users\/1"}],"replies":[{"embeddable":true,"href":"https:\/\/www.bigtranslation.com\/et\/wp-json\/wp\/v2\/comments?post=4946"}],"version-history":[{"count":2,"href":"https:\/\/www.bigtranslation.com\/et\/wp-json\/wp\/v2\/pages\/4946\/revisions"}],"predecessor-version":[{"id":4961,"href":"https:\/\/www.bigtranslation.com\/et\/wp-json\/wp\/v2\/pages\/4946\/revisions\/4961"}],"wp:attachment":[{"href":"https:\/\/www.bigtranslation.com\/et\/wp-json\/wp\/v2\/media?parent=4946"}],"curies":[{"name":"wp","href":"https:\/\/api.w.org\/{rel}","templated":true}]}}