{"id":5000,"date":"2021-07-06T07:04:51","date_gmt":"2021-07-06T07:04:51","guid":{"rendered":"https:\/\/www.bigtranslation.com\/video-transcription"},"modified":"2021-09-21T09:16:53","modified_gmt":"2021-09-21T09:16:53","slug":"video-transkriptsioon","status":"publish","type":"page","link":"https:\/\/www.bigtranslation.com\/et\/video-transkriptsioon","title":{"rendered":"Video Transkriptsioon"},"content":{"rendered":"","protected":false},"excerpt":{"rendered":"","protected":false},"author":1,"featured_media":0,"parent":0,"menu_order":9,"comment_status":"closed","ping_status":"closed","template":"page-templates\/template-transcription-video.php","meta":{"footnotes":""},"yoast_head":"<!-- This site is optimized with the Yoast SEO plugin v21.8.1 - https:\/\/yoast.com\/wordpress\/plugins\/seo\/ -->\n<title>Video Transkriptsioon | Professionaalne t\u00f5lkeb\u00fcroo<\/title>\n<meta name=\"description\" content=\"Meie t\u00f5lketeenus h\u00f5lmab audio ja video dokumentide t\u00f5lget. Uuri rohkem meie t\u00f5lkeb\u00fcroo kohta, mis koosneb emakeelsetest t\u00f5lkijatest\" \/>\n<meta name=\"robots\" content=\"index, follow, max-snippet:-1, max-image-preview:large, max-video-preview:-1\" \/>\n<link rel=\"canonical\" href=\"https:\/\/www.bigtranslation.com\/et\/video-transkriptsioon\" \/>\n<meta property=\"og:locale\" content=\"et_EE\" \/>\n<meta property=\"og:type\" content=\"article\" \/>\n<meta property=\"og:title\" content=\"Video Transkriptsioon | Professionaalne t\u00f5lkeb\u00fcroo\" \/>\n<meta property=\"og:description\" content=\"Meie t\u00f5lketeenus h\u00f5lmab audio ja video dokumentide t\u00f5lget. Uuri rohkem meie t\u00f5lkeb\u00fcroo kohta, mis koosneb emakeelsetest t\u00f5lkijatest\" \/>\n<meta property=\"og:url\" content=\"https:\/\/www.bigtranslation.com\/et\/video-transkriptsioon\" \/>\n<meta property=\"og:site_name\" content=\"BigTranslation\" \/>\n<meta property=\"article:modified_time\" content=\"2021-09-21T09:16:53+00:00\" \/>\n<meta name=\"twitter:card\" content=\"summary_large_image\" \/>\n<script type=\"application\/ld+json\" class=\"yoast-schema-graph\">{\"@context\":\"https:\/\/schema.org\",\"@graph\":[{\"@type\":\"WebPage\",\"@id\":\"https:\/\/www.bigtranslation.com\/et\/video-transkriptsioon\",\"url\":\"https:\/\/www.bigtranslation.com\/et\/video-transkriptsioon\",\"name\":\"Video Transkriptsioon | Professionaalne t\u00f5lkeb\u00fcroo\",\"isPartOf\":{\"@id\":\"https:\/\/www.bigtranslation.com\/et#website\"},\"datePublished\":\"2021-07-06T07:04:51+00:00\",\"dateModified\":\"2021-09-21T09:16:53+00:00\",\"description\":\"Meie t\u00f5lketeenus h\u00f5lmab audio ja video dokumentide t\u00f5lget. Uuri rohkem meie t\u00f5lkeb\u00fcroo kohta, mis koosneb emakeelsetest t\u00f5lkijatest\",\"breadcrumb\":{\"@id\":\"https:\/\/www.bigtranslation.com\/et\/video-transkriptsioon#breadcrumb\"},\"inLanguage\":\"et\",\"potentialAction\":[{\"@type\":\"ReadAction\",\"target\":[\"https:\/\/www.bigtranslation.com\/et\/video-transkriptsioon\"]}]},{\"@type\":\"BreadcrumbList\",\"@id\":\"https:\/\/www.bigtranslation.com\/et\/video-transkriptsioon#breadcrumb\",\"itemListElement\":[{\"@type\":\"ListItem\",\"position\":1,\"name\":\"Home\",\"item\":\"https:\/\/www.bigtranslation.com\/et\"},{\"@type\":\"ListItem\",\"position\":2,\"name\":\"Video Transkriptsioon\"}]},{\"@type\":\"WebSite\",\"@id\":\"https:\/\/www.bigtranslation.com\/et#website\",\"url\":\"https:\/\/www.bigtranslation.com\/et\",\"name\":\"BigTranslation\",\"description\":\"Native and Professional translators\",\"potentialAction\":[{\"@type\":\"SearchAction\",\"target\":{\"@type\":\"EntryPoint\",\"urlTemplate\":\"https:\/\/www.bigtranslation.com\/et?s={search_term_string}\"},\"query-input\":\"required name=search_term_string\"}],\"inLanguage\":\"et\"}]}<\/script>\n<!-- \/ Yoast SEO plugin. -->","yoast_head_json":{"title":"Video Transkriptsioon | Professionaalne t\u00f5lkeb\u00fcroo","description":"Meie t\u00f5lketeenus h\u00f5lmab audio ja video dokumentide t\u00f5lget. Uuri rohkem meie t\u00f5lkeb\u00fcroo kohta, mis koosneb emakeelsetest t\u00f5lkijatest","robots":{"index":"index","follow":"follow","max-snippet":"max-snippet:-1","max-image-preview":"max-image-preview:large","max-video-preview":"max-video-preview:-1"},"canonical":"https:\/\/www.bigtranslation.com\/et\/video-transkriptsioon","og_locale":"et_EE","og_type":"article","og_title":"Video Transkriptsioon | Professionaalne t\u00f5lkeb\u00fcroo","og_description":"Meie t\u00f5lketeenus h\u00f5lmab audio ja video dokumentide t\u00f5lget. Uuri rohkem meie t\u00f5lkeb\u00fcroo kohta, mis koosneb emakeelsetest t\u00f5lkijatest","og_url":"https:\/\/www.bigtranslation.com\/et\/video-transkriptsioon","og_site_name":"BigTranslation","article_modified_time":"2021-09-21T09:16:53+00:00","twitter_card":"summary_large_image","schema":{"@context":"https:\/\/schema.org","@graph":[{"@type":"WebPage","@id":"https:\/\/www.bigtranslation.com\/et\/video-transkriptsioon","url":"https:\/\/www.bigtranslation.com\/et\/video-transkriptsioon","name":"Video Transkriptsioon | Professionaalne t\u00f5lkeb\u00fcroo","isPartOf":{"@id":"https:\/\/www.bigtranslation.com\/et#website"},"datePublished":"2021-07-06T07:04:51+00:00","dateModified":"2021-09-21T09:16:53+00:00","description":"Meie t\u00f5lketeenus h\u00f5lmab audio ja video dokumentide t\u00f5lget. Uuri rohkem meie t\u00f5lkeb\u00fcroo kohta, mis koosneb emakeelsetest t\u00f5lkijatest","breadcrumb":{"@id":"https:\/\/www.bigtranslation.com\/et\/video-transkriptsioon#breadcrumb"},"inLanguage":"et","potentialAction":[{"@type":"ReadAction","target":["https:\/\/www.bigtranslation.com\/et\/video-transkriptsioon"]}]},{"@type":"BreadcrumbList","@id":"https:\/\/www.bigtranslation.com\/et\/video-transkriptsioon#breadcrumb","itemListElement":[{"@type":"ListItem","position":1,"name":"Home","item":"https:\/\/www.bigtranslation.com\/et"},{"@type":"ListItem","position":2,"name":"Video Transkriptsioon"}]},{"@type":"WebSite","@id":"https:\/\/www.bigtranslation.com\/et#website","url":"https:\/\/www.bigtranslation.com\/et","name":"BigTranslation","description":"Native and Professional translators","potentialAction":[{"@type":"SearchAction","target":{"@type":"EntryPoint","urlTemplate":"https:\/\/www.bigtranslation.com\/et?s={search_term_string}"},"query-input":"required name=search_term_string"}],"inLanguage":"et"}]}},"acf":[],"amp_enabled":true,"_links":{"self":[{"href":"https:\/\/www.bigtranslation.com\/et\/wp-json\/wp\/v2\/pages\/5000"}],"collection":[{"href":"https:\/\/www.bigtranslation.com\/et\/wp-json\/wp\/v2\/pages"}],"about":[{"href":"https:\/\/www.bigtranslation.com\/et\/wp-json\/wp\/v2\/types\/page"}],"author":[{"embeddable":true,"href":"https:\/\/www.bigtranslation.com\/et\/wp-json\/wp\/v2\/users\/1"}],"replies":[{"embeddable":true,"href":"https:\/\/www.bigtranslation.com\/et\/wp-json\/wp\/v2\/comments?post=5000"}],"version-history":[{"count":3,"href":"https:\/\/www.bigtranslation.com\/et\/wp-json\/wp\/v2\/pages\/5000\/revisions"}],"predecessor-version":[{"id":5029,"href":"https:\/\/www.bigtranslation.com\/et\/wp-json\/wp\/v2\/pages\/5000\/revisions\/5029"}],"wp:attachment":[{"href":"https:\/\/www.bigtranslation.com\/et\/wp-json\/wp\/v2\/media?parent=5000"}],"curies":[{"name":"wp","href":"https:\/\/api.w.org\/{rel}","templated":true}]}}