{"id":5494,"date":"2021-07-09T12:02:41","date_gmt":"2021-07-09T12:02:41","guid":{"rendered":"http:\/\/www.bigtranslation.com\/tolge\/portuguese"},"modified":"2021-09-21T12:15:08","modified_gmt":"2021-09-21T12:15:08","slug":"portuguese","status":"publish","type":"page","link":"https:\/\/www.bigtranslation.com\/et\/tolge\/portuguese","title":{"rendered":"Portugali t\u00f5lge"},"content":{"rendered":"","protected":false},"excerpt":{"rendered":"","protected":false},"author":1,"featured_media":0,"parent":5409,"menu_order":100,"comment_status":"closed","ping_status":"closed","template":"page-templates\/template-language.php","meta":{"footnotes":""},"yoast_head":"<!-- This site is optimized with the Yoast SEO plugin v21.8.1 - https:\/\/yoast.com\/wordpress\/plugins\/seo\/ -->\n<title>Portugali t\u00f5lge | BigTranslation<\/title>\n<meta name=\"description\" content=\"Portugali t\u00f5lge | Professionaalsed t\u00f5lked erinevates keelekombinatsioonides\" \/>\n<meta name=\"robots\" content=\"index, follow, max-snippet:-1, max-image-preview:large, max-video-preview:-1\" \/>\n<link rel=\"canonical\" href=\"https:\/\/www.bigtranslation.com\/et\/tolge\/portuguese\" \/>\n<meta property=\"og:locale\" content=\"et_EE\" \/>\n<meta property=\"og:type\" content=\"article\" \/>\n<meta property=\"og:title\" content=\"Portugali t\u00f5lge | BigTranslation\" \/>\n<meta property=\"og:description\" content=\"Portugali t\u00f5lge | Professionaalsed t\u00f5lked erinevates keelekombinatsioonides\" \/>\n<meta property=\"og:url\" content=\"https:\/\/www.bigtranslation.com\/et\/tolge\/portuguese\" \/>\n<meta property=\"og:site_name\" content=\"BigTranslation\" \/>\n<meta property=\"article:modified_time\" content=\"2021-09-21T12:15:08+00:00\" \/>\n<meta name=\"twitter:card\" content=\"summary_large_image\" \/>\n<script type=\"application\/ld+json\" class=\"yoast-schema-graph\">{\"@context\":\"https:\/\/schema.org\",\"@graph\":[{\"@type\":\"WebPage\",\"@id\":\"https:\/\/www.bigtranslation.com\/et\/tolge\/portuguese\",\"url\":\"https:\/\/www.bigtranslation.com\/et\/tolge\/portuguese\",\"name\":\"Portugali t\u00f5lge | BigTranslation\",\"isPartOf\":{\"@id\":\"https:\/\/www.bigtranslation.com\/et#website\"},\"datePublished\":\"2021-07-09T12:02:41+00:00\",\"dateModified\":\"2021-09-21T12:15:08+00:00\",\"description\":\"Portugali t\u00f5lge | Professionaalsed t\u00f5lked erinevates keelekombinatsioonides\",\"breadcrumb\":{\"@id\":\"https:\/\/www.bigtranslation.com\/et\/tolge\/portuguese#breadcrumb\"},\"inLanguage\":\"et\",\"potentialAction\":[{\"@type\":\"ReadAction\",\"target\":[\"https:\/\/www.bigtranslation.com\/et\/tolge\/portuguese\"]}]},{\"@type\":\"BreadcrumbList\",\"@id\":\"https:\/\/www.bigtranslation.com\/et\/tolge\/portuguese#breadcrumb\",\"itemListElement\":[{\"@type\":\"ListItem\",\"position\":1,\"name\":\"Home\",\"item\":\"https:\/\/www.bigtranslation.com\/et\"},{\"@type\":\"ListItem\",\"position\":2,\"name\":\"T\u00f5lge\",\"item\":\"https:\/\/www.bigtranslation.com\/et\/tolge\"},{\"@type\":\"ListItem\",\"position\":3,\"name\":\"Portugali t\u00f5lge\"}]},{\"@type\":\"WebSite\",\"@id\":\"https:\/\/www.bigtranslation.com\/et#website\",\"url\":\"https:\/\/www.bigtranslation.com\/et\",\"name\":\"BigTranslation\",\"description\":\"Native and Professional translators\",\"potentialAction\":[{\"@type\":\"SearchAction\",\"target\":{\"@type\":\"EntryPoint\",\"urlTemplate\":\"https:\/\/www.bigtranslation.com\/et?s={search_term_string}\"},\"query-input\":\"required name=search_term_string\"}],\"inLanguage\":\"et\"}]}<\/script>\n<!-- \/ Yoast SEO plugin. -->","yoast_head_json":{"title":"Portugali t\u00f5lge | BigTranslation","description":"Portugali t\u00f5lge | Professionaalsed t\u00f5lked erinevates keelekombinatsioonides","robots":{"index":"index","follow":"follow","max-snippet":"max-snippet:-1","max-image-preview":"max-image-preview:large","max-video-preview":"max-video-preview:-1"},"canonical":"https:\/\/www.bigtranslation.com\/et\/tolge\/portuguese","og_locale":"et_EE","og_type":"article","og_title":"Portugali t\u00f5lge | BigTranslation","og_description":"Portugali t\u00f5lge | Professionaalsed t\u00f5lked erinevates keelekombinatsioonides","og_url":"https:\/\/www.bigtranslation.com\/et\/tolge\/portuguese","og_site_name":"BigTranslation","article_modified_time":"2021-09-21T12:15:08+00:00","twitter_card":"summary_large_image","schema":{"@context":"https:\/\/schema.org","@graph":[{"@type":"WebPage","@id":"https:\/\/www.bigtranslation.com\/et\/tolge\/portuguese","url":"https:\/\/www.bigtranslation.com\/et\/tolge\/portuguese","name":"Portugali t\u00f5lge | BigTranslation","isPartOf":{"@id":"https:\/\/www.bigtranslation.com\/et#website"},"datePublished":"2021-07-09T12:02:41+00:00","dateModified":"2021-09-21T12:15:08+00:00","description":"Portugali t\u00f5lge | Professionaalsed t\u00f5lked erinevates keelekombinatsioonides","breadcrumb":{"@id":"https:\/\/www.bigtranslation.com\/et\/tolge\/portuguese#breadcrumb"},"inLanguage":"et","potentialAction":[{"@type":"ReadAction","target":["https:\/\/www.bigtranslation.com\/et\/tolge\/portuguese"]}]},{"@type":"BreadcrumbList","@id":"https:\/\/www.bigtranslation.com\/et\/tolge\/portuguese#breadcrumb","itemListElement":[{"@type":"ListItem","position":1,"name":"Home","item":"https:\/\/www.bigtranslation.com\/et"},{"@type":"ListItem","position":2,"name":"T\u00f5lge","item":"https:\/\/www.bigtranslation.com\/et\/tolge"},{"@type":"ListItem","position":3,"name":"Portugali t\u00f5lge"}]},{"@type":"WebSite","@id":"https:\/\/www.bigtranslation.com\/et#website","url":"https:\/\/www.bigtranslation.com\/et","name":"BigTranslation","description":"Native and Professional translators","potentialAction":[{"@type":"SearchAction","target":{"@type":"EntryPoint","urlTemplate":"https:\/\/www.bigtranslation.com\/et?s={search_term_string}"},"query-input":"required name=search_term_string"}],"inLanguage":"et"}]}},"acf":[],"amp_enabled":true,"_links":{"self":[{"href":"https:\/\/www.bigtranslation.com\/et\/wp-json\/wp\/v2\/pages\/5494"}],"collection":[{"href":"https:\/\/www.bigtranslation.com\/et\/wp-json\/wp\/v2\/pages"}],"about":[{"href":"https:\/\/www.bigtranslation.com\/et\/wp-json\/wp\/v2\/types\/page"}],"author":[{"embeddable":true,"href":"https:\/\/www.bigtranslation.com\/et\/wp-json\/wp\/v2\/users\/1"}],"replies":[{"embeddable":true,"href":"https:\/\/www.bigtranslation.com\/et\/wp-json\/wp\/v2\/comments?post=5494"}],"version-history":[{"count":1,"href":"https:\/\/www.bigtranslation.com\/et\/wp-json\/wp\/v2\/pages\/5494\/revisions"}],"predecessor-version":[{"id":5496,"href":"https:\/\/www.bigtranslation.com\/et\/wp-json\/wp\/v2\/pages\/5494\/revisions\/5496"}],"up":[{"embeddable":true,"href":"https:\/\/www.bigtranslation.com\/et\/wp-json\/wp\/v2\/pages\/5409"}],"wp:attachment":[{"href":"https:\/\/www.bigtranslation.com\/et\/wp-json\/wp\/v2\/media?parent=5494"}],"curies":[{"name":"wp","href":"https:\/\/api.w.org\/{rel}","templated":true}]}}