{"id":3558,"date":"2021-08-26T11:45:01","date_gmt":"2021-08-26T11:45:01","guid":{"rendered":"https:\/\/www.bigtranslation.com\/professional-translation-services\/"},"modified":"2021-09-16T08:54:36","modified_gmt":"2021-09-16T08:54:36","slug":"professional-translation-services","status":"publish","type":"page","link":"https:\/\/www.bigtranslation.com\/fi\/professional-translation-services","title":{"rendered":"Ammattimaiset k\u00e4\u00e4nn\u00f6spalvelut"},"content":{"rendered":"","protected":false},"excerpt":{"rendered":"","protected":false},"author":1,"featured_media":0,"parent":0,"menu_order":1,"comment_status":"closed","ping_status":"closed","template":"page-templates\/template-professional-translation-services.php","meta":{"footnotes":""},"yoast_head":"<!-- This site is optimized with the Yoast SEO plugin v21.8.1 - https:\/\/yoast.com\/wordpress\/plugins\/seo\/ -->\n<title>Ammattimaiset k\u00e4\u00e4nn\u00f6spalvelut | Ammattimainen ja natiivi k\u00e4\u00e4nn\u00f6syritys<\/title>\n<meta name=\"description\" content=\"Ammattimaisen k\u00e4\u00e4nn\u00f6stoimistomme k\u00e4\u00e4nt\u00e4j\u00e4t k\u00e4\u00e4nt\u00e4v\u00e4t kaikkien eurooppalaisten kielten v\u00e4lill\u00e4. Lue lis\u00e4\u00e4 k\u00e4\u00e4nn\u00f6spalvelustamme nyt.\" \/>\n<meta name=\"robots\" content=\"index, follow, max-snippet:-1, max-image-preview:large, max-video-preview:-1\" \/>\n<link rel=\"canonical\" href=\"https:\/\/www.bigtranslation.com\/fi\/professional-translation-services\" \/>\n<meta property=\"og:locale\" content=\"fi_FI\" \/>\n<meta property=\"og:type\" content=\"article\" \/>\n<meta property=\"og:title\" content=\"Ammattimaiset k\u00e4\u00e4nn\u00f6spalvelut | Ammattimainen ja natiivi k\u00e4\u00e4nn\u00f6syritys\" \/>\n<meta property=\"og:description\" content=\"Ammattimaisen k\u00e4\u00e4nn\u00f6stoimistomme k\u00e4\u00e4nt\u00e4j\u00e4t k\u00e4\u00e4nt\u00e4v\u00e4t kaikkien eurooppalaisten kielten v\u00e4lill\u00e4. Lue lis\u00e4\u00e4 k\u00e4\u00e4nn\u00f6spalvelustamme nyt.\" \/>\n<meta property=\"og:url\" content=\"https:\/\/www.bigtranslation.com\/fi\/professional-translation-services\" \/>\n<meta property=\"og:site_name\" content=\"BigTranslation\" \/>\n<meta property=\"article:modified_time\" content=\"2021-09-16T08:54:36+00:00\" \/>\n<meta name=\"twitter:card\" content=\"summary_large_image\" \/>\n<script type=\"application\/ld+json\" class=\"yoast-schema-graph\">{\"@context\":\"https:\/\/schema.org\",\"@graph\":[{\"@type\":\"WebPage\",\"@id\":\"https:\/\/www.bigtranslation.com\/fi\/professional-translation-services\",\"url\":\"https:\/\/www.bigtranslation.com\/fi\/professional-translation-services\",\"name\":\"Ammattimaiset k\u00e4\u00e4nn\u00f6spalvelut | Ammattimainen ja natiivi k\u00e4\u00e4nn\u00f6syritys\",\"isPartOf\":{\"@id\":\"https:\/\/www.bigtranslation.com\/fi#website\"},\"datePublished\":\"2021-08-26T11:45:01+00:00\",\"dateModified\":\"2021-09-16T08:54:36+00:00\",\"description\":\"Ammattimaisen k\u00e4\u00e4nn\u00f6stoimistomme k\u00e4\u00e4nt\u00e4j\u00e4t k\u00e4\u00e4nt\u00e4v\u00e4t kaikkien eurooppalaisten kielten v\u00e4lill\u00e4. Lue lis\u00e4\u00e4 k\u00e4\u00e4nn\u00f6spalvelustamme nyt.\",\"breadcrumb\":{\"@id\":\"https:\/\/www.bigtranslation.com\/fi\/professional-translation-services#breadcrumb\"},\"inLanguage\":\"fi\",\"potentialAction\":[{\"@type\":\"ReadAction\",\"target\":[\"https:\/\/www.bigtranslation.com\/fi\/professional-translation-services\"]}]},{\"@type\":\"BreadcrumbList\",\"@id\":\"https:\/\/www.bigtranslation.com\/fi\/professional-translation-services#breadcrumb\",\"itemListElement\":[{\"@type\":\"ListItem\",\"position\":1,\"name\":\"Home\",\"item\":\"https:\/\/www.bigtranslation.com\/fi\"},{\"@type\":\"ListItem\",\"position\":2,\"name\":\"Ammattimaiset k\u00e4\u00e4nn\u00f6spalvelut\"}]},{\"@type\":\"WebSite\",\"@id\":\"https:\/\/www.bigtranslation.com\/fi#website\",\"url\":\"https:\/\/www.bigtranslation.com\/fi\",\"name\":\"BigTranslation\",\"description\":\"Native and Professional translators\",\"potentialAction\":[{\"@type\":\"SearchAction\",\"target\":{\"@type\":\"EntryPoint\",\"urlTemplate\":\"https:\/\/www.bigtranslation.com\/fi?s={search_term_string}\"},\"query-input\":\"required name=search_term_string\"}],\"inLanguage\":\"fi\"}]}<\/script>\n<!-- \/ Yoast SEO plugin. -->","yoast_head_json":{"title":"Ammattimaiset k\u00e4\u00e4nn\u00f6spalvelut | Ammattimainen ja natiivi k\u00e4\u00e4nn\u00f6syritys","description":"Ammattimaisen k\u00e4\u00e4nn\u00f6stoimistomme k\u00e4\u00e4nt\u00e4j\u00e4t k\u00e4\u00e4nt\u00e4v\u00e4t kaikkien eurooppalaisten kielten v\u00e4lill\u00e4. Lue lis\u00e4\u00e4 k\u00e4\u00e4nn\u00f6spalvelustamme nyt.","robots":{"index":"index","follow":"follow","max-snippet":"max-snippet:-1","max-image-preview":"max-image-preview:large","max-video-preview":"max-video-preview:-1"},"canonical":"https:\/\/www.bigtranslation.com\/fi\/professional-translation-services","og_locale":"fi_FI","og_type":"article","og_title":"Ammattimaiset k\u00e4\u00e4nn\u00f6spalvelut | Ammattimainen ja natiivi k\u00e4\u00e4nn\u00f6syritys","og_description":"Ammattimaisen k\u00e4\u00e4nn\u00f6stoimistomme k\u00e4\u00e4nt\u00e4j\u00e4t k\u00e4\u00e4nt\u00e4v\u00e4t kaikkien eurooppalaisten kielten v\u00e4lill\u00e4. Lue lis\u00e4\u00e4 k\u00e4\u00e4nn\u00f6spalvelustamme nyt.","og_url":"https:\/\/www.bigtranslation.com\/fi\/professional-translation-services","og_site_name":"BigTranslation","article_modified_time":"2021-09-16T08:54:36+00:00","twitter_card":"summary_large_image","schema":{"@context":"https:\/\/schema.org","@graph":[{"@type":"WebPage","@id":"https:\/\/www.bigtranslation.com\/fi\/professional-translation-services","url":"https:\/\/www.bigtranslation.com\/fi\/professional-translation-services","name":"Ammattimaiset k\u00e4\u00e4nn\u00f6spalvelut | Ammattimainen ja natiivi k\u00e4\u00e4nn\u00f6syritys","isPartOf":{"@id":"https:\/\/www.bigtranslation.com\/fi#website"},"datePublished":"2021-08-26T11:45:01+00:00","dateModified":"2021-09-16T08:54:36+00:00","description":"Ammattimaisen k\u00e4\u00e4nn\u00f6stoimistomme k\u00e4\u00e4nt\u00e4j\u00e4t k\u00e4\u00e4nt\u00e4v\u00e4t kaikkien eurooppalaisten kielten v\u00e4lill\u00e4. Lue lis\u00e4\u00e4 k\u00e4\u00e4nn\u00f6spalvelustamme nyt.","breadcrumb":{"@id":"https:\/\/www.bigtranslation.com\/fi\/professional-translation-services#breadcrumb"},"inLanguage":"fi","potentialAction":[{"@type":"ReadAction","target":["https:\/\/www.bigtranslation.com\/fi\/professional-translation-services"]}]},{"@type":"BreadcrumbList","@id":"https:\/\/www.bigtranslation.com\/fi\/professional-translation-services#breadcrumb","itemListElement":[{"@type":"ListItem","position":1,"name":"Home","item":"https:\/\/www.bigtranslation.com\/fi"},{"@type":"ListItem","position":2,"name":"Ammattimaiset k\u00e4\u00e4nn\u00f6spalvelut"}]},{"@type":"WebSite","@id":"https:\/\/www.bigtranslation.com\/fi#website","url":"https:\/\/www.bigtranslation.com\/fi","name":"BigTranslation","description":"Native and Professional translators","potentialAction":[{"@type":"SearchAction","target":{"@type":"EntryPoint","urlTemplate":"https:\/\/www.bigtranslation.com\/fi?s={search_term_string}"},"query-input":"required name=search_term_string"}],"inLanguage":"fi"}]}},"acf":[],"amp_enabled":true,"_links":{"self":[{"href":"https:\/\/www.bigtranslation.com\/fi\/wp-json\/wp\/v2\/pages\/3558"}],"collection":[{"href":"https:\/\/www.bigtranslation.com\/fi\/wp-json\/wp\/v2\/pages"}],"about":[{"href":"https:\/\/www.bigtranslation.com\/fi\/wp-json\/wp\/v2\/types\/page"}],"author":[{"embeddable":true,"href":"https:\/\/www.bigtranslation.com\/fi\/wp-json\/wp\/v2\/users\/1"}],"replies":[{"embeddable":true,"href":"https:\/\/www.bigtranslation.com\/fi\/wp-json\/wp\/v2\/comments?post=3558"}],"version-history":[{"count":2,"href":"https:\/\/www.bigtranslation.com\/fi\/wp-json\/wp\/v2\/pages\/3558\/revisions"}],"predecessor-version":[{"id":3560,"href":"https:\/\/www.bigtranslation.com\/fi\/wp-json\/wp\/v2\/pages\/3558\/revisions\/3560"}],"wp:attachment":[{"href":"https:\/\/www.bigtranslation.com\/fi\/wp-json\/wp\/v2\/media?parent=3558"}],"curies":[{"name":"wp","href":"https:\/\/api.w.org\/{rel}","templated":true}]}}