{"id":3657,"date":"2021-06-25T06:12:12","date_gmt":"2021-06-25T06:12:12","guid":{"rendered":"https:\/\/www.bigtranslation.com\/native-translators\/"},"modified":"2021-09-16T10:56:41","modified_gmt":"2021-09-16T10:56:41","slug":"natiivit-kaantajat","status":"publish","type":"page","link":"https:\/\/www.bigtranslation.com\/fi\/natiivit-kaantajat","title":{"rendered":"Natiivi k\u00e4\u00e4nt\u00e4j\u00e4t"},"content":{"rendered":"","protected":false},"excerpt":{"rendered":"","protected":false},"author":1,"featured_media":0,"parent":0,"menu_order":2,"comment_status":"closed","ping_status":"closed","template":"page-templates\/template-native-translators.php","meta":{"footnotes":""},"yoast_head":"<!-- This site is optimized with the Yoast SEO plugin v21.8.1 - https:\/\/yoast.com\/wordpress\/plugins\/seo\/ -->\n<title>Natiivi k\u00e4\u00e4nt\u00e4j\u00e4t | K\u00e4\u00e4nn\u00f6stoimisto<\/title>\n<meta name=\"description\" content=\"Asiantunteva k\u00e4\u00e4nn\u00f6stiimimme koostuu kokeneista ja natiiveista k\u00e4\u00e4nt\u00e4jist\u00e4, jotka ovat saaneet koulutuksen k\u00e4\u00e4nt\u00e4miseen ja oikolukuun.\" \/>\n<meta name=\"robots\" content=\"index, follow, max-snippet:-1, max-image-preview:large, max-video-preview:-1\" \/>\n<link rel=\"canonical\" href=\"https:\/\/www.bigtranslation.com\/fi\/natiivit-kaantajat\" \/>\n<meta property=\"og:locale\" content=\"fi_FI\" \/>\n<meta property=\"og:type\" content=\"article\" \/>\n<meta property=\"og:title\" content=\"Natiivi k\u00e4\u00e4nt\u00e4j\u00e4t | K\u00e4\u00e4nn\u00f6stoimisto\" \/>\n<meta property=\"og:description\" content=\"Asiantunteva k\u00e4\u00e4nn\u00f6stiimimme koostuu kokeneista ja natiiveista k\u00e4\u00e4nt\u00e4jist\u00e4, jotka ovat saaneet koulutuksen k\u00e4\u00e4nt\u00e4miseen ja oikolukuun.\" \/>\n<meta property=\"og:url\" content=\"https:\/\/www.bigtranslation.com\/fi\/natiivit-kaantajat\" \/>\n<meta property=\"og:site_name\" content=\"BigTranslation\" \/>\n<meta property=\"article:modified_time\" content=\"2021-09-16T10:56:41+00:00\" \/>\n<meta name=\"twitter:card\" content=\"summary_large_image\" \/>\n<script type=\"application\/ld+json\" class=\"yoast-schema-graph\">{\"@context\":\"https:\/\/schema.org\",\"@graph\":[{\"@type\":\"WebPage\",\"@id\":\"https:\/\/www.bigtranslation.com\/fi\/natiivit-kaantajat\",\"url\":\"https:\/\/www.bigtranslation.com\/fi\/natiivit-kaantajat\",\"name\":\"Natiivi k\u00e4\u00e4nt\u00e4j\u00e4t | K\u00e4\u00e4nn\u00f6stoimisto\",\"isPartOf\":{\"@id\":\"https:\/\/www.bigtranslation.com\/fi#website\"},\"datePublished\":\"2021-06-25T06:12:12+00:00\",\"dateModified\":\"2021-09-16T10:56:41+00:00\",\"description\":\"Asiantunteva k\u00e4\u00e4nn\u00f6stiimimme koostuu kokeneista ja natiiveista k\u00e4\u00e4nt\u00e4jist\u00e4, jotka ovat saaneet koulutuksen k\u00e4\u00e4nt\u00e4miseen ja oikolukuun.\",\"breadcrumb\":{\"@id\":\"https:\/\/www.bigtranslation.com\/fi\/natiivit-kaantajat#breadcrumb\"},\"inLanguage\":\"fi\",\"potentialAction\":[{\"@type\":\"ReadAction\",\"target\":[\"https:\/\/www.bigtranslation.com\/fi\/natiivit-kaantajat\"]}]},{\"@type\":\"BreadcrumbList\",\"@id\":\"https:\/\/www.bigtranslation.com\/fi\/natiivit-kaantajat#breadcrumb\",\"itemListElement\":[{\"@type\":\"ListItem\",\"position\":1,\"name\":\"Home\",\"item\":\"https:\/\/www.bigtranslation.com\/fi\"},{\"@type\":\"ListItem\",\"position\":2,\"name\":\"Natiivi k\u00e4\u00e4nt\u00e4j\u00e4t\"}]},{\"@type\":\"WebSite\",\"@id\":\"https:\/\/www.bigtranslation.com\/fi#website\",\"url\":\"https:\/\/www.bigtranslation.com\/fi\",\"name\":\"BigTranslation\",\"description\":\"Native and Professional translators\",\"potentialAction\":[{\"@type\":\"SearchAction\",\"target\":{\"@type\":\"EntryPoint\",\"urlTemplate\":\"https:\/\/www.bigtranslation.com\/fi?s={search_term_string}\"},\"query-input\":\"required name=search_term_string\"}],\"inLanguage\":\"fi\"}]}<\/script>\n<!-- \/ Yoast SEO plugin. -->","yoast_head_json":{"title":"Natiivi k\u00e4\u00e4nt\u00e4j\u00e4t | K\u00e4\u00e4nn\u00f6stoimisto","description":"Asiantunteva k\u00e4\u00e4nn\u00f6stiimimme koostuu kokeneista ja natiiveista k\u00e4\u00e4nt\u00e4jist\u00e4, jotka ovat saaneet koulutuksen k\u00e4\u00e4nt\u00e4miseen ja oikolukuun.","robots":{"index":"index","follow":"follow","max-snippet":"max-snippet:-1","max-image-preview":"max-image-preview:large","max-video-preview":"max-video-preview:-1"},"canonical":"https:\/\/www.bigtranslation.com\/fi\/natiivit-kaantajat","og_locale":"fi_FI","og_type":"article","og_title":"Natiivi k\u00e4\u00e4nt\u00e4j\u00e4t | K\u00e4\u00e4nn\u00f6stoimisto","og_description":"Asiantunteva k\u00e4\u00e4nn\u00f6stiimimme koostuu kokeneista ja natiiveista k\u00e4\u00e4nt\u00e4jist\u00e4, jotka ovat saaneet koulutuksen k\u00e4\u00e4nt\u00e4miseen ja oikolukuun.","og_url":"https:\/\/www.bigtranslation.com\/fi\/natiivit-kaantajat","og_site_name":"BigTranslation","article_modified_time":"2021-09-16T10:56:41+00:00","twitter_card":"summary_large_image","schema":{"@context":"https:\/\/schema.org","@graph":[{"@type":"WebPage","@id":"https:\/\/www.bigtranslation.com\/fi\/natiivit-kaantajat","url":"https:\/\/www.bigtranslation.com\/fi\/natiivit-kaantajat","name":"Natiivi k\u00e4\u00e4nt\u00e4j\u00e4t | K\u00e4\u00e4nn\u00f6stoimisto","isPartOf":{"@id":"https:\/\/www.bigtranslation.com\/fi#website"},"datePublished":"2021-06-25T06:12:12+00:00","dateModified":"2021-09-16T10:56:41+00:00","description":"Asiantunteva k\u00e4\u00e4nn\u00f6stiimimme koostuu kokeneista ja natiiveista k\u00e4\u00e4nt\u00e4jist\u00e4, jotka ovat saaneet koulutuksen k\u00e4\u00e4nt\u00e4miseen ja oikolukuun.","breadcrumb":{"@id":"https:\/\/www.bigtranslation.com\/fi\/natiivit-kaantajat#breadcrumb"},"inLanguage":"fi","potentialAction":[{"@type":"ReadAction","target":["https:\/\/www.bigtranslation.com\/fi\/natiivit-kaantajat"]}]},{"@type":"BreadcrumbList","@id":"https:\/\/www.bigtranslation.com\/fi\/natiivit-kaantajat#breadcrumb","itemListElement":[{"@type":"ListItem","position":1,"name":"Home","item":"https:\/\/www.bigtranslation.com\/fi"},{"@type":"ListItem","position":2,"name":"Natiivi k\u00e4\u00e4nt\u00e4j\u00e4t"}]},{"@type":"WebSite","@id":"https:\/\/www.bigtranslation.com\/fi#website","url":"https:\/\/www.bigtranslation.com\/fi","name":"BigTranslation","description":"Native and Professional translators","potentialAction":[{"@type":"SearchAction","target":{"@type":"EntryPoint","urlTemplate":"https:\/\/www.bigtranslation.com\/fi?s={search_term_string}"},"query-input":"required name=search_term_string"}],"inLanguage":"fi"}]}},"acf":[],"amp_enabled":true,"_links":{"self":[{"href":"https:\/\/www.bigtranslation.com\/fi\/wp-json\/wp\/v2\/pages\/3657"}],"collection":[{"href":"https:\/\/www.bigtranslation.com\/fi\/wp-json\/wp\/v2\/pages"}],"about":[{"href":"https:\/\/www.bigtranslation.com\/fi\/wp-json\/wp\/v2\/types\/page"}],"author":[{"embeddable":true,"href":"https:\/\/www.bigtranslation.com\/fi\/wp-json\/wp\/v2\/users\/1"}],"replies":[{"embeddable":true,"href":"https:\/\/www.bigtranslation.com\/fi\/wp-json\/wp\/v2\/comments?post=3657"}],"version-history":[{"count":2,"href":"https:\/\/www.bigtranslation.com\/fi\/wp-json\/wp\/v2\/pages\/3657\/revisions"}],"predecessor-version":[{"id":3662,"href":"https:\/\/www.bigtranslation.com\/fi\/wp-json\/wp\/v2\/pages\/3657\/revisions\/3662"}],"wp:attachment":[{"href":"https:\/\/www.bigtranslation.com\/fi\/wp-json\/wp\/v2\/media?parent=3657"}],"curies":[{"name":"wp","href":"https:\/\/api.w.org\/{rel}","templated":true}]}}