{"id":3694,"date":"2021-07-01T07:43:26","date_gmt":"2021-07-01T07:43:26","guid":{"rendered":"https:\/\/www.bigtranslation.com\/translate-website\/"},"modified":"2021-10-05T05:52:38","modified_gmt":"2021-10-05T05:52:38","slug":"kaanna-sivusto","status":"publish","type":"page","link":"https:\/\/www.bigtranslation.com\/fi\/kaanna-sivusto","title":{"rendered":"K\u00e4\u00e4nn\u00e4 sivusto"},"content":{"rendered":"","protected":false},"excerpt":{"rendered":"","protected":false},"author":1,"featured_media":0,"parent":0,"menu_order":6,"comment_status":"closed","ping_status":"closed","template":"page-templates\/template-translate-website.php","meta":{"footnotes":""},"yoast_head":"<!-- This site is optimized with the Yoast SEO plugin v21.8.1 - https:\/\/yoast.com\/wordpress\/plugins\/seo\/ -->\n<title>K\u00e4\u00e4nn\u00e4 sivusto | K\u00e4\u00e4nn\u00f6stoimisto<\/title>\n<meta name=\"description\" content=\"K\u00e4\u00e4nn\u00f6stoimistomme tarjoaa verkkosivuk\u00e4\u00e4nn\u00f6ksi\u00e4 ja SEO-k\u00e4\u00e4nn\u00f6ksi\u00e4. K\u00e4\u00e4nn\u00e4t\u00e4 verkkosivusi ja tavoitat uusia asiakkaita.\" \/>\n<meta name=\"robots\" content=\"index, follow, max-snippet:-1, max-image-preview:large, max-video-preview:-1\" \/>\n<link rel=\"canonical\" href=\"https:\/\/www.bigtranslation.com\/fi\/kaanna-sivusto\" \/>\n<meta property=\"og:locale\" content=\"fi_FI\" \/>\n<meta property=\"og:type\" content=\"article\" \/>\n<meta property=\"og:title\" content=\"K\u00e4\u00e4nn\u00e4 sivusto | K\u00e4\u00e4nn\u00f6stoimisto\" \/>\n<meta property=\"og:description\" content=\"K\u00e4\u00e4nn\u00f6stoimistomme tarjoaa verkkosivuk\u00e4\u00e4nn\u00f6ksi\u00e4 ja SEO-k\u00e4\u00e4nn\u00f6ksi\u00e4. K\u00e4\u00e4nn\u00e4t\u00e4 verkkosivusi ja tavoitat uusia asiakkaita.\" \/>\n<meta property=\"og:url\" content=\"https:\/\/www.bigtranslation.com\/fi\/kaanna-sivusto\" \/>\n<meta property=\"og:site_name\" content=\"BigTranslation\" \/>\n<meta property=\"article:modified_time\" content=\"2021-10-05T05:52:38+00:00\" \/>\n<meta name=\"twitter:card\" content=\"summary_large_image\" \/>\n<script type=\"application\/ld+json\" class=\"yoast-schema-graph\">{\"@context\":\"https:\/\/schema.org\",\"@graph\":[{\"@type\":\"WebPage\",\"@id\":\"https:\/\/www.bigtranslation.com\/fi\/kaanna-sivusto\",\"url\":\"https:\/\/www.bigtranslation.com\/fi\/kaanna-sivusto\",\"name\":\"K\u00e4\u00e4nn\u00e4 sivusto | K\u00e4\u00e4nn\u00f6stoimisto\",\"isPartOf\":{\"@id\":\"https:\/\/www.bigtranslation.com\/fi#website\"},\"datePublished\":\"2021-07-01T07:43:26+00:00\",\"dateModified\":\"2021-10-05T05:52:38+00:00\",\"description\":\"K\u00e4\u00e4nn\u00f6stoimistomme tarjoaa verkkosivuk\u00e4\u00e4nn\u00f6ksi\u00e4 ja SEO-k\u00e4\u00e4nn\u00f6ksi\u00e4. K\u00e4\u00e4nn\u00e4t\u00e4 verkkosivusi ja tavoitat uusia asiakkaita.\",\"breadcrumb\":{\"@id\":\"https:\/\/www.bigtranslation.com\/fi\/kaanna-sivusto#breadcrumb\"},\"inLanguage\":\"fi\",\"potentialAction\":[{\"@type\":\"ReadAction\",\"target\":[\"https:\/\/www.bigtranslation.com\/fi\/kaanna-sivusto\"]}]},{\"@type\":\"BreadcrumbList\",\"@id\":\"https:\/\/www.bigtranslation.com\/fi\/kaanna-sivusto#breadcrumb\",\"itemListElement\":[{\"@type\":\"ListItem\",\"position\":1,\"name\":\"Home\",\"item\":\"https:\/\/www.bigtranslation.com\/fi\"},{\"@type\":\"ListItem\",\"position\":2,\"name\":\"K\u00e4\u00e4nn\u00e4 sivusto\"}]},{\"@type\":\"WebSite\",\"@id\":\"https:\/\/www.bigtranslation.com\/fi#website\",\"url\":\"https:\/\/www.bigtranslation.com\/fi\",\"name\":\"BigTranslation\",\"description\":\"Native and Professional translators\",\"potentialAction\":[{\"@type\":\"SearchAction\",\"target\":{\"@type\":\"EntryPoint\",\"urlTemplate\":\"https:\/\/www.bigtranslation.com\/fi?s={search_term_string}\"},\"query-input\":\"required name=search_term_string\"}],\"inLanguage\":\"fi\"}]}<\/script>\n<!-- \/ Yoast SEO plugin. -->","yoast_head_json":{"title":"K\u00e4\u00e4nn\u00e4 sivusto | K\u00e4\u00e4nn\u00f6stoimisto","description":"K\u00e4\u00e4nn\u00f6stoimistomme tarjoaa verkkosivuk\u00e4\u00e4nn\u00f6ksi\u00e4 ja SEO-k\u00e4\u00e4nn\u00f6ksi\u00e4. K\u00e4\u00e4nn\u00e4t\u00e4 verkkosivusi ja tavoitat uusia asiakkaita.","robots":{"index":"index","follow":"follow","max-snippet":"max-snippet:-1","max-image-preview":"max-image-preview:large","max-video-preview":"max-video-preview:-1"},"canonical":"https:\/\/www.bigtranslation.com\/fi\/kaanna-sivusto","og_locale":"fi_FI","og_type":"article","og_title":"K\u00e4\u00e4nn\u00e4 sivusto | K\u00e4\u00e4nn\u00f6stoimisto","og_description":"K\u00e4\u00e4nn\u00f6stoimistomme tarjoaa verkkosivuk\u00e4\u00e4nn\u00f6ksi\u00e4 ja SEO-k\u00e4\u00e4nn\u00f6ksi\u00e4. K\u00e4\u00e4nn\u00e4t\u00e4 verkkosivusi ja tavoitat uusia asiakkaita.","og_url":"https:\/\/www.bigtranslation.com\/fi\/kaanna-sivusto","og_site_name":"BigTranslation","article_modified_time":"2021-10-05T05:52:38+00:00","twitter_card":"summary_large_image","schema":{"@context":"https:\/\/schema.org","@graph":[{"@type":"WebPage","@id":"https:\/\/www.bigtranslation.com\/fi\/kaanna-sivusto","url":"https:\/\/www.bigtranslation.com\/fi\/kaanna-sivusto","name":"K\u00e4\u00e4nn\u00e4 sivusto | K\u00e4\u00e4nn\u00f6stoimisto","isPartOf":{"@id":"https:\/\/www.bigtranslation.com\/fi#website"},"datePublished":"2021-07-01T07:43:26+00:00","dateModified":"2021-10-05T05:52:38+00:00","description":"K\u00e4\u00e4nn\u00f6stoimistomme tarjoaa verkkosivuk\u00e4\u00e4nn\u00f6ksi\u00e4 ja SEO-k\u00e4\u00e4nn\u00f6ksi\u00e4. K\u00e4\u00e4nn\u00e4t\u00e4 verkkosivusi ja tavoitat uusia asiakkaita.","breadcrumb":{"@id":"https:\/\/www.bigtranslation.com\/fi\/kaanna-sivusto#breadcrumb"},"inLanguage":"fi","potentialAction":[{"@type":"ReadAction","target":["https:\/\/www.bigtranslation.com\/fi\/kaanna-sivusto"]}]},{"@type":"BreadcrumbList","@id":"https:\/\/www.bigtranslation.com\/fi\/kaanna-sivusto#breadcrumb","itemListElement":[{"@type":"ListItem","position":1,"name":"Home","item":"https:\/\/www.bigtranslation.com\/fi"},{"@type":"ListItem","position":2,"name":"K\u00e4\u00e4nn\u00e4 sivusto"}]},{"@type":"WebSite","@id":"https:\/\/www.bigtranslation.com\/fi#website","url":"https:\/\/www.bigtranslation.com\/fi","name":"BigTranslation","description":"Native and Professional translators","potentialAction":[{"@type":"SearchAction","target":{"@type":"EntryPoint","urlTemplate":"https:\/\/www.bigtranslation.com\/fi?s={search_term_string}"},"query-input":"required name=search_term_string"}],"inLanguage":"fi"}]}},"acf":[],"amp_enabled":true,"_links":{"self":[{"href":"https:\/\/www.bigtranslation.com\/fi\/wp-json\/wp\/v2\/pages\/3694"}],"collection":[{"href":"https:\/\/www.bigtranslation.com\/fi\/wp-json\/wp\/v2\/pages"}],"about":[{"href":"https:\/\/www.bigtranslation.com\/fi\/wp-json\/wp\/v2\/types\/page"}],"author":[{"embeddable":true,"href":"https:\/\/www.bigtranslation.com\/fi\/wp-json\/wp\/v2\/users\/1"}],"replies":[{"embeddable":true,"href":"https:\/\/www.bigtranslation.com\/fi\/wp-json\/wp\/v2\/comments?post=3694"}],"version-history":[{"count":1,"href":"https:\/\/www.bigtranslation.com\/fi\/wp-json\/wp\/v2\/pages\/3694\/revisions"}],"predecessor-version":[{"id":3696,"href":"https:\/\/www.bigtranslation.com\/fi\/wp-json\/wp\/v2\/pages\/3694\/revisions\/3696"}],"wp:attachment":[{"href":"https:\/\/www.bigtranslation.com\/fi\/wp-json\/wp\/v2\/media?parent=3694"}],"curies":[{"name":"wp","href":"https:\/\/api.w.org\/{rel}","templated":true}]}}